{"id":442,"date":"2016-06-12T20:08:54","date_gmt":"2016-06-12T20:08:54","guid":{"rendered":"http:\/\/moverdb.com\/?page_id=442"},"modified":"2026-01-08T14:48:14","modified_gmt":"2026-01-08T14:48:14","slug":"euromovers","status":"publish","type":"page","link":"https:\/\/moverdb.com\/sv\/euromovers\/","title":{"rendered":"European Mover Partnership (EUROMOVERS International) f\u00f6rklaras"},"content":{"rendered":"<p>Euromovers har sitt s\u00e4te i <a href=\"https:\/\/moverdb.com\/sv\/moving-to-luxembourg\/\" data-internallinksmanager029f6b8e52c=\"349\" title=\"Flyttar du till Luxemburg? 2026 Levnadskostnader och tips om flytt\">Luxemburg<\/a> och best\u00e5r av ett antal ledande <a href=\"https:\/\/moverdb.com\/sv\/flyttfirmor\/\">internationella flyttfirmor<\/a> som har bildat ett n\u00e4tverk p\u00e5 grundval av gemensamma standarder, visioner och riktlinjer. <\/p>\n<p>Koncernen erbjuder flyttj\u00e4nster som \u00e4r b\u00e4ttre tack vare sitt n\u00e4tverk av anslutna f\u00f6retag.<\/p>\n<p><strong>Viktiga fakta om Euromovers:<\/strong><\/p>\n<ol>\n<li>  Euromovers \u00e4r ett n\u00e4tverk av mer \u00e4n 70 flyttfirmor.<\/li>\n<li>  Medlemsorganisationerna kommer fr\u00e5n en rad olika l\u00e4nder, bland annat <a href=\"https:\/\/moverdb.com\/sv\/moving-to-austria\/\" data-internallinksmanager029f6b8e52c=\"343\" title=\"Flytta till \u00d6sterrike? 2026 Levnadskostnader &amp; tips om flytt\">\u00d6sterrike<\/a>, <a href=\"https:\/\/moverdb.com\/sv\/moving-to-belgium\/\" data-internallinksmanager029f6b8e52c=\"323\" title=\"Flyttar du till Belgien? 2026 Levnadskostnader och flyttningstips\">Belgien<\/a>, <a href=\"https:\/\/moverdb.com\/sv\/moving-to-the-czech-republic\/\" data-internallinksmanager029f6b8e52c=\"391\" title=\"Flyttar du till Tjeckien? 2024 Levnadskostnader &amp; flytttips\">Tjeckien<\/a>, <a href=\"https:\/\/moverdb.com\/sv\/moving-to-denmark\/\" data-internallinksmanager029f6b8e52c=\"335\" title=\"Flyttar du till Danmark? 2026 Levnadskostnader och tips om flytt\">Danmark<\/a>, <a href=\"https:\/\/moverdb.com\/sv\/moving-to-finland\/\" data-internallinksmanager029f6b8e52c=\"345\" title=\"Flyttar du till Finland? 2026 Levnadskostnader och tips om flytt\">Finland<\/a>, <a href=\"https:\/\/moverdb.com\/sv\/moving-to-france\/\" data-internallinksmanager029f6b8e52c=\"315\" title=\"Flyttar du till Frankrike? 2026 Levnadskostnader och flyttningstips\">Frankrike<\/a>, <a href=\"https:\/\/moverdb.com\/sv\/moving-to-germany\/\" data-internallinksmanager029f6b8e52c=\"321\" title=\"Flyttar du till Tyskland? 2026 Levnadskostnader och flyttningstips\">Tyskland<\/a>, <a href=\"https:\/\/moverdb.com\/sv\/moving-to-greece\/\" data-internallinksmanager029f6b8e52c=\"353\" title=\"Flytta till Grekland? 2026 Levnadskostnader och tips om flytt\">Grekland<\/a>, <a href=\"https:\/\/moverdb.com\/sv\/moving-to-italy\/\" data-internallinksmanager029f6b8e52c=\"346\" title=\"Flytta till Italien? 2026 Levnadskostnader &amp; tips om flytt\">Italien<\/a>, Luxemburg, <a href=\"https:\/\/moverdb.com\/sv\/moving-to-the-netherlands\/\" data-internallinksmanager029f6b8e52c=\"328\" title=\"Flyttar du till Nederl\u00e4nderna? 2026 Levnadskostnader och flyttningstips\">Nederl\u00e4nderna<\/a>, <a href=\"https:\/\/moverdb.com\/sv\/moving-to-slovakia\/\" data-internallinksmanager029f6b8e52c=\"338\" title=\"Flyttar du till Slovakien? 2026 Levnadskostnader och tips om flytt\">Slovakien<\/a>, <a href=\"https:\/\/moverdb.com\/sv\/moving-to-spain\/\" data-internallinksmanager029f6b8e52c=\"266\" title=\"Flyttar du till Spanien? 2026 Levnadskostnader och flyttningstips\">Spanien<\/a>, <a href=\"https:\/\/moverdb.com\/sv\/moving-to-switzerland\/\" data-internallinksmanager029f6b8e52c=\"327\" title=\"Flyttar du till Schweiz? 2026 Levnadskostnader och flyttningstips\">Schweiz<\/a> och <a href=\"https:\/\/moverdb.com\/sv\/internationella-flyttar\/\">Storbritannien<\/a>, och utanf\u00f6r Europa i <a href=\"https:\/\/moverdb.com\/sv\/moving-to-the-united-states\/\" data-internallinksmanager029f6b8e52c=\"94\" title=\"Flyttar du till USA? 2026 Levnadskostnader och flyttningstips\">F\u00f6renta staterna<\/a>, <a href=\"https:\/\/moverdb.com\/sv\/moving-to-australia\/living-in-australia\/\" data-internallinksmanager029f6b8e52c=\"240\" title=\"21 hemligheter om att bo i Australien som du b\u00f6r k\u00e4nna till innan du flyttar\">Australien<\/a>, Ryska federationen och <a href=\"https:\/\/moverdb.com\/sv\/moving-to-china\/\" data-internallinksmanager029f6b8e52c=\"357\" title=\"Flytta till Kina? 2026 Levnadskostnader och tips om omlokalisering\">Kina<\/a>.<\/li>\n<li>  Euromovers tillhandah\u00e5ller flyttj\u00e4nster och \u00e4r inte en branschorganisation.<\/li>\n<li>  Varje associerad partner i Euromovers-n\u00e4tverket deltar i regelbundna revisioner och granskningar f\u00f6r att se till att de fastst\u00e4llda standarderna f\u00f6ljs.<\/li>\n<li>  Euromovers \u00e4r medlem i <a href=\"https:\/\/moverdb.com\/sv\/jag-ar\/\">Internationella sammanslutningen av flyttfirmor<\/a> och har kvalitetscertifikat ISO 9001 (kvalitetsledningstj\u00e4nster), ISO 14001 (milj\u00f6ledningssystem) och ISO 27001 (informationss\u00e4kerhetssystem).<\/li>\n<\/ol>\n<p><strong>Profil f\u00f6r European Mover Partnership:<\/strong><\/p>\n<p>Euromovers erbjudanden <a href=\"https:\/\/moverdb.com\/sv\/internationella-flyttar\/\">Europeiska flyttar och utomeuropeiska flyttar<\/a> via sina 70 medlemmar som \u00e4r spridda \u00f6ver olika l\u00e4nder i Europa och p\u00e5 mer omfattande platser som Kina och Ryssland. <\/p>\n<p>F\u00f6retaget erbjuder flytt- och flyttj\u00e4nster fr\u00e5n d\u00f6rr till d\u00f6rr f\u00f6r f\u00f6retag och privatpersoner, f\u00f6rvaringsl\u00f6sningar, f\u00f6retagsl\u00f6sningar och transport av konst. Det \u00f6msesidiga partnerskap som Euromovers bygger p\u00e5 hj\u00e4lper f\u00f6retaget att f\u00f6rverkliga sin vision om integrerad flyttning till alla globala destinationer.<\/p>\n<p><strong>Kriterier f\u00f6r medlemskap:<\/strong><\/p>\n<p>Det finns inga uppgifter om kriterierna f\u00f6r medlemskap p\u00e5 n\u00e4tet.<\/p>\n<p><strong>Exempel p\u00e5 medlemsf\u00f6retag<\/strong><\/p>\n<ul>\n<li> <a href=\"https:\/\/moverdb.com\/sv\/atlas-van-lines-international\/\">Atlas Van Lines<\/a><\/li>\n<\/ul>\n<p><strong>\u00c5sikter om European Mover Partnership<\/strong><\/p>\n<p>European Mover Partnership verkar inte n\u00e4mnas n\u00e5gon annanstans p\u00e5 n\u00e4tet \u00e4n p\u00e5 sin egen webbplats. Det finns en annan organisation med ett liknande namn - Euro Movers International LLC, som \u00e4r baserad i <a href=\"https:\/\/moverdb.com\/sv\/moving-to-dubai\/\" data-internallinksmanager029f6b8e52c=\"246\" title=\"Flytta till Dubai? 2026 Levnadskostnader och flyttningstips\">Dubai<\/a>, men ing\u00e5r inte i gruppen. <\/p>\n<p>Dubai Euromovers tar emot <a href=\"http:\/\/www.complaintsboard.com\/complaints\/euro-movers-dubai-c431198.html\" target=\"_blank\" rel=\"noopener\">mycket negativa recensioner<\/a>.<\/p>\n<p><strong>Webbplats:<\/strong> <a href=\"http:\/\/www.euromovers.com\/\" target=\"_blank\" rel=\"noopener\">http:\/\/www.euromovers.com\/<\/a><\/p>","protected":false},"excerpt":{"rendered":"<p>Euromovers is based in Luxembourg and is made up of a number of leading international moving companies who have formed a network on the basis of shared standards, vision and direction. The group offers moving services that are better provided because of its network of connected companies. Key facts about Euromovers: Euromovers is a network [&hellip;]<\/p>\n","protected":false},"author":1,"featured_media":0,"parent":0,"menu_order":0,"comment_status":"closed","ping_status":"closed","template":"","meta":{"_genesis_hide_title":false,"_genesis_hide_breadcrumbs":false,"_genesis_hide_singular_image":false,"_genesis_hide_footer_widgets":false,"_genesis_custom_body_class":"","_genesis_custom_post_class":"","_genesis_layout":"","footnotes":""},"class_list":{"0":"post-442","1":"page","2":"type-page","3":"status-publish","5":"entry"},"_links":{"self":[{"href":"https:\/\/moverdb.com\/sv\/wp-json\/wp\/v2\/pages\/442","targetHints":{"allow":["GET"]}}],"collection":[{"href":"https:\/\/moverdb.com\/sv\/wp-json\/wp\/v2\/pages"}],"about":[{"href":"https:\/\/moverdb.com\/sv\/wp-json\/wp\/v2\/types\/page"}],"author":[{"embeddable":true,"href":"https:\/\/moverdb.com\/sv\/wp-json\/wp\/v2\/users\/1"}],"replies":[{"embeddable":true,"href":"https:\/\/moverdb.com\/sv\/wp-json\/wp\/v2\/comments?post=442"}],"version-history":[{"count":5,"href":"https:\/\/moverdb.com\/sv\/wp-json\/wp\/v2\/pages\/442\/revisions"}],"predecessor-version":[{"id":6203,"href":"https:\/\/moverdb.com\/sv\/wp-json\/wp\/v2\/pages\/442\/revisions\/6203"}],"wp:attachment":[{"href":"https:\/\/moverdb.com\/sv\/wp-json\/wp\/v2\/media?parent=442"}],"curies":[{"name":"wp","href":"https:\/\/api.w.org\/{rel}","templated":true}]}}