{"id":441,"date":"2016-06-18T21:28:02","date_gmt":"2016-06-18T21:28:02","guid":{"rendered":"http:\/\/moverdb.com\/?page_id=441"},"modified":"2026-01-08T15:30:43","modified_gmt":"2026-01-08T15:30:43","slug":"radet-for-omplacering-av-arbetstagare","status":"publish","type":"page","link":"https:\/\/moverdb.com\/sv\/employee-relocation-council\/","title":{"rendered":"F\u00f6rklaring av ERC (Employee Relocation Council) i hela v\u00e4rlden"},"content":{"rendered":"<p>Worldwide Employee Relocation Council (ERC) beskriver sig sj\u00e4lvt som en sammanslutning f\u00f6r yrkesverksamma som \u00f6vervakar, hanterar eller st\u00f6der flyttning av anst\u00e4llda inom USA och utomlands. <\/p>\n<p>Syftet \u00e4r att hj\u00e4lpa medlemmarna - som kommer fr\u00e5n en rad olika yrken, bland annat HR, fastighetsbranschen och milit\u00e4ren - att hantera utmaningarna med arbetskraftens r\u00f6rlighet.<\/p>\n<p><strong>Viktiga fakta om Europeiska forskningsr\u00e5det:<\/strong><\/p>\n<ol>\n<li>  ERC-medlemmarna kommer fr\u00e5n m\u00e5nga olika yrken, bland annat HR, rekrytering, myndigheter, milit\u00e4r, fastigheter, finansiella tj\u00e4nster, flyttverksamhet, r\u00e5dgivning och konsulttj\u00e4nster.<\/li>\n<li>  ERC:s ansvarsomr\u00e5de omfattar fr\u00e5gor och ledningsmetoder f\u00f6r yrkesverksamma inom omlokaliseringsbranschen inom <a href=\"https:\/\/moverdb.com\/sv\/moving-to-the-united-states\/\" data-internallinksmanager029f6b8e52c=\"94\" title=\"Flyttar du till USA? 2026 Levnadskostnader och flyttningstips\">F\u00f6renta staterna<\/a> och mellan alla andra l\u00e4nder.<\/li>\n<li>  ERC har sitt huvudkontor i <a href=\"https:\/\/moverdb.com\/sv\/flytta-till-washington-dc\/\">Washington, DC,<\/a> med en europeisk byr\u00e5 i Bryssel, <a href=\"https:\/\/moverdb.com\/sv\/moving-to-belgium\/\" data-internallinksmanager029f6b8e52c=\"323\" title=\"Flyttar du till Belgien? 2026 Levnadskostnader och flyttningstips\">Belgien<\/a>.<\/li>\n<li>  ERC erbjuder ackrediteringar som Certified Relocation Professional och Global Mobility Specialist.<\/li>\n<li>  Det finns flera olika medlemskategorier, bland annat f\u00f6retagsmedlemskap (mestadels yrkesverksamma inom f\u00f6retaget), medlemskap f\u00f6r mobilitetstj\u00e4nster (f\u00f6r f\u00f6retag som arbetar med r\u00f6rlighet f\u00f6r arbetskraften), personligt\/professionellt medlemskap (PERC\u2122) (de som s\u00f6ker information, t.ex. akademiker och arbetss\u00f6kande), v\u00e4rderare av flyttningar, fastighetsm\u00e4klare och f\u00f6retag som hanterar flyttningar.<\/li>\n<li>  \u00c5r 2005 hade ERC mer \u00e4n 12 000 medlemmar (enligt den senaste statistiken).<\/li>\n<\/ol>\n<p><strong>Profil fr\u00e5n Worldwide Employee Relocation Council:<\/strong><\/p>\n<p>ERC har m\u00e5nga funktioner, bland annat lobbyverksamhet f\u00f6r medlemmarnas r\u00e4kning, utbildning och fortbildning samt m\u00f6jligheter till n\u00e4tverkande. Det \u00e4r ocks\u00e5 involverat i att hj\u00e4lpa till att utveckla standardisering och konsensus inom branschen och att fr\u00e4mja nya arbetsmetoder och e-l\u00f6sningar. <\/p>\n<p>F\u00f6rutom att agera f\u00f6r och tillsammans med sina medlemmar har ERC blivit k\u00e4nt f\u00f6r att samla in en rad uppgifter via unders\u00f6kningar, bland annat f\u00f6r att analysera st\u00e4ders l\u00e4mplighet f\u00f6r nyinflyttade familjer. ERC har etablerat sig som en auktoritet n\u00e4r det g\u00e4ller arbetskraftens r\u00f6rlighet.<\/p>\n<p><strong>Kriterier f\u00f6r medlemskap:<\/strong><\/p>\n<p>Kriterierna f\u00f6r medlemskap anges inte p\u00e5 webbplatsen.<\/p>\n<p><strong>F\u00f6rteckning \u00f6ver ERC-medlemmar \u00f6ver hela v\u00e4rlden <a href=\"https:\/\/moverdb.com\/sv\/moving-companies\/\" data-internallinksmanager029f6b8e52c=\"79\" title=\"Topp 25 internationella flyttfirmor p\u00e5 n\u00e4tet\">Flyttfirmor<\/a><\/strong><\/p>\n<ul>\n<li> <a href=\"https:\/\/moverdb.com\/sv\/luftar\/\">Aires<\/a><\/li>\n<li> <a href=\"https:\/\/moverdb.com\/sv\/armstrong-relokalisering\/\">Armstrong flyttning<\/a><\/li>\n<li> <a href=\"https:\/\/moverdb.com\/sv\/arpin-international\/\">Arpin International<\/a><\/li>\n<li> <a href=\"https:\/\/moverdb.com\/sv\/atlas-van-lines-international\/\">Atlas Van Lines<\/a><\/li>\n<li> <a href=\"https:\/\/moverdb.com\/sv\/santa-fe-relocation\/\">Flyttj\u00e4nster i Santa Fe<\/a><\/li>\n<li> <a href=\"https:\/\/moverdb.com\/sv\/sterling-relocation\/\">Sterling flyttning<\/a><\/li>\n<li> <a href=\"https:\/\/moverdb.com\/sv\/arpin-van-lines\/\">Arpin Van Lines<\/a><\/li>\n<li> <a href=\"https:\/\/moverdb.com\/sv\/suddath\/\">Suddath<\/a><\/li>\n<li> <a href=\"https:\/\/moverdb.com\/sv\/dt-rorlig\/\">DT Moving<\/a><\/li>\n<li> <a href=\"https:\/\/moverdb.com\/sv\/btr-international\/\">BTR International<\/a><\/li>\n<p><a href=\"https:\/\/moverdb.com\/sv\/packimpex\/\">Packimpex<\/a>\n<\/ul>\n<p><strong>\u00c5sikter om Europeiska forskningsr\u00e5det<\/strong><\/p>\n<p>ERC finns inte p\u00e5 s\u00e5 m\u00e5nga webbplatser. N\u00e4r den n\u00e4mns \u00e4r det ofta i samband med organisationer som \u00e4r anslutna till den, t.ex. Great Lakes Relocation Council.<\/p>\n<blockquote><p>F\u00f6r att tillgodose behoven p\u00e5 flyttmarknaden och d\u00e4rmed hj\u00e4lpa anst\u00e4llda att f\u00e5 en smidig start p\u00e5 sin nya period i livet, grundade sex personer 1964 f\u00f6reg\u00e5ngaren till det v\u00e4rldsomsp\u00e4nnande Employee Relocation Council (ERC) i <a href=\"https:\/\/moverdb.com\/sv\/flytta-till-chicago\/\">Chicago<\/a>.<\/p><\/blockquote>\n<p>- <a href=\"http:\/\/start-up-services.de\/en\/company-profile-relocation-service\/relocation-associations\/worldwide-employee-relocation-council\/\" target=\"_blank\" rel=\"noopener\">Tj\u00e4nster f\u00f6r att starta upp verksamheten<\/a><\/p>\n<p><strong>Webbplats:<\/strong> <a href=\"http:\/\/www.worldwideerc.org\/Pages\/index.aspx\" target=\"_blank\" rel=\"noopener\">http:\/\/www.worldwideerc.org\/Pages\/index.aspx<\/a><\/p>","protected":false},"excerpt":{"rendered":"<p>The Worldwide Employee Relocation Council (ERC) describes itself as the workforce mobility association for professionals who oversee, manage, or support U.S. domestic and international employee transfer. Its purpose is to help members &#8211; who come from a range of professions, including HR, real estate and military &#8211; to deal with the challenges of workforce mobility. [&hellip;]<\/p>\n","protected":false},"author":1,"featured_media":0,"parent":0,"menu_order":0,"comment_status":"closed","ping_status":"closed","template":"","meta":{"_genesis_hide_title":false,"_genesis_hide_breadcrumbs":false,"_genesis_hide_singular_image":false,"_genesis_hide_footer_widgets":false,"_genesis_custom_body_class":"","_genesis_custom_post_class":"","_genesis_layout":"","footnotes":""},"class_list":{"0":"post-441","1":"page","2":"type-page","3":"status-publish","5":"entry"},"_links":{"self":[{"href":"https:\/\/moverdb.com\/sv\/wp-json\/wp\/v2\/pages\/441","targetHints":{"allow":["GET"]}}],"collection":[{"href":"https:\/\/moverdb.com\/sv\/wp-json\/wp\/v2\/pages"}],"about":[{"href":"https:\/\/moverdb.com\/sv\/wp-json\/wp\/v2\/types\/page"}],"author":[{"embeddable":true,"href":"https:\/\/moverdb.com\/sv\/wp-json\/wp\/v2\/users\/1"}],"replies":[{"embeddable":true,"href":"https:\/\/moverdb.com\/sv\/wp-json\/wp\/v2\/comments?post=441"}],"version-history":[{"count":15,"href":"https:\/\/moverdb.com\/sv\/wp-json\/wp\/v2\/pages\/441\/revisions"}],"predecessor-version":[{"id":6255,"href":"https:\/\/moverdb.com\/sv\/wp-json\/wp\/v2\/pages\/441\/revisions\/6255"}],"wp:attachment":[{"href":"https:\/\/moverdb.com\/sv\/wp-json\/wp\/v2\/media?parent=441"}],"curies":[{"name":"wp","href":"https:\/\/api.w.org\/{rel}","templated":true}]}}