{"id":440,"date":"2016-06-12T19:59:07","date_gmt":"2016-06-12T19:59:07","guid":{"rendered":"http:\/\/moverdb.com\/?page_id=440"},"modified":"2026-01-08T13:19:01","modified_gmt":"2026-01-08T13:19:01","slug":"iata","status":"publish","type":"page","link":"https:\/\/moverdb.com\/sv\/iata\/","title":{"rendered":"Internationella lufttransportf\u00f6rbundet (IATA) f\u00f6rklaras"},"content":{"rendered":"<p>International Air Transport Association (IATA) \u00e4r den globala branschorganisationen f\u00f6r v\u00e4rldens flygbolag. <\/p>\n<p>Dess uppdrag \u00e4r att leda och tj\u00e4na sina medlemmar och att f\u00f6retr\u00e4da deras intressen p\u00e5 ett s\u00e4tt som fr\u00e4mjar flygplatstransportbranschen.<\/p>\n<p><strong>Viktiga fakta om IATA:<\/strong><\/p>\n<ol>\n<li>  Det motsvarar cirka 260 flygbolag eller 83% av den totala flygtrafiken.<\/li>\n<li>  Den har global r\u00e4ckvidd.<\/li>\n<li>  IATA-medlemmarnas flygningar st\u00e5r f\u00f6r 83% av den totala trafiken.<\/li>\n<li>  Den grundades i Havanna p\u00e5 Kuba i april 1945.<\/li>\n<li>  Den hade 57 medlemmar fr\u00e5n 31 l\u00e4nder, fr\u00e4mst i Europa och Nordamerika, n\u00e4r den grundades 1945. I dag har den cirka 260 medlemmar fr\u00e5n 117 l\u00e4nder i alla delar av v\u00e4rlden.<\/li>\n<li>  Prioriteringarna omfattar s\u00e4kerhet, trygghet, milj\u00f6, tj\u00e4nster, f\u00f6renkling av verksamheten och hj\u00e4lp att bygga relationer inom branschen.<\/li>\n<li>  IATA:s Billing and Settlement Plan \u00e4r branschens ekonomiska ryggrad genom att hantera fl\u00f6det av de \u00f6ver $270 miljarder euro som resebyr\u00e5ernas biljettf\u00f6rs\u00e4ljning till flygbolagen genererar \u00e5rligen.<\/li>\n<\/ol>\n<p><strong>International Air Transport Association-profil:<\/strong><\/p>\n<p>IATA \u00e4r en globalt erk\u00e4nd branschorganisation f\u00f6r flygbolag och har varit verksam i mer \u00e4n 50 \u00e5r. Till dess medlemmar h\u00f6r b\u00e5de <a href=\"https:\/\/moverdb.com\/sv\/speditor\/\">Frakt<\/a> och passagerarf\u00f6retag och har kontor i 53 l\u00e4nder runt om i v\u00e4rlden. <\/p>\n<p>Det har vuxit parallellt med flygbranschen och arbetar tillsammans med sektorn f\u00f6r att hj\u00e4lpa till att utveckla standarder, praxis och f\u00f6rfaranden f\u00f6r att reglera den och s\u00e4kerst\u00e4lla en enhetlig serviceniv\u00e5 f\u00f6r kunderna. IATA \u00e4r en verkligt global organisation och dess 260 medlemmar kommer fr\u00e5n mer \u00e4n 117 l\u00e4nder.<\/p>\n<p>F\u00f6rutom konsumentskydd har IATA ocks\u00e5 arbetat f\u00f6r att hj\u00e4lpa flygbranschen att bli mer h\u00e5llbar. Organisationen erbjuder information om flygbolag, en rad publikationer samt utbildningsprogram och ackreditering f\u00f6r dem som arbetar inom resebranschen. <\/p>\n<p>Dessutom tillhandah\u00e5ller f\u00f6retaget en rad finansiella tj\u00e4nster, t.ex. en inkassotj\u00e4nst f\u00f6r flygbolag.<\/p>\n<p><strong>Kriterier f\u00f6r medlemskap<\/strong><\/p>\n<p>IATA-medlemskap med fullst\u00e4ndiga r\u00e4ttigheter och privilegier kan endast erh\u00e5llas efter: IATA Operational Safety Audit (IOSA)-registrering, en administrativ granskning av medlemskapsavdelningen, betalning av alla ans\u00f6kningsavgifter och medlemsavgifter.<\/p>\n<p>Om en IOSA genomf\u00f6rs med framg\u00e5ng kommer den att l\u00e4ggas till i IOSA-registret. Ett flygbolag m\u00e5ste finnas med i IOSA-registret innan IATA-medlemskap kan godk\u00e4nnas.<\/p>\n<p>D\u00e4refter l\u00e4mnas en ans\u00f6kningsblankett in tillsammans med f\u00f6ljande styrkande handlingar:<\/p>\n<ul>\n<li> En bestyrkt kopia av AOC (Air Operator's Certificate), som \u00e4r giltigt i minst sex m\u00e5nader, med originalst\u00e4mpel, datum och underskrift fr\u00e5n den utf\u00e4rdande myndigheten (inte en notarie), tillsammans med de operativa specifikationer som utf\u00e4rdats av registreringsstaten, om till\u00e4mpligt.<\/li>\n<li> En bestyrkt kopia av registreringsbeviset fr\u00e5n l\u00e4mplig myndighet, t.ex. handelskammaren eller motsvarande. Certifiering av en notarie \u00e4r godtagbart.<\/li>\n<li> Reviderade \u00e5rsredovisningar f\u00f6r det ans\u00f6kande flygbolaget, och om det \u00e4r majoritets\u00e4gt av ett annat f\u00f6retag (inklusive statligt \u00e4gande), \u00e4garf\u00f6retagets \u00e5rsredovisningar. Dessa ska vara bestyrkta av en auktoriserad revisor eller en offentlig revisor. F\u00f6r nya flygbolag kan en aff\u00e4rsplan som utarbetats av en auktoriserad eller offentlig revisor godtas.<\/li>\n<li> Det ans\u00f6kande flygbolagets \u00e5rsredovisning, f\u00f6retagets stadgar som visar hur det \u00e4r bildat eller flygbolagets profil.<\/li>\n<li> Giltiga f\u00f6rs\u00e4kringsintyg med uppgift om luftfartygstyp, registreringsnummer f\u00f6r varje luftfartyg och uppgifter om respektive registreringsmyndighet, giltiga i minst sex m\u00e5nader.<\/li>\n<li> Trafikstatistik f\u00f6r de senaste tv\u00e5 \u00e5ren. Detta krav g\u00e4ller inte nya flygbolag.<\/li>\n<li> Publicerad tidtabell\/schema, om flygbolaget bedriver regulj\u00e4r verksamhet. F\u00f6r icke-regulj\u00e4r trafik beg\u00e4rs en f\u00f6rteckning \u00f6ver destinationer.<\/li>\n<\/ul>\n<p><strong>F\u00f6rteckning \u00f6ver IATA-medlemmar <a href=\"https:\/\/moverdb.com\/sv\/moving-companies\/\" data-internallinksmanager029f6b8e52c=\"79\" title=\"Topp 25 internationella flyttfirmor p\u00e5 n\u00e4tet\">Flyttfirmor<\/a><\/strong><\/p>\n<ul>\n<li> <a href=\"https:\/\/moverdb.com\/sv\/armstrong-relokalisering\/\">Armstrong flyttning<\/a><\/li>\n<li> <a href=\"https:\/\/moverdb.com\/sv\/atlas-van-lines-international\/\">Atlas Van Lines<\/a><\/li>\n<li> <a href=\"https:\/\/moverdb.com\/sv\/suddath\/\">Suddath<\/a><\/li>\n<li> <a href=\"https:\/\/moverdb.com\/sv\/nippon-express\/\">Nippon Express<\/a><\/li>\n<li> <a href=\"https:\/\/moverdb.com\/sv\/bolliger\/\">Bolliger<\/a><\/li>\n<\/ul>\n<p><strong>\u00c5sikter om International Air Transport Association<\/strong><\/p>\n<p>IATA finns med p\u00e5 de flesta st\u00f6rre flygbolags webbplatser (ofta via en IATA-kod) och har \u00e4ven en egen Wikipediasida. <\/p>\n<p>Dess betydelse som branschorganisation \u00e4r uppenbar, liksom dess medverkan i utvecklingen av vissa industristandarder f\u00f6r flygbolagssektorn. Det faktum att dess medlemmar st\u00e5r f\u00f6r mer \u00e4n 90% av v\u00e4rldens regulj\u00e4ra flygtrafik \u00e4r ett faktum som ofta p\u00e5pekas. <\/p>\n<p>I online-artiklar om flygbranschen n\u00e4mns ofta IATA och dess medverkan i beslut om viktiga fr\u00e5gor och viktiga f\u00f6rslag, t.ex. reglering av storleken p\u00e5 bagage som ska placeras i bagageutrymmena. <\/p>\n<p>IATA n\u00e4mns i m\u00e5nga sammanhang, fr\u00e5n partnerskap f\u00f6r projektledning till EU-reglering. Med tanke p\u00e5 hur ofta och hur m\u00e5nga nyhetsrapporter som n\u00e4mner IATA \u00e4r det uppenbart att IATA \u00e4r en aktiv och framtr\u00e4dande branschorganisation.<\/p>\n<p><strong>Webbplats:<\/strong> <a href=\"http:\/\/www.iata.org\/Pages\/default.aspx\" target=\"_blank\" rel=\"noopener\">http:\/\/www.iata.org\/Pages\/default.aspx<\/a><\/p>","protected":false},"excerpt":{"rendered":"<p>The International Air Transport Association (IATA) is the global trade association for the world&#8217;s airlines. Its mission is to lead and serve its members, as well as to represent their interests in a way that boosts the airport transport industry. Key facts about IATA: It represents around 260 airlines or 83% of total air traffic. [&hellip;]<\/p>\n","protected":false},"author":1,"featured_media":0,"parent":0,"menu_order":0,"comment_status":"closed","ping_status":"closed","template":"","meta":{"_genesis_hide_title":false,"_genesis_hide_breadcrumbs":false,"_genesis_hide_singular_image":false,"_genesis_hide_footer_widgets":false,"_genesis_custom_body_class":"","_genesis_custom_post_class":"","_genesis_layout":"","footnotes":""},"class_list":{"0":"post-440","1":"page","2":"type-page","3":"status-publish","5":"entry"},"_links":{"self":[{"href":"https:\/\/moverdb.com\/sv\/wp-json\/wp\/v2\/pages\/440","targetHints":{"allow":["GET"]}}],"collection":[{"href":"https:\/\/moverdb.com\/sv\/wp-json\/wp\/v2\/pages"}],"about":[{"href":"https:\/\/moverdb.com\/sv\/wp-json\/wp\/v2\/types\/page"}],"author":[{"embeddable":true,"href":"https:\/\/moverdb.com\/sv\/wp-json\/wp\/v2\/users\/1"}],"replies":[{"embeddable":true,"href":"https:\/\/moverdb.com\/sv\/wp-json\/wp\/v2\/comments?post=440"}],"version-history":[{"count":10,"href":"https:\/\/moverdb.com\/sv\/wp-json\/wp\/v2\/pages\/440\/revisions"}],"predecessor-version":[{"id":13161,"href":"https:\/\/moverdb.com\/sv\/wp-json\/wp\/v2\/pages\/440\/revisions\/13161"}],"wp:attachment":[{"href":"https:\/\/moverdb.com\/sv\/wp-json\/wp\/v2\/media?parent=440"}],"curies":[{"name":"wp","href":"https:\/\/api.w.org\/{rel}","templated":true}]}}