{"id":439,"date":"2016-06-12T19:46:10","date_gmt":"2016-06-12T19:46:10","guid":{"rendered":"http:\/\/moverdb.com\/?page_id=439"},"modified":"2026-01-08T14:40:02","modified_gmt":"2026-01-08T14:40:02","slug":"lacma","status":"publish","type":"page","link":"https:\/\/moverdb.com\/sv\/lacma\/","title":{"rendered":"Latinamerikanska och karibiska internationella flyttf\u00f6reningen (LACMA)"},"content":{"rendered":"<p>Latin American and Caribbean International Movers Association (LACIMA) representerar en samling flytt- och omlokaliseringsf\u00f6retag med syfte att fr\u00e4mja integrationen av lokalt baserade f\u00f6retag och andra f\u00f6retag i hela v\u00e4rlden.<\/p>\n<p><strong>Viktiga fakta om LACMA:<\/strong><\/p>\n<ol>a<\/p>\n<li>  Medlemskap i LACMA \u00e4r \u00f6ppet f\u00f6r flyttfirmor fr\u00e5n Latinamerika och resten av v\u00e4rlden.<\/li>\n<li>  Det \u00e4r den latinamerikanska f\u00f6reningen som \u00e4r representerad i <a href=\"https:\/\/moverdb.com\/sv\/fidi-faim\/\">FIDI<\/a>.<\/li>\n<li>  Den \u00e4r baserad i <a href=\"https:\/\/moverdb.com\/sv\/moving-to-panama\/\" data-internallinksmanager029f6b8e52c=\"432\" title=\"Ska du flytta till Panama? 2026 Levnadskostnader och tips om flytt\">Panama<\/a>.<\/li>\n<li>  Den fungerar som medlare i konflikter som kan uppst\u00e5 mellan medlemmarna eller mellan en medlem och andra som inte \u00e4r anslutna till f\u00f6reningen.<\/li>\n<li>  Den kr\u00e4ver inte att deras medlemmar ska vara <a href=\"https:\/\/moverdb.com\/sv\/fidi-faim\/\" data-internallinksmanager029f6b8e52c=\"16\" title=\"FIDI &amp; FAIM (FIDI Accredited International Mover) f\u00f6rklaras\">FIDI<\/a> anslutna organisationer, eftersom LACMA uppr\u00e4tth\u00e5ller sina oberoende kriterier f\u00f6r anslutning.<\/li>\n<li>  LACMA har ett eget utbildningsinstitut som erbjuder seminarier p\u00e5 plats och virtuella seminarier, inklusive en utbildningskurs f\u00f6r Packers Instructors.<\/li>\n<li>  Den erbjuder ett betalningsgarantiprogram som \u00e4r en resurs f\u00f6r medlemmar som vill driva in f\u00f6rfallna belopp fr\u00e5n andra medlemmar inom f\u00f6reningen.<\/li>\n<li>  LACMA:s medlemskap kan vara aktivt (f\u00f6retag i Latinamerika och V\u00e4stindien som aktivt arbetar med internationella flyttar och f\u00f6rpackningar, med egen personal, egna transport- och lagringsm\u00f6jligheter), associerat (f\u00f6retag utanf\u00f6r Latinamerika och V\u00e4stindien som arbetar med internationella flyttar och f\u00f6rpackningar) eller adjungerat (f\u00f6retag som tillhandah\u00e5ller anv\u00e4ndbara varor och tj\u00e4nster till medlemmarna).<\/li>\n<li>  Organisationen f\u00f6rklarar: \"FIDI Latin America representerar 53 f\u00f6retag (FIDI-LACMA och FIDI-Non LACMA) i v\u00e5r region.<\/li>\n<\/ol>\n<p><strong>Latin American and Caribbean International Movers Association profil<\/strong><\/p>\n<p>LACMA skapades f\u00f6r att f\u00f6retr\u00e4da medlemmarnas intressen och f\u00f6r att fastst\u00e4lla och uppr\u00e4tth\u00e5lla standarder f\u00f6r tj\u00e4nster inom branschen. <\/p>\n<p>Det \u00e4r FIDI:s organisation i Latinamerika, vilket ger den en viss trov\u00e4rdighet eftersom den \u00e4r erk\u00e4nd av FIDI som representant f\u00f6r intressena hos de FIDI-anslutna f\u00f6retagen i regionen. <\/p>\n<p>LACMA erbjuder flera olika typer av medlemskap, bland annat aktivt och associerat medlemskap. LACMA erbjuder ocks\u00e5 medlemmarna ett brett utbud av e-l\u00e4rande, information och seminarier f\u00f6r att f\u00f6rb\u00e4ttra kunskapen och effektiviteten i verksamheten - LACMA Training Institute grundades 1992 f\u00f6r att f\u00f6rb\u00e4ttra utbildningen av medlemmarna. <\/p>\n<p>Medlemmarna har ocks\u00e5 vissa skydds\u00e5tg\u00e4rder, t.ex. betalningsgarantiprogrammet - som \u00e4r utformat f\u00f6r att hj\u00e4lpa till att betala andra medlemmars skulder - och LACMA S.O.S.-programmet, som ger humanit\u00e4r hj\u00e4lp till medlemmar som drabbas av naturkatastrofer som ofta drabbar den h\u00e4r delen av v\u00e4rlden.<\/p>\n<p><strong>Kriterier f\u00f6r medlemskap:<\/strong><\/p>\n<p><u>Aktiva medlemmar<\/u><\/p>\n<ul>\n<li> Fyll i medlemskapsans\u00f6kan p\u00e5 LACMA:s officiella blankett och l\u00e4mna den information som kr\u00e4vs, g\u00e5 med p\u00e5 att f\u00f6lja LACMA:s stadgar och dess best\u00e4mmelser, etiska regler och resolutioner som fastst\u00e4llts av LACMA:s styrelse.<\/li>\n<li> Ge sponsring till fem (5) aktiva LACMA-medlemmar.<\/li>\n<li> L\u00e4mna \u00e5rsredovisningar med tillh\u00f6rande noter f\u00f6r de senaste tv\u00e5 \u00e5ren.<\/li>\n<li> Tillhandah\u00e5lla f\u00f6retagets stadga (kr\u00e4vs minst fyra \u00e5rs verksamhet i f\u00f6retaget). <a href=\"https:\/\/moverdb.com\/sv\/flyttfirmor\/\">internationell flyttning<\/a> industrin).<\/li>\n<li> Betala intr\u00e4desavgiften, PGP-initieringsavgiften, PGP- och LACMA-medlemskapets \u00e5rsavgifter n\u00e4r ans\u00f6kningsprocessen har slutf\u00f6rts och ans\u00f6kan har godk\u00e4nts.<\/li>\n<\/ul>\n<p><u>Associerade medlemmar<\/u><\/p>\n<ul>\n<li> Fyll i medlemskapsans\u00f6kan p\u00e5 LACMA:s officiella blankett och l\u00e4mna den information som kr\u00e4vs, g\u00e5 med p\u00e5 att f\u00f6lja LACMA:s stadgar och dess best\u00e4mmelser, etiska regler och resolutioner som fastst\u00e4llts av LACMA:s styrelse.<\/li>\n<li> Sponsring av fem (5) aktiva och\/eller associerade medlemmar i LACMA, varav minst tv\u00e5 associerade medlemmar.<\/li>\n<li> L\u00e4mna \u00e5rsredovisningar med tillh\u00f6rande noter f\u00f6r de senaste tv\u00e5 \u00e5ren.<\/li>\n<li> Ange f\u00f6retagets stadga (minst fyra \u00e5rs verksamhet inom den internationella flyttbranschen kr\u00e4vs).<\/li>\n<li> Betala intr\u00e4desavgiften, PGP-initieringsavgiften, PGP- och LACMA-medlemskapets \u00e5rsavgift n\u00e4r ans\u00f6kningsprocessen har slutf\u00f6rts och ans\u00f6kan har godk\u00e4nts.<\/li>\n<\/ul>\n<p><u>Adjungerade medlemmar<\/u><\/p>\n<ul>\n<li> Fyll i medlemskapsans\u00f6kan p\u00e5 LACMA:s officiella blankett och l\u00e4mna all beg\u00e4rd information, g\u00e5 med p\u00e5 att f\u00f6lja LACMA:s stadgar och dess best\u00e4mmelser, etiska regler och resolutioner som fastst\u00e4llts av LACMA:s styrelse.<\/li>\n<li> Sponsring av (2) aktiva och\/eller associerade LACMA-medlemmar.<\/li>\n<li> Betala intr\u00e4desavgiften och \u00e5rsavgiften f\u00f6r LACMA-medlemskap n\u00e4r ans\u00f6kningsprocessen har slutf\u00f6rts och ans\u00f6kan har godk\u00e4nts. Kontakta LACMA:s sekretariat f\u00f6r de angivna avgifterna.<\/li>\n<li> Bevisa att den produkt eller tj\u00e4nst som erbjuds har varit kommersialiserad i minst ett \u00e5r.<\/li>\n<\/ul>\n<p><strong>Exempel p\u00e5 medlemsf\u00f6retag<\/strong><\/p>\n<ul>\n<li> <a href=\"https:\/\/moverdb.com\/sv\/luftar\/\">Aires<\/a><\/li>\n<li> <a href=\"https:\/\/moverdb.com\/sv\/arpin-international\/\">Arpin International<\/a><\/li>\n<li> <a href=\"https:\/\/moverdb.com\/sv\/atlas-van-lines-international\/\">Atlas Van Lines<\/a><\/li>\n<li> <a href=\"https:\/\/moverdb.com\/sv\/santa-fe-relocation\/\">Flyttj\u00e4nster i Santa Fe<\/a><\/li>\n<li> <a href=\"https:\/\/moverdb.com\/sv\/sterling-relocation\/\">Sterling flyttning<\/a><\/li>\n<li> <a href=\"https:\/\/moverdb.com\/sv\/stevens-worldwide-van-lines\/\">Stevens Worldwide Van Lines<\/a><\/li>\n<li> <a href=\"https:\/\/moverdb.com\/sv\/amj-campbell-van-lines\/\">AMJ Campbell Van Lines<\/a><\/li>\n<li> <a href=\"https:\/\/moverdb.com\/sv\/suddath\/\">Suddath<\/a><\/li>\n<li> <a href=\"https:\/\/moverdb.com\/sv\/dt-rorlig\/\">DT Moving<\/a><\/li>\n<li> <a href=\"https:\/\/moverdb.com\/sv\/john-mason\/\">John Mason International Movers<\/a><\/li>\n<li> <a href=\"https:\/\/moverdb.com\/sv\/mudanzas-gou\/\">Mudanzas Gou<\/a><\/li>\n<li> <a href=\"https:\/\/moverdb.com\/sv\/gil-stauffer\/\">Gil Stauffer<\/a><\/li>\n<\/ul>\n<p><strong>\u00c5sikter om LACMA:<\/strong><\/p>\n<p>Enligt uppgifter p\u00e5 n\u00e4tet st\u00e5r LACMA:s medlemmar f\u00f6r 90% av flyttningarna till och fr\u00e5n Latinamerika och Karibien. Det anges att det \u00e4r en av de viktigaste <a href=\"https:\/\/moverdb.com\/sv\/organisationer-sammanslutningar\/\">organisationer f\u00f6r internationella flyttar och transporter<\/a>.<\/p>\n<p>Flyttfirmor n\u00e4mner LACMA f\u00f6r att f\u00f6rs\u00e4kra kunderna om deras professionalism och geografiska t\u00e4ckning. Dess medlemmar n\u00e4mns som n\u00e5gra av de b\u00e4sta flyttfirmor i v\u00e4rlden och enligt information p\u00e5 n\u00e4tet representerar medlemmarna f\u00f6ljande omr\u00e5den: <em>\"Europa 31%, Den <a href=\"https:\/\/moverdb.com\/sv\/moving-to-the-united-states\/\" data-internallinksmanager029f6b8e52c=\"94\" title=\"Flyttar du till USA? 2026 Levnadskostnader och flyttningstips\">F\u00f6renta staterna<\/a> &amp; <a href=\"https:\/\/moverdb.com\/sv\/moving-to-canada\/\" data-internallinksmanager029f6b8e52c=\"265\" title=\"Flytta till Kanada? 2026 Levnadskostnader och flyttningstips\">Kanada<\/a> 26%, Latinamerika och V\u00e4stindien 28% och <a href=\"https:\/\/moverdb.com\/sv\/moving-to-australia\/living-in-australia\/\" data-internallinksmanager029f6b8e52c=\"240\" title=\"21 hemligheter om att bo i Australien som du b\u00f6r k\u00e4nna till innan du flyttar\">Australien<\/a>, Mellan\u00f6stern och Fj\u00e4rran \u00d6stern 15%.\"<\/em> <\/p>\n<p>De som inkluderar LACMA p\u00e5 sina webbplatser kommer ofta fr\u00e5n l\u00e4nder utanf\u00f6r regionen, men visar sin globala r\u00e4ckvidd genom medlemskap i organisationen.<\/p>\n<blockquote><p>LACMA \u00e4r en sammanslutning som best\u00e5r av de b\u00e4sta internationella flyttarna fr\u00e5n Latinamerika och Karibien och st\u00e5r f\u00f6r \u00f6ver 90 procent av alla flyttar till och fr\u00e5n denna region.<\/p><\/blockquote>\n<p>- <a href=\"http:\/\/www.brytor.ca\/memberships.php\" target=\"_blank\" rel=\"noopener\">Brytor International Moving<\/a><\/p>\n<blockquote><p>LACMA \u00e4r den f\u00f6rening som omfattar de b\u00e4sta 260 <a href=\"https:\/\/moverdb.com\/sv\/moving-companies\/\" data-internallinksmanager029f6b8e52c=\"79\" title=\"Topp 25 internationella flyttfirmor p\u00e5 n\u00e4tet\">flyttfirmor<\/a> i v\u00e4rlden, fr\u00e4mst fr\u00e5n Latinamerika och V\u00e4stindien. P\u00e5 grund av sin prestige st\u00e5r de f\u00f6r 90% av den import och export som sker i Latinamerika.<\/p><\/blockquote>\n<p>- <a href=\"http:\/\/miglobal.com\/miglobal.com\/httpdocs\/affiliations.html\" target=\"_blank\" rel=\"noopener\">Internationell handel globalt<\/a><\/p>\n<p><strong>Webbplats:<\/strong> <a href=\"http:\/\/www.lacmassoc.org\/\" target=\"_blank\" rel=\"noopener\">http:\/\/www.lacmassoc.org\/<\/a><\/p>","protected":false},"excerpt":{"rendered":"<p>The Latin American and Caribbean International Movers Association (LACIMA) represents a collection of moving and relocation companies with a view to encouraging integration of locally based businesses, as well as others across the world. Key facts about LACMA: a Membership of LACMA is open to moving and relocation companies from Latin America and the rest [&hellip;]<\/p>\n","protected":false},"author":1,"featured_media":0,"parent":0,"menu_order":0,"comment_status":"closed","ping_status":"closed","template":"","meta":{"_genesis_hide_title":false,"_genesis_hide_breadcrumbs":false,"_genesis_hide_singular_image":false,"_genesis_hide_footer_widgets":false,"_genesis_custom_body_class":"","_genesis_custom_post_class":"","_genesis_layout":"","footnotes":""},"class_list":{"0":"post-439","1":"page","2":"type-page","3":"status-publish","5":"entry"},"_links":{"self":[{"href":"https:\/\/moverdb.com\/sv\/wp-json\/wp\/v2\/pages\/439","targetHints":{"allow":["GET"]}}],"collection":[{"href":"https:\/\/moverdb.com\/sv\/wp-json\/wp\/v2\/pages"}],"about":[{"href":"https:\/\/moverdb.com\/sv\/wp-json\/wp\/v2\/types\/page"}],"author":[{"embeddable":true,"href":"https:\/\/moverdb.com\/sv\/wp-json\/wp\/v2\/users\/1"}],"replies":[{"embeddable":true,"href":"https:\/\/moverdb.com\/sv\/wp-json\/wp\/v2\/comments?post=439"}],"version-history":[{"count":21,"href":"https:\/\/moverdb.com\/sv\/wp-json\/wp\/v2\/pages\/439\/revisions"}],"predecessor-version":[{"id":13169,"href":"https:\/\/moverdb.com\/sv\/wp-json\/wp\/v2\/pages\/439\/revisions\/13169"}],"wp:attachment":[{"href":"https:\/\/moverdb.com\/sv\/wp-json\/wp\/v2\/media?parent=439"}],"curies":[{"name":"wp","href":"https:\/\/api.w.org\/{rel}","templated":true}]}}