{"id":438,"date":"2016-06-12T15:34:55","date_gmt":"2016-06-12T15:34:55","guid":{"rendered":"http:\/\/moverdb.com\/?page_id=438"},"modified":"2026-01-08T15:20:25","modified_gmt":"2026-01-08T15:20:25","slug":"ncbfaa","status":"publish","type":"page","link":"https:\/\/moverdb.com\/sv\/ncbfaa\/","title":{"rendered":"National Customs Brokers &amp; Forwarders Association of America (NCBFAA)"},"content":{"rendered":"<p>National Customs Brokers &amp; Forwarders Association of America (NCBFAA) betraktas som den amerikanska transportlogistikbranschens r\u00f6st. <\/p>\n<p>Det \u00e4r en organisation som st\u00e4ndigt arbetar f\u00f6r att f\u00f6retr\u00e4da sina medlemmar och sin bransch p\u00e5 r\u00e4ttslig och regleringsm\u00e4ssig niv\u00e5.<\/p>\n<p><strong>Viktiga fakta om NCBFAA:<\/strong><\/p>\n<ol>\n<li>  NCBFAA representerar mer \u00e4n 970 medlemsf\u00f6retag med 110 000 anst\u00e4llda inom internationell handel.<\/li>\n<li>  NCBFAA bildades 1897 i <a href=\"https:\/\/moverdb.com\/sv\/flytta-till-nyc\/\">New York<\/a>.<\/li>\n<li>  Bland NCBFAA:s medlemmar finns f\u00f6ljande <a href=\"https:\/\/moverdb.com\/sv\/speditor\/\">spedit\u00f6rer<\/a>, tullm\u00e4klare, f\u00f6rmedlare av sj\u00f6transporter, NVOCC:s och flygfraktf\u00f6rmedlare, som betj\u00e4nar mer \u00e4n 250 000 import\u00f6rer och export\u00f6rer.<\/li>\n<li>  NCBFAA:s medlemmar kommer helt och h\u00e5llet fr\u00e5n amerikanska f\u00f6retag, med undantag f\u00f6r associerade medlemmar.<\/li>\n<li>  NCBFAA har ett antal olika typer av medlemskap: Regulj\u00e4ra (licensierade tullm\u00e4klare, licensierade sj\u00f6fraktspedit\u00f6rer, internationella flygfraktf\u00f6rmedlare och icke-fartygsopererande samf\u00e4rdself\u00f6retag i Amerika), affilierade (som \u00e4r verksamma som leverant\u00f6rer eller f\u00f6rs\u00e4ljare av transportrelaterade tj\u00e4nster, internationella aff\u00e4rstj\u00e4nster eller produkter som \u00e4r specifika f\u00f6r funktioner inom internationell handel), associerade (tullm\u00e4klare och\/eller internationella <a href=\"https:\/\/moverdb.com\/sv\/freight-forwarder\/\" data-internallinksmanager029f6b8e52c=\"17\" title=\"Guide f\u00f6r internationella kostnader och f\u00f6retag f\u00f6r spedit\u00f6rer och NVOCC\">spedit\u00f6r<\/a> som \u00e4r bosatta utanf\u00f6r Amerika).<\/li>\n<li>  NCBFAA har sitt huvudkontor i <a href=\"https:\/\/moverdb.com\/sv\/flytta-till-washington-dc\/\">Washington<\/a>.<\/li>\n<li>  NCBFAA:s viktigaste uppgift \u00e4r att h\u00e5lla ett vakande \u00f6ga p\u00e5 de lagstiftnings- och regleringsfr\u00e5gor som p\u00e5verkar medlemmarna - och att h\u00e5lla medlemmarna informerade om dessa fr\u00e5gor.<\/li>\n<li>  NCBFAA anser sig vara den effektiva nationella r\u00f6sten f\u00f6r branschen.<\/li>\n<\/ol>\n<p><strong>National Customs Brokers &amp; Forwarders Association of America profil<\/strong><\/p>\n<p>NCBFAA spelar en viktig roll f\u00f6r att representera medlemmarna i logistikbranschen i USA. Den har deltagit i diskussioner om fr\u00e5gor som p\u00e5verkar branschen, t.ex. tullagstiftning, och har bedrivit lobbyverksamhet i kongressen f\u00f6r att driva och skydda medlemmarnas r\u00e4ttigheter och intressen. <\/p>\n<p>NCBFAA hette tidigare Baltimore Customs Brokers and Forwarders Association och startade som en branschorganisation som fr\u00e4mjade och utbildade <a href=\"https:\/\/moverdb.com\/sv\/top-49-container-ports\/\" data-internallinksmanager029f6b8e52c=\"80\" title=\"Topp 49 st\u00f6rsta och mest trafikerade containerhamnar 2025\">Hamn<\/a> i Baltimore. <\/p>\n<p>Organisationen blev NCBFAA 1983 \"f\u00f6r att b\u00e4ttre \u00e5terspegla en ny och bredare r\u00e4ckvidd\". NCBFAA \u00e4r en ideell organisation som har utformats f\u00f6r att fr\u00e4mja medlemmarnas intressen - och f\u00f6r att driva deras m\u00e5l - b\u00e5de p\u00e5 konsumentmarknaden och i regeringens hj\u00e4rta.<\/p>\n<p><strong>Kriterier f\u00f6r medlemskap:<\/strong><\/p>\n<p>Enligt NCBFAA:s stadgar m\u00e5ste alla s\u00f6kande som ans\u00f6ker om ordinarie medlemskap: <\/p>\n<blockquote><p>... f\u00f6resl\u00e5s av en ordinarie ledamot och st\u00f6ds av en annan ordinarie ledamot p\u00e5 ett formul\u00e4r som tillhandah\u00e5lls f\u00f6r detta \u00e4ndam\u00e5l, vilket formul\u00e4r ska inneh\u00e5lla den s\u00f6kandes namn, adress och yrke samt namnen p\u00e5 de ordinarie ledam\u00f6ter som f\u00f6resl\u00e5r och st\u00f6djer ans\u00f6kan. De ledam\u00f6ter som f\u00f6resl\u00e5r och st\u00f6djer ans\u00f6kan ska l\u00e4mna information om den s\u00f6kandes st\u00e4llning och karakt\u00e4r.<\/p><\/blockquote>\n<p>Det finns avgifter att betala, ett formul\u00e4r att fylla i och potentiella medlemmar m\u00e5ste bevisa att de tillh\u00f6r n\u00e5gon av medlemskategorierna, t.ex.<\/p>\n<ul>\n<li> Tullm\u00e4klare - Licensnummer f\u00f6r m\u00e4klare<\/li>\n<li> OTI - FMC Licensnummer<\/li>\n<li> Internationell flygfraktspedit\u00f6r\/luftfraktagent: CNS\/<a href=\"https:\/\/moverdb.com\/sv\/iata\/\">IATA<\/a> Registreringsnummer<\/li>\n<li> NVOCC: FMC:s obligationsnummer<\/li>\n<\/ul>\n<p><strong>\u00c5sikter om NCBFAA<\/strong><\/p>\n<p>NCBFAA n\u00e4mns inte s\u00e4rskilt ofta p\u00e5 enskilda f\u00f6retags webbplatser. D\u00e4remot n\u00e4mns den oftare som en informationsk\u00e4lla och en resurs f\u00f6r anv\u00e4ndbara uppgifter om och f\u00f6r spedit\u00f6rer. <\/p>\n<p>Det finns ocks\u00e5 ett antal webbplatser d\u00e4r standardvillkor som utarbetats av NCBFAA f\u00f6rekommer - med en anm\u00e4rkning om att dessa har l\u00e4mnats ut till medlemmarna och att NCBFAA inte tar n\u00e5got juridiskt ansvar f\u00f6r dem. <\/p>\n<p>Detta tyder p\u00e5 att f\u00f6reningen erbjuder sina medlemmar en databas med dokument samt information och r\u00e5dgivning. Den \u00e5rliga konferensen \u00e4r ocks\u00e5 en framtr\u00e4dande h\u00e4ndelse och n\u00e4mns p\u00e5 webbplatsen. <a href=\"https:\/\/www.cbp.gov\/newsroom\/speeches-and-statements\/2016-04-20-000000\/commissioner-kerlikowske%E2%80%99s-remarks-national\" target=\"_blank\" rel=\"noopener\">Webbplats f\u00f6r tull- och gr\u00e4nsskydd i USA<\/a>.<\/p>\n<blockquote><p>NCBFAA \u00e4r branschens effektiva nationella r\u00f6st. Genom sina olika kommitt\u00e9er, r\u00e5dgivare och representanter h\u00e5ller f\u00f6reningen ett vakande \u00f6ga p\u00e5 de lagstiftnings- och regleringsfr\u00e5gor som p\u00e5verkar medlemmarna.<\/p><\/blockquote>\n<p>- <a href=\"http:\/\/www.shipuwl.com\/member-of-national-customs-brokers-forwarders-association-of-america-inc-ncbfaa\/\" target=\"_blank\" rel=\"noopener\">UWL<\/a><\/p>\n<blockquote><p>Byr\u00e5n h\u00e5ller ett vakande \u00f6ga p\u00e5 lagstiftning och regleringar som p\u00e5verkar dess medlemmar...<\/p><\/blockquote>\n<p>- <a href=\"http:\/\/www.bdpinternational.com\/news-advisories-events\/trend-watch\/bdp-international-joins-the-national-customs-brokers-forwarders-association-of-america-inc\/\" target=\"_blank\" rel=\"noopener\">BDP International<\/a><\/p>\n<p><strong>L\u00e4s mer:<\/strong> <a href=\"https:\/\/moverdb.com\/sv\/speditor\/\">Guide f\u00f6r internationella kostnader och f\u00f6retag f\u00f6r spedit\u00f6rer och NVOCC<\/a> <\/p>\n<p><strong>Webbplats:<\/strong> <a href=\"http:\/\/www.ncbfaa.org\/\" target=\"_blank\" rel=\"noopener\">http:\/\/www.ncbfaa.org\/<\/a><\/p>","protected":false},"excerpt":{"rendered":"<p>The National Customs Brokers &#038; Forwarders Association of America (NCBFAA) is viewed as the voice of the transportation logistics industry in America. It is an organisation that constantly works to represent its members and sector, on a legal and regulatory level. Key facts about NCBFAA: The NCBFAA represents more than 970 member companies, with 110,000 [&hellip;]<\/p>\n","protected":false},"author":1,"featured_media":0,"parent":0,"menu_order":0,"comment_status":"closed","ping_status":"closed","template":"","meta":{"_genesis_hide_title":false,"_genesis_hide_breadcrumbs":false,"_genesis_hide_singular_image":false,"_genesis_hide_footer_widgets":false,"_genesis_custom_body_class":"","_genesis_custom_post_class":"","_genesis_layout":"","footnotes":""},"class_list":{"0":"post-438","1":"page","2":"type-page","3":"status-publish","5":"entry"},"_links":{"self":[{"href":"https:\/\/moverdb.com\/sv\/wp-json\/wp\/v2\/pages\/438","targetHints":{"allow":["GET"]}}],"collection":[{"href":"https:\/\/moverdb.com\/sv\/wp-json\/wp\/v2\/pages"}],"about":[{"href":"https:\/\/moverdb.com\/sv\/wp-json\/wp\/v2\/types\/page"}],"author":[{"embeddable":true,"href":"https:\/\/moverdb.com\/sv\/wp-json\/wp\/v2\/users\/1"}],"replies":[{"embeddable":true,"href":"https:\/\/moverdb.com\/sv\/wp-json\/wp\/v2\/comments?post=438"}],"version-history":[{"count":8,"href":"https:\/\/moverdb.com\/sv\/wp-json\/wp\/v2\/pages\/438\/revisions"}],"predecessor-version":[{"id":6223,"href":"https:\/\/moverdb.com\/sv\/wp-json\/wp\/v2\/pages\/438\/revisions\/6223"}],"wp:attachment":[{"href":"https:\/\/moverdb.com\/sv\/wp-json\/wp\/v2\/media?parent=438"}],"curies":[{"name":"wp","href":"https:\/\/api.w.org\/{rel}","templated":true}]}}