{"id":436,"date":"2016-06-12T14:04:20","date_gmt":"2016-06-12T14:04:20","guid":{"rendered":"http:\/\/moverdb.com\/?page_id=436"},"modified":"2026-01-08T14:47:42","modified_gmt":"2026-01-08T14:47:42","slug":"aima","status":"publish","type":"page","link":"https:\/\/moverdb.com\/sv\/aima\/","title":{"rendered":"F\u00f6rklaring av Australian International Movers Association (AIMA)"},"content":{"rendered":"<p>Australian International Movers Association (AIMA) beskriver sig sj\u00e4lvt som ett professionellt forum f\u00f6r <a href=\"https:\/\/moverdb.com\/sv\/international-removals\/\" data-internallinksmanager029f6b8e52c=\"27\" title=\"36 b\u00e4sta internationella flyttfirmor i Storbritannien\">internationella flyttningar<\/a> industri. Medlemmarna m\u00e5ste inneha f\u00f6ljande <a href=\"https:\/\/moverdb.com\/sv\/fidi-faim\/\">FIDI\/FAIM<\/a> eller uppfyller strikta kriterier f\u00f6r medlemskap, inklusive krav p\u00e5 ekonomisk integritet.<\/p>\n<p><strong>Viktiga fakta om AIMA:<\/strong><\/p>\n<ol>\n<li>  Det grundades 1975.<\/li>\n<li>  Den har cirka 60 medlemmar i <a href=\"https:\/\/moverdb.com\/sv\/moving-to-australia\/living-in-australia\/\" data-internallinksmanager029f6b8e52c=\"240\" title=\"21 hemligheter om att bo i Australien som du b\u00f6r k\u00e4nna till innan du flyttar\">Australien<\/a>.<\/li>\n<li>  AIMA representerar flyttbranschen i Australien och lockar inte till sig medlemmar fr\u00e5n andra l\u00e4nder. Den omfattar dock australiensiska f\u00f6retag som g\u00f6r <a href=\"https:\/\/moverdb.com\/sv\/flyttfirmor\/\">internationella flyttar<\/a>.<\/li>\n<li>  Den \u00e4r erk\u00e4nd som den <a href=\"https:\/\/moverdb.com\/sv\/fidi-faim\/\" data-internallinksmanager029f6b8e52c=\"16\" title=\"FIDI &amp; FAIM (FIDI Accredited International Mover) f\u00f6rklaras\">FIDI<\/a> F\u00f6rening i Australien.<\/li>\n<li>  Medlemmar beh\u00f6ver inte ha FIDI\/FAIM-certifieringar f\u00f6r att bli medlemmar.<\/li>\n<li>  AIMA representerar de FIDI-anslutna f\u00f6retagen. <a href=\"https:\/\/moverdb.com\/sv\/moving-companies\/australia-moving-companies\/\" data-internallinksmanager029f6b8e52c=\"176\" title=\"17 b\u00e4sta internationella flyttfirmor i Australien\">flyttare i Australien<\/a> som \"FIDI Association\" och skickar delegater till FIDI:s kongress och generalf\u00f6rsamling som h\u00e5lls \u00e5rligen.<\/li>\n<\/ol>\n<p><strong>Australian International Movers Association profil:<\/strong><\/p>\n<p>AIMA:s uppdrag \u00e4r att g\u00f6ra det m\u00f6jligt f\u00f6r den australiska flyttbranschen att styra sig sj\u00e4lv, f\u00f6rb\u00e4ttra sina tj\u00e4nster, se till att kunderna f\u00e5r b\u00e4ttre tj\u00e4nster, skydda allm\u00e4nhetens intressen och ge branschen m\u00f6jlighet att samarbeta med regeringen. <\/p>\n<p>AIMA tillhandah\u00e5ller ocks\u00e5 en oberoende tvistdomstol. AIMA \u00e4r den erk\u00e4nda FIDI-f\u00f6reningen i Australien, vilket inneb\u00e4r att flyttfirmor med FIDI\/FAIM automatiskt kan ansluta sig till AIMA. Australien <a href=\"https:\/\/moverdb.com\/sv\/moving-companies\/\" data-internallinksmanager029f6b8e52c=\"79\" title=\"Topp 25 internationella flyttfirmor p\u00e5 n\u00e4tet\">flyttfirmor<\/a> utan FAIM kan \u00e4nd\u00e5 bli medlemmar i AIMA, men m\u00e5ste uppfylla kriterier som m\u00e4ter deras specialkunskaper, resurser, erfarenhet och ekonomiska st\u00e4llning. <\/p>\n<p>Endast AIMA-medlemmar \u00e4r bundna av AIMA:s tvistem\u00e5lsdomstolsprocess.<\/p>\n<p><strong>Kriterier f\u00f6r medlemskap:<\/strong><\/p>\n<p>AIMA:s strikta kriterier f\u00f6r medlemskap omfattar kontroll av operativ kapacitet och ekonomisk integritet. Detaljerna om dessa kriterier delas inte p\u00e5 webbplatsen.<\/p>\n<p>F\u00f6retag som redan \u00e4r medlemmar i FIDI\/FAIM har automatiskt r\u00e4tt till medlemskap.<\/p>\n<p><strong>F\u00f6retag som \u00e4r medlemmar<\/strong><\/p>\n<ul>\n<li> <a href=\"https:\/\/moverdb.com\/sv\/conroy-removals\/\">Conroy flyttar<\/a><\/li>\n<\/ul>\n<p><strong>\u00c5sikter om AIMA:<\/strong><\/p>\n<p>AIMA betraktas som en av flera internationella flyttorganisationer som garanterar att en flytt kommer att sk\u00f6tas enligt h\u00f6gsta m\u00f6jliga standard. Det \u00e4r en garanti f\u00f6r att ett flyttf\u00f6retag har r\u00e4tt kvalifikationer och \u00e4r uppdaterat om vad som anses vara b\u00e4sta lokala praxis. <\/p>\n<p>Ett antal f\u00f6retag anger AIMA p\u00e5 sina webbplatser som en internationell ackreditering, en kvalitetsst\u00e4mpel tillsammans med andra som FIDI. AIMA:s r\u00e4ckvidd \u00e4r dock ganska begr\u00e4nsad eftersom den inte har lika m\u00e5nga medlemmar som vissa liknande organisationer i andra l\u00e4nder.<\/p>\n<p>Det finns <a href=\"http:\/\/vandijktrack.com\/mim\/\" target=\"_blank\" rel=\"noopener\">en negativ webbplats<\/a> som visar att en kund har en tvist med en AIMA-medlem och att det har tagit l\u00e5ng tid att f\u00e5 ett resultat p\u00e5 tvisten. <\/p>\n<p>Denna person anger att han eller hon inte skulle ta en AIMA-ackreditering p\u00e5 alltf\u00f6r stort allvar som en kvalitetsindikation. P\u00e5 webbplatsen anges dock ocks\u00e5 att AIMA gav dem hj\u00e4lp och tvisten verkar inte ha uppdaterats sedan 2010, vilket tyder p\u00e5 att den har behandlats.<\/p>\n<blockquote><p>Allm\u00e4nheten som v\u00e4ljer en AIMA-medlem f\u00f6r att utf\u00f6ra sina internationella flyttningar kan d\u00e4rf\u00f6r g\u00f6ra det med f\u00f6rtroende.<\/p><\/blockquote>\n<p>- <a href=\"http:\/\/www.ossworldwidemovers.com\/australian-international-movers-association\" target=\"_blank\" rel=\"noopener\">OSS World Wide Movers<\/a><\/p>\n<blockquote><p>Australian International Movers Association (AIMA) - ser till att medlemmarna \u00e4r tillr\u00e4ckligt kvalificerade och att de har uppdaterad b\u00e4sta branschpraxis.<\/p><\/blockquote>\n<p>- <a href=\"http:\/\/www.internationalremovalsaustralia.com.au\/why-choose-us\" target=\"_blank\" rel=\"noopener\">KeysBros flyttl\u00f6sningar<\/a><\/p>\n<p><strong>Webbplats:<\/strong> <a href=\"http:\/\/aima.com.au\/\" target=\"_blank\" rel=\"noopener\">http:\/\/aima.com.au\/<\/a><\/p>\n<h2>Andra anv\u00e4ndbara guider till Australien<\/h2>\n<ul>\n<li> <a href=\"https:\/\/moverdb.com\/sv\/container-transport\/australien\/\">2024 Sj\u00f6frakt Containerfraktpriser till och fr\u00e5n Australien<\/a><\/li>\n<li> <a href=\"https:\/\/moverdb.com\/sv\/flyttfirmor\/australien-2\/\">17 b\u00e4sta internationella flyttfirmor i Australien<\/a><\/li>\n<li> <a href=\"https:\/\/moverdb.com\/sv\/basta-internationella-penningoverforingstjanster\/money-transfer-companies-australia\/\">10 b\u00e4sta penning\u00f6verf\u00f6ringsf\u00f6retag i Australien<\/a><\/li>\n<li> <a href=\"https:\/\/moverdb.com\/sv\/flytta-till-australien\/\">Flytta till Australien? 2024 Levnadskostnader och tips om omlokalisering<\/a><\/li>\n<li> <a href=\"https:\/\/moverdb.com\/sv\/flytta-till-australien\/best-places-to-live-australia\/\">13 b\u00e4sta platserna att bo i Australien<\/a><\/li>\n<li> <a href=\"https:\/\/moverdb.com\/sv\/flytta-till-australien\/leva-i-australien\/\">21 hemligheter om att bo i Australien som du b\u00f6r k\u00e4nna till innan du flyttar<\/a><\/li>\n<li> <a href=\"https:\/\/moverdb.com\/sv\/flytta-till-australien\/moving-to-perth\/\">Flyttar du till Perth? 2024 Levnadskostnader och tips om flyttning<\/a><\/li>\n<li> <a href=\"https:\/\/moverdb.com\/sv\/flytta-till-australien\/moving-to-australia-from-the-us\/\">Att flytta till Australien fr\u00e5n USA<\/a><\/li>\n<li> <a href=\"https:\/\/moverdb.com\/sv\/container-transport\/to-australia-from-the-united-states\/\">Containerfrakt till Australien fr\u00e5n USA Kostnader<\/a><\/li>\n<li> <a href=\"https:\/\/moverdb.com\/sv\/flytta-till-australien\/moving-to-australia-from-the-uk\/\">Att flytta till Australien fr\u00e5n Storbritannien<\/a><\/li>\n<li> <a href=\"https:\/\/moverdb.com\/sv\/container-transport\/to-australia-from-the-uk\/\">Containerfrakt till Australien fr\u00e5n Storbritannien Kostnader och tider<\/a><\/li>\n<li> <a href=\"https:\/\/moverdb.com\/sv\/flytta-till-australien\/moving-to-australia-from-bahrain\/\">Flytta till Australien fr\u00e5n Bahrain<\/a><\/li>\n<li> <a href=\"https:\/\/moverdb.com\/sv\/flytta-till-australien\/moving-to-australia-from-the-uae\/\">Flytta till Australien fr\u00e5n Dubai och F\u00f6renade Arabemiraten<\/a><\/li>\n<li> <a href=\"https:\/\/moverdb.com\/sv\/container-transport\/to-australia-from-dubai\/\">Containers\u00e4ndning till Australien fr\u00e5n Dubai Kostnader och tider<\/a><\/li>\n<li> <a href=\"https:\/\/moverdb.com\/sv\/container-transport\/to-australia-from-uae\/\">Containerfrakt till Australien fr\u00e5n F\u00f6renade Arabemiraten Kostnader och tider<\/a><\/li>\n<li> <a href=\"https:\/\/moverdb.com\/sv\/flytta-till-australien\/moving-to-australia-from-kuwait\/\">Flytta till Australien fr\u00e5n Kuwait<\/a><\/li>\n<li> <a href=\"https:\/\/moverdb.com\/sv\/flytta-till-australien\/moving-to-australia-from-qatar\/\">Flyttar till Australien fr\u00e5n Qatar<\/a><\/li>\n<li> <a href=\"https:\/\/moverdb.com\/sv\/container-transport\/to-australia-from-qatar\/\">Kostnader och tider f\u00f6r containerfrakt till Australien fr\u00e5n Qatar<\/a><\/li>\n<li> <a href=\"https:\/\/moverdb.com\/sv\/flytta-till-australien\/moving-to-australia-from-singapore\/\">Flyttar till Australien fr\u00e5n Singapore<\/a><\/li>\n<li> <a href=\"https:\/\/moverdb.com\/sv\/container-transport\/to-australia-from-singapore\/\">Containerfrakt till Australien fr\u00e5n Singapore Kostnader och tider<\/a><\/li>\n<li> <a href=\"https:\/\/moverdb.com\/sv\/flytta-till-australien\/moving-to-australia-from-south-africa\/\">Flyttar till Australien fr\u00e5n Sydafrika<\/a><\/li>\n<li> <a href=\"https:\/\/moverdb.com\/sv\/container-transport\/to-australia-from-canada\/\">Containerfrakt till Australien fr\u00e5n Kanada Kostnader<\/a><\/li>\n<li> <a href=\"https:\/\/moverdb.com\/sv\/container-transport\/to-australia-from-new-zealand\/\">Kostnader f\u00f6r containerfrakt till Australien fr\u00e5n Nya Zeeland<\/a><\/li>\n<li> <a href=\"https:\/\/moverdb.com\/sv\/flytta-till-australien\/moving-to-hobart\/\">Ska du flytta till Hobart? 2024 Levnadskostnader och tips om flyttning<\/a><\/li>\n<li> <a href=\"https:\/\/moverdb.com\/sv\/flytta-till-australien\/moving-to-gold-coast\/\">Flyttar du till Guldkusten? 2024 Levnadskostnader och tips om flyttning<\/a><\/li>\n<li> <a href=\"https:\/\/moverdb.com\/sv\/flytta-till-australien\/moving-to-melbourne\/\">Ska du flytta till Melbourne? 2024 Levnadskostnader och tips om flyttning<\/a><\/li>\n<\/ul>","protected":false},"excerpt":{"rendered":"<p>The Australian International Movers Association (AIMA) describes itself as a professional forum for the international removals industry. Members must hold FIDI\/FAIM or meet strict membership criteria, including requirements for financial integrity. Key facts about AIMA: It was established in 1975. It has around 60 members in Australia. AIMA represents the moving industry in Australia and [&hellip;]<\/p>\n","protected":false},"author":1,"featured_media":0,"parent":0,"menu_order":0,"comment_status":"closed","ping_status":"closed","template":"","meta":{"_genesis_hide_title":false,"_genesis_hide_breadcrumbs":false,"_genesis_hide_singular_image":false,"_genesis_hide_footer_widgets":false,"_genesis_custom_body_class":"","_genesis_custom_post_class":"","_genesis_layout":"","footnotes":""},"class_list":{"0":"post-436","1":"page","2":"type-page","3":"status-publish","5":"entry"},"_links":{"self":[{"href":"https:\/\/moverdb.com\/sv\/wp-json\/wp\/v2\/pages\/436","targetHints":{"allow":["GET"]}}],"collection":[{"href":"https:\/\/moverdb.com\/sv\/wp-json\/wp\/v2\/pages"}],"about":[{"href":"https:\/\/moverdb.com\/sv\/wp-json\/wp\/v2\/types\/page"}],"author":[{"embeddable":true,"href":"https:\/\/moverdb.com\/sv\/wp-json\/wp\/v2\/users\/1"}],"replies":[{"embeddable":true,"href":"https:\/\/moverdb.com\/sv\/wp-json\/wp\/v2\/comments?post=436"}],"version-history":[{"count":9,"href":"https:\/\/moverdb.com\/sv\/wp-json\/wp\/v2\/pages\/436\/revisions"}],"predecessor-version":[{"id":17998,"href":"https:\/\/moverdb.com\/sv\/wp-json\/wp\/v2\/pages\/436\/revisions\/17998"}],"wp:attachment":[{"href":"https:\/\/moverdb.com\/sv\/wp-json\/wp\/v2\/media?parent=436"}],"curies":[{"name":"wp","href":"https:\/\/api.w.org\/{rel}","templated":true}]}}