{"id":435,"date":"2016-06-12T14:17:13","date_gmt":"2016-06-12T14:17:13","guid":{"rendered":"http:\/\/moverdb.com\/?page_id=435"},"modified":"2026-01-08T14:47:40","modified_gmt":"2026-01-08T14:47:40","slug":"afra","status":"publish","type":"page","link":"https:\/\/moverdb.com\/sv\/afra\/","title":{"rendered":"Australian Furniture Removers Association (AFRA) f\u00f6rklaras"},"content":{"rendered":"<p>Australian Furniture Removers Association (AFRA) beskriver sig sj\u00e4lv som en representant och tillsynsmyndighet f\u00f6r flyttbranschen i Australien. <a href=\"https:\/\/moverdb.com\/sv\/moving-to-australia\/living-in-australia\/\" data-internallinksmanager029f6b8e52c=\"240\" title=\"21 hemligheter om att bo i Australien som du b\u00f6r k\u00e4nna till innan du flyttar\">Australien<\/a>. <\/p>\n<p>Det har en stor geografisk r\u00e4ckvidd i Australien och anges ofta som en kvalitetsst\u00e4mpel.<\/p>\n<p><strong>Viktiga fakta om AFRA:<\/strong><\/p>\n<ol>\n<li>  F\u00f6r n\u00e4rvarande \u00e4r cirka 350 m\u00f6belflyttningsf\u00f6retag och liknande f\u00f6retag medlemmar i AFRA.<\/li>\n<li>  AFRA:s medlemskap omfattar praktiskt taget alla regioner i Australien - men inte internationella platser.<\/li>\n<li>  Revision \u00e4r n\u00e5got som AFRA-medlemmar m\u00e5ste genomg\u00e5 regelbundet. En f\u00f6rsta revision sker i samband med ans\u00f6kan om medlemskap, f\u00f6ljt av en revision 12 m\u00e5nader efter godk\u00e4nnandet och d\u00e4refter en revision vart fj\u00e4rde \u00e5r. Om revisionen visar att medlemmarna inte uppfyller de grundl\u00e4ggande kraven finns det en tidsfrist p\u00e5 21 dagar f\u00f6r att \u00e5tg\u00e4rda detta innan AFRA kan vidta disciplin\u00e4ra \u00e5tg\u00e4rder mot sina medlemmar.<\/li>\n<li>  AFRA:s medlemskap \u00e4r m\u00e5ngsidigt, fr\u00e5n sm\u00e5 f\u00f6retag med en lastbil som drivs av \u00e4garen till stora multinationella f\u00f6retag med m\u00e5nga filialer b\u00e5de i Australien och i andra l\u00e4nder. <a href=\"https:\/\/moverdb.com\/sv\/flyttfirmor\/\">utomlands<\/a>.<\/li>\n<li>  AFRA har vissa grundl\u00e4ggande krav som medlemmarna m\u00e5ste uppfylla och dessa \u00e4r omfattande och g\u00e4ller allt fr\u00e5n lokaler till personal, fordon, utrustning och f\u00f6rs\u00e4kringar.<\/li>\n<li>  Om klagom\u00e5l eller krav inte kan l\u00f6sas av medlemmarna kan kunden h\u00e4nvisa dem till AFRA.<\/li>\n<li>  Alla AFRA-medlemmar har en ansvarsf\u00f6rs\u00e4kring och \u00e4r beh\u00f6riga att tillhandah\u00e5lla en transportf\u00f6rs\u00e4kring f\u00f6r alla varor och effekter som flyttas.<\/li>\n<\/ol>\n<p><strong>Australian Furniture Removers Association profil:<\/strong><\/p>\n<p>AFRA \u00e4r ett officiellt organ f\u00f6r flyttspecialister som ger ackreditering till medlemmar som vill ha ett tillf\u00f6rlitligt kvalitetsm\u00e4rke att visa upp f\u00f6r konsumenterna. <\/p>\n<p>Endast flyttfirmor som har r\u00e4tt utrustning, fordon, lokaler och personalutbildning f\u00f6r att genomf\u00f6ra en professionell flytt f\u00e5r en AFRA-medlemskapsackreditering. N\u00e4r ackrediteringen v\u00e4l har erh\u00e5llits forts\u00e4tter organisationen att utv\u00e4rdera sina medlemmar f\u00f6r att se till att standarden inte har f\u00f6rs\u00e4mrats. <\/p>\n<p>De krav som AFRA st\u00e4ller p\u00e5 sina medlemmar syftar till att g\u00f6ra flyttbranschen b\u00e4ttre f\u00f6r konsumenterna n\u00e4r det g\u00e4ller t.ex. ekonomiskt skydd och god service. AFRA erbjuder endast australiensiska f\u00f6retag medlemskap, men de kan betj\u00e4na kunder som flyttar inom Australien eller <a href=\"https:\/\/moverdb.com\/sv\/internationella-flyttar\/\">utomlands<\/a>. <\/p>\n<p>Som en del av medlemsf\u00f6rm\u00e5nerna erbjuder AFRA utbildning, information och v\u00e4gledning f\u00f6r medlemmarna, samt en resurs f\u00f6r de senaste nyheterna och f\u00f6r\u00e4ndringarna som p\u00e5verkar branschen.<\/p>\n<p><strong>Kriterier f\u00f6r medlemskap:<\/strong><\/p>\n<p>Kriterierna f\u00f6r medlemskap anges inte p\u00e5 webbplatsen utan p\u00e5 ans\u00f6kningsblanketten (som inte heller finns p\u00e5 webbplatsen). Ett medlemskapspaket kan erh\u00e5llas fr\u00e5n <a href=\"mailto:admin@afra.com.au\">admin@afra.com.au<\/a>.<\/p>\n<p>Varje f\u00f6retag ska genomg\u00e5 en revision innan det beviljas medlemskap.<\/p>\n<p><strong>F\u00f6retag som \u00e4r medlemmar<\/strong><\/p>\n<ul>\n<li> <a href=\"https:\/\/moverdb.com\/sv\/conroy-removals\/\">Conroy flyttar<\/a><\/li>\n<\/ul>\n<p><strong>\u00c5sikter om AFRA:<\/strong><\/p>\n<p>AFRA ses som en indikator p\u00e5 ett kvalitetsf\u00f6retag och f\u00f6resl\u00e5s p\u00e5 regeringens webbplatser som ett s\u00e4tt att se till att en flyttfirma har r\u00e4tt resurser, standarder och f\u00e4rdigheter f\u00f6r att genomf\u00f6ra en flytt. <\/p>\n<p>Det faktum att AFRA endast godk\u00e4nner dem som kan genomf\u00f6ra en flytt p\u00e5 ett professionellt s\u00e4tt anses viktigt, liksom kraven p\u00e5 att AFRA-medlemmar ska ha skydd som olika f\u00f6rs\u00e4kringar p\u00e5 plats. <\/p>\n<p>Det p\u00e5pekas att om ett f\u00f6retag \u00e4r medlem i AFRA ger det sina kunder m\u00f6jlighet att f\u00e5 tillg\u00e5ng till AFRA-information och att f\u00e5 trygghet genom tvistl\u00f6sningstj\u00e4nsten. I yttrandet p\u00e5 n\u00e4tet framh\u00e5lls att \"alla de stora nationella <a href=\"https:\/\/moverdb.com\/sv\/international-removals\/\" data-internallinksmanager029f6b8e52c=\"27\" title=\"36 b\u00e4sta internationella flyttfirmor i Storbritannien\">flyttfirmor<\/a> \u00e4r engagerade i AFRA:s ideal.\" <\/p>\n<p>Att anv\u00e4nda en AFRA-medlemmarnas flyttfirma \u00e4r ett av de flytttips som tillhandah\u00e5lls av en <a href=\"https:\/\/www.allianz.com.au\/home-insurance\/news\/6-tips-on-how-to-hire-the-best-removalists\" target=\"_blank\" rel=\"noopener\">stort f\u00f6retag inom finansiella tj\u00e4nster<\/a>, d\u00e4r man p\u00e5pekar att australisk lag inte kr\u00e4ver att flyttfirmor ska ha en f\u00f6rs\u00e4kring, men att AFRA g\u00f6r det. Det v\u00e4rdes\u00e4tter ocks\u00e5 det faktum att AFRA:s medlemmar kommer att vara uppdaterade om den senaste utvecklingen och h\u00e5lla sig till miniminormer.<\/p>\n<blockquote><p>Flyttfirmor som \u00e4r ackrediterade av AFRA m\u00e5ste uppfylla vissa krav p\u00e5 utrustning, fordon, lokaler och personalutbildning som kr\u00e4vs f\u00f6r att genomf\u00f6ra en professionell flytt.<\/p><\/blockquote>\n<p>- <a href=\"http:\/\/www.fairtrading.nsw.gov.au\/ftw\/Consumers\/Buying_services\/Hiring_a_removalist.page\" target=\"_blank\" rel=\"noopener\">NSW:s regering<\/a><\/p>\n<blockquote><p>AFRA \u00e4r ett officiellt organ f\u00f6r flyttningsexperter i Australien som hj\u00e4lper till att reglera flyttningsbranschen. AFRA ackrediterar endast de flyttfirmor som har den utrustning, de fordon, de lokaler och den personalutbildning som kr\u00e4vs f\u00f6r att genomf\u00f6ra en professionell flytt.<\/p><\/blockquote>\n<p>- <a href=\"http:\/\/www.ashtons.com.au\/afra-accreditation.html\" target=\"_blank\" rel=\"noopener\">Ashtons flyttar<\/a><\/p>\n<p><strong>Webbplats:<\/strong> <a href=\"http:\/\/www.afra.com.au\/\" target=\"_blank\" rel=\"noopener\">http:\/\/www.afra.com.au\/<\/a><\/p>\n<h2>Andra anv\u00e4ndbara guider till Australien<\/h2>\n<ul>\n<li> <a href=\"https:\/\/moverdb.com\/sv\/container-transport\/australien\/\">2024 Sj\u00f6frakt Containerfraktpriser till och fr\u00e5n Australien<\/a><\/li>\n<li> <a href=\"https:\/\/moverdb.com\/sv\/flyttfirmor\/australien-2\/\">17 b\u00e4sta internationella flyttfirmor i Australien<\/a><\/li>\n<li> <a href=\"https:\/\/moverdb.com\/sv\/basta-internationella-penningoverforingstjanster\/money-transfer-companies-australia\/\">10 b\u00e4sta penning\u00f6verf\u00f6ringsf\u00f6retag i Australien<\/a><\/li>\n<li> <a href=\"https:\/\/moverdb.com\/sv\/flytta-till-australien\/\">Flytta till Australien? 2024 Levnadskostnader och tips om omlokalisering<\/a><\/li>\n<li> <a href=\"https:\/\/moverdb.com\/sv\/flytta-till-australien\/best-places-to-live-australia\/\">13 b\u00e4sta platserna att bo i Australien<\/a><\/li>\n<li> <a href=\"https:\/\/moverdb.com\/sv\/flytta-till-australien\/leva-i-australien\/\">21 hemligheter om att bo i Australien som du b\u00f6r k\u00e4nna till innan du flyttar<\/a><\/li>\n<li> <a href=\"https:\/\/moverdb.com\/sv\/flytta-till-australien\/moving-to-australia-from-the-us\/\">Att flytta till Australien fr\u00e5n USA<\/a><\/li>\n<li> <a href=\"https:\/\/moverdb.com\/sv\/container-transport\/to-australia-from-the-united-states\/\">Containerfrakt till Australien fr\u00e5n USA Kostnader<\/a><\/li>\n<li> <a href=\"https:\/\/moverdb.com\/sv\/flytta-till-australien\/moving-to-australia-from-the-uk\/\">Att flytta till Australien fr\u00e5n Storbritannien<\/a><\/li>\n<li> <a href=\"https:\/\/moverdb.com\/sv\/container-transport\/to-australia-from-the-uk\/\">Containerfrakt till Australien fr\u00e5n Storbritannien Kostnader och tider<\/a><\/li>\n<li> <a href=\"https:\/\/moverdb.com\/sv\/flytta-till-australien\/moving-to-australia-from-bahrain\/\">Flytta till Australien fr\u00e5n Bahrain<\/a><\/li>\n<li> <a href=\"https:\/\/moverdb.com\/sv\/flytta-till-australien\/moving-to-australia-from-the-uae\/\">Flytta till Australien fr\u00e5n Dubai och F\u00f6renade Arabemiraten<\/a><\/li>\n<li> <a href=\"https:\/\/moverdb.com\/sv\/container-transport\/to-australia-from-dubai\/\">Containers\u00e4ndning till Australien fr\u00e5n Dubai Kostnader och tider<\/a><\/li>\n<li> <a href=\"https:\/\/moverdb.com\/sv\/container-transport\/to-australia-from-uae\/\">Containerfrakt till Australien fr\u00e5n F\u00f6renade Arabemiraten Kostnader och tider<\/a><\/li>\n<li> <a href=\"https:\/\/moverdb.com\/sv\/flytta-till-australien\/moving-to-australia-from-kuwait\/\">Flytta till Australien fr\u00e5n Kuwait<\/a><\/li>\n<li> <a href=\"https:\/\/moverdb.com\/sv\/flytta-till-australien\/moving-to-australia-from-qatar\/\">Flyttar till Australien fr\u00e5n Qatar<\/a><\/li>\n<li> <a href=\"https:\/\/moverdb.com\/sv\/container-transport\/to-australia-from-qatar\/\">Kostnader och tider f\u00f6r containerfrakt till Australien fr\u00e5n Qatar<\/a><\/li>\n<li> <a href=\"https:\/\/moverdb.com\/sv\/flytta-till-australien\/moving-to-perth\/\">Flyttar du till Perth? 2024 Levnadskostnader och tips om flyttning<\/a><\/li>\n<li> <a href=\"https:\/\/moverdb.com\/sv\/flytta-till-australien\/moving-to-australia-from-singapore\/\">Flyttar till Australien fr\u00e5n Singapore<\/a><\/li>\n<li> <a href=\"https:\/\/moverdb.com\/sv\/container-transport\/to-australia-from-singapore\/\">Containerfrakt till Australien fr\u00e5n Singapore Kostnader och tider<\/a><\/li>\n<li> <a href=\"https:\/\/moverdb.com\/sv\/flytta-till-australien\/moving-to-australia-from-south-africa\/\">Flyttar till Australien fr\u00e5n Sydafrika<\/a><\/li>\n<li> <a href=\"https:\/\/moverdb.com\/sv\/container-transport\/to-australia-from-canada\/\">Containerfrakt till Australien fr\u00e5n Kanada Kostnader<\/a><\/li>\n<li> <a href=\"https:\/\/moverdb.com\/sv\/container-transport\/to-australia-from-new-zealand\/\">Kostnader f\u00f6r containerfrakt till Australien fr\u00e5n Nya Zeeland<\/a><\/li>\n<li> <a href=\"https:\/\/moverdb.com\/sv\/flytta-till-australien\/moving-to-hobart\/\">Ska du flytta till Hobart? 2024 Levnadskostnader och tips om flyttning<\/a><\/li>\n<li> <a href=\"https:\/\/moverdb.com\/sv\/flytta-till-australien\/moving-to-gold-coast\/\">Flyttar du till Guldkusten? 2024 Levnadskostnader och tips om flyttning<\/a><\/li>\n<li> <a href=\"https:\/\/moverdb.com\/sv\/flytta-till-australien\/moving-to-melbourne\/\">Ska du flytta till Melbourne? 2024 Levnadskostnader och tips om flyttning<\/a><\/li>\n<\/ul>","protected":false},"excerpt":{"rendered":"<p>The Australian Furniture Removers Association (AFRA) describes itself both as a representative of, and regulator of, the removals industry in Australia. It has broad geographic reach within Australia and is often cited as a mark of quality. Key facts about the AFRA: Currently, around 350 furniture removal and associated companies are members of AFRA. The [&hellip;]<\/p>\n","protected":false},"author":1,"featured_media":0,"parent":0,"menu_order":0,"comment_status":"closed","ping_status":"closed","template":"","meta":{"_genesis_hide_title":false,"_genesis_hide_breadcrumbs":false,"_genesis_hide_singular_image":false,"_genesis_hide_footer_widgets":false,"_genesis_custom_body_class":"","_genesis_custom_post_class":"","_genesis_layout":"","footnotes":""},"class_list":{"0":"post-435","1":"page","2":"type-page","3":"status-publish","5":"entry"},"_links":{"self":[{"href":"https:\/\/moverdb.com\/sv\/wp-json\/wp\/v2\/pages\/435","targetHints":{"allow":["GET"]}}],"collection":[{"href":"https:\/\/moverdb.com\/sv\/wp-json\/wp\/v2\/pages"}],"about":[{"href":"https:\/\/moverdb.com\/sv\/wp-json\/wp\/v2\/types\/page"}],"author":[{"embeddable":true,"href":"https:\/\/moverdb.com\/sv\/wp-json\/wp\/v2\/users\/1"}],"replies":[{"embeddable":true,"href":"https:\/\/moverdb.com\/sv\/wp-json\/wp\/v2\/comments?post=435"}],"version-history":[{"count":11,"href":"https:\/\/moverdb.com\/sv\/wp-json\/wp\/v2\/pages\/435\/revisions"}],"predecessor-version":[{"id":17997,"href":"https:\/\/moverdb.com\/sv\/wp-json\/wp\/v2\/pages\/435\/revisions\/17997"}],"wp:attachment":[{"href":"https:\/\/moverdb.com\/sv\/wp-json\/wp\/v2\/media?parent=435"}],"curies":[{"name":"wp","href":"https:\/\/api.w.org\/{rel}","templated":true}]}}