{"id":434,"date":"2016-06-05T06:20:47","date_gmt":"2016-06-05T06:20:47","guid":{"rendered":"http:\/\/moverdb.com\/?page_id=434"},"modified":"2026-01-08T14:48:22","modified_gmt":"2026-01-08T14:48:22","slug":"fidi-faim","status":"publish","type":"page","link":"https:\/\/moverdb.com\/sv\/fidi-faim\/","title":{"rendered":"FIDI &amp; FAIM (FIDI Accredited International Mover) f\u00f6rklaras"},"content":{"rendered":"<p>FIDI (F\u00e9d\u00e9ration Internationale des D\u00e9m\u00e9nageurs Internationaux; The Federation of International Movers) \u00e4r en global paraplyorganisation f\u00f6r internationella flyttf\u00f6retag. <\/p>\n<p>FIDI beskriver sig sj\u00e4lvt som en v\u00e4rldsomsp\u00e4nnande branschstandard f\u00f6r h\u00f6gkvalitativa flyttfirmor och har varit pionj\u00e4r i FIDI Accredited International Mover (FAIM) Quality Management Programme, ett kvalitetscertifieringsprogram som enbart \u00e4r avsett f\u00f6r den internationella flyttbranschen.<\/p>\n<p><strong>Viktiga fakta om organisationen:<\/strong><\/p>\n<ol>\n<li>  FIDI representerar mer \u00e4n <strong>600 oberoende <a href=\"https:\/\/moverdb.com\/sv\/flyttfirmor\/\">f\u00f6retag<\/a><\/strong> i mer \u00e4n <strong>100 l\u00e4nder<\/strong>.<\/li>\n<li>  FIDI \u00e4r den st\u00f6rsta paraplyorganisationen f\u00f6r <a href=\"https:\/\/moverdb.com\/sv\/internationella-flyttar\/\">internationella flyttningar<\/a> och flyttf\u00f6retag.<\/li>\n<li>  FIDI erbjuder b\u00e5de personliga flyttningar och f\u00f6retagsflyttningar.<\/li>\n<li>  Alla FIDI Affiliates m\u00e5ste f\u00f6lja en rigor\u00f6s FIDI-FAIM-kvalitetsstandard.<\/li>\n<li>  FIDI erbjuder FAIM Quality Management Programme, som anses vara en av de mest rigor\u00f6sa standarderna i branschen med mer \u00e4n <strong>200 kvalitetskrav<\/strong> b\u00e5de n\u00e4r det g\u00e4ller verksamhet och kundtj\u00e4nster.<\/li>\n<li>  Varje FIDI-anslutet f\u00f6retag m\u00e5ste genomg\u00e5 en periodisk oberoende bed\u00f6mning av sin internationella flyttverksamhet. Om de inte klarar bed\u00f6mningen blir de avst\u00e4ngda fr\u00e5n FIDI.<\/li>\n<li>  Alla FIDI-anslutna f\u00f6retag m\u00e5ste underteckna och f\u00f6lja en obligatorisk stadga f\u00f6r bek\u00e4mpning av mutor och korruption.<\/li>\n<li>  Alla FIDI-medlemmar m\u00e5ste ocks\u00e5 vara FAIM-certifierade - detta ans\u00f6ks samtidigt som medlemskapet.<\/li>\n<li>  FAIM Plus \u00e4r tillg\u00e4ngligt f\u00f6r dem som har ISO 9001-certifiering.<\/li>\n<\/ol>\n<p><strong>FIDI:s organisationsprofil<\/strong><\/p>\n<p>FIDI \u00e4r en global sammanslutning av flyttfirmor som erbjuder sina medlemmar ett starkt och erk\u00e4nt kvalitetsm\u00e4rke f\u00f6r tj\u00e4nster, \u00f6kade m\u00f6jligheter till n\u00e4tverkande och m\u00f6jlighet att ut\u00f6ka sin verksamhet. <\/p>\n<p>Organisationen anordnar regelbundet konferenser och utbildningar f\u00f6r medlemmar fr\u00e5n hela v\u00e4rlden och erbjuder medlemmarna en betalningsskyddsplan som hj\u00e4lper dem att skydda upp till 90% av v\u00e4rdet p\u00e5 sina fakturor. FIDI har ocks\u00e5 positionerat sig f\u00f6r att h\u00e5lla sina medlemmar uppdaterade om de senaste nyheterna i branschen och har en branschpanel som erbjuder expertr\u00e5dgivning och hanterar tvister mellan medlemmar. <\/p>\n<p>FIDI Accredited International Mover (FAIM) Quality Management Programme \u00e4r en del av FIDI:s erbjudande, en kvalitetscertifiering f\u00f6r flyttbranschen som utvecklades genom samr\u00e5d och b\u00e4sta praxis fr\u00e5n de b\u00e4sta av stora, sm\u00e5, privata och offentliga f\u00f6retag. <a href=\"https:\/\/moverdb.com\/sv\/moving-companies\/\" data-internallinksmanager029f6b8e52c=\"79\" title=\"Topp 25 internationella flyttfirmor p\u00e5 n\u00e4tet\">internationella flyttfirmor<\/a> fr\u00e5n hela v\u00e4rlden.<\/p>\n<p><strong>Kriterier f\u00f6r medlemskap:<\/strong><\/p>\n<p>F\u00f6r att g\u00e5 med i FIDI Global Alliance m\u00e5ste du uppfylla f\u00f6ljande obligatoriska krav:<\/p>\n<ul>\n<li> \u00d6verensst\u00e4mma med FIDI:s best\u00e4mmelser.<\/li>\n<li> ha varit verksam inom interkontinentala flyttj\u00e4nster i minst tv\u00e5 \u00e5r f\u00f6re ans\u00f6kan<\/li>\n<li> Utf\u00f6ra minst 10 interkontinentala flyttar per \u00e5r*.<\/li>\n<li> Ha ett l\u00e4mpligt och tillr\u00e4ckligt f\u00f6rs\u00e4kringsskydd.<\/li>\n<li> Skriv under FIDI:s stadga om anti-korruption och mutor (FIDI ABC Charter).<\/li>\n<li> Vara ekonomiskt sund (din ekonomiska h\u00e4lsa kommer att kontrolleras av en oberoende revisor under ans\u00f6kningsfasen).<\/li>\n<li> Vara FIDI-FAIM-certifierad (du ans\u00f6ker om FAIM-certifiering samtidigt som du ans\u00f6ker om medlemskap i FIDI).<\/li>\n<\/ul>\n<p><strong>FAIM-certifiering:<\/strong><\/p>\n<p>Enligt FIDI-FAIM-certifieringsprogrammet ska internationella flyttfirmor regelbundet genomg\u00e5 en oberoende bed\u00f6mning av sin interkontinentala flyttverksamhet genom en oberoende revision som genomf\u00f6rs vart tredje \u00e5r.<\/p>\n<p>Detta garanterar att FIDI-f\u00f6retag arbetar enligt en v\u00e4rldsomsp\u00e4nnande gemensam standard f\u00f6r att hantera och utf\u00f6ra internationella flyttj\u00e4nster p\u00e5 ett enhetligt, kvalitetsmedvetet och effektivt s\u00e4tt. Det ger ocks\u00e5 en \u00f6ppen mekanism som s\u00e4kerst\u00e4ller att standarderna f\u00f6rblir h\u00f6ga.<\/p>\n<p>Ur slutkundens synvinkel ger ett FAIM-certifierat f\u00f6retag personen som flyttar och HR-avdelningen som organiserar flytten f\u00f6rtroende f\u00f6r att f\u00f6retaget k\u00e4nner till branschen och har resurser och kunskap f\u00f6r att g\u00f6ra jobbet p\u00e5 r\u00e4tt s\u00e4tt.<\/p>\n<p>Bed\u00f6mningen p\u00e5 plats utf\u00f6rs oberoende av de internationella bed\u00f6marna Ernst &amp; Young.<\/p>\n<p><strong>N\u00e5gra av medlemsf\u00f6retagen<\/strong><\/p>\n<ul>\n<li> <a href=\"https:\/\/moverdb.com\/sv\/luftar\/\">Aires<\/a><\/li>\n<li> <a href=\"https:\/\/moverdb.com\/sv\/cadogan-tate\/\">Cadogan Tate<\/a><\/li>\n<li> <a href=\"https:\/\/moverdb.com\/sv\/harrow-green\/\">Harrow Green<\/a><\/li>\n<li> <a href=\"https:\/\/moverdb.com\/sv\/santa-fe-relocation\/\">Flyttning i Santa Fe<\/a><\/li>\n<li> <a href=\"https:\/\/moverdb.com\/sv\/team-relokaliseringar\/\">Team Relocations<\/a><\/li>\n<li> <a href=\"https:\/\/moverdb.com\/sv\/nippon-express\/\">Nippon Express<\/a><\/li>\n<li> <a href=\"https:\/\/moverdb.com\/sv\/settelen\/\">Settelen<\/a><\/li>\n<li> <a href=\"https:\/\/moverdb.com\/sv\/conroy-removals\/\">Conroy flyttar<\/a><\/li>\n<li> <a href=\"https:\/\/moverdb.com\/sv\/bolliger\/\">Bolliger<\/a><\/li>\n<li> <a href=\"https:\/\/moverdb.com\/sv\/mudanzas-gou\/\">Mudanzas Gou<\/a><\/li>\n<li> <a href=\"https:\/\/moverdb.com\/sv\/gil-stauffer\/\">Gil Stauffer<\/a><\/li>\n<li> <a href=\"https:\/\/moverdb.com\/sv\/packimpex\/\">Packimpex<\/a><\/li>\n<\/ul>\n<p><strong>\u00c5sikter om organisationen<\/strong><\/p>\n<p>FIDI \u00e4r h\u00f6gt ansedd av de motion\u00e4rer som n\u00e4mner den p\u00e5 sina webbplatser, b\u00e5de n\u00e4r det g\u00e4ller de betydande resurser som den har och det faktum att revisionen p\u00e5g\u00e5r. <\/p>\n<p>Oberoende \u00e4r en annan viktig faktor f\u00f6r det rykte som FIDI har byggt upp - alla flyttf\u00f6retag har ett f\u00f6rfarande f\u00f6r efterlevnad p\u00e5 plats som utf\u00f6rs av en konsult utanf\u00f6r landet. <\/p>\n<blockquote><p>F\u00f6r flyttf\u00f6retag som str\u00e4var efter h\u00f6gsta kvalitet erbjuder FAIM\/ISO den h\u00f6gsta certifieringsstandarden i v\u00e4rlden.<\/p><\/blockquote>\n<p> - <a href=\"http:\/\/www.ossworldwidemovers.com\/fidi-accredited-international-mover\" target=\"_blank\" rel=\"noopener\">OSS World Wide Movers<\/a><\/p>\n<blockquote><p>Det finns m\u00e5nga flyttfirmor i hela v\u00e4rlden. Hur skiljer man de bra fr\u00e5n de d\u00e5liga? Du b\u00f6rjar med FIDI\/FAIM, den gyllene standarden f\u00f6r internationella flyttningar.<\/p><\/blockquote>\n<p>- <a href=\"http:\/\/www.jkmoving.com\/International\/International_Network-_FIDI\/FAIM\/\" target=\"_blank\" rel=\"noopener\">JK flyttj\u00e4nster<\/a><\/p>\n<p><a href=\"http:\/\/www.jkmoving.com\/International\/International_Network-_FIDI\/FAIM\/\" target=\"_blank\" rel=\"noopener\"><\/a><\/p>\n<blockquote><p>Detta \u00e4r det str\u00e4ngaste och mest omfattande kvalitetsprogrammet f\u00f6r den internationella flyttbranschen och inneh\u00e5ller mer \u00e4n 200 kvalitetskrav som r\u00f6r organisationens verksamhet och tj\u00e4nster till kunderna. FIDI erbjuder nu en ackreditering som kallas FAIM.<\/p><\/blockquote>\n<p>- <a href=\"http:\/\/www.suddathinternational.com\/news\/2013\/8\/1\/faim-plus.aspx\" target=\"_blank\" rel=\"noopener\">Suddath<\/a><\/p>\n<p><strong>Webbplats:<\/strong> <a href=\"https:\/\/www.fidi.org\" target=\"_blank\" rel=\"noopener\">https:\/\/www.fidi.org<\/a><\/p>","protected":false},"excerpt":{"rendered":"<p>FIDI (F\u00e9d\u00e9ration Internationale des D\u00e9m\u00e9nageurs Internationaux; The Federation of International Movers) is a global umbrella organisation of international moving and relocation businesses. It describes itself as a worldwide industry standard for top quality movers and has pioneered the FIDI Accredited International Mover (FAIM) Quality Management Programme, a quality certification programme dedicated exclusively to the international [&hellip;]<\/p>\n","protected":false},"author":1,"featured_media":0,"parent":0,"menu_order":0,"comment_status":"closed","ping_status":"closed","template":"","meta":{"_genesis_hide_title":false,"_genesis_hide_breadcrumbs":false,"_genesis_hide_singular_image":false,"_genesis_hide_footer_widgets":false,"_genesis_custom_body_class":"","_genesis_custom_post_class":"","_genesis_layout":"","footnotes":""},"class_list":{"0":"post-434","1":"page","2":"type-page","3":"status-publish","5":"entry"},"_links":{"self":[{"href":"https:\/\/moverdb.com\/sv\/wp-json\/wp\/v2\/pages\/434","targetHints":{"allow":["GET"]}}],"collection":[{"href":"https:\/\/moverdb.com\/sv\/wp-json\/wp\/v2\/pages"}],"about":[{"href":"https:\/\/moverdb.com\/sv\/wp-json\/wp\/v2\/types\/page"}],"author":[{"embeddable":true,"href":"https:\/\/moverdb.com\/sv\/wp-json\/wp\/v2\/users\/1"}],"replies":[{"embeddable":true,"href":"https:\/\/moverdb.com\/sv\/wp-json\/wp\/v2\/comments?post=434"}],"version-history":[{"count":28,"href":"https:\/\/moverdb.com\/sv\/wp-json\/wp\/v2\/pages\/434\/revisions"}],"predecessor-version":[{"id":6210,"href":"https:\/\/moverdb.com\/sv\/wp-json\/wp\/v2\/pages\/434\/revisions\/6210"}],"wp:attachment":[{"href":"https:\/\/moverdb.com\/sv\/wp-json\/wp\/v2\/media?parent=434"}],"curies":[{"name":"wp","href":"https:\/\/api.w.org\/{rel}","templated":true}]}}