{"id":433,"date":"2016-06-12T13:45:04","date_gmt":"2016-06-12T13:45:04","guid":{"rendered":"http:\/\/moverdb.com\/?page_id=433"},"modified":"2026-01-08T14:47:29","modified_gmt":"2026-01-08T14:47:29","slug":"amsa","status":"publish","type":"page","link":"https:\/\/moverdb.com\/sv\/amsa\/","title":{"rendered":"American Moving &amp; Storage Association (AMSA) f\u00f6rklaras"},"content":{"rendered":"<p>American Moving &amp; Storage Association (AMSA) \u00e4r den nationella branschorganisationen f\u00f6r den amerikanska flyttbranschen. <\/p>\n<p>Den har inr\u00e4ttats f\u00f6r att hj\u00e4lpa till att f\u00f6retr\u00e4da intressena f\u00f6r dem som arbetar inom flytt- och lagringsbranschen, b\u00e5de inom landet och internationellt, och f\u00f6r att tillhandah\u00e5lla information och hj\u00e4lp till kunder som anv\u00e4nder f\u00f6retag inom branschen.<\/p>\n<p><strong>Viktiga fakta om AMSA:<\/strong><\/p>\n<ol>\n<li>  Den har cirka 4 200 medlemmar.<\/li>\n<li>  AMSA:s medlemmar best\u00e5r av flytt- och lagringsf\u00f6retag, lokala flyttfirmor, <a href=\"https:\/\/moverdb.com\/sv\/flyttfirmor\/\">internationella flyttfirmor<\/a> samt branschleverant\u00f6rer och medlemmar i statliga sammanslutningar.<\/li>\n<li>  Det \u00e4r den enda nationella sammanslutningen som representerar alla sektorer inom flytt- och lagringsbranschen.<\/li>\n<li>  AMSA lanserade den <a href=\"https:\/\/moverdb.com\/sv\/rim-promover\/\" data-internallinksmanager029f6b8e52c=\"76\" title=\"RIM International ProMover-certifiering f\u00f6rklarad\">ProMover<\/a> certifiering 2009, som syftar till att styra konsumenterna till kvalitetsflyttfirmor som f\u00f6ljer AMSA:s m\u00e5l.<\/li>\n<li>  Medlemskap \u00e4r inte bara \u00f6ppet f\u00f6r flyttfirmor utan \u00e4ven f\u00f6r dotterbolag (som tillhandah\u00e5ller produkter eller tj\u00e4nster med anknytning till flyttbranschen), privatpersoner och branschorganisationer.<\/li>\n<li>  Medlemskap i AMSA \u00e4r en viktig del av ans\u00f6kningsprocessen f\u00f6r <a href=\"https:\/\/moverdb.com\/sv\/falg-promover\/\">ProMover-certifiering<\/a> - Detta m\u00e5ste ha h\u00e5llits utan problem i 18 m\u00e5nader.<\/li>\n<li>  Konsumenterna \u00e4r v\u00e4lk\u00e4nda f\u00f6r sin databas med \"flytttips\", som inneh\u00e5ller information om allt fr\u00e5n packning till hur man hanterar flyttdagen.<\/li>\n<li>  Den erbjuder ett program f\u00f6r tvistl\u00f6sning och har en etisk kod som medlemmarna m\u00e5ste f\u00f6lja.<\/li>\n<li>  Medlemmarna transporterar mellan 1,3 och 1,5 miljoner hush\u00e5ll varje \u00e5r.<\/li>\n<\/ol>\n<p><strong>Profil fr\u00e5n American Moving &amp; Storage Association:<\/strong><\/p>\n<p>AMSA:s medlemmar drar nytta av ett brett utbud av tj\u00e4nster, fr\u00e5n nyheter och information om fr\u00e5gor som p\u00e5verkar branschen till representation i den federala regeringen, skattehj\u00e4lp, finansiell och statistisk rapportering och juridisk hj\u00e4lp. <\/p>\n<p>AMSA erbjuder ocks\u00e5 en skiljedomstj\u00e4nst f\u00f6r att hantera tvister om f\u00f6rluster och skador samt yrkesutbildning och certifieringsprogram, t.ex. ProMover. <\/p>\n<p>AMSA b\u00f6rjade med den \u00e4ldsta branschorganisationen f\u00f6r flyttfirmor i Amerika - National Furniture Warehousemen's Association, som grundades 1920. Dess historia, dess omfattning och dess etiska kod g\u00f6r den till en mycket respekterad organisation. <\/p>\n<p>F\u00f6retaget ansvarar f\u00f6r ProMover-certifieringen, som har betraktats som ett k\u00e4nnetecken f\u00f6r en p\u00e5litlig flyttfirma.<\/p>\n<p><strong>Kriterier f\u00f6r medlemskap:<\/strong><\/p>\n<p>Kriterierna f\u00f6r att g\u00e5 med i AMSA verkar vara mycket enkla - det r\u00e4cker att fylla i formul\u00e4ret och betala en avgift. Det kr\u00e4vs dock mer f\u00f6r f\u00f6retag som vill f\u00e5 <a href=\"https:\/\/moverdb.com\/sv\/falg-promover\/\">ProMover-certifiering<\/a>.<\/p>\n<p><strong>De fr\u00e4msta medlemsf\u00f6retagen<\/strong><\/p>\n<ol>\n<li> <a href=\"https:\/\/moverdb.com\/sv\/united-van-lines\/\">United Van Lines<\/a><\/li>\n<li> <a href=\"https:\/\/moverdb.com\/sv\/atlas-van-lines-international\/\">Atlas Van Lines International<\/a><\/li>\n<li> <a href=\"https:\/\/moverdb.com\/sv\/mayflower-transit\/\">Mayflower Transit<\/a><\/li>\n<li> <a href=\"https:\/\/moverdb.com\/sv\/allied-van-lines\/\">Allied Van Lines<\/a><\/li>\n<li> <a href=\"https:\/\/moverdb.com\/sv\/north-american-van-lines\/\">North American Van Lines<\/a><\/li>\n<li> <a href=\"https:\/\/moverdb.com\/sv\/wheaton\/\">Wheaton World Wide Moving<\/a><\/li>\n<li> <a href=\"https:\/\/moverdb.com\/sv\/bekins-van-lines\/\">Bekins Van Lines<\/a><\/li>\n<li> <a href=\"https:\/\/moverdb.com\/sv\/graebel-van-lines\/\">Graebel Van Lines<\/a><\/li>\n<li> <a href=\"https:\/\/moverdb.com\/sv\/arpin-van-lines\/\">Arpin Van Lines<\/a><\/li>\n<li> <a href=\"https:\/\/moverdb.com\/sv\/stevens-worldwide-van-lines\/\">Stevens Worldwide Van Lines<\/a><\/li>\n<li> <a href=\"https:\/\/moverdb.com\/sv\/vip-transport\/\">VIP-transporter<\/a><\/li>\n<li> <a href=\"https:\/\/moverdb.com\/sv\/island-movers\/\">Flyttfirmor p\u00e5 \u00f6n<\/a><\/li>\n<li> <a href=\"https:\/\/moverdb.com\/sv\/mudanzas-gou\/\">Mudanzas Gou<\/a><\/li>\n<li> <a href=\"https:\/\/moverdb.com\/sv\/gil-stauffer\/\">Gil Stauffer<\/a><\/li>\n<\/ol>\n<p><strong>\u00c5sikter om American Moving &amp; Storage Association<\/strong><\/p>\n<p>N\u00e4r AMSA n\u00e4mns p\u00e5 n\u00e4tet \u00e4r det ofta med h\u00e4nvisning till organisationens ProMover-certifiering, som har blivit en internationell kvalitetsst\u00e4mpel. <\/p>\n<p>Certifieringen ses som en del av AMSA:s plattform f\u00f6r att b\u00e5de representera och f\u00f6rb\u00e4ttra saker och ting f\u00f6r dem som arbetar inom branschen - och de som anv\u00e4nder f\u00f6retag inom branschen - genom effektiv r\u00e5dgivning och genom att bygga upp ett respekterat varum\u00e4rke. <\/p>\n<p>I yttrandet p\u00e5 n\u00e4tet fokuseras b\u00e5de p\u00e5 det faktum att AMSA:s arv knyter AMSA till de \u00e4ldsta branschorganisationerna i Amerika och p\u00e5 dess uppdrag att g\u00f6ra det l\u00e4ttare f\u00f6r konsumenterna att flytta. I n\u00e4topinionerna n\u00e4mns de evenemang som AMSA anordnar - som uppenbarligen \u00e4r v\u00e4lbes\u00f6kta och h\u00f6gt ansedda, <em>\"Som alltid samlade \u00e5rets AMSA-konferens n\u00e5gra av de fr\u00e4msta ledarna inom flyttbranschen.\"<\/em> <\/p>\n<p>AMSA-utm\u00e4rkelser n\u00e4mns ocks\u00e5 och dessa verkar betraktas som en verklig indikator p\u00e5 prestationer och kvalitet.<\/p>\n<blockquote><p>AMSA:s uppdrag \u00e4r att \"f\u00f6retr\u00e4da den inhemska och internationella flytt- och lagringsbranschens intressen och hj\u00e4lpa kunderna\".\n<\/p><\/blockquote>\n<p>- <a href=\"http:\/\/www.atlasvanlines.com\/pro-mover\/\" target=\"_blank\" rel=\"noopener\">Atlas Van Lines<\/a><\/p>\n<blockquote><p>AMSA har som m\u00e5l att se till att de 40 miljoner amerikaner som flyttar varje \u00e5r och som v\u00e4ljer en professionell flyttfirma kan fatta v\u00e4lgrundade beslut.<\/p><\/blockquote>\n<p>- <a href=\"http:\/\/www.ossworldwidemovers.com\/american-moving-and-storage-association\" target=\"_blank\" rel=\"noopener\">OSS World Wide Movers<\/a><\/p>\n<blockquote><p>AMSA granskar noggrant sina medlemmar och ser till att konsumenterna f\u00e5r kontakt med flyttfirmor som har uppfyllt alla licens- och f\u00f6rs\u00e4kringskrav, och tillhandah\u00e5ller skiljedom i tvister mellan konsumenter och flyttfirmor genom sitt program f\u00f6r tvistl\u00f6sning i fr\u00e5ga om hush\u00e5llsvaror. Ett av AMSA:s m\u00e5l \u00e4r en v\u00e4linformerad allm\u00e4nhet som b\u00e4ttre f\u00f6rst\u00e5r v\u00e4rdet av professionella flyttj\u00e4nster.<\/p><\/blockquote>\n<p>- <a href=\"http:\/\/www.moving.com\/articles\/amsa\/who-is-amsa.asp\" target=\"_blank\" rel=\"noopener\">Moving.com<\/a><\/p>\n<p><strong>Webbplats:<\/strong> <a href=\"http:\/\/www.moving.org\/\" target=\"_blank\" rel=\"noopener\">http:\/\/www.moving.org\/<\/a><\/p>","protected":false},"excerpt":{"rendered":"<p>The American Moving &#038; Storage Association (AMSA) is the national trade association for the American moving industry. It has been set up to help represent the interests of those in the moving and storage industry, both domestic and international, and also to provide a source of information and assistance to customers using businesses in the [&hellip;]<\/p>\n","protected":false},"author":1,"featured_media":0,"parent":0,"menu_order":0,"comment_status":"closed","ping_status":"closed","template":"","meta":{"_genesis_hide_title":false,"_genesis_hide_breadcrumbs":false,"_genesis_hide_singular_image":false,"_genesis_hide_footer_widgets":false,"_genesis_custom_body_class":"","_genesis_custom_post_class":"","_genesis_layout":"","footnotes":""},"class_list":{"0":"post-433","1":"page","2":"type-page","3":"status-publish","5":"entry"},"_links":{"self":[{"href":"https:\/\/moverdb.com\/sv\/wp-json\/wp\/v2\/pages\/433","targetHints":{"allow":["GET"]}}],"collection":[{"href":"https:\/\/moverdb.com\/sv\/wp-json\/wp\/v2\/pages"}],"about":[{"href":"https:\/\/moverdb.com\/sv\/wp-json\/wp\/v2\/types\/page"}],"author":[{"embeddable":true,"href":"https:\/\/moverdb.com\/sv\/wp-json\/wp\/v2\/users\/1"}],"replies":[{"embeddable":true,"href":"https:\/\/moverdb.com\/sv\/wp-json\/wp\/v2\/comments?post=433"}],"version-history":[{"count":25,"href":"https:\/\/moverdb.com\/sv\/wp-json\/wp\/v2\/pages\/433\/revisions"}],"predecessor-version":[{"id":6170,"href":"https:\/\/moverdb.com\/sv\/wp-json\/wp\/v2\/pages\/433\/revisions\/6170"}],"wp:attachment":[{"href":"https:\/\/moverdb.com\/sv\/wp-json\/wp\/v2\/media?parent=433"}],"curies":[{"name":"wp","href":"https:\/\/api.w.org\/{rel}","templated":true}]}}