{"id":432,"date":"2016-06-12T09:28:19","date_gmt":"2016-06-12T09:28:19","guid":{"rendered":"http:\/\/moverdb.com\/?page_id=432"},"modified":"2026-01-08T14:47:56","modified_gmt":"2026-01-08T14:47:56","slug":"canadian-association-of-movers","status":"publish","type":"page","link":"https:\/\/moverdb.com\/sv\/canadian-association-of-movers\/","title":{"rendered":"F\u00f6rklaring av Canadian Association of Movers (CAM)"},"content":{"rendered":"<p>Den kanadensiska sammanslutningen av flyttare \u00e4r <a href=\"https:\/\/moverdb.com\/sv\/moving-to-canada\/\" data-internallinksmanager029f6b8e52c=\"265\" title=\"Flytta till Kanada? 2026 Levnadskostnader och flyttningstips\">Kanada<\/a>som f\u00f6retr\u00e4der flytt- och f\u00f6rvaringsf\u00f6retag. Den bildades f\u00f6r att skydda och utveckla sina medlemsf\u00f6retag och f\u00f6r att ge konsumenterna m\u00f6jlighet att hitta seri\u00f6sa, professionella och p\u00e5litliga flyttj\u00e4nster.<\/p>\n<p><strong>Viktiga fakta om CAM:<\/strong><\/p>\n<ol>\n<li>  Medlemskapet omfattar flyttfirmor b\u00e5de i Kanada och utomlands.<\/li>\n<li>  Medlemskapet omfattar flyttare och flyttfirmor, transportfirmor, leverant\u00f6rer till branschen, f\u00f6retag som tillhandah\u00e5ller flyttrelaterade tj\u00e4nster, t.ex. f\u00f6rpackningstj\u00e4nster.<\/li>\n<li>  Den etiska koden kr\u00e4ver att medlemmarna f\u00f6ljer villkor som r\u00e4ttvisa och \u00e4rlighet gentemot kunderna och ett s\u00e4kerhetsmedvetet f\u00f6rh\u00e5llningss\u00e4tt i alla l\u00e4gen.<\/li>\n<li>  Canadian Association of Movers erbjuder en process f\u00f6r att l\u00f6sa klagom\u00e5l f\u00f6r konsumenter.<\/li>\n<li>  CAM erbjuder ett program f\u00f6r certifierade kanadensiska flyttfirmor som ger konsumenterna en trygghet i att f\u00e5 tj\u00e4nster som bygger p\u00e5 etiskt uppf\u00f6rande, yrkeskompetens och effektiv klagom\u00e5lshantering.<\/li>\n<li>  CAM \u00e4r den enda sammanslutningen av flyttfirmor i Kanada som reglerar och f\u00f6r register \u00f6ver seri\u00f6sa och oseri\u00f6sa flyttfirmor.<\/li>\n<\/ol>\n<p><strong>Canadian Association of Movers profil:<\/strong><\/p>\n<p>Canadian Association of Movers \u00e4r den kanadensiska branschorganisationen f\u00f6r flyttare. Den best\u00e5r av kanadensiska f\u00f6retag och utl\u00e4ndska organisationer. <\/p>\n<p>CAM har ett antal m\u00e5l, bland annat att \u00f6ka yrkeskunskapen och den operativa kompetensen samt att bygga upp kontakter mellan flyttfirmor och sk\u00e5pbilsbolag f\u00f6r att dela information och st\u00e4rka hela branschen f\u00f6r flyttning av hush\u00e5llsvaror.<\/p>\n<p>CAM:s medlemmar anses vara landets fr\u00e4msta <a href=\"https:\/\/moverdb.com\/sv\/moving-companies\/\" data-internallinksmanager029f6b8e52c=\"79\" title=\"Topp 25 internationella flyttfirmor p\u00e5 n\u00e4tet\">flyttfirmor<\/a>. Det finns tv\u00e5 certifieringar f\u00f6r CAM-medlemmar - Certified Overseas Mover och Certified Canadian Mover. <\/p>\n<p>B\u00e5da dessa \u00e4r utformade f\u00f6r att ge konsumenterna ett urval av seri\u00f6sa flyttfirmor som har aktuell dokumentation, f\u00f6ljer en etisk kod, vet hur de ska hantera kundklagom\u00e5l och f\u00f6ljer riktlinjer f\u00f6r god praxis.<\/p>\n<p><strong>Kriterier f\u00f6r medlemskap:<\/strong><\/p>\n<p>De s\u00f6kande kan bli tvungna att l\u00e4mna in olika dokument f\u00f6r att slutf\u00f6ra processen f\u00f6r godk\u00e4nnande av medlemskap. Alla medlemskapsans\u00f6kningar m\u00e5ste godk\u00e4nnas av styrelsen.<\/p>\n<p><strong>Flyttfirmor<\/strong><\/p>\n<p>CAM kr\u00e4ver att de s\u00f6kande ska ha varit verksamma som flyttfirmor i minst tv\u00e5 \u00e5r.<\/p>\n<p>De som ans\u00f6ker om medlemskap som flyttare m\u00e5ste fylla i en ans\u00f6kningsblankett och f\u00f6rse CAM med f\u00f6ljande dokumentation (endast fotokopior):<\/p>\n<ul>\n<li> F\u00f6retagstillst\u00e5nd<\/li>\n<li> Foton av lokaler och fordon<\/li>\n<li> GST\/HST-registrering och nummer<\/li>\n<li> Intyg om arbetsskadeers\u00e4ttning<\/li>\n<li> F\u00f6rs\u00e4kringsintyg som visar ett ansvar p\u00e5 minst $1 miljon och en lastgr\u00e4ns p\u00e5 minst $250 000.<\/li>\n<li> Intyg om bolagisering<\/li>\n<li> Tv\u00e5 referenser med angivande av hur l\u00e4nge relationen har varat (t.ex. bank, leverant\u00f6r av flyttutrustning osv.).<\/li>\n<li> Annons i Gula sidorna eller reklamartiklar (valfritt)<\/li>\n<li> Undertecknat formul\u00e4r om etiska regler<\/li>\n<\/ul>\n<p><strong>Anknutna f\u00f6retag<\/strong><\/p>\n<p>Ett f\u00f6retag som inte flyttar hush\u00e5llsvaror med lastbil, men som tillhandah\u00e5ller flyttrelaterade tj\u00e4nster, t.ex. packningstj\u00e4nster, nedsk\u00e4rningstj\u00e4nster, skr\u00e4pborttagning etc., kan kvalificera sig f\u00f6r att bli affilierad medlem. <\/p>\n<p>S\u00f6kande till ett medlemskap som affiliate m\u00e5ste fylla i en ans\u00f6kningsblankett och kan bli ombedd att f\u00f6rse CAM med f\u00f6ljande dokumentation som \u00e4r relevant f\u00f6r deras verksamhet, till exempel (endast fotokopior):<\/p>\n<ul>\n<li> F\u00f6retagstillst\u00e5nd<\/li>\n<li> Foton av lokaler och fordon<\/li>\n<li> GST\/HST-registrering och nummer<\/li>\n<li> Intyg om arbetsskadeers\u00e4ttning<\/li>\n<li> F\u00f6rs\u00e4kringsintyg som visar ett ansvar p\u00e5 minst $1 miljon euro.<\/li>\n<li> Intyg om bolagisering<\/li>\n<li> Tv\u00e5 referenser med angivande av hur l\u00e4nge relationen har funnits (t.ex. bank, flyttfirma osv.).<\/li>\n<li> Annons i Gula sidorna eller reklamartiklar (valfritt)<\/li>\n<li> Undertecknat formul\u00e4r om etiska regler<\/li>\n<\/ul>\n<p><strong>Internationella flyttfirmor<\/strong><\/p>\n<ul>\n<li> Rekommendationsbrev fr\u00e5n tv\u00e5 internationella flyttfirmor som \u00e4r CAM, <a href=\"https:\/\/moverdb.com\/sv\/fidi-faim\/\">FIDI<\/a> eller . <a href=\"https:\/\/moverdb.com\/sv\/jag-ar\/\">IAM<\/a> medlemmar<\/li>\n<li> Formul\u00e4ret Canadian Code of Ethics for International Movers undertecknat<\/li>\n<\/ul>\n<p><strong>Topp 10 medlemsf\u00f6retag som flyttar<\/strong> (efter storlek)<\/p>\n<ol>\n<li> <a href=\"https:\/\/moverdb.com\/sv\/united-van-lines\/\">United Van Lines<\/a><\/li>\n<li> <a href=\"https:\/\/moverdb.com\/sv\/north-american-van-lines\/\">North American Van Lines<\/a><\/li>\n<li> <a href=\"https:\/\/moverdb.com\/sv\/amj-campbell-van-lines\/\">AMJ Campbell Van Lines<\/a><\/li>\n<\/ol>\n<p><strong>Flyttarnas \u00e5sikter om CAM:<\/strong><\/p>\n<p>CAM anses vara en anv\u00e4ndbar resurs f\u00f6r att hj\u00e4lpa konsumenter att undvika bedr\u00e4gerier och akt\u00f6rer som erbjuder orealistiska priser som sedan h\u00f6js p\u00e5 flyttdagen. <\/p>\n<p>De som \u00e4r medlemmar i CAM anses kunna erbjuda en viss serviceniv\u00e5 som andra flyttfirmor - utan certifiering - inte har. <\/p>\n<p>I opinionen p\u00e5 n\u00e4tet ses CAM som ett s\u00e4tt att kontrollera ett flyttfirmans p\u00e5litlighet, s\u00e4rskilt eftersom CAM separerar <em>\"det goda, det d\u00e5liga och det fula.\"<\/em> Organisationen \u00e4r h\u00f6gt ansedd f\u00f6r sin \u00f6nskan att fr\u00e4mja h\u00f6ga etiska normer och f\u00f6r att den har en rigor\u00f6s ans\u00f6kningsprocess. <\/p>\n<p>De som n\u00e4mner organisationen p\u00e5 n\u00e4tet p\u00e5pekar att det \u00e4r ett s\u00e4tt att vara s\u00e4ker p\u00e5 att flyttfirman har tillr\u00e4ckliga f\u00f6rs\u00e4kringar och servicestandarder. Det framh\u00e5lls ofta hur CAM inte bara f\u00f6r register \u00f6ver sina egna medlemmar utan \u00e4ven \u00f6ver de flyttfirmor som inte \u00e4r s\u00e5 v\u00e4lrenommerade. <\/p>\n<p>Detta ses som en indikator p\u00e5 att organisationen har ett bra perspektiv p\u00e5 flyttbranschen och att dess medlemmar \u00e4r p\u00e5 r\u00e4tt sida av linjen.<\/p>\n<blockquote><p>Bland flytt- och f\u00f6rvaringsf\u00f6retag skiljer CAM de bra, de d\u00e5liga och de fula fr\u00e5n varandra. Dess m\u00e5l \u00e4r att fr\u00e4mja h\u00f6ga etiska normer inom flyttbranschen, fr\u00e4mja kvalitetsinitiativ, utbilda personal och \u00f6vervaka medlemmarnas prestationer. <\/p>\n<p>Den hj\u00e4lper konsumenterna att f\u00e5 tillg\u00e5ng till trov\u00e4rdiga och professionella flyttj\u00e4nster. Genom sin rigor\u00f6sa ans\u00f6kningsprocess kr\u00e4ver CAM att dess medlemmar undertecknar en strikt etisk kod, har tillr\u00e4cklig f\u00f6rs\u00e4kring och uppr\u00e4tth\u00e5ller standarder f\u00f6r sina anl\u00e4ggningar.<\/p><\/blockquote>\n<p>- <a href=\"http:\/\/www.uvl.ca\/Content\/Canadian+Association+of+Movers\" target=\"_blank\" rel=\"noopener noreferrer\">United Van Lines Kanada<\/a> <\/p>\n<blockquote><p>Canadian Association of Movers (CAM) \u00e4r den enda sammanslutningen av flyttfirmor i Kanada som reglerar och f\u00f6r register \u00f6ver seri\u00f6sa och oseri\u00f6sa flyttfirmor. <\/p><\/blockquote>\n<p>- <a href=\"http:\/\/www.greatcanadianvanlines.com\/how-to-choose-a-moving-company\/\" target=\"_blank\" rel=\"noopener noreferrer\">Great Canadian Van Lines<\/a><\/p>\n<blockquote><p>Ett felaktigt val av flyttfirma f\u00f6r att flytta ett helt livs v\u00e4rde av hush\u00e5llsegendom kan vara katastrofalt. Bluffakt\u00f6rer utnyttjar konsumenterna genom att erbjuda l\u00e5ga priser, ge orealistiska l\u00f6ften, bl\u00e5sa upp priset p\u00e5 flyttdagen och h\u00e5lla hush\u00e5llets \u00e4godelar som l\u00f6sensumma. <\/p>\n<p>Dessa f\u00f6retag tar inget ansvar f\u00f6r den serviceniv\u00e5 som levereras. Om ett erbjudande fr\u00e5n en flyttfirma ser f\u00f6r bra ut och l\u00e5ter f\u00f6r bra f\u00f6r att vara sant \u00e4r det s\u00e5.<\/p>\n<p>Varf\u00f6r ta risken? Flytta med en flyttfirma som \u00e4r medlem i CAM. CAM \u00e4r Kanadas branschorganisation som f\u00f6retr\u00e4der flytt- och f\u00f6rvaringsf\u00f6retag.<\/p><\/blockquote>\n<p>- <a href=\"http:\/\/amjtorontomoving.com\/Partners\/ArticleID\/44\/Canadian-Association-of-Movers-CAM\" target=\"_blank\" rel=\"noopener noreferrer\">AMJ Campbell - Toronto<\/a><\/p>\n<p><strong>Webbplats:<\/strong> <a href=\"http:\/\/www.mover.net\/\" target=\"_blank\" rel=\"noopener noreferrer\">http:\/\/www.mover.net\/<\/a><\/p>\n<p><strong>OBS! P\u00e5 formul\u00e4ret nedan kan det h\u00e4nda att vissa flyttfirmor som kontaktar dig efter att du skickat formul\u00e4ret inte \u00e4r CAM-partner.<\/strong><\/p>","protected":false},"excerpt":{"rendered":"<p>The Canadian Association of Movers is Canada&#8217;s trade association representing moving and storage companies. It was established to help protect and grow its member businesses and also to offer consumers a way to find reputable, professional and reliable moving services. Key facts about CAM: Membership includes movers both in Canada and overseas. Membership covers movers [&hellip;]<\/p>\n","protected":false},"author":1,"featured_media":0,"parent":0,"menu_order":0,"comment_status":"closed","ping_status":"closed","template":"","meta":{"_genesis_hide_title":false,"_genesis_hide_breadcrumbs":false,"_genesis_hide_singular_image":false,"_genesis_hide_footer_widgets":false,"_genesis_custom_body_class":"","_genesis_custom_post_class":"","_genesis_layout":"","footnotes":""},"class_list":{"0":"post-432","1":"page","2":"type-page","3":"status-publish","5":"entry"},"_links":{"self":[{"href":"https:\/\/moverdb.com\/sv\/wp-json\/wp\/v2\/pages\/432","targetHints":{"allow":["GET"]}}],"collection":[{"href":"https:\/\/moverdb.com\/sv\/wp-json\/wp\/v2\/pages"}],"about":[{"href":"https:\/\/moverdb.com\/sv\/wp-json\/wp\/v2\/types\/page"}],"author":[{"embeddable":true,"href":"https:\/\/moverdb.com\/sv\/wp-json\/wp\/v2\/users\/1"}],"replies":[{"embeddable":true,"href":"https:\/\/moverdb.com\/sv\/wp-json\/wp\/v2\/comments?post=432"}],"version-history":[{"count":9,"href":"https:\/\/moverdb.com\/sv\/wp-json\/wp\/v2\/pages\/432\/revisions"}],"predecessor-version":[{"id":3502,"href":"https:\/\/moverdb.com\/sv\/wp-json\/wp\/v2\/pages\/432\/revisions\/3502"}],"wp:attachment":[{"href":"https:\/\/moverdb.com\/sv\/wp-json\/wp\/v2\/media?parent=432"}],"curies":[{"name":"wp","href":"https:\/\/api.w.org\/{rel}","templated":true}]}}