{"id":430,"date":"2016-06-08T14:50:20","date_gmt":"2016-06-08T14:50:20","guid":{"rendered":"http:\/\/moverdb.com\/?page_id=430"},"modified":"2026-01-08T14:47:52","modified_gmt":"2026-01-08T14:47:52","slug":"bar-overseas","status":"publish","type":"page","link":"https:\/\/moverdb.com\/sv\/bar-overseas\/","title":{"rendered":"British Association of Removers (BAR) Utlandsgruppen f\u00f6rklaras"},"content":{"rendered":"<p><a href=\"https:\/\/moverdb.com\/sv\/british-association-of-removers\/\" data-internallinksmanager029f6b8e52c=\"9\" title=\"British Association of Removers (BAR) f\u00f6rklaras\">BAR<\/a> Overseas Group \u00e4r en del av <a href=\"https:\/\/moverdb.com\/sv\/british-association-of-removers\/\">British Association of Removers (brittisk sammanslutning av flyttfirmor)<\/a> (BAR), en branschorganisation. <\/p>\n<p>Precis som sin moderorganisation \u00e4r den inriktad p\u00e5 att fr\u00e4mja yrkesm\u00e4ssig kompetens inom flyttbranschen och har s\u00e4rskild erfarenhet av att hantera delar och <a href=\"https:\/\/moverdb.com\/sv\/container-transport\/\">Leveranser av hela containrar.<\/a> och varor som kommer in i EU. <a href=\"https:\/\/moverdb.com\/sv\/moving-to-the-uk\/\" data-internallinksmanager029f6b8e52c=\"93\" title=\"Flyttar du till Storbritannien? 2026 Levnadskostnader och flyttningstips\">STORBRITANNIEN<\/a> fr\u00e5n utlandet.<\/p>\n<p><strong>Viktiga fakta om BAR Overseas Group:<\/strong><\/p>\n<ol>\n<li>  BAR Overseas best\u00e5r av en grupp p\u00e5 50 experter fr\u00e5n Storbritannien. <a href=\"https:\/\/moverdb.com\/sv\/flyttfirmor\/\">f\u00f6retag<\/a> som specialiserar sig p\u00e5 alla aspekter av <a href=\"https:\/\/moverdb.com\/sv\/internationella-flyttar\/\">utomeuropeiska och internationella flyttningar<\/a> och omlokaliseringar.<\/li>\n<li>  Medlemmarna prenumererar p\u00e5 ett system f\u00f6r f\u00f6rhandsbetalningsgaranti som \u00e4r utformat f\u00f6r att skydda alla kunders f\u00f6rskottsbetalningar.<\/li>\n<li>  Medlemmarna \u00e4r professionella f\u00f6retag som har \u00e5tagit sig att erbjuda h\u00f6gsta m\u00f6jliga service och som specialiserat sig p\u00e5 utlandsflyttar.<\/li>\n<li>  BAR Overseas Group st\u00e4ller h\u00f6ga krav p\u00e5 sina medlemmar n\u00e4r det g\u00e4ller t.ex. personalutbildning, fordon och utrustning, och bes\u00f6k p\u00e5 plats kan ske vid slumpm\u00e4ssiga tillf\u00e4llen.<\/li>\n<li>  Kvalitetsstandarden BS 8564 har utvecklats av BAR Overseas Group i samarbete med BSI (British Standards Institution). Alla medlemmar m\u00e5ste inneha denna standard.<\/li>\n<li>  BAR:s garanti f\u00f6r f\u00f6rskottsbetalning skyddar kunderna - om den flyttfirma som kunden bokat med har ekonomiska sv\u00e5righeter tar en annan flyttfirma \u00f6ver f\u00f6r att se till att jobbet blir klart, utan extra kostnad. <a href=\"https:\/\/moverdb.com\/sv\/flyttkostnader\/\">kostnad<\/a> till kunden.<\/li>\n<\/ol>\n<p><strong>Organisationsprofil:<\/strong><\/p>\n<p>BAR \u00e4r den \u00e4ldsta branschf\u00f6reningen inom flyttsektorn och den <strong>Utomeuropeiska gruppen<\/strong> \u00e4r utformad f\u00f6r att utvidga sin r\u00e4ckvidd fr\u00e5n Storbritannien till destinationer \u00f6ver hela v\u00e4rlden. <\/p>\n<p>Medlemskap \u00e4r endast \u00f6ppet f\u00f6r flyttfirmor som redan \u00e4r BAR-medlemmar, men detta garanterar inte att de blir accepterade som en del av Overseas Group. Gruppens vision \u00e4r att g\u00f6ra sina medlemmar till branschens betrodda flyttfirma f\u00f6r utlandsarbete och att fr\u00e4mja och utveckla professionella b\u00e4sta flyttmetoder f\u00f6r utlandsflyttar.<\/p>\n<p><strong>Kriterier f\u00f6r medlemskap:<\/strong><\/p>\n<ul>\n<li> Medlemmarna m\u00e5ste redan vara medlemmar i BAR.<\/li>\n<li> Medlemmarna m\u00e5ste tillh\u00f6ra ett godk\u00e4nt system f\u00f6r f\u00f6rhandsbetalningsgaranti (APG).<\/li>\n<li> Ledam\u00f6terna m\u00e5ste antingen ha <a href=\"https:\/\/moverdb.com\/sv\/fidi-faim\/\">FIDI-FAIM<\/a>, eller BS 8564 (The Overseas Moving Standard), eller motsvarande eller h\u00f6gre godk\u00e4nd externt granskad standard.<\/li>\n<\/ul>\n<p><strong>Exempel p\u00e5 medlemsf\u00f6retag:<\/strong><\/p>\n<ul>\n<li> <a href=\"https:\/\/moverdb.com\/sv\/harrow-green\/\">Harrow Green<\/a><\/li>\n<li> <a href=\"https:\/\/moverdb.com\/sv\/anglo-stillahavsomradet\/\">Anglo Pacific<\/a><\/li>\n<li> <a href=\"https:\/\/moverdb.com\/sv\/matthew-james\/\">Matthew James<\/a><\/li>\n<li> <a href=\"https:\/\/moverdb.com\/sv\/shore-porters-society\/\">F\u00f6reningen Shore Porters Society<\/a><\/li>\n<li> <a href=\"https:\/\/moverdb.com\/sv\/pss-removals\/\">PSS International Removals<\/a><\/li>\n<\/ul>\n<p><strong>\u00c5sikter om BAR Overseas Group<\/strong><\/p>\n<p>BAR Overseas anses ha strikta kriterier f\u00f6r medlemskap och medlemmarna inspekteras regelbundet f\u00f6r att se till att standarderna inte har f\u00f6rs\u00e4mrats. F\u00f6reningens rykte bygger p\u00e5 dess omfattande granskning av medlemmarna, som omfattar allt fr\u00e5n verksamhet till anl\u00e4ggningar. <\/p>\n<p>Det finansiella skyddssystemet ses som en stor tillg\u00e5ng f\u00f6r medlemmarna eftersom de kan erbjuda kunderna ytterligare finansiellt skydd. BAR Overseas drar nytta av British Association of Removers befintliga rykte och betraktas som en kvalitetsstandard f\u00f6r flyttningar utomlands. <\/p>\n<p>Ett f\u00f6retag framh\u00e5ller att det bara finns 50-60 f\u00f6retag i Storbritannien som uppfyller kriterierna f\u00f6r att g\u00e5 med i BAR Overseas Group och att detta \u00e4r en av anledningarna till att det \u00e4r en s\u00e5dan bedrift att f\u00e5 medlemskap.<\/p>\n<blockquote><p>Medlemmarna m\u00e5ste uppfylla str\u00e4nga krav och inspekteras regelbundet f\u00f6r att se till att deras anl\u00e4ggningar, utrustning, personalutbildning och operativa f\u00f6rfaranden h\u00e5ller h\u00f6gsta niv\u00e5.<\/p><\/blockquote>\n<p>- <a href=\"http:\/\/www.abels.co.uk\/european-removals-moving-to-europe\/bar-overseas-group-what-is-this\/\" target=\"_blank\" rel=\"noopener\">Abels<\/a><\/p>\n<blockquote><p>BAR Overseas Group skapade IMMI (International Movers Mutual Insurance) f\u00f6rskottsbetalningssystemet f\u00f6r att skydda kunderna.<\/p><\/blockquote>\n<p>- <a href=\"http:\/\/www.johnmason.com\/about-us\/accreditations\/bar-overseas-group\/\" target=\"_blank\" rel=\"noopener\">JohnMason<\/a> <\/p>\n<blockquote><p>Garanterad sinnesfrid f\u00f6r din utlandsflytt.BAR Overseas Group \u00e4r en specialiserad sektion inom British Association of Removers vars medlemmar \u00e4r experter p\u00e5 alla omr\u00e5den av utlandsflyttar. Mindre \u00e4n 60 f\u00f6retag i Storbritannien uppfyller de str\u00e4nga kriterierna f\u00f6r medlemskap och de h\u00f6ga krav som st\u00e4lls p\u00e5 medlemmarna.<\/p><\/blockquote>\n<p>- <a href=\"http:\/\/www.simpsons-uk.com\/removals_accreditations\/overseas_group\" target=\"_blank\" rel=\"noopener\">Simpsons<\/a><\/p>\n<p><strong>Webbplats:<\/strong> <a href=\"http:\/\/www.baroverseas.co.uk\/\" target=\"_blank\" rel=\"noopener\">http:\/\/www.baroverseas.co.uk\/<\/a><\/p>","protected":false},"excerpt":{"rendered":"<p>BAR Overseas Group is part of the British Association of Removers (BAR), a Trade Association. Just like its parent organisation, it is dedicated to promoting professional excellence in the removals industry and has particular experience dealing with part and full container load shipments worldwide and goods coming into the UK from abroad. Key facts about [&hellip;]<\/p>\n","protected":false},"author":1,"featured_media":0,"parent":0,"menu_order":0,"comment_status":"closed","ping_status":"closed","template":"","meta":{"_genesis_hide_title":false,"_genesis_hide_breadcrumbs":false,"_genesis_hide_singular_image":false,"_genesis_hide_footer_widgets":false,"_genesis_custom_body_class":"","_genesis_custom_post_class":"","_genesis_layout":"","footnotes":""},"class_list":{"0":"post-430","1":"page","2":"type-page","3":"status-publish","5":"entry"},"_links":{"self":[{"href":"https:\/\/moverdb.com\/sv\/wp-json\/wp\/v2\/pages\/430","targetHints":{"allow":["GET"]}}],"collection":[{"href":"https:\/\/moverdb.com\/sv\/wp-json\/wp\/v2\/pages"}],"about":[{"href":"https:\/\/moverdb.com\/sv\/wp-json\/wp\/v2\/types\/page"}],"author":[{"embeddable":true,"href":"https:\/\/moverdb.com\/sv\/wp-json\/wp\/v2\/users\/1"}],"replies":[{"embeddable":true,"href":"https:\/\/moverdb.com\/sv\/wp-json\/wp\/v2\/comments?post=430"}],"version-history":[{"count":16,"href":"https:\/\/moverdb.com\/sv\/wp-json\/wp\/v2\/pages\/430\/revisions"}],"predecessor-version":[{"id":6187,"href":"https:\/\/moverdb.com\/sv\/wp-json\/wp\/v2\/pages\/430\/revisions\/6187"}],"wp:attachment":[{"href":"https:\/\/moverdb.com\/sv\/wp-json\/wp\/v2\/media?parent=430"}],"curies":[{"name":"wp","href":"https:\/\/api.w.org\/{rel}","templated":true}]}}