{"id":429,"date":"2016-06-06T14:44:52","date_gmt":"2016-06-06T14:44:52","guid":{"rendered":"http:\/\/moverdb.com\/?page_id=429"},"modified":"2026-01-08T14:47:51","modified_gmt":"2026-01-08T14:47:51","slug":"british-association-of-removers","status":"publish","type":"page","link":"https:\/\/moverdb.com\/sv\/british-association-of-removers\/","title":{"rendered":"British Association of Removers (BAR) f\u00f6rklaras"},"content":{"rendered":"<p>British Association of Removers (BAR) beskriver sig sj\u00e4lv som \"den erk\u00e4nda r\u00f6sten f\u00f6r den professionella flyttbranschen\" och \u00e4r ett viktigt organ inom <a href=\"https:\/\/moverdb.com\/sv\/moving-to-the-uk\/\" data-internallinksmanager029f6b8e52c=\"93\" title=\"Flyttar du till Storbritannien? 2026 Levnadskostnader och flyttningstips\">STORBRITANNIEN<\/a> flyttningsindustrin. <\/p>\n<p>Utbildning, yrkesnormer och tillhandah\u00e5llande av information och r\u00e5d till kunderna ing\u00e5r i BAR:s uppdrag, liksom en tj\u00e4nst f\u00f6r tvistl\u00f6sning.<\/p>\n<p><strong>Viktiga fakta om BAR:<\/strong><\/p>\n<ol>\n<li>  BAR har flera olika typer av medlemskap: Storbritannien: Det finns flera olika typer av medlemskap, <a href=\"https:\/\/moverdb.com\/sv\/bar-overseas\/\">Medlemskap i en utomeuropeisk grupp<\/a>, Medlemskap i gruppen f\u00f6r kommersiell flyttning, Medlemskap i gruppen f\u00f6r sj\u00e4lvf\u00f6rvaring. <a href=\"https:\/\/moverdb.com\/sv\/internationella-flyttar\/\">F\u00f6retag<\/a> kan ocks\u00e5 vara internationella dotterbolag (f\u00f6retag utanf\u00f6r Storbritannien som bedriver verksamhet inom flyttbranschen) och dotterbolag (f\u00f6retag som inte bedriver flytt- och lagringsverksamhet men som tillhandah\u00e5ller varor och tj\u00e4nster till branschen).<\/li>\n<li>  BAR har den enda uppf\u00f6randekoden i flyttbranschen som \u00e4r godk\u00e4nd och \u00f6vervakad av Trading Standards Institute.<\/li>\n<li>  Trading Standards Institute \u00f6vervakar alla BAR-medlemmars prestationer.<\/li>\n<li>  BAR omfattar b\u00e5de Storbritannien och <a href=\"https:\/\/moverdb.com\/sv\/flyttfirmor\/\">internationella flyttar<\/a>.<\/li>\n<li>  BAR har en egen utbildningsavdelning - BAR Training Services - som erbjuder professionella f\u00f6retagsutbildningar som s\u00e4tter standarden f\u00f6r branschspecifik utbildning.<\/li>\n<li>  BAR-medlemmar \u00e4r f\u00f6rem\u00e5l f\u00f6r l\u00f6pande inspektioner p\u00e5 plats under sitt medlemskap.<\/li>\n<li> BAR driver ocks\u00e5 <a href=\"https:\/\/www.trustedmover.org\" target=\"_blank\" rel=\"noopener\">F\u00f6rtroendevald flyttare<\/a> webbplats f\u00f6r att hj\u00e4lpa dig att hitta BAR-avl\u00e4gsnare.<\/li>\n<\/ol>\n<p><strong>Organisationsprofil:<\/strong><\/p>\n<p>BAR har etablerat sig som ett branschorgan med uppgift att uppr\u00e4tth\u00e5lla yrkesm\u00e4ssiga standarder inom flyttsektorn till f\u00f6rm\u00e5n f\u00f6r sina medlemmar och deras kunder. Organisationen har en uppf\u00f6randekod som fastst\u00e4ller standarder f\u00f6r service, material, fordon och lagerh\u00e5llning, personalutbildning och hur man hanterar en situation om n\u00e5got g\u00e5r fel. <\/p>\n<p>Det ger ocks\u00e5 ekonomiskt skydd f\u00f6r kunderna, till exempel om ett uppdrag st\u00e4lls in av flyttfirman. Kunderna kan klaga till BAR p\u00e5 en medlem och det finns ocks\u00e5 en tj\u00e4nst f\u00f6r alternativ tvistl\u00f6sning. <\/p>\n<p>Utbildning \u00e4r en viktig del av BAR:s medlemsprogram och medlemmarna har tillg\u00e5ng till ELearning-moduler om \u00e4mnen som ledarskap, ekonomi, f\u00f6rs\u00e4ljning och f\u00f6rs\u00e4ljning, kundservice, marknadsf\u00f6ring, coachning, ledarskap och utveckling av handledarkunskaper.<\/p>\n<p><strong>N\u00e5gra av medlemsf\u00f6retagen<\/strong><\/p>\n<ul>\n<li> <a href=\"https:\/\/moverdb.com\/sv\/cadogan-tate\/\">Cadogan Tate<\/a><\/li>\n<li> <a href=\"https:\/\/moverdb.com\/sv\/anglo-stillahavsomradet\/\">Anglo Pacific<\/a><\/li>\n<li> <a href=\"https:\/\/moverdb.com\/sv\/shore-porters-society\/\">F\u00f6reningen Shore Porters Society<\/a><\/li>\n<li> <a href=\"https:\/\/moverdb.com\/sv\/matthew-james\/\">Matthew James<\/a><\/li>\n<li> <a href=\"https:\/\/moverdb.com\/sv\/robinsons\/\">Robinsons flyttning<\/a><\/li>\n<li> <a href=\"https:\/\/moverdb.com\/sv\/conroy-removals\/\">Conroy flyttar<\/a><\/li>\n<\/ul>\n<p><strong>Kriterier f\u00f6r medlemskap:<\/strong><\/p>\n<p>Inga kriterier f\u00f6r medlemskap finns tillg\u00e4ngliga p\u00e5 webbplatsen, d\u00e4r det st\u00e5r: \"Om du \u00e4r intresserad av att bli medlem i BAR, och f\u00f6r att f\u00e5 information om kriterierna f\u00f6r medlemskap och ett ans\u00f6kningsformul\u00e4r, v\u00e4nligen kontakta BAR och ge din f\u00f6retagsinformation och dina kontaktuppgifter\".<\/p>\n<p><strong>Branschutl\u00e5tanden om British Association of Removers:<\/strong><\/p>\n<p>BAR f\u00f6rekommer ofta p\u00e5 de brittiska flyttf\u00f6retagens webbplatser och m\u00e5nga av dem som listar det fokuserar p\u00e5 dess l\u00e5ngvarighet som en av de \u00e4ldsta branschorganisationerna inom flyttsektorn och dess historia som str\u00e4cker sig \u00f6ver mer \u00e4n ett sekel. <\/p>\n<p>Det faktum att Trading Standards har godk\u00e4nt dess uppf\u00f6randekod ses som ett annat stort plus, eftersom det ger konsumenterna garantier f\u00f6r att deras intressen skyddas ut\u00f6ver lagens grundl\u00e4ggande krav. <\/p>\n<p>Det faktum att f\u00f6reningen genomf\u00f6r kontinuerliga inspektioner p\u00e5 plats anses viktigt, liksom det faktum att medlemmarna m\u00e5ste visa att de \u00e4r n\u00f6jda med sina kunder. <\/p>\n<p>Den allm\u00e4nna uppfattningen \u00e4r att <em>\"Genom att v\u00e4lja en BAR-medlem ser du till att din flytt g\u00e5r s\u00e5 smidigt som m\u00f6jligt.\"<\/em> BAR \u00e4r en standard f\u00f6r flyttfirmor p\u00e5 fastighetswebbplatser, som beskriver detta som ett grundl\u00e4ggande krav f\u00f6r en bra flyttfirma, som h\u00e5ller sig till miniminormer f\u00f6r professionalism och erbjuder ett visst ekonomiskt skydd.<\/p>\n<blockquote><p>Att v\u00e4lja en flyttfirma som har \u00e5tagit sig att bli medlem i BAR \u00e4r en bra utg\u00e5ngspunkt eftersom det visar att de \u00e4r villiga att h\u00e5lla sig till en minimistandard. BAR-medlemmar har miniminormer f\u00f6r medlemskap som ligger i ditt intresse, t.ex. lagliga, licensierade fordon, skydd f\u00f6r din deposition och skiljedom eller gratis f\u00f6rlikning och i det osannolika fallet att n\u00e5got g\u00e5r fel.<\/p><\/blockquote>\n<p>- <a href=\"http:\/\/www.rightmove.co.uk\/choosing-a-removal-company.html\" target=\"_blank\" rel=\"noopener\">rightmove<\/a><\/p>\n<blockquote><p>Alla BAR-medlemmar arbetar enligt BAR:s uppf\u00f6randekod som \u00e4r godk\u00e4nd av Trading Standards. Denna str\u00e4nga kod skyddar och fr\u00e4mjar konsumenternas intressen ut\u00f6ver lagens grundl\u00e4ggande krav.<\/p><\/blockquote>\n<p>- <a href=\"http:\/\/www.pickfords.co.uk\/british-association-of-removers\" target=\"_blank\" rel=\"noopener\">Pickfords<\/a><\/p>\n<blockquote><p>Mer \u00e4n 97% av konsumenterna rekommenderar sin BAR-remover.<\/p><\/blockquote>\n<p>- <a href=\"http:\/\/www.comparemymove.com\/blog\/our-partners\/a-guide-to-joining-the-british-association-of-removers\/\" target=\"_blank\" rel=\"noopener\">J\u00e4mf\u00f6r My Move<\/a><\/p>\n<p><strong>Webbplats:<\/strong> <a href=\"http:\/\/www.bar.co.uk\/\" target=\"_blank\" rel=\"noopener\">http:\/\/www.bar.co.uk\/<\/a><\/p>","protected":false},"excerpt":{"rendered":"<p>The British Association of Removers (BAR) describes itself as the &#8220;recognised voice of the professional moving industry&#8221; and it is a key body in the UK moving industry. Training, professional standards and providing information and advice to customers are included in the BAR&#8217;s remit, as well as a dispute resolution service. Key facts about BAR: [&hellip;]<\/p>\n","protected":false},"author":1,"featured_media":0,"parent":0,"menu_order":0,"comment_status":"closed","ping_status":"closed","template":"","meta":{"_genesis_hide_title":false,"_genesis_hide_breadcrumbs":false,"_genesis_hide_singular_image":false,"_genesis_hide_footer_widgets":false,"_genesis_custom_body_class":"","_genesis_custom_post_class":"","_genesis_layout":"","footnotes":""},"class_list":{"0":"post-429","1":"page","2":"type-page","3":"status-publish","5":"entry"},"_links":{"self":[{"href":"https:\/\/moverdb.com\/sv\/wp-json\/wp\/v2\/pages\/429","targetHints":{"allow":["GET"]}}],"collection":[{"href":"https:\/\/moverdb.com\/sv\/wp-json\/wp\/v2\/pages"}],"about":[{"href":"https:\/\/moverdb.com\/sv\/wp-json\/wp\/v2\/types\/page"}],"author":[{"embeddable":true,"href":"https:\/\/moverdb.com\/sv\/wp-json\/wp\/v2\/users\/1"}],"replies":[{"embeddable":true,"href":"https:\/\/moverdb.com\/sv\/wp-json\/wp\/v2\/comments?post=429"}],"version-history":[{"count":18,"href":"https:\/\/moverdb.com\/sv\/wp-json\/wp\/v2\/pages\/429\/revisions"}],"predecessor-version":[{"id":6186,"href":"https:\/\/moverdb.com\/sv\/wp-json\/wp\/v2\/pages\/429\/revisions\/6186"}],"wp:attachment":[{"href":"https:\/\/moverdb.com\/sv\/wp-json\/wp\/v2\/media?parent=429"}],"curies":[{"name":"wp","href":"https:\/\/api.w.org\/{rel}","templated":true}]}}