{"id":42,"date":"2016-03-19T18:09:36","date_gmt":"2016-03-19T18:09:36","guid":{"rendered":"http:\/\/moverdb.com\/?page_id=42"},"modified":"2026-01-08T15:20:50","modified_gmt":"2026-01-08T15:20:50","slug":"anvandarvillkor","status":"publish","type":"page","link":"https:\/\/moverdb.com\/sv\/terms-of-use\/","title":{"rendered":"Anv\u00e4ndarvillkor"},"content":{"rendered":"<p><strong>L\u00c4S DESSA NOGGRANT INNAN DU ANV\u00c4NDER DENNA WEBBPLATS.<\/strong><\/p>\n<p>V\u00e4lkommen till MoverDB.com. Om du forts\u00e4tter att surfa p\u00e5 och anv\u00e4nda denna webbplats godk\u00e4nner du att f\u00f6lja och vara bunden av f\u00f6ljande anv\u00e4ndarvillkor, som tillsammans med v\u00e5ra <a href=\"https:\/\/MoverDB.com\/privacy-policy\/\" target=\"_blank\" rel=\"noopener\">sekretesspolicy<\/a> styra MoverDB.com:s f\u00f6rh\u00e5llande till dig i samband med denna webbplats. Om du inte h\u00e5ller med om n\u00e5gon del av dessa villkor, v\u00e4nligen anv\u00e4nd inte v\u00e5r webbplats.<\/p>\n<p>Dessa anv\u00e4ndarvillkor, tillsammans med de andra dokument som n\u00e4mns nedan, anger de villkor som g\u00e4ller f\u00f6r att du ska kunna anv\u00e4nda https:\/\/MoverDB.com\/ (\"v\u00e5r webbplats\"). <\/p>\n<p>Andra viktiga dokument <\/p>\n<p>Anv\u00e4ndarvillkoren h\u00e4nvisar till v\u00e5ra <a href=\"https:\/\/MoverDB.com\/privacy-policy\/\" target=\"_blank\" rel=\"noopener\">Integritetspolicy<\/a>som fastst\u00e4ller villkoren f\u00f6r hur vi behandlar de personuppgifter som du l\u00e4mnar till oss. <a href=\"https:\/\/moverdb.com\/sv\/moving-to-the-united-states\/\" data-internallinksmanager029f6b8e52c=\"94\" title=\"Flyttar du till USA? 2026 Levnadskostnader och flyttningstips\">oss<\/a>eller som vi samlar in fr\u00e5n dig. Du kan ocks\u00e5 l\u00e4sa v\u00e5r fullst\u00e4ndiga <a href=\"https:\/\/moverdb.com\/sv\/politik-for-databehandling\/\">Policy f\u00f6r databehandling<\/a>. Genom att anv\u00e4nda v\u00e5r webbplats samtycker du till s\u00e5dan behandling.<\/p>\n<p>Anv\u00e4ndningen av denna webbplats omfattas av f\u00f6ljande anv\u00e4ndarvillkor:<\/p>\n<ul>\n<li>Inneh\u00e5llet p\u00e5 sidorna p\u00e5 denna webbplats \u00e4r endast avsett f\u00f6r allm\u00e4n information och anv\u00e4ndning. Det kan \u00e4ndras utan f\u00f6reg\u00e5ende meddelande.<\/li>\n<li> Genom att fylla i ett offertformul\u00e4r godk\u00e4nner du att vi delar denna information med tredje part f\u00f6r att hj\u00e4lpa dig att f\u00e5 det b\u00e4sta prisj\u00e4mf\u00f6relsetalet f\u00f6r din internationella flytt.<\/li>\n<li>Den h\u00e4r webbplatsen anv\u00e4nder cookies f\u00f6r att \u00f6vervaka surfpreferenser. Om du till\u00e5ter att cookies anv\u00e4nds kan vi lagra personlig information som kan anv\u00e4ndas av tredje part.<\/li>\n<li> Varken vi eller n\u00e5gon tredje part ger n\u00e5gon garanti f\u00f6r att informationen och materialet som finns eller erbjuds p\u00e5 denna webbplats \u00e4r korrekt, aktuellt, fungerar, \u00e4r komplett eller l\u00e4mpar sig f\u00f6r n\u00e5got s\u00e4rskilt \u00e4ndam\u00e5l. Du bekr\u00e4ftar att s\u00e5dan information och s\u00e5dant material kan inneh\u00e5lla felaktigheter eller fel och vi utesluter uttryckligen ansvar f\u00f6r s\u00e5dana felaktigheter eller fel i den utstr\u00e4ckning som lagen till\u00e5ter.<\/li>\n<li> Din anv\u00e4ndning av information eller material p\u00e5 denna webbplats sker helt p\u00e5 egen risk, vilket vi inte kan h\u00e5llas ansvariga f\u00f6r. Det \u00e4r ditt eget ansvar att se till att produkter, tj\u00e4nster eller information som \u00e4r tillg\u00e4ngliga via denna webbplats uppfyller dina specifika krav.<\/li>\n<li> Den h\u00e4r webbplatsen inneh\u00e5ller material som \u00e4gs av eller \u00e4r licensierat till oss. Detta material omfattar, men \u00e4r inte begr\u00e4nsat till, design, layout, utseende, utseende och grafik. Reproduktion \u00e4r f\u00f6rbjuden annat \u00e4n i enlighet med upphovsr\u00e4ttsmeddelandet, som utg\u00f6r en del av dessa villkor.<\/li>\n<li> Otill\u00e5ten anv\u00e4ndning av denna webbplats kan ge upphov till skadest\u00e5ndskrav och\/eller vara ett brott.<\/li>\n<li> Fr\u00e5n tid till annan kan denna webbplats ocks\u00e5 inneh\u00e5lla l\u00e4nkar till andra webbplatser. Dessa l\u00e4nkar tillhandah\u00e5lls f\u00f6r din bekv\u00e4mlighet f\u00f6r att ge dig ytterligare information. De inneb\u00e4r inte att vi st\u00f6der webbplatsen\/webbplatserna. Vi har inget ansvar f\u00f6r inneh\u00e5llet p\u00e5 de l\u00e4nkade webbplatserna.<\/li>\n<\/ul>","protected":false},"excerpt":{"rendered":"<p>PLEASE READ THESE CAREFULLY BEFORE USING THIS WEBSITE. Welcome to MoverDB.com. If you continue to browse and use this website, you are agreeing to comply with and be bound by the following terms and conditions of use, which together with our privacy policy govern MoverDB.com&#8217;s relationship with you in relation to this website. If you [&hellip;]<\/p>\n","protected":false},"author":1,"featured_media":0,"parent":0,"menu_order":0,"comment_status":"closed","ping_status":"closed","template":"","meta":{"_genesis_hide_title":false,"_genesis_hide_breadcrumbs":false,"_genesis_hide_singular_image":false,"_genesis_hide_footer_widgets":false,"_genesis_custom_body_class":"","_genesis_custom_post_class":"","_genesis_layout":"","footnotes":""},"class_list":{"0":"post-42","1":"page","2":"type-page","3":"status-publish","5":"entry"},"_links":{"self":[{"href":"https:\/\/moverdb.com\/sv\/wp-json\/wp\/v2\/pages\/42","targetHints":{"allow":["GET"]}}],"collection":[{"href":"https:\/\/moverdb.com\/sv\/wp-json\/wp\/v2\/pages"}],"about":[{"href":"https:\/\/moverdb.com\/sv\/wp-json\/wp\/v2\/types\/page"}],"author":[{"embeddable":true,"href":"https:\/\/moverdb.com\/sv\/wp-json\/wp\/v2\/users\/1"}],"replies":[{"embeddable":true,"href":"https:\/\/moverdb.com\/sv\/wp-json\/wp\/v2\/comments?post=42"}],"version-history":[{"count":5,"href":"https:\/\/moverdb.com\/sv\/wp-json\/wp\/v2\/pages\/42\/revisions"}],"predecessor-version":[{"id":3243,"href":"https:\/\/moverdb.com\/sv\/wp-json\/wp\/v2\/pages\/42\/revisions\/3243"}],"wp:attachment":[{"href":"https:\/\/moverdb.com\/sv\/wp-json\/wp\/v2\/media?parent=42"}],"curies":[{"name":"wp","href":"https:\/\/api.w.org\/{rel}","templated":true}]}}