{"id":414,"date":"2016-07-03T15:12:27","date_gmt":"2016-07-03T15:12:27","guid":{"rendered":"http:\/\/moverdb.com\/?page_id=414"},"modified":"2026-01-08T14:39:56","modified_gmt":"2026-01-08T14:39:56","slug":"flyttkostnader","status":"publish","type":"page","link":"https:\/\/moverdb.com\/sv\/moving-costs\/","title":{"rendered":"Internationella flyttkostnader: 9 saker du inte f\u00e5r ignorera"},"content":{"rendered":"<p><img loading=\"lazy\" decoding=\"async\" src=\"https:\/\/moverdb.com\/wp-content\/uploads\/International-Moving-Costs.jpg\" alt=\"Internationella flyttkostnader\" width=\"720\" height=\"477\" class=\"aligncenter size-full wp-image-780\" srcset=\"https:\/\/moverdb.com\/wp-content\/uploads\/International-Moving-Costs.jpg 720w, https:\/\/moverdb.com\/wp-content\/uploads\/International-Moving-Costs-300x200.jpg 300w, https:\/\/moverdb.com\/wp-content\/uploads\/International-Moving-Costs-600x398.jpg 600w\" sizes=\"auto, (max-width: 720px) 100vw, 720px\" \/><\/p>\n<p>M\u00e5nga som flyttar utomlands blir f\u00f6rv\u00e5nade \u00f6ver hur h\u00f6ga kostnaderna f\u00f6r en internationell flytt kan vara. Nedan ser vi p\u00e5 m\u00e5nga av de f\u00f6rv\u00e4ntade och ov\u00e4ntade kostnader som du kan st\u00e4llas inf\u00f6r och hur du kan spara pengar. <\/p>\n<div id=\"ez-toc-container\" class=\"ez-toc-v2_0_82_2 ez-toc-wrap-left counter-hierarchy ez-toc-counter ez-toc-transparent ez-toc-container-direction\">\n<div class=\"ez-toc-title-container\">\n<p class=\"ez-toc-title\" style=\"cursor:inherit\">Avsnitt<\/p>\n<span class=\"ez-toc-title-toggle\"><a href=\"#\" class=\"ez-toc-pull-right ez-toc-btn ez-toc-btn-xs ez-toc-btn-default ez-toc-toggle\" aria-label=\"V\u00e4xla till inneh\u00e5llsf\u00f6rteckning\"><span class=\"ez-toc-js-icon-con\"><span class=\"\"><span class=\"eztoc-hide\" style=\"display:none;\">V\u00e4xel<\/span><span class=\"ez-toc-icon-toggle-span\"><svg style=\"fill: #999;color:#999\" xmlns=\"http:\/\/www.w3.org\/2000\/svg\" class=\"list-377408\" width=\"20px\" height=\"20px\" viewbox=\"0 0 24 24\" fill=\"none\"><path d=\"M6 6H4v2h2V6zm14 0H8v2h12V6zM4 11h2v2H4v-2zm16 0H8v2h12v-2zM4 16h2v2H4v-2zm16 0H8v2h12v-2z\" fill=\"currentColor\"><\/path><\/svg><svg style=\"fill: #999;color:#999\" class=\"arrow-unsorted-368013\" xmlns=\"http:\/\/www.w3.org\/2000\/svg\" width=\"10px\" height=\"10px\" viewbox=\"0 0 24 24\" version=\"1.2\" baseprofile=\"tiny\"><path d=\"M18.2 9.3l-6.2-6.3-6.2 6.3c-.2.2-.3.4-.3.7s.1.5.3.7c.2.2.4.3.7.3h11c.3 0 .5-.1.7-.3.2-.2.3-.5.3-.7s-.1-.5-.3-.7zM5.8 14.7l6.2 6.3 6.2-6.3c.2-.2.3-.5.3-.7s-.1-.5-.3-.7c-.2-.2-.4-.3-.7-.3h-11c-.3 0-.5.1-.7.3-.2.2-.3.5-.3.7s.1.5.3.7z\"\/><\/svg><\/span><\/span><\/span><\/a><\/span><\/div>\n<nav><ul class='ez-toc-list ez-toc-list-level-1 eztoc-toggle-hide-by-default' ><li class='ez-toc-page-1 ez-toc-heading-level-2'><a class=\"ez-toc-link ez-toc-heading-1\" href=\"https:\/\/moverdb.com\/sv\/moving-costs\/#1_Moving_Transportation_Costs\" >1. Kostnader f\u00f6r flyttning och transport<\/a><\/li><li class='ez-toc-page-1 ez-toc-heading-level-2'><a class=\"ez-toc-link ez-toc-heading-2\" href=\"https:\/\/moverdb.com\/sv\/moving-costs\/#2_Packing_Unpacking_Costs\" >2. Kostnader f\u00f6r packning och uppackning<\/a><\/li><li class='ez-toc-page-1 ez-toc-heading-level-2'><a class=\"ez-toc-link ez-toc-heading-3\" href=\"https:\/\/moverdb.com\/sv\/moving-costs\/#3_Moving_Insurance_Costs\" >3. F\u00f6rs\u00e4kringskostnader f\u00f6r flyttning<\/a><\/li><li class='ez-toc-page-1 ez-toc-heading-level-2'><a class=\"ez-toc-link ez-toc-heading-4\" href=\"https:\/\/moverdb.com\/sv\/moving-costs\/#4_Storage_Costs\" >4. Kostnader f\u00f6r lagring<\/a><\/li><li class='ez-toc-page-1 ez-toc-heading-level-2'><a class=\"ez-toc-link ez-toc-heading-5\" href=\"https:\/\/moverdb.com\/sv\/moving-costs\/#5Customs_Duty_Charges_Taxes\" >5.Tullar och skatter<\/a><\/li><li class='ez-toc-page-1 ez-toc-heading-level-2'><a class=\"ez-toc-link ez-toc-heading-6\" href=\"https:\/\/moverdb.com\/sv\/moving-costs\/#6_Visa_Fees\" >6. Viseringsavgifter<\/a><\/li><li class='ez-toc-page-1 ez-toc-heading-level-2'><a class=\"ez-toc-link ez-toc-heading-7\" href=\"https:\/\/moverdb.com\/sv\/moving-costs\/#7_Lawyer_Fees\" >7. Avgifter f\u00f6r advokater<\/a><\/li><li class='ez-toc-page-1 ez-toc-heading-level-2'><a class=\"ez-toc-link ez-toc-heading-8\" href=\"https:\/\/moverdb.com\/sv\/moving-costs\/#8_Housing_Costs\" >8. Bostadskostnader<\/a><\/li><li class='ez-toc-page-1 ez-toc-heading-level-2'><a class=\"ez-toc-link ez-toc-heading-9\" href=\"https:\/\/moverdb.com\/sv\/moving-costs\/#9_Other_Costs\" >9. \u00d6vriga kostnader<\/a><\/li><\/ul><\/nav><\/div>\n<h2><span class=\"ez-toc-section\" id=\"1_Moving_Transportation_Costs\"><\/span>1. Kostnader f\u00f6r flyttning och transport<span class=\"ez-toc-section-end\"><\/span><\/h2>\n<p>Den st\u00f6rsta enskilda utgiften \u00e4r att anst\u00e4lla en <a href=\"https:\/\/moverdb.com\/sv\/flyttfirmor\/\">Internationellt flyttf\u00f6retag<\/a> f\u00f6r att flytta dina varor fr\u00e5n ditt hus i land A till ditt nya hem i land B. Du kan j\u00e4mf\u00f6ra f\u00f6retag med hj\u00e4lp av formul\u00e4ret ovan.<\/p>\n<p>Kostnaden beror p\u00e5 n\u00e5gra viktiga faktorer:<\/p>\n<ul>\n<li> <strong>Flyttningens storlek:<\/strong> Ju st\u00f6rre flytten \u00e4r, desto dyrare blir den. Detta g\u00e4ller b\u00e5de vikt och volym. Samlastningstj\u00e4nster kan minska denna avgift om du inte har tillr\u00e4ckligt med varor f\u00f6r en hel last.<\/li>\n<li> <strong>Avst\u00e5nd:<\/strong> Ju l\u00e4ngre du m\u00e5ste flytta desto dyrare blir det.<\/li>\n<li> <strong>Rutt:<\/strong> Vissa destinationer \u00e4r ganska vanliga och andra ganska s\u00e4llsynta. Internationella flyttar mellan t.ex. <a href=\"https:\/\/moverdb.com\/sv\/moving-to-canada\/\" data-internallinksmanager029f6b8e52c=\"265\" title=\"Flytta till Kanada? 2026 Levnadskostnader och flyttningstips\">Kanada<\/a> och <a href=\"https:\/\/moverdb.com\/sv\/moving-to-the-united-states\/\" data-internallinksmanager029f6b8e52c=\"94\" title=\"Flyttar du till USA? 2026 Levnadskostnader och flyttningstips\">F\u00f6renta staterna<\/a> eller inom Europa \u00e4r vanliga och dessa linjer \u00e4r i allm\u00e4nhet billigare p\u00e5 grund av konkurrensen, j\u00e4mf\u00f6rt med mindre vanliga linjer.<\/li>\n<li> <strong>Transportmetod:<\/strong> Vilken metod du v\u00e4ljer f\u00f6r att flytta dina varor \u00e4r en viktig faktor f\u00f6r det slutliga priset du betalar. Sj\u00f6transport \u00e4r det billigaste alternativet, medan flygtransport \u00e4r det dyraste. Lastbilar kommer n\u00e4stan alltid att utf\u00f6ra den f\u00f6rsta och sista etappen av en flytt, oavsett vilken eller vilka metoder som anv\u00e4nds d\u00e4remellan.<\/li>\n<\/ul>\n<p>Eftersom sj\u00f6frakt \u00e4r det billigaste alternativet, f\u00f6rs\u00f6ker vissa att g\u00e5 direkt till en <a href=\"https:\/\/moverdb.com\/sv\/rederier\/\">Internationellt rederi<\/a>. Detta kan ibland vara billigare, men de flesta av dessa f\u00f6retag \u00e4r egentligen inte inriktade p\u00e5 flyttar av bost\u00e4der, utan arbetar fr\u00e4mst med <a href=\"https:\/\/moverdb.com\/sv\/speditor\/\">Frakttransporter<\/a>.    <\/p>\n<p>F\u00f6r att b\u00e4ttre f\u00f6rst\u00e5 flytt- och transportkostnader kanske du ocks\u00e5 vill l\u00e4sa v\u00e5r guide om <a href=\"https:\/\/moverdb.com\/sv\/container-transport\/\">Kostnader f\u00f6r internationell containerfrakt<\/a> eller hoppa direkt till att f\u00e5 <a href=\"https:\/\/moverdb.com\/sv\/citat\/\">offerter f\u00f6r internationella flyttningar<\/a>.<\/p>\n<p><strong>Typisk kostnad:<\/strong> Fr\u00e5n och med <strong>$1,000<\/strong> USD (\u00a3750; \u20ac900) och kan l\u00e4tt \u00f6verstiga $10 000 f\u00f6r l\u00e5ngv\u00e4ga flyttningar utomlands.<\/p>\n<h2><span class=\"ez-toc-section\" id=\"2_Packing_Unpacking_Costs\"><\/span>2. Kostnader f\u00f6r packning och uppackning<span class=\"ez-toc-section-end\"><\/span><\/h2>\n<p>\u00c4ven om inte alla <a href=\"https:\/\/moverdb.com\/sv\/moving-companies\/\" data-internallinksmanager029f6b8e52c=\"79\" title=\"Topp 25 internationella flyttfirmor p\u00e5 n\u00e4tet\">flyttfirmor<\/a> M\u00e5nga tar extra betalt f\u00f6r packning och uppackning, men m\u00e5nga g\u00f6r det. Beroende p\u00e5 vilket land du flyttar till kanske du inte har n\u00e5got val att ta p\u00e5 dig denna kostnad. Anledningen \u00e4r att vissa l\u00e4nders tulldokument kr\u00e4ver att flyttfirman g\u00e5r i god f\u00f6r de varor som importeras och f\u00f6rs\u00e4krar att inget olagligt skickas.<\/p>\n<p>Illegala f\u00f6rem\u00e5l inkluderar det uppenbara som droger och vapen, men kan ocks\u00e5 omfatta saker som du kanske inte \u00e4r medveten om, t.ex. vissa v\u00e4xter eller djur. Flyttfirmor som ertappas med att bryta mot lagen kan drabbas av b\u00f6ter eller f\u00f6rlora sin licens och d\u00e4rmed sin m\u00f6jlighet att bedriva verksamhet i landet.<\/p>\n<p>Om du vill undvika eller minska denna kostnad b\u00f6r du prata med din flyttfirma f\u00f6r att se om det finns n\u00e5got du kan g\u00f6ra. Ibland kan du spara pengar genom att packa saker sj\u00e4lv, men l\u00e4mna l\u00e5dorna \u00f6ppna s\u00e5 att de kan inspektera dem. Och du kan alltid spara pengar i andra \u00e4nden om du v\u00e4ljer att packa upp sakerna sj\u00e4lv i ditt nya hem. <\/p>\n<p>Slutligen ska du komma ih\u00e5g att det inte g\u00e5r att undvika att betala f\u00f6r f\u00f6rpackningsmaterial som l\u00e5dor, bubbelplast och tejp. <\/p>\n<p><strong>Typisk kostnad:<\/strong> Fr\u00e5n och med <strong>$100<\/strong> USD (75 \u00a3, 90 \u20ac), men vanligtvis handlar det om n\u00e5gra hundra dollar.    <\/p>\n<h2><span class=\"ez-toc-section\" id=\"3_Moving_Insurance_Costs\"><\/span>3. F\u00f6rs\u00e4kringskostnader f\u00f6r flyttning<span class=\"ez-toc-section-end\"><\/span><\/h2>\n<p>Vissa flyttfirmor inkluderar f\u00f6rs\u00e4kring i sitt pris, men inte alla g\u00f6r det. Se till att kontrollera exakt vad f\u00f6rs\u00e4kringen t\u00e4cker och vad den inte t\u00e4cker. <\/p>\n<p>Om dina varor skickas sj\u00f6v\u00e4gen b\u00f6r du se till att det finns n\u00e5gon form av sj\u00f6fartsf\u00f6rs\u00e4kring. Oavsett vad du g\u00f6r vill du ha en f\u00f6rs\u00e4kring som t\u00e4cker det fulla v\u00e4rdet av f\u00f6rlust, st\u00f6ld och\/eller skada p\u00e5 dina varor.   <\/p>\n<p><strong>Typisk kostnad:<\/strong> Fr\u00e5n och med <strong>$100<\/strong> USD (\u00a375, \u20ac90), men kan vara mycket h\u00f6gre om du transporterar varor av h\u00f6gt v\u00e4rde, ovanliga och\/eller s\u00e4llsynta varor.<\/p>\n<h2><span class=\"ez-toc-section\" id=\"4_Storage_Costs\"><\/span>4. Kostnader f\u00f6r lagring<span class=\"ez-toc-section-end\"><\/span><\/h2>\n<p>N\u00e4r du flyttar utomlands kan det h\u00e4nda att du m\u00e5ste betala f\u00f6r lagring ut\u00f6ver de vanliga flyttkostnaderna. Detta beror p\u00e5 att det kan vara sv\u00e5rt att samordna ditt flyttdatum med de fraktdatum som anv\u00e4nds av <a href=\"https:\/\/moverdb.com\/sv\/container-shipping\/\" data-internallinksmanager029f6b8e52c=\"3\" title=\"Diagram \u00f6ver internationella containerfraktpriser: April 2026\">Internationell frakt<\/a> f\u00f6retag. <\/p>\n<p>N\u00e4r dina varor inte \u00e4r under transport m\u00e5ste de allts\u00e5 lagras n\u00e5gonstans. T\u00e4nk p\u00e5 detta n\u00e4r du st\u00e4ller upp f\u00f6rv\u00e4ntningar p\u00e5 n\u00e4r dina varor kommer att anl\u00e4nda.<\/p>\n<p>Du kanske ocks\u00e5 vill f\u00f6rvara dina varor i ett lager medan du letar efter en bostad i ditt nya land. Eller s\u00e5 vill du kanske bara betala f\u00f6r att lagra saker tills du kommer tillbaka, om du r\u00e4knar med att det r\u00f6r sig om en tillf\u00e4llig flytt.  <\/p>\n<p><strong>Typisk kostnad:<\/strong> Fr\u00e5n och med <strong>$100<\/strong> USD (\u00a375, \u20ac90) per m\u00e5nad f\u00f6r en liten l\u00e4genhet med en eller tv\u00e5 s\u00e4ngar och priserna kan stiga d\u00e4rifr\u00e5n. Lyckligtvis finns det en hel del konkurrens i detta omr\u00e5de, vilket hj\u00e4lper till att h\u00e5lla priserna nere. <\/p>\n<h2><span class=\"ez-toc-section\" id=\"5Customs_Duty_Charges_Taxes\"><\/span>5.Tullar och skatter<span class=\"ez-toc-section-end\"><\/span><\/h2>\n<p>En annan liten kostnad som du b\u00f6r t\u00e4nka p\u00e5 innan du flyttar \u00e4r tullar i det land du flyttar till. I vissa l\u00e4nder, t.ex. i USA, \u00e4r det till\u00e5tet att flytta de flesta varor f\u00f6r hush\u00e5llsbruk tullfritt. <\/p>\n<p>L\u00e4nder som t.ex. <a href=\"https:\/\/moverdb.com\/sv\/moving-to-the-uk\/\" data-internallinksmanager029f6b8e52c=\"93\" title=\"Flyttar du till Storbritannien? 2026 Levnadskostnader och flyttningstips\">Storbritannien<\/a> har mer komplicerade regler som beror p\u00e5 varifr\u00e5n du flyttar. Flyttningar fr\u00e5n EU (i skrivande stund) \u00e4r till exempel befriade fr\u00e5n tullavgifter, medan flyttningar fr\u00e5n l\u00e4nder utanf\u00f6r EU kan leda till tullavgifter och skatter som du kan beg\u00e4ra skattel\u00e4ttnader f\u00f6r. <\/p>\n<p>Oftast tas tullavgifter och tullar ut p\u00e5 grundval av v\u00e4rdet p\u00e5 sj\u00e4lva varorna. <\/p>\n<p><strong>Typisk kostnad:<\/strong> Allt fr\u00e5n gratis till n\u00e4stan obegr\u00e4nsat, beroende p\u00e5 v\u00e4rdet och typen av varor som du tar med dig. <\/p>\n<h2><span class=\"ez-toc-section\" id=\"6_Visa_Fees\"><\/span>6. Viseringsavgifter<span class=\"ez-toc-section-end\"><\/span><\/h2>\n<p>N\u00e4r du flyttar till ett annat land f\u00f6r att arbeta eller studera m\u00e5ste du vanligtvis ans\u00f6ka om visum, om du inte flyttar inom EU, som till\u00e5ter dig att flytta mellan l\u00e4nder utan visum. Visum f\u00f6r arbete och studier inneb\u00e4r n\u00e4stan alltid en hel del pappersarbete och ibland ganska stora avgifter. <\/p>\n<p>Till exempel kostar vissa visum i Storbritannien \u00f6ver 1 000 pund ($1 300 USD; 1 200 euro). Kom ih\u00e5g att denna avgift m\u00e5ste betalas varje g\u00e5ng du f\u00f6rnyar ditt visum. Detta kan \u00f6ka dina totala kostnader avsev\u00e4rt och b\u00f6r vara n\u00e5got du budgeterar f\u00f6r.<\/p>\n<p><strong>Typisk kostnad:<\/strong> Det \u00e4r gratis inom EU och varierar fr\u00e5n land till land, men kan kosta flera tusen dollar per visum.<\/p>\n<h2><span class=\"ez-toc-section\" id=\"7_Lawyer_Fees\"><\/span>7. Avgifter f\u00f6r advokater<span class=\"ez-toc-section-end\"><\/span><\/h2>\n<p>Generellt sett kan du fylla i visum och andra tullhandlingar p\u00e5 egen hand genom att g\u00f6ra lite efterforskningar p\u00e5 internet med hj\u00e4lp av statliga webbplatser fr\u00e5n ditt hemland och det land du planerar att flytta till. <\/p>\n<p>M\u00e5nga k\u00e4nner sig dock mer bekv\u00e4ma med att anlita en advokat f\u00f6r att reda ut den ibland extremt komplexa v\u00e4rlden av internationella flyttar. <\/p>\n<p>M\u00e5nga v\u00e4ljer d\u00e4rf\u00f6r att anlita en advokat f\u00f6r att fylla i alla papper som de beh\u00f6ver, i st\u00e4llet f\u00f6r att g\u00f6ra det sj\u00e4lva. \u00c4ven om detta kan ge sinnesfrid kan det inneb\u00e4ra en ganska stor kostnad. <\/p>\n<p><strong>Typisk kostnad:<\/strong> Det varierar mycket fr\u00e5n land till land, men priserna b\u00f6rjar vanligtvis fr\u00e5n minst <strong>$100USD\/timme<\/strong> (\u00a375, \u20ac90), med fasta avgifter f\u00f6r vanliga tj\u00e4nster som l\u00e4tt kan stiga \u00f6ver <strong>$1,000 USD<\/strong> \u00e4ven f\u00f6r de mest grundl\u00e4ggande tj\u00e4nsterna.  <\/p>\n<h2><span class=\"ez-toc-section\" id=\"8_Housing_Costs\"><\/span>8. Bostadskostnader<span class=\"ez-toc-section-end\"><\/span><\/h2>\n<p>Den st\u00f6rsta utgiften i ditt nya land kommer troligen att vara boende. Var dock medveten om att det kan variera mycket fr\u00e5n land till land hur bost\u00e4derna fungerar och vilka skatter och avgifter som tillkommer. <\/p>\n<p>I USA \u00e4r till exempel fastighetspriserna utanf\u00f6r de stora kustst\u00e4derna extremt l\u00e5ga. Du m\u00e5ste dock betala fastighetsskatt varje \u00e5r baserat p\u00e5 v\u00e4rdet p\u00e5 din fastighet, men bara om du \u00e4ger. Dessa varierar fr\u00e5n 0,28% i <a href=\"https:\/\/moverdb.com\/sv\/moving-to-the-united-states\/moving-to-hawaii\/\" data-internallinksmanager029f6b8e52c=\"403\" title=\"Flyttar du till Hawaii? 2026 Levnadskostnader och tips om flytt\">Hawaii<\/a> upp till 2,29% i <a href=\"https:\/\/moverdb.com\/sv\/moving-to-the-united-states\/moving-to-new-jersey\/\" data-internallinksmanager029f6b8e52c=\"417\" title=\"Flytta till New Jersey? 2026 Levnadskostnader och tips om flytt\">New Jersey<\/a>.<\/p>\n<p>\u00c5 andra sidan har l\u00e4nder som Storbritannien inga direkta fastighetsskatter. I st\u00e4llet betalar du <a href=\"https:\/\/www.gov.uk\/stamp-duty-land-tax\/residential-property-rates\" target=\"_blank\" rel=\"noopener\">st\u00e4mpelskatt<\/a> vid k\u00f6p av en porpety, som kan uppg\u00e5 till 12% av k\u00f6peskillingen (k\u00f6paren betalar hela avgiften, inte s\u00e4ljaren). Dessutom m\u00e5ste b\u00e5de hus\u00e4gare och hyresg\u00e4ster betala <a href=\"https:\/\/www.gov.uk\/council-tax\/working-out-your-council-tax\" target=\"_blank\" rel=\"noopener\">kommunalskatt<\/a> varje \u00e5r p\u00e5 grundval av fastighetens v\u00e4rde 1991. I genomsnitt blir det cirka 1 200 pund ($1 600 USD; 1 400 euro) per \u00e5r.<\/p>\n<p>N\u00e4r du tittar p\u00e5 bost\u00e4der ska du d\u00e4rf\u00f6r inte bara titta p\u00e5 k\u00f6p- och\/eller hyrespriset. Se till att du f\u00f6rst\u00e5r alla avgifter, kostnader och skatter som du kommer att vara ansvarig f\u00f6r med tanke p\u00e5 typ, l\u00e4ge och hyresf\u00f6rh\u00e5llande f\u00f6r den bostad du kommer att anv\u00e4nda. <\/p>\n<p><strong>Typisk kostnad:<\/strong> Det beror helt och h\u00e5llet p\u00e5 landet, men skatterna \u00e4r vanligtvis minst $1 000 USD per \u00e5r och kan vara betydligt h\u00f6gre i l\u00e4nder med en procentbaserad fastighetsskatt.    <\/p>\n<h2><span class=\"ez-toc-section\" id=\"9_Other_Costs\"><\/span>9. \u00d6vriga kostnader<span class=\"ez-toc-section-end\"><\/span><\/h2>\n<p>N\u00e4r du flyttar internationellt m\u00e5ste du ocks\u00e5 ta h\u00e4nsyn till en m\u00e4ngd andra sm\u00e5 och mindre sm\u00e5 avgifter och kostnader. Det kan till exempel handla om att k\u00f6pa nya m\u00f6bler om du flyttar fr\u00e5n ett land d\u00e4r m\u00f6blerade l\u00e4genheter \u00e4r vanliga till l\u00e4nder som USA eller Kanada d\u00e4r detta \u00e4r ovanligt.<\/p>\n<p>\u00c4ven om du har egna m\u00f6bler kan det h\u00e4nda att du beh\u00f6ver k\u00f6pa nya apparater, eftersom olika l\u00e4nder har olika sp\u00e4nningar och\/eller olika kontakter. Om du anv\u00e4nder fel typ av apparat kan det skada ditt elsystem, s\u00e5 kontrollera alltid innan du flyttar. <\/p>\n<p>Du kan ocks\u00e5 beh\u00f6va nya kl\u00e4der om du flyttar fr\u00e5n ett omr\u00e5de med kallt v\u00e4der till ett omr\u00e5de med varmt v\u00e4der eller tv\u00e4rtom. Om du vill veta mer om dessa typer av kostnader \u00e4r det b\u00e4st om du l\u00e4r dig mer om det specifika landet du flyttar till.<\/p>\n<p>D\u00e4rf\u00f6r har vi skapat n\u00e5gra specifika landguide som hj\u00e4lper dig att l\u00e4ra dig mer om kostnaderna i det land du ska flytta till.   <\/p>","protected":false},"excerpt":{"rendered":"<p>Many people who move abroad are surprised a just how high international moving costs can be. Below we look at many of the expected and unexpected expenses you may face and how to save money. 1. Moving &#038; Transportation Costs The biggest single expense you&#8217;ll face is hiring an international moving company to move your [&hellip;]<\/p>\n","protected":false},"author":1,"featured_media":780,"parent":0,"menu_order":0,"comment_status":"closed","ping_status":"closed","template":"","meta":{"_genesis_hide_title":false,"_genesis_hide_breadcrumbs":false,"_genesis_hide_singular_image":false,"_genesis_hide_footer_widgets":false,"_genesis_custom_body_class":"","_genesis_custom_post_class":"","_genesis_layout":"","footnotes":""},"class_list":{"0":"post-414","1":"page","2":"type-page","3":"status-publish","4":"has-post-thumbnail","6":"entry"},"_links":{"self":[{"href":"https:\/\/moverdb.com\/sv\/wp-json\/wp\/v2\/pages\/414","targetHints":{"allow":["GET"]}}],"collection":[{"href":"https:\/\/moverdb.com\/sv\/wp-json\/wp\/v2\/pages"}],"about":[{"href":"https:\/\/moverdb.com\/sv\/wp-json\/wp\/v2\/types\/page"}],"author":[{"embeddable":true,"href":"https:\/\/moverdb.com\/sv\/wp-json\/wp\/v2\/users\/1"}],"replies":[{"embeddable":true,"href":"https:\/\/moverdb.com\/sv\/wp-json\/wp\/v2\/comments?post=414"}],"version-history":[{"count":15,"href":"https:\/\/moverdb.com\/sv\/wp-json\/wp\/v2\/pages\/414\/revisions"}],"predecessor-version":[{"id":13165,"href":"https:\/\/moverdb.com\/sv\/wp-json\/wp\/v2\/pages\/414\/revisions\/13165"}],"wp:featuredmedia":[{"embeddable":true,"href":"https:\/\/moverdb.com\/sv\/wp-json\/wp\/v2\/media\/780"}],"wp:attachment":[{"href":"https:\/\/moverdb.com\/sv\/wp-json\/wp\/v2\/media?parent=414"}],"curies":[{"name":"wp","href":"https:\/\/api.w.org\/{rel}","templated":true}]}}