{"id":3842,"date":"2022-04-06T13:40:09","date_gmt":"2022-04-06T13:40:09","guid":{"rendered":"https:\/\/moverdb.com\/?page_id=3842"},"modified":"2026-01-08T14:47:23","modified_gmt":"2026-01-08T14:47:23","slug":"flyttningsagenter","status":"publish","type":"page","link":"https:\/\/moverdb.com\/sv\/relocation-agents\/","title":{"rendered":"7 anledningar till varf\u00f6r du b\u00f6r anv\u00e4nda en flyttfirma?"},"content":{"rendered":"<p>Du har precis f\u00e5tt en fantastisk ny tj\u00e4nst p\u00e5 en glamor\u00f6s internationell plats. Du ser fram emot att flytta till ett nytt land och det verkar sp\u00e4nnande till en b\u00f6rjan, men n\u00e4r du inser exakt hur mycket du m\u00e5ste g\u00f6ra f\u00f6r att komma dit kan det hela verka ganska skr\u00e4mmande.<\/p>\n<p><img loading=\"lazy\" decoding=\"async\" src=\"https:\/\/moverdb.com\/wp-content\/uploads\/relocation-agent.jpg\" alt=\"\" width=\"1000\" height=\"563\" class=\"aligncenter size-full wp-image-3845\" data-wp-pid=\"3845\" srcset=\"https:\/\/moverdb.com\/wp-content\/uploads\/relocation-agent.jpg 1000w, https:\/\/moverdb.com\/wp-content\/uploads\/relocation-agent-300x169.jpg 300w, https:\/\/moverdb.com\/wp-content\/uploads\/relocation-agent-18x10.jpg 18w, https:\/\/moverdb.com\/wp-content\/uploads\/relocation-agent-600x338.jpg 600w\" sizes=\"auto, (max-width: 1000px) 100vw, 1000px\" \/><\/p>\n<p>L\u00e5t oss ta en titt p\u00e5 n\u00e5gra av de saker som du kan beh\u00f6va ta itu med om du flyttar sj\u00e4lv eller anv\u00e4nder dig av en <a href=\"https:\/\/www.cornerstonelondon.com\/\" target=\"_blank\" rel=\"noopener\">Flyttningsagent<\/a>.<\/p>\n<div id=\"ez-toc-container\" class=\"ez-toc-v2_0_82_2 ez-toc-wrap-left counter-hierarchy ez-toc-counter ez-toc-transparent ez-toc-container-direction\">\n<div class=\"ez-toc-title-container\">\n<p class=\"ez-toc-title\" style=\"cursor:inherit\">Avsnitt<\/p>\n<span class=\"ez-toc-title-toggle\"><a href=\"#\" class=\"ez-toc-pull-right ez-toc-btn ez-toc-btn-xs ez-toc-btn-default ez-toc-toggle\" aria-label=\"V\u00e4xla till inneh\u00e5llsf\u00f6rteckning\"><span class=\"ez-toc-js-icon-con\"><span class=\"\"><span class=\"eztoc-hide\" style=\"display:none;\">V\u00e4xel<\/span><span class=\"ez-toc-icon-toggle-span\"><svg style=\"fill: #999;color:#999\" xmlns=\"http:\/\/www.w3.org\/2000\/svg\" class=\"list-377408\" width=\"20px\" height=\"20px\" viewbox=\"0 0 24 24\" fill=\"none\"><path d=\"M6 6H4v2h2V6zm14 0H8v2h12V6zM4 11h2v2H4v-2zm16 0H8v2h12v-2zM4 16h2v2H4v-2zm16 0H8v2h12v-2z\" fill=\"currentColor\"><\/path><\/svg><svg style=\"fill: #999;color:#999\" class=\"arrow-unsorted-368013\" xmlns=\"http:\/\/www.w3.org\/2000\/svg\" width=\"10px\" height=\"10px\" viewbox=\"0 0 24 24\" version=\"1.2\" baseprofile=\"tiny\"><path d=\"M18.2 9.3l-6.2-6.3-6.2 6.3c-.2.2-.3.4-.3.7s.1.5.3.7c.2.2.4.3.7.3h11c.3 0 .5-.1.7-.3.2-.2.3-.5.3-.7s-.1-.5-.3-.7zM5.8 14.7l6.2 6.3 6.2-6.3c.2-.2.3-.5.3-.7s-.1-.5-.3-.7c-.2-.2-.4-.3-.7-.3h-11c-.3 0-.5.1-.7.3-.2.2-.3.5-.3.7s.1.5.3.7z\"\/><\/svg><\/span><\/span><\/span><\/a><\/span><\/div>\n<nav><ul class='ez-toc-list ez-toc-list-level-1 eztoc-toggle-hide-by-default' ><li class='ez-toc-page-1 ez-toc-heading-level-2'><a class=\"ez-toc-link ez-toc-heading-1\" href=\"https:\/\/moverdb.com\/sv\/relocation-agents\/#1_Do_What_Needs_To_Be_Done\" >1. G\u00f6r det som m\u00e5ste g\u00f6ras<\/a><\/li><li class='ez-toc-page-1 ez-toc-heading-level-2'><a class=\"ez-toc-link ez-toc-heading-2\" href=\"https:\/\/moverdb.com\/sv\/relocation-agents\/#2_Shipping_Your_Household_Goods\" >2. Frakt av dina hush\u00e5llsvaror<\/a><\/li><li class='ez-toc-page-1 ez-toc-heading-level-2'><a class=\"ez-toc-link ez-toc-heading-3\" href=\"https:\/\/moverdb.com\/sv\/relocation-agents\/#3_Where_To_Stay\" >3. Var du ska bo<\/a><\/li><li class='ez-toc-page-1 ez-toc-heading-level-2'><a class=\"ez-toc-link ez-toc-heading-4\" href=\"https:\/\/moverdb.com\/sv\/relocation-agents\/#4_Finding_A_Home\" >4. Att hitta ett hem<\/a><\/li><li class='ez-toc-page-1 ez-toc-heading-level-2'><a class=\"ez-toc-link ez-toc-heading-5\" href=\"https:\/\/moverdb.com\/sv\/relocation-agents\/#5_School_Search\" >5. S\u00f6kning av skolor<\/a><\/li><li class='ez-toc-page-1 ez-toc-heading-level-2'><a class=\"ez-toc-link ez-toc-heading-6\" href=\"https:\/\/moverdb.com\/sv\/relocation-agents\/#6_Pet_Travel\" >6. Resor med s\u00e4llskapsdjur<\/a><\/li><li class='ez-toc-page-1 ez-toc-heading-level-2'><a class=\"ez-toc-link ez-toc-heading-7\" href=\"https:\/\/moverdb.com\/sv\/relocation-agents\/#7_And_what_else\" >7. Och vad mer?<\/a><\/li><li class='ez-toc-page-1 ez-toc-heading-level-2'><a class=\"ez-toc-link ez-toc-heading-8\" href=\"https:\/\/moverdb.com\/sv\/relocation-agents\/#In_conclusion\" >Sammanfattningsvis<\/a><\/li><\/ul><\/nav><\/div>\n<h2><span class=\"ez-toc-section\" id=\"1_Do_What_Needs_To_Be_Done\"><\/span>1. G\u00f6r det som m\u00e5ste g\u00f6ras<span class=\"ez-toc-section-end\"><\/span><\/h2>\n<p>Om du vill g\u00f6ra det p\u00e5 egen hand m\u00e5ste du hitta f\u00f6retag som tar hand om allting. Vad beh\u00f6ver du g\u00f6ra, vem ska g\u00f6ra det och hur vet du om de \u00e4r bra? Det \u00e4r de viktigaste fr\u00e5gorna du m\u00e5ste besvara. <\/p>\n<p>Du kan tillbringa timmar med att g\u00e5 igenom recensioner p\u00e5 internet och \u00e4nd\u00e5 inte komma n\u00e4rmare att ta reda p\u00e5 om det f\u00f6retag du kontaktar \u00e4r seri\u00f6st (det finns en del falska recensioner) och om det faktiskt kommer att utf\u00f6ra jobbet. <\/p>\n<p>Dessutom kanske du inte ens \u00e4r medveten om vad du beh\u00f6ver veta och organisera, s\u00e5 om du missar till synes sm\u00e5 detaljer kan det leda till stora katastrofer n\u00e4r du flyttar.<\/p>\n<p>N\u00e4r du v\u00e4l har hittat personer som kan ta p\u00e5 sig de uppgifter som du beh\u00f6ver g\u00f6ra, kommer du att f\u00e5 huvudv\u00e4rk att samordna allting vid r\u00e4tt tidpunkt. <\/p>\n<p>Visst kan du f\u00e5 alla dina hush\u00e5llsvaror h\u00e4mtade dagen innan du flyger iv\u00e4g, men var ska du sova n\u00e4r dina s\u00e4ngar st\u00e5r i en f\u00f6rvaringscontainer och v\u00e4ntar p\u00e5 att skickas? <\/p>\n<p>Detta \u00e4r bara ett exempel p\u00e5 n\u00e4r det kan vara till stor hj\u00e4lp att anv\u00e4nda en flyttfirma. De \u00e4r erfarna yrkesm\u00e4n, s\u00e5 de k\u00e4nner till alla fallgropar som du kan st\u00f6ta p\u00e5 och har kunnat planera f\u00f6r dem l\u00e5ngt innan de ens har blivit ett problem. Saker och ting g\u00e5r helt enkelt mycket smidigare n\u00e4r experter \u00e4r inblandade!<\/p>\n<p>En flyttagent har en hel rad av kontrollerade kontakter som de vet att de kan lita p\u00e5 f\u00f6r att se till att allting g\u00f6rs p\u00e5 r\u00e4tt s\u00e4tt. De kommer alltid att ha anv\u00e4nt dem vid otaliga flyttar och vet att de kan lita p\u00e5 dem f\u00f6r en p\u00e5litlig och smidig service.<\/p>\n<p>Om du anv\u00e4nder dig av en flyttfirma \u00e4r det \u00e4nd\u00e5 v\u00e4rt att h\u00e5lla reda p\u00e5 vilka kontakter som ansvarar f\u00f6r varje uppgift s\u00e5 att du vet vem du ska kontakta om du har en fr\u00e5ga. <\/p>\n<p>G\u00f6r en lista eller ett kalkylblad \u00f6ver alla kontakter du har, med deras namn, e-postadresser, telefonnummer och, viktigast av allt, den del av flytten som de \u00e4r ansvariga f\u00f6r.<\/p>\n<p>L\u00e5t oss nu titta p\u00e5 n\u00e5gra av de tj\u00e4nster som du kan beh\u00f6va anv\u00e4nda...<\/p>\n<h2><span class=\"ez-toc-section\" id=\"2_Shipping_Your_Household_Goods\"><\/span>2. Frakt av dina hush\u00e5llsvaror<span class=\"ez-toc-section-end\"><\/span><\/h2>\n<p>Alla kommer med mycket bagage, bokstavligen. S\u00e5 hur tar sig alla dina saker \u00f6ver till ditt nya hem?<\/p>\n<p>Om du bara har n\u00e5gra f\u00e5 saker att ta med dig, kl\u00e4der och n\u00e5gra personliga saker, kan du kanske komma undan med att ta med allt som \u00f6verskottsbagage n\u00e4r du reser. <\/p>\n<p>Om det \u00e4r n\u00e5got st\u00f6rre, som m\u00f6bler eller en stor TV, m\u00e5ste du anv\u00e4nda n\u00e5gon form av hush\u00e5llsartiklar. <a href=\"https:\/\/moverdb.com\/sv\/container-transport\/\">frakttj\u00e4nst<\/a>. <\/p>\n<p>Men vilken typ av tj\u00e4nst beh\u00f6ver du? R\u00e4cker det med en flygtransport eller beh\u00f6ver du en landtransport? Vilken typ av container beh\u00f6ver du, en 20-fotscontainer? En 40 fot? Kanske b\u00e5de och!<\/p>\n<p>Allt detta verkar v\u00e4ldigt skr\u00e4mmande, men det \u00e4r d\u00e4r en frakttj\u00e4nst f\u00f6r hush\u00e5llsvaror kommer in i bilden. Din flyttkonsult kommer att s\u00e4tta dig i kontakt med den <a href=\"https:\/\/moverdb.com\/sv\/rederier\/\">rederi f\u00f6r hush\u00e5llsvaror<\/a>. <\/p>\n<p>Vanligtvis \u00e4r det f\u00f6rsta steget att organisera en unders\u00f6kning av dina hush\u00e5llsvaror f\u00f6r att ta reda p\u00e5 exakt vad som ska <a href=\"https:\/\/moverdb.com\/sv\/shipping-container-sizes-and-dimensions\/\" data-internallinksmanager029f6b8e52c=\"247\" title=\"Den ultimata guiden till storlekar och dimensioner f\u00f6r transportbeh\u00e5llare\">beh\u00e5llarstorlek<\/a> eller storlekar som du beh\u00f6ver. De ordnar en dag f\u00f6r att packa ihop alla dina saker p\u00e5 ena sidan och n\u00e4r du v\u00e4l har s\u00e4krat din l\u00e5ngsiktiga egendom, ordnar de en dag f\u00f6r att leverera dina v\u00e4rdefulla \u00e4godelar till dig ocks\u00e5.<\/p>\n<h2><span class=\"ez-toc-section\" id=\"3_Where_To_Stay\"><\/span>3. Var du ska bo<span class=\"ez-toc-section-end\"><\/span><\/h2>\n<p>Eftersom det \u00e4r b\u00e4st att se en bostad personligen innan du binder dig till ett hyresavtal p\u00e5 ett \u00e5r eller mer, beh\u00f6ver du n\u00e5gonstans att bo n\u00e4r du anl\u00e4nder, om du inte har varit p\u00e5 en s\u00e4rskild bostadss\u00f6kningsresa innan du flyttar och om du ska flytta till en fullt m\u00f6blerad bostad.<\/p>\n<p>Du skulle kunna boka ett hotell, men om du flyttar med hela familjen, om du inte har bokat in dig i en lyxig svit med rum, kommer det att bli ganska klaustrofobiskt under den genomsnittliga perioden p\u00e5 4-5 veckor som det tar f\u00f6r dig att flytta in i en l\u00e5ngtidsfastighet. Det kanske inte heller \u00e4r det mest ekonomiska alternativet.<\/p>\n<p><a href=\"https:\/\/www.airbnb.co.uk\/\" target=\"_blank\" rel=\"noopener\">Airbnb<\/a> kan ocks\u00e5 vara ett alternativ, liksom en servicel\u00e4genhet. B\u00e5da har f\u00f6rdelen att de ger dig utrymme och faciliteter som kan vara j\u00e4mf\u00f6rbara med vad du kan f\u00f6rv\u00e4nta dig i ditt eget hem. <\/p>\n<p>F\u00f6r dem som inte k\u00e4nner till servicel\u00e4genheter \u00e4r de ett slags trevligt mellanting mellan ett hotell och en l\u00e5ngsiktig fastighet. Du f\u00e5r vanligtvis n\u00e5gon som st\u00e4dar l\u00e4genheten, kanske en g\u00e5ng i veckan. <\/p>\n<p>De byter \u00e4ven ut s\u00e4ngkl\u00e4der och handdukar. Dessutom f\u00e5r du f\u00f6rm\u00e5nen att bo i ett fullt m\u00f6blerat och utrustat hem med all k\u00f6ksutrustning och alla faciliteter, som TV och internet, som du beh\u00f6ver.<\/p>\n<p>Men precis som med m\u00e5nga andra saker, hur vet du om l\u00e4genheten du ska bo i \u00e4r bra? Flyttf\u00f6retag har anv\u00e4nt sina leverant\u00f6rer vid m\u00e5nga flyttar, s\u00e5 du vet att du arbetar med n\u00e5gon du kan lita p\u00e5, och nio g\u00e5nger av tio \u00e4r leverant\u00f6rerna mer motiverade att hj\u00e4lpa till om det skulle uppst\u00e5 n\u00e5gra problem, med tanke p\u00e5 deras relation med bostadsleverant\u00f6ren!<\/p>\n<h2><span class=\"ez-toc-section\" id=\"4_Finding_A_Home\"><\/span>4. Att hitta ett hem<span class=\"ez-toc-section-end\"><\/span><\/h2>\n<p><img loading=\"lazy\" decoding=\"async\" width=\"1000\" height=\"665\" src=\"https:\/\/moverdb.com\/wp-content\/uploads\/findding-a-home.jpg\" alt=\"Att hitta ett hem\" class=\"aligncenter size-full wp-image-3847\" data-wp-pid=\"3847\" srcset=\"https:\/\/moverdb.com\/wp-content\/uploads\/findding-a-home.jpg 1000w, https:\/\/moverdb.com\/wp-content\/uploads\/findding-a-home-300x200.jpg 300w, https:\/\/moverdb.com\/wp-content\/uploads\/findding-a-home-18x12.jpg 18w, https:\/\/moverdb.com\/wp-content\/uploads\/findding-a-home-600x399.jpg 600w\" sizes=\"auto, (max-width: 1000px) 100vw, 1000px\" \/><\/p>\n<p>Om du g\u00f6r detta p\u00e5 egen hand kan du beh\u00f6va g\u00e5 igenom o\u00e4ndliga listor p\u00e5 webbplatser som <a href=\"https:\/\/www.rightmove.co.uk\/\" target=\"_blank\" rel=\"noopener\">Rightmove<\/a> och <a href=\"https:\/\/www.zoopla.co.uk\/\" target=\"_blank\" rel=\"noopener\">Zoopla<\/a> och uppt\u00e4cker sedan att varje egendom \u00e4r borta! <\/p>\n<p>\u00c4ven om du hittar en fastighet att hyra har du ingen v\u00e4gledning om hur allting ska g\u00e5 till, vilket g\u00f6r det l\u00e4ttare att bli lurad eller falla i f\u00e4llan och skriva under ett hyresavtal som inte \u00e4r s\u00e5 bra f\u00f6r dig. \u00c4ven om du har hyrt i ditt hemland tidigare \u00e4r reglerna och normerna i ett annat land inte n\u00f6dv\u00e4ndigtvis desamma. <\/p>\n<p>Som exempel kan n\u00e4mnas att i <a href=\"https:\/\/moverdb.com\/sv\/moving-to-the-uk\/\" data-internallinksmanager029f6b8e52c=\"93\" title=\"Flyttar du till Storbritannien? 2026 Levnadskostnader och flyttningstips\">STORBRITANNIEN<\/a>Det \u00e4r vanligt att fastigheter, \u00e4ven om de inte \u00e4r m\u00f6blerade, har ett fullt utrustat k\u00f6k med alla st\u00f6rre apparater som ugn, spish\u00e4ll och kylsk\u00e5p med frys. <\/p>\n<p>I <a href=\"https:\/\/moverdb.com\/sv\/moving-to-germany\/\" data-internallinksmanager029f6b8e52c=\"321\" title=\"Flyttar du till Tyskland? 2026 Levnadskostnader och flyttningstips\">Tyskland<\/a>kan du beh\u00f6va skaffa ett eget k\u00f6k n\u00e4r du flyttar in! I de flesta l\u00e4nder \u00e4r det normalt att m\u00e4klaren kontrollerar om du har r\u00e5d att hyra en bostad, men i <a href=\"https:\/\/moverdb.com\/sv\/moving-to-switzerland\/moving-to-geneva\/\" data-internallinksmanager029f6b8e52c=\"416\" title=\"Flyttar du till Gen\u00e8ve? 2026 Levnadskostnader &amp; Tips f\u00f6r flytt\">Gen\u00e8ve<\/a>Det finns strikta gr\u00e4nser f\u00f6r hur mycket du f\u00e5r betala i hyra beroende p\u00e5 din l\u00f6n, ett system som finns p\u00e5 plats f\u00f6r att s\u00e4kerst\u00e4lla att hyresg\u00e4ster inte hyr under sina tillg\u00e5ngar och h\u00e5ller billigare fastigheter borta fr\u00e5n dem som precis har r\u00e5d med dem.<\/p>\n<p>\u00c5terigen \u00e4r det h\u00e4r som det l\u00f6nar sig att ha en flyttagent som har lokala konsulter f\u00f6r hems\u00f6kning p\u00e5 plats. De k\u00e4nner till den lokala marknaden och vet alla konstigheter och nyanser som du kommer att st\u00f6ta p\u00e5. <\/p>\n<p>De g\u00f6r efterforskningen \u00e5t dig, l\u00e4gger upp en resplan f\u00f6r din dag f\u00f6r bostadss\u00f6kning och f\u00f6ljer sedan med dig till varje fastighet. De kommer inte bara att f\u00f6rlita sig p\u00e5 fastighetswebbplatser f\u00f6r att hitta ditt nya hem! <\/p>\n<p>De har vanligtvis kontakter som de har arbetat med tidigare p\u00e5 de olika lokala byr\u00e5erna, och de kan samarbeta med dem f\u00f6r att ta reda p\u00e5 vad agenterna faktiskt har att erbjuda som uppfyller dina kriterier, eller som \u00e5tminstone ligger s\u00e5 n\u00e4ra som m\u00f6jligt det du letar efter. <\/p>\n<p>N\u00e4r det g\u00e4ller den sista punkten kommer de att veta om din budget och dina \u00f6nskem\u00e5l \u00e4r realistiska och ge dig r\u00e5d i enlighet med det, eller styra dig mot omr\u00e5den d\u00e4r du har st\u00f6rre chans att hitta din dr\u00f6mfastighet.<\/p>\n<p>Du kan f\u00f6rst\u00e5s v\u00e4nda dig direkt till agenterna, men du b\u00f6r komma ih\u00e5g att agenterna arbetar f\u00f6r hyresv\u00e4rdarna och att deras fr\u00e4msta prioritet \u00e4r att se till deras intressen. Det \u00e4r trots allt hyresv\u00e4rdarna som betalar agenterna. <\/p>\n<p>D\u00e4remot arbetar hems\u00f6kningskonsulter f\u00f6r dig och bara f\u00f6r dig. De kommer inte att vara intresserade av att driva dig mot n\u00e5gon fastighet i synnerhet om de inte tror att det ligger i ditt intresse, fr\u00e4mst f\u00f6r att de aldrig f\u00e5r n\u00e5gon provision. De st\u00e5r i princip p\u00e5 din sida och du kan r\u00e4kna med att de kommer att styra dig i r\u00e4tt riktning.<\/p>\n<p>Med en konsult f\u00f6r bostadss\u00f6kning f\u00e5r du hj\u00e4lp och r\u00e5d n\u00e4r du l\u00e4mnar in ditt bud och f\u00e5r sedan hj\u00e4lp med allt som kommer efter\u00e5t, inklusive att granska hyresavtalet f\u00f6r att se till att du inte skriver p\u00e5 n\u00e5got som \u00e4r or\u00e4ttvist f\u00f6r dig. I princip har du n\u00e5gon som hj\u00e4lper dig tills hela processen \u00e4r avslutad och du har installerat dig!<\/p>\n<h2><span class=\"ez-toc-section\" id=\"5_School_Search\"><\/span>5. S\u00f6kning av skolor<span class=\"ez-toc-section-end\"><\/span><\/h2>\n<p>Om du har barn i skol\u00e5ldern \u00e4r en av de viktigaste drivkrafterna bakom flytten deras utbildning. Var finns det bra skolor, hur ans\u00f6ker du och kommer den skola du v\u00e4ljer att kunna tillgodose ditt eller dina barns s\u00e4rskilda behov?<\/p>\n<p>Det \u00e4r ytterligare en av de saker som du kan unders\u00f6ka p\u00e5 n\u00e4tet i viss utstr\u00e4ckning, men utan en expert som tolkar uppgifterna och ger feedback fr\u00e5n den verkliga v\u00e4rlden \u00e4r det fullt m\u00f6jligt att dra helt felaktiga slutsatser om en institution. <\/p>\n<p>N\u00e4r ditt barns potentiella lycka och v\u00e4lbefinnande st\u00e5r p\u00e5 spel \u00e4r det s\u00e4kert ov\u00e4rderligt att ha n\u00e5gon som kan guida dig genom processen med att v\u00e4lja och sedan ans\u00f6ka om skolor. <\/p>\n<p>Experter inom skolv\u00e4sendet kan inte bara ge viktiga insikter utan ocks\u00e5 hj\u00e4lpa till att f\u00f6rst\u00e5 skillnaderna i l\u00e4roplanen fr\u00e5n land till land, ethos f\u00f6r vissa typer av utbildningar och institutioner och st\u00f6d d\u00e4r det beh\u00f6vs f\u00f6r barn som beh\u00f6ver specialundervisning.<\/p>\n<h2><span class=\"ez-toc-section\" id=\"6_Pet_Travel\"><\/span>6. Resor med s\u00e4llskapsdjur<span class=\"ez-toc-section-end\"><\/span><\/h2>\n<p><img loading=\"lazy\" decoding=\"async\" width=\"1000\" height=\"667\" src=\"https:\/\/moverdb.com\/wp-content\/uploads\/pet-travel.jpg\" alt=\"Resor med husdjur\" class=\"aligncenter size-full wp-image-3848\" data-wp-pid=\"3848\" srcset=\"https:\/\/moverdb.com\/wp-content\/uploads\/pet-travel.jpg 1000w, https:\/\/moverdb.com\/wp-content\/uploads\/pet-travel-300x200.jpg 300w, https:\/\/moverdb.com\/wp-content\/uploads\/pet-travel-18x12.jpg 18w, https:\/\/moverdb.com\/wp-content\/uploads\/pet-travel-600x400.jpg 600w\" sizes=\"auto, (max-width: 1000px) 100vw, 1000px\" \/><\/p>\n<p>Det \u00e4r ocks\u00e5 viktigt att f\u00e5 med sig de p\u00e4lsbekl\u00e4dda familjemedlemmarna till det nya landet. Allt f\u00e4rre flygbolag till\u00e5ter numera att husdjur reser i kabinen, s\u00e5 du kommer allt oftare att beh\u00f6va transportera dem i lastrummet. <\/p>\n<p>Du kan ocks\u00e5 beh\u00f6va ge dem olika vaccinationer och de n\u00f6dv\u00e4ndiga papperen samt andra byr\u00e5kratiska formaliteter beroende p\u00e5 destinationen innan de kan flytta med dig till ditt nya hem. <\/p>\n<p>Du kan g\u00f6ra efterforskningen sj\u00e4lv och organisera din egen resa, men om du har en s\u00e4rskild resebyr\u00e5 som tar hand om det kan du vara s\u00e4ker p\u00e5 att ditt husdjur kommer fram till dig p\u00e5 ett s\u00e4kert s\u00e4tt. <\/p>\n<p>Resebolagen f\u00f6r s\u00e4llskapsdjur har personal med djur\u00e4lskare som ser till att ditt husdjur tas om hand som om det vore deras eget. De h\u00e5ller dig uppdaterad om deras framsteg och skickar ofta \u00e4ven foton p\u00e5 ditt husdjur n\u00e4r de \u00e4r borta fr\u00e5n dig, s\u00e5 att du vet att de behandlas v\u00e4l.<\/p>\n<h2><span class=\"ez-toc-section\" id=\"7_And_what_else\"><\/span>7. Och vad mer?<span class=\"ez-toc-section-end\"><\/span><\/h2>\n<p>Ovanst\u00e5ende \u00e4r bara n\u00e5gra av de viktigaste aspekterna av din flytt som m\u00e5ste organiseras. Du kanske ocks\u00e5 beh\u00f6ver hj\u00e4lp med din skattesituation eller s\u00e5 beh\u00f6ver du hyrda m\u00f6bler f\u00f6r att \u00f6verbrygga tiden mellan n\u00e4r ditt hyreskontrakt b\u00f6rjar g\u00e4lla och n\u00e4r dina egna m\u00f6bler anl\u00e4nder. <\/p>\n<p>Du kommer s\u00e4kert att beh\u00f6va hj\u00e4lp med invandring f\u00f6r att ordna visum, arbetstillst\u00e5nd och lokala registreringar. Det \u00e4r ocks\u00e5 viktigt att du f\u00e5r r\u00e5d eller en h\u00e4nvisning f\u00f6r att \u00f6ppna ett bankkonto, s\u00e5 att du kan f\u00e5 din l\u00f6n utbetald till n\u00e5gonstans och f\u00e5 din hyra och dina elr\u00e4kningar debiterade fr\u00e5n n\u00e5gonstans. <\/p>\n<p>P\u00e5 tal om allm\u00e4nnyttiga tj\u00e4nster, hur f\u00e5r du dem installerade i ditt nya land, vilka leverant\u00f6rer ska du anv\u00e4nda och hur f\u00e5r du de b\u00e4sta erbjudandena? <\/p>\n<p>Alla dessa saker kan leda till en massiv kr\u00e5ngel efter den andra, men n\u00e4r du anv\u00e4nder en flyttfirma \u00e4r allt enkelt. Vissa av dem kanske du till och med gl\u00f6mmer bort helt och h\u00e5llet, och d\u00e4rf\u00f6r \u00e4r det ov\u00e4rderligt att ha ett erfaret proffs till hands f\u00f6r att t\u00e4cka alla baser!<\/p>\n<h2><span class=\"ez-toc-section\" id=\"In_conclusion\"><\/span>Sammanfattningsvis<span class=\"ez-toc-section-end\"><\/span><\/h2>\n<p>Det \u00e4r m\u00f6jligt att organisera allting sj\u00e4lv utan en flyttfirma, men det \u00e4r mycket mer stressigt, tidskr\u00e4vande och mindre sannolikt att det g\u00e5r smidigt \u00e4n om du anv\u00e4nder en flyttfirma. \u00c4ven om det ofta verkar vara en stor f\u00f6rskottskostnad att investera i ett flyttfirmans tj\u00e4nster kommer du att uppt\u00e4cka att det i slutet av flytten sparar tid, pengar och stress!<\/p>\n<p>Att flytta till ett nytt hem i en ny stad i ett nytt land orsakar naturligtvis en hel del \u00e5ngest \u00e4ven f\u00f6r den erfarne flyttaren, s\u00e5 allt du kan g\u00f6ra f\u00f6r att minska, f\u00f6r att inte tala om allt h\u00e5rt arbete och all tid du m\u00e5ste l\u00e4gga ner, \u00e4r v\u00e4rt pengarna. <\/p>\n<p>Om du vill att din flytt ska bli s\u00e5 enkel som m\u00f6jligt \u00e4r en flyttbyr\u00e5 helt enkelt r\u00e4tt v\u00e4g att g\u00e5!<\/p>\n<p><em>Denna artikel tillhandah\u00f6lls av Cornerstone, ett Londonbaserat <a href=\"https:\/\/www.cornerstonelondon.com\/\" target=\"_blank\" rel=\"noopener\">Flyttningsbyr\u00e5<\/a> hj\u00e4lper flyttare \u00f6ver hela v\u00e4rlden.<\/em><\/p>","protected":false},"excerpt":{"rendered":"<p>You&#8217;ve just signed up for a fantastic new position in a glamourous international location. You&#8217;re looking forward to upping sticks, and moving to a new country seems exciting at first, but once you realise exactly how much you have to do in order to get there, it can all seem quite daunting. Let&#8217;s have a [&hellip;]<\/p>\n","protected":false},"author":1,"featured_media":3845,"parent":0,"menu_order":0,"comment_status":"closed","ping_status":"closed","template":"","meta":{"_genesis_hide_title":false,"_genesis_hide_breadcrumbs":false,"_genesis_hide_singular_image":false,"_genesis_hide_footer_widgets":false,"_genesis_custom_body_class":"","_genesis_custom_post_class":"","_genesis_layout":"","footnotes":""},"class_list":{"0":"post-3842","1":"page","2":"type-page","3":"status-publish","4":"has-post-thumbnail","6":"entry"},"_links":{"self":[{"href":"https:\/\/moverdb.com\/sv\/wp-json\/wp\/v2\/pages\/3842","targetHints":{"allow":["GET"]}}],"collection":[{"href":"https:\/\/moverdb.com\/sv\/wp-json\/wp\/v2\/pages"}],"about":[{"href":"https:\/\/moverdb.com\/sv\/wp-json\/wp\/v2\/types\/page"}],"author":[{"embeddable":true,"href":"https:\/\/moverdb.com\/sv\/wp-json\/wp\/v2\/users\/1"}],"replies":[{"embeddable":true,"href":"https:\/\/moverdb.com\/sv\/wp-json\/wp\/v2\/comments?post=3842"}],"version-history":[{"count":4,"href":"https:\/\/moverdb.com\/sv\/wp-json\/wp\/v2\/pages\/3842\/revisions"}],"predecessor-version":[{"id":3849,"href":"https:\/\/moverdb.com\/sv\/wp-json\/wp\/v2\/pages\/3842\/revisions\/3849"}],"wp:featuredmedia":[{"embeddable":true,"href":"https:\/\/moverdb.com\/sv\/wp-json\/wp\/v2\/media\/3845"}],"wp:attachment":[{"href":"https:\/\/moverdb.com\/sv\/wp-json\/wp\/v2\/media?parent=3842"}],"curies":[{"name":"wp","href":"https:\/\/api.w.org\/{rel}","templated":true}]}}