{"id":384,"date":"2016-05-26T14:06:53","date_gmt":"2016-05-26T14:06:53","guid":{"rendered":"http:\/\/moverdb.com\/?page_id=384"},"modified":"2026-01-08T14:40:17","modified_gmt":"2026-01-08T14:40:17","slug":"recensioner","status":"publish","type":"page","link":"https:\/\/moverdb.com\/sv\/reviews\/","title":{"rendered":"MoverDB Internationell flyttfirma recensioner och po\u00e4ng f\u00f6rklaras"},"content":{"rendered":"<p>P\u00e5 MoverDB.com \u00e4r v\u00e5rt m\u00e5l att ge dig opartisk information och recensioner av v\u00e4rldens st\u00f6rsta och mest popul\u00e4ra <a href=\"https:\/\/moverdb.com\/sv\/flyttfirmor\/\">b\u00e4sta internationella flyttf\u00f6retag<\/a>. F\u00f6r att g\u00f6ra detta har vi skapat profiler f\u00f6r varje enskild flyttfirma.<\/p>\n<p>Varje profil inneh\u00e5ller f\u00f6ljande information:<\/p>\n<ol>\n<li> Flyttj\u00e4nster som f\u00f6retaget erbjuder.<\/li>\n<li> F\u00f6retagsprofil: inklusive historia, rykte och <a href=\"https:\/\/moverdb.com\/sv\/organisationer-sammanslutningar\/\">organisationer och medlemskap<\/a> tillsammans med andra intressanta fakta.<\/li>\n<li> Recensioner fr\u00e5n hela webben f\u00f6r att hj\u00e4lpa dig att v\u00e4lja en b\u00e4ttre flyttfirma.<\/li>\n<\/ol>\n<p><strong>4. F\u00f6rklarad webbplats\u00f6versyn<\/strong><\/p>\n<p>MoverDB.com inneh\u00e5ller ocks\u00e5 en webbplatsrecension f\u00f6r varje flyttfirma. Detta \u00e4r en granskning av webbplatsens anv\u00e4ndbarhet och <strong>inte \u00e5terspeglar<\/strong> kvaliteten p\u00e5 sj\u00e4lva flyttaren. I st\u00e4llet tittar man p\u00e5 f\u00f6ljande saker:<\/p>\n<ol>\n<li> Tydlig kontaktinformation<\/li>\n<li> M\u00f6jlighet att enkelt f\u00e5 en offert<\/li>\n<li> Tydlig och anv\u00e4ndbar information p\u00e5 webbplatsen<\/li>\n<li> Medlemskap i internationella flyttorganisationer<\/li>\n<li> Recensioner och vittnesm\u00e5l<\/li>\n<\/ol>\n<p><em>Anv\u00e4nd dem p\u00e5 egen risk. MoverDB.com tar inget ansvar f\u00f6r att informationen som presenteras \u00e4r korrekt. Dessutom tar vi inget ansvar f\u00f6r anv\u00e4ndningen av information och recensioner p\u00e5 denna webbplats n\u00e4r du v\u00e4ljer en flyttfirma. Vi erbjuder helt enkelt ett s\u00e4tt att <a href=\"https:\/\/moverdb.com\/sv\/citat\/\">J\u00e4mf\u00f6r flyttfirmor med kostnadsfria offerter<\/a>.<\/em><\/p>","protected":false},"excerpt":{"rendered":"<p>At MoverDB.com our goal is to bring you unbiased information and reviews of the world&#8217;s biggest and best international moving companies. To do this we&#8217;ve created profiles for each and every mover. Each profile includes the following information: Moving services offered by the company. Company profile: including history, reputation and organizations &#038; affiliations along with [&hellip;]<\/p>\n","protected":false},"author":1,"featured_media":0,"parent":0,"menu_order":0,"comment_status":"closed","ping_status":"closed","template":"","meta":{"_genesis_hide_title":false,"_genesis_hide_breadcrumbs":false,"_genesis_hide_singular_image":false,"_genesis_hide_footer_widgets":false,"_genesis_custom_body_class":"","_genesis_custom_post_class":"","_genesis_layout":"","footnotes":""},"class_list":{"0":"post-384","1":"page","2":"type-page","3":"status-publish","5":"entry"},"_links":{"self":[{"href":"https:\/\/moverdb.com\/sv\/wp-json\/wp\/v2\/pages\/384","targetHints":{"allow":["GET"]}}],"collection":[{"href":"https:\/\/moverdb.com\/sv\/wp-json\/wp\/v2\/pages"}],"about":[{"href":"https:\/\/moverdb.com\/sv\/wp-json\/wp\/v2\/types\/page"}],"author":[{"embeddable":true,"href":"https:\/\/moverdb.com\/sv\/wp-json\/wp\/v2\/users\/1"}],"replies":[{"embeddable":true,"href":"https:\/\/moverdb.com\/sv\/wp-json\/wp\/v2\/comments?post=384"}],"version-history":[{"count":3,"href":"https:\/\/moverdb.com\/sv\/wp-json\/wp\/v2\/pages\/384\/revisions"}],"predecessor-version":[{"id":387,"href":"https:\/\/moverdb.com\/sv\/wp-json\/wp\/v2\/pages\/384\/revisions\/387"}],"wp:attachment":[{"href":"https:\/\/moverdb.com\/sv\/wp-json\/wp\/v2\/media?parent=384"}],"curies":[{"name":"wp","href":"https:\/\/api.w.org\/{rel}","templated":true}]}}