{"id":366,"date":"2016-05-22T20:25:26","date_gmt":"2016-05-22T20:25:26","guid":{"rendered":"http:\/\/moverdb.com\/?page_id=366"},"modified":"2026-01-08T14:47:18","modified_gmt":"2026-01-08T14:47:18","slug":"organisationer-sammanslutningar","status":"publish","type":"page","link":"https:\/\/moverdb.com\/sv\/organizations-associations\/","title":{"rendered":"28 Organisationer och f\u00f6reningar f\u00f6r internationell flyttning och frakt"},"content":{"rendered":"<p><img loading=\"lazy\" decoding=\"async\" width=\"720\" height=\"486\" src=\"https:\/\/moverdb.com\/wp-content\/uploads\/number-buttons.jpg\" alt=\"Organisationer och f\u00f6reningar f\u00f6r internationell flyttning och frakt\" class=\"aligncenter size-full wp-image-367\" srcset=\"https:\/\/moverdb.com\/wp-content\/uploads\/number-buttons.jpg 720w, https:\/\/moverdb.com\/wp-content\/uploads\/number-buttons-300x203.jpg 300w, https:\/\/moverdb.com\/wp-content\/uploads\/number-buttons-600x405.jpg 600w\" sizes=\"auto, (max-width: 720px) 100vw, 720px\" \/><\/p>\n<p>Nedan f\u00f6ljer en icke utt\u00f6mmande f\u00f6rteckning \u00f6ver de viktigaste internationella flytt- och transportorganisationerna, f\u00f6reningarna, systemen, gillen, r\u00e5den osv.   <\/p>\n<ol>\n<li> <a href=\"https:\/\/moverdb.com\/sv\/jag-ar\/\">Internationella sammanslutningen av flyttfirmor<\/a> (IAM) - Den <a href=\"https:\/\/moverdb.com\/sv\/iam\/\" data-internallinksmanager029f6b8e52c=\"23\" title=\"International Association of Movers (IAM) f\u00f6rklaras\">Internationella sammanslutningen av flyttfirmor<\/a> (IAM) \u00e4r ett globalt handelsorgan med medlemmar som tillhandah\u00e5ller flytt-, speditions-, frakt-, logistik- och relaterade tj\u00e4nster.<\/li>\n<li> <a href=\"https:\/\/moverdb.com\/sv\/fidi-faim\/\">FIDI och FIDI-ackrediterad internationell flyttfirma<\/a> (<a href=\"https:\/\/moverdb.com\/sv\/fidi-faim\/\" data-internallinksmanager029f6b8e52c=\"16\" title=\"FIDI &amp; FAIM (FIDI Accredited International Mover) f\u00f6rklaras\">FAIM<\/a>) - FIDI (F\u00e9d\u00e9ration Internationale des D\u00e9m\u00e9nageurs Internationaux; The Federation of International Movers) \u00e4r en global paraplyorganisation f\u00f6r internationella flyttf\u00f6retag.<\/li>\n<li> <a href=\"https:\/\/moverdb.com\/sv\/amsa\/\">Amerikansk f\u00f6rening f\u00f6r flyttning och lagring<\/a> (AMSA) - Den <a href=\"https:\/\/moverdb.com\/sv\/amsa\/\" data-internallinksmanager029f6b8e52c=\"5\" title=\"American Moving &amp; Storage Association (AMSA) f\u00f6rklaras\">Amerikansk f\u00f6rening f\u00f6r flyttning och lagring<\/a> (AMSA) \u00e4r den nationella branschorganisationen f\u00f6r den amerikanska flyttbranschen.<\/li>\n<li> <a href=\"https:\/\/moverdb.com\/sv\/falg-promover\/\">Registrerad internationell flyttare (RIM) \/ International ProMover<\/a> - Den internationella <a href=\"https:\/\/moverdb.com\/sv\/rim-promover\/\" data-internallinksmanager029f6b8e52c=\"76\" title=\"RIM International ProMover-certifiering f\u00f6rklarad\">ProMover<\/a> Certifieringen \u00e4r en del av programmet Registered International Mover (RIM) som skapats av American Moving &amp; Storage Association (AMSA).<\/li>\n<li> <a href=\"https:\/\/moverdb.com\/sv\/british-association-of-removers\/\">British Association of Removers (brittisk sammanslutning av flyttfirmor)<\/a> (BAR) - Den <a href=\"https:\/\/moverdb.com\/sv\/british-association-of-removers\/\" data-internallinksmanager029f6b8e52c=\"9\" title=\"British Association of Removers (BAR) f\u00f6rklaras\">British Association of Removers (brittisk sammanslutning av flyttfirmor)<\/a> (BAR) beskriver sig sj\u00e4lv som \"den erk\u00e4nda r\u00f6sten f\u00f6r den professionella flyttbranschen\" och \u00e4r ett viktigt organ inom <a href=\"https:\/\/moverdb.com\/sv\/moving-to-the-uk\/\" data-internallinksmanager029f6b8e52c=\"93\" title=\"Flyttar du till Storbritannien? 2026 Levnadskostnader och flyttningstips\">STORBRITANNIEN<\/a> flyttningsindustrin.<\/li>\n<li> <a href=\"https:\/\/moverdb.com\/sv\/bar-overseas\/\">BAR Overseas Group<\/a> - <a href=\"https:\/\/moverdb.com\/sv\/bar-overseas\/\" data-internallinksmanager029f6b8e52c=\"10\" title=\"British Association of Removers (BAR) Utlandsgruppen f\u00f6rklaras\">BAR utomlands<\/a> Group \u00e4r en del av British Association of Removers (BAR), som har som m\u00e5l att fr\u00e4mja professionell kompetens inom flyttbranschen.<\/li>\n<li> <a href=\"https:\/\/moverdb.com\/sv\/mtc\/\">Movers Trading Club<\/a> (<a href=\"https:\/\/moverdb.com\/sv\/mtc\/\" data-internallinksmanager029f6b8e52c=\"30\" title=\"Movers Trading Club (MTC) f\u00f6rklaras\">MTC<\/a>) - F\u00f6r BAR Overseas Groups medlemsf\u00f6retag, f\u00f6r att bidra till att minska <a href=\"https:\/\/moverdb.com\/sv\/flyttkostnader\/\">Flyttkostnader.<\/a> till den <a href=\"https:\/\/moverdb.com\/sv\/moving-to-the-united-states\/\" data-internallinksmanager029f6b8e52c=\"94\" title=\"Flyttar du till USA? 2026 Levnadskostnader och flyttningstips\">USA<\/a> fr\u00e5n Storbritannien.<\/li>\n<li> <a href=\"https:\/\/moverdb.com\/sv\/canadian-association-of-movers\/\">Den kanadensiska sammanslutningen av flyttfirmor<\/a> (CAM) - Den <a href=\"https:\/\/moverdb.com\/sv\/canadian-association-of-movers\/\" data-internallinksmanager029f6b8e52c=\"11\" title=\"F\u00f6rklaring av Canadian Association of Movers (CAM)\">Den kanadensiska sammanslutningen av flyttfirmor<\/a> \u00e4r <a href=\"https:\/\/moverdb.com\/sv\/moving-to-canada\/\" data-internallinksmanager029f6b8e52c=\"265\" title=\"Flytta till Kanada? 2026 Levnadskostnader och flyttningstips\">Kanada<\/a>som f\u00f6retr\u00e4der flytt- och f\u00f6rvaringsf\u00f6retag. <\/li>\n<li> <a href=\"https:\/\/moverdb.com\/sv\/aima\/\">Australian International Movers Association<\/a> (AIMA) - Den <a href=\"https:\/\/moverdb.com\/sv\/aima\/\" data-internallinksmanager029f6b8e52c=\"8\" title=\"F\u00f6rklaring av Australian International Movers Association (AIMA)\">Australian International Movers Association<\/a> (AIMA) beskriver sig sj\u00e4lv som ett professionellt forum f\u00f6r <a href=\"https:\/\/moverdb.com\/sv\/international-removals\/\" data-internallinksmanager029f6b8e52c=\"27\" title=\"36 b\u00e4sta internationella flyttfirmor i Storbritannien\">internationella flyttningar<\/a> industri.<\/li>\n<li> <a href=\"https:\/\/moverdb.com\/sv\/afra\/\">Australian Furniture Removers Association<\/a> (AFRA) - Den <a href=\"https:\/\/moverdb.com\/sv\/afra\/\" data-internallinksmanager029f6b8e52c=\"7\" title=\"Australian Furniture Removers Association (AFRA) f\u00f6rklaras\">Australian Furniture Removers Association<\/a> (AFRA) beskriver sig sj\u00e4lv som en representant f\u00f6r och tillsynsmyndighet f\u00f6r flyttningsbranschen i <a href=\"https:\/\/moverdb.com\/sv\/moving-to-australia\/living-in-australia\/\" data-internallinksmanager029f6b8e52c=\"240\" title=\"21 hemligheter om att bo i Australien som du b\u00f6r k\u00e4nna till innan du flyttar\">Australien<\/a>.<\/li>\n<li> <a href=\"https:\/\/moverdb.com\/sv\/hgfaa\/\">Household Goods Forwarders Association of America (f\u00f6reningen f\u00f6r spedit\u00f6rer av hush\u00e5llsvaror)<\/a> (HGFAA) - Den <a href=\"https:\/\/moverdb.com\/sv\/hgfaa\/\" data-internallinksmanager029f6b8e52c=\"21\" title=\"Household Goods Forwarders Association of America (HGFAA) f\u00f6rklaras\">Household Goods Forwarders Association of America (f\u00f6reningen f\u00f6r spedit\u00f6rer av hush\u00e5llsvaror)<\/a> (HGFAA) beskriver sig sj\u00e4lv som en global sammanslutning av flyttfirmor som har \u00e5tagit sig att se till att kunderna f\u00e5r b\u00e4sta m\u00f6jliga service under sin flytt.<\/li>\n<li> <a href=\"https:\/\/moverdb.com\/sv\/ncbfaa\/\">National Customs Brokers &amp; Forwarders Association of America (Nationell f\u00f6rening f\u00f6r tullm\u00e4klare och spedit\u00f6rer)<\/a> (NCBFAA) - Den <a href=\"https:\/\/moverdb.com\/sv\/ncbfaa\/\" data-internallinksmanager029f6b8e52c=\"73\" title=\"National Customs Brokers &amp; Forwarders Association of America (NCBFAA)\">National Customs Brokers &amp; Forwarders Association of America (Nationell f\u00f6rening f\u00f6r tullm\u00e4klare och spedit\u00f6rer)<\/a> (NCBFAA) betraktas som den amerikanska transportlogistikbranschens r\u00f6st.<\/li>\n<li> <a href=\"https:\/\/moverdb.com\/sv\/lacma\/\">F\u00f6reningen f\u00f6r internationella flyttfirmor i Latinamerika och V\u00e4stindien<\/a> (LACMA) - Den <a href=\"https:\/\/moverdb.com\/sv\/lacma\/\" data-internallinksmanager029f6b8e52c=\"28\" title=\"Latinamerikanska och karibiska internationella flyttf\u00f6reningen (LACMA)\">F\u00f6reningen f\u00f6r internationella flyttfirmor i Latinamerika och V\u00e4stindien<\/a> (LACIMA) representerar en samling flytt- och omlokaliseringsf\u00f6retag med syftet att fr\u00e4mja integrationen av lokalt baserade f\u00f6retag och andra f\u00f6retag i hela v\u00e4rlden.<\/li>\n<li> <a href=\"https:\/\/moverdb.com\/sv\/iata\/\">Internationella lufttransportf\u00f6rbundet<\/a> (IATA) - Den <a href=\"https:\/\/moverdb.com\/sv\/iata\/\" data-internallinksmanager029f6b8e52c=\"22\" title=\"Internationella lufttransportf\u00f6rbundet (IATA) f\u00f6rklaras\">Internationella lufttransportf\u00f6rbundet<\/a> (IATA) \u00e4r den globala branschorganisationen f\u00f6r v\u00e4rldens flygbolag. Dess uppdrag \u00e4r att leda och tj\u00e4na sina medlemmar samt att f\u00f6retr\u00e4da deras intressen p\u00e5 ett s\u00e4tt som fr\u00e4mjar flygplatstransportindustrin.<\/li>\n<li> <a href=\"https:\/\/moverdb.com\/sv\/euromovers\/\">Europeiskt partnerskap f\u00f6r flyttare (EUROMOVERS International)<\/a> - <a href=\"https:\/\/moverdb.com\/sv\/euromovers\/\" data-internallinksmanager029f6b8e52c=\"12\" title=\"European Mover Partnership (EUROMOVERS International) f\u00f6rklaras\">Euromovers<\/a> \u00e4r baserad i <a href=\"https:\/\/moverdb.com\/sv\/moving-to-luxembourg\/\" data-internallinksmanager029f6b8e52c=\"349\" title=\"Flyttar du till Luxemburg? 2026 Levnadskostnader och tips om flytt\">Luxemburg<\/a> och best\u00e5r av ett antal ledande <a href=\"https:\/\/moverdb.com\/sv\/moving-companies\/\" data-internallinksmanager029f6b8e52c=\"79\" title=\"Topp 25 internationella flyttfirmor p\u00e5 n\u00e4tet\">internationella flyttfirmor<\/a> som har bildat ett n\u00e4tverk p\u00e5 grundval av gemensamma standarder, visioner och riktlinjer.<\/li>\n<li> <a href=\"https:\/\/moverdb.com\/sv\/radet-for-omplacering-av-arbetstagare\/\">ERC i hela v\u00e4rlden<\/a> (R\u00e5det f\u00f6r omplacering av arbetstagare) - R\u00e5det f\u00f6r omplacering av arbetstagare <a href=\"https:\/\/moverdb.com\/sv\/employee-relocation-council\/\" data-internallinksmanager029f6b8e52c=\"83\" title=\"F\u00f6rklaring av ERC (Employee Relocation Council) i hela v\u00e4rlden\">R\u00e5det f\u00f6r omplacering av anst\u00e4llda i hela v\u00e4rlden<\/a> (ERC) beskriver sig sj\u00e4lv som en organisation f\u00f6r r\u00f6rlighet f\u00f6r arbetskraften f\u00f6r yrkesverksamma som \u00f6vervakar, hanterar eller st\u00f6der inhemska och internationella personal\u00f6verf\u00f6ringar i USA.<\/li>\n<li> <a href=\"https:\/\/moverdb.com\/sv\/harmony-relocation-network\/\">Harmony Relocation Network<\/a> - Den <a href=\"https:\/\/moverdb.com\/sv\/harmony-relocation-network\/\" data-internallinksmanager029f6b8e52c=\"20\" title=\"F\u00f6rklaring av Harmony Relocation Network (HRN)\">Harmony Relocation Network<\/a> (HRN) \u00e4r en grupp partnerf\u00f6retag som skapades f\u00f6r att bygga upp ett alleuropeiskt n\u00e4tverk f\u00f6r global omlokalisering.<\/li>\n<li> <a href=\"https:\/\/moverdb.com\/sv\/eura\/\">Europeiska sammanslutningen f\u00f6r omlokalisering<\/a> (EuRA) - Den <a href=\"https:\/\/moverdb.com\/sv\/eura\/\" data-internallinksmanager029f6b8e52c=\"13\" title=\"European Relocation Association (EuRA) f\u00f6rklaras\">Europeiska sammanslutningen f\u00f6r omlokalisering<\/a> (EuRA) fr\u00e4mjar f\u00f6rdelarna med professionellt hanterade flytt- och mobilitetstj\u00e4nster f\u00f6r f\u00f6retag med globalt r\u00f6rliga anst\u00e4llda.<\/li>\n<li> <a href=\"https:\/\/moverdb.com\/sv\/forening-for-yrkesverksamma-flyttare\/\">F\u00f6reningen f\u00f6r yrkesverksamma inom flyttning<\/a> (ARP) - Den <a href=\"https:\/\/moverdb.com\/sv\/association-relocation-professionals\/\" data-internallinksmanager029f6b8e52c=\"6\" title=\"F\u00f6rklaring av Association of Relocation Professionals (ARP)\">F\u00f6reningen f\u00f6r yrkesverksamma inom flyttning<\/a> (ARP) \u00e4r ett yrkesorgan f\u00f6r flyttbranschen i Storbritannien.<\/li>\n<li> <a href=\"https:\/\/moverdb.com\/sv\/rios\/\">Ombudsmannen f\u00f6r flyttbranschen<\/a> (<a href=\"https:\/\/moverdb.com\/sv\/rios\/\" data-internallinksmanager029f6b8e52c=\"75\" title=\"Ombudsmannen f\u00f6r flyttbranschen (RIOS) f\u00f6rklaras\">RIOS<\/a>) - Ombudsmannen f\u00f6r flyttbranschen (RIOS) behandlar klagom\u00e5l som r\u00f6r f\u00f6retag inom flyttbranschen i Storbritannien.<\/li>\n<li> <a href=\"https:\/\/moverdb.com\/sv\/fedemac\/\">Federation of European Movers Association (sammanslutning av europeiska flyttfirmor)<\/a> (FEDEMAC) - Den <a href=\"https:\/\/moverdb.com\/sv\/fedemac\/\" data-internallinksmanager029f6b8e52c=\"15\" title=\"Federation of European Movers Association (FEDEMAC) f\u00f6rklaras\">Federation of European Movers Association (sammanslutning av europeiska flyttfirmor)<\/a> (FEDEMAC) \u00e4r ett europeiskt organ som har inr\u00e4ttats f\u00f6r att fr\u00e4mja flyttningsindustrin p\u00e5 europeisk niv\u00e5.<\/li>\n<li> <a href=\"https:\/\/moverdb.com\/sv\/frakt-transport-sammanslutning\/\">F\u00f6reningen f\u00f6r godstransporter<\/a> (FTA) - Den <a href=\"https:\/\/moverdb.com\/sv\/freight-transport-association\/\" data-internallinksmanager029f6b8e52c=\"18\" title=\"F\u00f6rklaring av Freight Transport Association (FTA)\">F\u00f6reningen f\u00f6r godstransporter<\/a> (FTA) bildades f\u00f6r att f\u00f6retr\u00e4da logistikf\u00f6retagens intressen, oavsett om de transporterar varor till sj\u00f6ss, i luften, p\u00e5 v\u00e4g eller p\u00e5 j\u00e4rnv\u00e4g.<\/li>\n<li> <a href=\"https:\/\/moverdb.com\/sv\/eurovan-movers\/\">Eurovan International Movers Network<\/a> - <a href=\"https:\/\/moverdb.com\/sv\/eurovan-movers\/\" data-internallinksmanager029f6b8e52c=\"14\" title=\"Eurovan International Movers Network (EM) f\u00f6rklaras\">Eurovan International Movers Network<\/a> (EM) \u00e4r ett n\u00e4tverk av oberoende lokala flyttfirmor med s\u00e4te i <a href=\"https:\/\/moverdb.com\/sv\/moving-to-germany\/\" data-internallinksmanager029f6b8e52c=\"321\" title=\"Flyttar du till Tyskland? 2026 Levnadskostnader och flyttningstips\">Tyskland<\/a>. N\u00e4tet \u00e4r utformat f\u00f6r att tillgodose behovet av att kunna tillhandah\u00e5lla enhetliga serviceniv\u00e5er f\u00f6r internationella flyttningar som kan g\u00e5 genom flera l\u00e4nder.<\/li>\n<li> <a href=\"https:\/\/moverdb.com\/sv\/ngrs\/\">National Guild of Removers and Storers<\/a> (NGRS) - Den <a href=\"https:\/\/moverdb.com\/sv\/ngrs\/\" data-internallinksmanager029f6b8e52c=\"74\" title=\"National Guild of Removers and Storers (NGRS) f\u00f6rklarat\">National Guild of Removers and Storers<\/a> (NGRS) har inr\u00e4ttats f\u00f6r att tillhandah\u00e5lla viss reglering av flytt- och lagringsbranschen i Storbritannien.<\/li>\n<li> <a href=\"https:\/\/moverdb.com\/sv\/internationell-maritima-organisation\/\">Internationella sj\u00f6fartsorganisationen<\/a> (IMO) - Den <a href=\"https:\/\/moverdb.com\/sv\/international-maritime-organisation\/\" data-internallinksmanager029f6b8e52c=\"24\" title=\"Internationella sj\u00f6fartsorganisationen (IMO) f\u00f6rklaras\">Internationella sj\u00f6fartsorganisationen<\/a> (IMO) \u00e4r ett FN-organ med s\u00e4te i Storbritannien som ansvarar f\u00f6r att reglera sj\u00f6farten.<\/li>\n<li> <a href=\"https:\/\/moverdb.com\/sv\/varlds-sjofartsrad\/\">World Shipping Council (V\u00e4rlds sj\u00f6fartsr\u00e5d)<\/a> (WSC) - Den <a href=\"https:\/\/moverdb.com\/sv\/world-shipping-council\/\" data-internallinksmanager029f6b8e52c=\"82\" title=\"World Shipping Council (WSC) f\u00f6rklaras\">World Shipping Council (V\u00e4rlds sj\u00f6fartsr\u00e5d)<\/a> (WSC) \u00e4r en r\u00f6st f\u00f6r linjesj\u00f6farten.<\/li>\n<li> <a href=\"https:\/\/moverdb.com\/sv\/varldstullorganisation\/\">V\u00e4rldstullorganisationen<\/a> (<a href=\"https:\/\/moverdb.com\/sv\/world-customs-organization\/\" data-internallinksmanager029f6b8e52c=\"81\" title=\"F\u00f6rklaring av V\u00e4rldstullorganisationen (WCO)\">WCO<\/a>) - V\u00e4rldstullorganisationen (WCO) \u00e4r ett oberoende mellanstatligt organ som fungerar som en r\u00f6st f\u00f6r tullv\u00e4rlden. <\/li>\n<li> <a href=\"https:\/\/moverdb.com\/sv\/internationella-kammaren-forsandelser\/\">Internationella sj\u00f6fartskammaren<\/a> (ICS) -  <a href=\"https:\/\/moverdb.com\/sv\/international-chamber-shipping\/\" data-internallinksmanager029f6b8e52c=\"78\" title=\"Internationella sj\u00f6fartskammaren (ICS) f\u00f6rklaras\">Internationella sj\u00f6fartskammaren<\/a> (ICS) \u00e4r en branschorganisation som f\u00f6retr\u00e4der fartygs\u00e4gare och fartygsoperat\u00f6rer via nationella redarf\u00f6reningar. <\/li>\n<\/ol>","protected":false},"excerpt":{"rendered":"<p>Below is a non-exhaustive list of the most important international moving &#038; shipping organizations, associations, schemes, guilds, councils etc. International Association of Movers (IAM) &#8211; The International Association of Movers (IAM) is a global trade body with members who provide moving, forwarding, shipping, logistics, and related services. FIDI &#038; FIDI Accredited International Mover (FAIM) &#8211; [&hellip;]<\/p>\n","protected":false},"author":1,"featured_media":367,"parent":0,"menu_order":0,"comment_status":"closed","ping_status":"closed","template":"","meta":{"_genesis_hide_title":false,"_genesis_hide_breadcrumbs":false,"_genesis_hide_singular_image":false,"_genesis_hide_footer_widgets":false,"_genesis_custom_body_class":"","_genesis_custom_post_class":"","_genesis_layout":"","footnotes":""},"class_list":{"0":"post-366","1":"page","2":"type-page","3":"status-publish","4":"has-post-thumbnail","6":"entry"},"_links":{"self":[{"href":"https:\/\/moverdb.com\/sv\/wp-json\/wp\/v2\/pages\/366","targetHints":{"allow":["GET"]}}],"collection":[{"href":"https:\/\/moverdb.com\/sv\/wp-json\/wp\/v2\/pages"}],"about":[{"href":"https:\/\/moverdb.com\/sv\/wp-json\/wp\/v2\/types\/page"}],"author":[{"embeddable":true,"href":"https:\/\/moverdb.com\/sv\/wp-json\/wp\/v2\/users\/1"}],"replies":[{"embeddable":true,"href":"https:\/\/moverdb.com\/sv\/wp-json\/wp\/v2\/comments?post=366"}],"version-history":[{"count":29,"href":"https:\/\/moverdb.com\/sv\/wp-json\/wp\/v2\/pages\/366\/revisions"}],"predecessor-version":[{"id":1342,"href":"https:\/\/moverdb.com\/sv\/wp-json\/wp\/v2\/pages\/366\/revisions\/1342"}],"wp:featuredmedia":[{"embeddable":true,"href":"https:\/\/moverdb.com\/sv\/wp-json\/wp\/v2\/media\/367"}],"wp:attachment":[{"href":"https:\/\/moverdb.com\/sv\/wp-json\/wp\/v2\/media?parent=366"}],"curies":[{"name":"wp","href":"https:\/\/api.w.org\/{rel}","templated":true}]}}