{"id":353,"date":"2016-05-22T20:42:36","date_gmt":"2016-05-22T20:42:36","guid":{"rendered":"http:\/\/moverdb.com\/?page_id=353"},"modified":"2026-01-08T15:20:35","modified_gmt":"2026-01-08T15:20:35","slug":"falg-promover","status":"publish","type":"page","link":"https:\/\/moverdb.com\/sv\/rim-promover\/","title":{"rendered":"RIM International ProMover-certifiering f\u00f6rklarad"},"content":{"rendered":"<p>International ProMover-certifieringen \u00e4r en del av programmet Registered International Mover (RIM), som skapats av <a href=\"https:\/\/moverdb.com\/sv\/amsa\/\">Amerikansk f\u00f6rening f\u00f6r flyttning och lagring<\/a> (<a href=\"https:\/\/moverdb.com\/sv\/amsa\/\" data-internallinksmanager029f6b8e52c=\"5\" title=\"American Moving &amp; Storage Association (AMSA) f\u00f6rklaras\">AMSA<\/a>). <\/p>\n<p>Syftet \u00e4r att hj\u00e4lpa kunder som anv\u00e4nder sig av internationella flyttj\u00e4nster f\u00f6r hush\u00e5llsvaror och att underl\u00e4tta valen, s\u00e5 att det blir enklare att skilja mellan alternativen och hitta r\u00e4tt flyttfirma.<\/p>\n<p><strong>Viktiga fakta om organisationen:<\/strong><\/p>\n<ol>\n<li> Mer \u00e4n 200 f\u00f6retag och \u00f6ver 1000 personer har f\u00f6r n\u00e4rvarande antingen f\u00f6retags- eller individcertifiering f\u00f6r RIM.<\/li>\n<li> Registered International Mover \u00e4r en av flera yrkescertifieringar f\u00f6r specialister som administreras av AMSA.<\/li>\n<li> AMSA \u00e4r den nationella branschorganisationen f\u00f6r den amerikanska flytt- och lagringsbranschen. Certifieringen har dock global r\u00e4ckvidd och f\u00f6retag \u00f6ver hela v\u00e4rlden kan ans\u00f6ka om den.<\/li>\n<li> Programmet f\u00f6r registrerade internationella flyttare \u00e4r utformat f\u00f6r att fastst\u00e4lla universella standarder f\u00f6r <a href=\"https:\/\/moverdb.com\/sv\/moving-companies\/\" data-internallinksmanager029f6b8e52c=\"79\" title=\"Topp 25 internationella flyttfirmor p\u00e5 n\u00e4tet\">internationella flyttfirmor<\/a> och deras personal.<\/li>\n<li> RIM-certifierade f\u00f6retag som uppfyller ProMover-kraven blir \"International ProMovers\".<\/li>\n<li> RIM \u00e4r ganska unikt eftersom det skapades 1994 av representanter f\u00f6r <a href=\"https:\/\/moverdb.com\/sv\/hgfaa\/\">HHGFAA<\/a>, NMSA (AMSA), <a href=\"https:\/\/moverdb.com\/sv\/employee-relocation-council\/\" data-internallinksmanager029f6b8e52c=\"83\" title=\"F\u00f6rklaring av ERC (Employee Relocation Council) i hela v\u00e4rlden\">ERC<\/a>, OMNI, <a href=\"https:\/\/moverdb.com\/sv\/fidi-faim\/\">FIDI<\/a> och de tio st\u00f6rsta transportf\u00f6retagen, en blandning av k\u00f6pare och konkurrenskraftiga s\u00e4ljare.<\/li>\n<p><strong>RIM:s organisationsprofil<\/strong><\/p>\n<p>Processen f\u00f6r att bli RIM-medlem inneb\u00e4r rigor\u00f6s utbildning, verifiering och testning, med fokus p\u00e5 om standarder f\u00f6r hantering av utrustning finns p\u00e5 plats och om ett f\u00f6retag har resurser f\u00f6r att hantera en internationell flytt till en h\u00f6g standard. <\/p>\n<p>Tanken bakom ProMover-certifieringen \u00e4r att den endast ges till de f\u00f6retag som kan bevisa att de uppfyller de h\u00f6gsta etiska principerna och metoderna inom flytt- och lagringsbranschen. <\/p>\n<p>Det som g\u00f6r ProMover-certifieringen annorlunda \u00e4r att den erbjuder ett standardiserat, oberoende s\u00e4tt f\u00f6r kunderna att skilja mellan olika alternativ och v\u00e4lja ett kvalificerat f\u00f6retag f\u00f6r en internationell flytt, oavsett var f\u00f6retaget \u00e4r baserat.<\/p>\n<p><strong>Kriterier f\u00f6r medlemskap <\/strong><\/p>\n<ul>\n<li> Minst ett \u00e5rs erfarenhet av internationella flyttj\u00e4nster f\u00f6r hush\u00e5llsvaror.<\/li>\n<li> Obefl\u00e4ckat medlemskap i AMSA i minst 18 m\u00e5nader.<\/li>\n<li> ha den operativa befogenhet som kr\u00e4vs f\u00f6r att lagligen bedriva verksamheten, oavsett om det \u00e4r i <a href=\"https:\/\/moverdb.com\/sv\/moving-to-the-united-states\/\" data-internallinksmanager029f6b8e52c=\"94\" title=\"Flyttar du till USA? 2026 Levnadskostnader och flyttningstips\">USA<\/a> eller n\u00e5gon annanstans.<\/li>\n<li> Godk\u00e4nna ett skriftligt prov (enskild person p\u00e5 f\u00f6retagets v\u00e4gnar).<\/li>\n<li> Uppfyller RIM-standarderna f\u00f6r utrustning, anl\u00e4ggningar och s\u00e4kerhetsdokumentation - dessa kontrolleras ov\u00e4ntat vid bes\u00f6k p\u00e5 plats.<\/li>\n<li> Prenumerera p\u00e5 den internationella etiska koden f\u00f6r ProMover<\/li>\n<li> F\u00f6r omcertifiering m\u00e5ste minst tre anst\u00e4llda vara certifierade (kontorspersonal, packare eller bes\u00e4ttningsmedlemmar).<\/li>\n<li> BBB-betyg \"C\" eller b\u00e4ttre, f\u00f6r f\u00f6retag som \u00e4r betygsatta av BBB, i l\u00e4nder d\u00e4r BBB-betyg finns tillg\u00e4ngliga.<\/li>\n<li> AMSA:s personal granskar eventuella klagom\u00e5l.<\/li>\n<li> Referenser fr\u00e5n aff\u00e4rspartner \u00e4r viktiga.<\/li>\n<\/ul>\n<p><strong>De 10 st\u00f6rsta medlemsf\u00f6retagen<\/strong> (efter storlek)<\/p>\n<ol>\n<li> <a href=\"https:\/\/moverdb.com\/sv\/united-van-lines\/\">United Van Lines<\/a><\/li>\n<li> <a href=\"https:\/\/moverdb.com\/sv\/atlas-van-lines-international\/\">Atlas Van Lines International<\/a><\/li>\n<li> <a href=\"https:\/\/moverdb.com\/sv\/mayflower-transit\/\">Mayflower Transit<\/a><\/li>\n<li> <a href=\"https:\/\/moverdb.com\/sv\/north-american-van-lines\/\">North American Van Lines<\/a><\/li>\n<li> <a href=\"https:\/\/moverdb.com\/sv\/wheaton\/\">Wheaton World Wide Moving<\/a><\/li>\n<li> <a href=\"https:\/\/moverdb.com\/sv\/bekins-van-lines\/\">Bekins Van Lines<\/a><\/li>\n<li> <a href=\"https:\/\/moverdb.com\/sv\/graebel-van-lines\/\">Graebel Van Lines<\/a><\/li>\n<li> <a href=\"https:\/\/moverdb.com\/sv\/arpin-van-lines\/\">Arpin Van Lines<\/a><\/li>\n<li> <a href=\"https:\/\/moverdb.com\/sv\/stevens-worldwide-van-lines\/\">Stevens Worldwide Van Lines<\/a><\/li>\n<li> <a href=\"https:\/\/moverdb.com\/sv\/suddath\/\">Suddath<\/a><\/li>\n<li> <a href=\"https:\/\/moverdb.com\/sv\/vip-transport\/\">VIP-transporter<\/a><\/li>\n<li> <a href=\"https:\/\/moverdb.com\/sv\/royal-hawaiian-movers\/\">Royal Hawaiian flyttfirmor<\/a><\/li>\n<\/ol>\n<p><strong>\u00c5sikter om organisationen<\/strong><\/p>\n<p>Ett antal flyttfirmor har RIM-certifieringen p\u00e5 sina webbplatser och flera r\u00e5dgivningssajter h\u00e4nvisar till den som ett tecken p\u00e5 en professionell flyttorganisation. Varje webbplats som n\u00e4mner det h\u00e4nvisar till den rigor\u00f6sa utbildning och kontroll som kr\u00e4vs f\u00f6r att erh\u00e5lla certifieringen - och f\u00f6r att beh\u00e5lla den. <\/p>\n<p>Finansiell soliditet och ett rykte om att tillhandah\u00e5lla tj\u00e4nster av h\u00f6g kvalitet \u00e4r tv\u00e5 av de andra egenskaper som RIM-certifieringen har f\u00f6rknippats med av de flyttfirmor som n\u00e4mner den p\u00e5 sina webbplatser. De flesta g\u00f6r en po\u00e4ng av att lyfta fram hur certifieringen kr\u00e4ver kontinuerliga \u00e5tg\u00e4rder - utbildning och fortbildning p\u00e5 l\u00f6pande basis, samt att kunna klara av slumpm\u00e4ssiga platsbes\u00f6k. <\/p>\n<p>Man n\u00e4mner ocks\u00e5 att det kr\u00e4vs att man f\u00f6ljer en strikt uppf\u00f6randekod.<\/p>\n<p>Flera flyttfirmor n\u00e4mner ocks\u00e5 ProMover-kvalificeringen - detta \u00e4r viktigt eftersom \"detta ger v\u00e5ra kunder en garanti f\u00f6r att de har att g\u00f6ra med en legitim, professionell flyttfirma och inte med en bedragare som f\u00f6rs\u00f6ker lura dem. Att bli ProMover \u00e4r i linje med v\u00e5rt f\u00f6retags l\u00e5nga historia av att behandla v\u00e5ra kunder r\u00e4ttvist och \u00e4rligt.\" <\/p>\n<p>Det p\u00e5pekas att kvalificeringen g\u00f6r det m\u00f6jligt f\u00f6r ett flyttf\u00f6retag att visa den feta logotypen med stort \"M\", som \u00e4r ProMover-logotypen, i sitt reklam- och marknadsf\u00f6ringsmaterial och p\u00e5 sin webbplats.<\/p>\n<p>Hur den beskrivs av flyttfirmor:<\/p>\n<blockquote><p>Certifieringen visar att byr\u00e5n har tillr\u00e4cklig utrustning, anl\u00e4ggningar och RIM\u00ae-certifierad personal f\u00f6r att uppfylla minimistandarderna f\u00f6r RIM\u00ae. Dessutom kr\u00e4vs det att en huvudansvarig eller verkst\u00e4llande direkt\u00f6r avl\u00e4gger ett prov baserat p\u00e5 RIM\u00ae-manualen och att han\/hon har de kunskaper som kr\u00e4vs f\u00f6r att bedriva internationell verksamhet. Dessutom m\u00e5ste en RIM\u00ae-certifierad agent inom tre \u00e5r efter den f\u00f6rsta certifieringen anst\u00e4lla en RIM\u00ae-certifierad besiktningsman, samordnare och minst tre certifierade internationella packare.<\/p><\/blockquote>\n<p> - <a href=\"http:\/\/www.castinemovers.com\/category\/RIM\/c70\" target=\"_blank\" rel=\"noopener\">Castine flyttfirmor<\/a><\/p>\n<blockquote><p>RIM-certifiering (Registered International Mover) \u00e4r frivillig. F\u00f6r att bli certifierad m\u00e5ste ett flyttf\u00f6retag genomg\u00e5 rigor\u00f6s utbildning och tester. Certifieringen garanterar att innehavaren har kunskap om alla aspekter av en internationell flytt.<\/p><\/blockquote>\n<p> - <a href=\"http:\/\/www.newworldvanlines.com\/international.html\" target=\"_blank\" rel=\"noopener\">New World Van Lines<\/a><\/p>\n<blockquote><p>F\u00f6r att f\u00f6rbli certifierade m\u00e5ste ledningen och personalen inom tre \u00e5r genomf\u00f6ra minst 15 timmars RIM-godk\u00e4nd fortbildning och utbildning, och f\u00f6retagets anl\u00e4ggningar och utrustning m\u00e5ste bli f\u00f6rem\u00e5l f\u00f6r en ny inspektion vart tredje \u00e5r. Hittills finns det \u00f6ver 142 flytt- och lagringsf\u00f6retag som har slutf\u00f6rt den f\u00f6rsta fasen av RIM-programmet.<\/p><\/blockquote>\n<p> - <a href=\"http:\/\/www.movingscam.com\/articles\/planning-an-international-move\" target=\"_blank\" rel=\"noopener\">Flyttningsbedr\u00e4geri<\/a><\/p>\n<blockquote><p>F\u00f6r att bli certifierad enligt RIM-programmet (Registered International Mover) m\u00e5ste en flyttfirma vara ekonomiskt sund, ha ett rykte om sig att erbjuda h\u00f6gkvalitativ service och f\u00f6lja en strikt uppf\u00f6randekod som \u00e4r utformad f\u00f6r att garantera att du blir helt n\u00f6jd.<\/p><\/blockquote>\n<p> - <a href=\"http:\/\/taylorinternational.ca\/international-moving-relocation\" target=\"_blank\" rel=\"noopener\">Taylor International Movers<\/a><\/p>","protected":false},"excerpt":{"rendered":"<p>The International ProMover certification is part of the Registered International Mover (RIM) program created by the American Moving &#038; Storage Association (AMSA). It is aimed to assist customers using international household goods relocation services and is intended to facilitate easier choices, making it simpler to differentiate between the options and find the right mover. Key [&hellip;]<\/p>\n","protected":false},"author":1,"featured_media":0,"parent":0,"menu_order":0,"comment_status":"closed","ping_status":"closed","template":"","meta":{"_genesis_hide_title":false,"_genesis_hide_breadcrumbs":false,"_genesis_hide_singular_image":false,"_genesis_hide_footer_widgets":false,"_genesis_custom_body_class":"","_genesis_custom_post_class":"","_genesis_layout":"","footnotes":""},"class_list":{"0":"post-353","1":"page","2":"type-page","3":"status-publish","5":"entry"},"_links":{"self":[{"href":"https:\/\/moverdb.com\/sv\/wp-json\/wp\/v2\/pages\/353","targetHints":{"allow":["GET"]}}],"collection":[{"href":"https:\/\/moverdb.com\/sv\/wp-json\/wp\/v2\/pages"}],"about":[{"href":"https:\/\/moverdb.com\/sv\/wp-json\/wp\/v2\/types\/page"}],"author":[{"embeddable":true,"href":"https:\/\/moverdb.com\/sv\/wp-json\/wp\/v2\/users\/1"}],"replies":[{"embeddable":true,"href":"https:\/\/moverdb.com\/sv\/wp-json\/wp\/v2\/comments?post=353"}],"version-history":[{"count":22,"href":"https:\/\/moverdb.com\/sv\/wp-json\/wp\/v2\/pages\/353\/revisions"}],"predecessor-version":[{"id":6232,"href":"https:\/\/moverdb.com\/sv\/wp-json\/wp\/v2\/pages\/353\/revisions\/6232"}],"wp:attachment":[{"href":"https:\/\/moverdb.com\/sv\/wp-json\/wp\/v2\/media?parent=353"}],"curies":[{"name":"wp","href":"https:\/\/api.w.org\/{rel}","templated":true}]}}