{"id":351,"date":"2016-05-22T21:04:36","date_gmt":"2016-05-22T21:04:36","guid":{"rendered":"http:\/\/moverdb.com\/?page_id=351"},"modified":"2026-01-08T14:40:12","modified_gmt":"2026-01-08T14:40:12","slug":"mcgimpsey-brothers-removals","status":"publish","type":"page","link":"https:\/\/moverdb.com\/sv\/mcgimpsey-brothers-removals\/","title":{"rendered":"McGimpsey Brothers Removals: Internationell flyttning Recensioner"},"content":{"rendered":"<p>McGimpsey Brothers Removals erbjuder f\u00f6ljande tj\u00e4nster vid flyttning utomlands och lokalt, f\u00f6r b\u00e5de privatpersoner och f\u00f6retag. En f\u00f6retagsprofil och recensioner f\u00f6ljer p\u00e5 avsnittet om tj\u00e4nster.<\/p>\n<p><strong>Flytta utomlands<\/strong><\/p>\n<ul>\n<li> Daglig flyg- och sj\u00f6frakt<\/li>\n<li> Specialiserad exportf\u00f6rpackning, m\u00e4rkning och lastning<\/li>\n<li> Frakt och tullklarering<\/li>\n<li> Leverans, uppackning och uppst\u00e4llning, bortforsling av sopor.<\/li>\n<li> F\u00f6rs\u00e4kringsskydd<\/li>\n<li> Personlig engagerad konsult<\/li>\n<\/ul>\n<p><strong>Flytta inom Europa<\/strong><\/p>\n<ul>\n<li> D\u00f6rr till d\u00f6rr<\/li>\n<li> F\u00f6rstklassiga, specialbyggda flyttfordon<\/li>\n<li> H\u00f6g s\u00e4kerhetssp\u00e5rare och satellitnavigeringssystem<\/li>\n<li> Packning och uppackning<\/li>\n<li> F\u00f6rs\u00e4kringsskydd<\/li>\n<li> Personlig engagerad konsult<\/li>\n<\/ul>\n<p><strong>F\u00f6retags- och f\u00f6retagsflyttar<\/strong><\/p>\n<ul>\n<li> Flyttning av f\u00f6retag \u00f6ver hela v\u00e4rlden<\/li>\n<li> Flyttning av anst\u00e4llda \u00f6ver hela v\u00e4rlden<\/li>\n<li> Personlig engagerad konsult<\/li>\n<\/ul>\n<p><strong>Att r\u00f6ra sig inom sig sj\u00e4lv <a href=\"https:\/\/moverdb.com\/sv\/moving-to-ireland\/\" data-internallinksmanager029f6b8e52c=\"320\" title=\"Flyttar du till Irland? 2026 Levnadskostnader och flyttningstips\">Irland<\/a><\/strong><\/p>\n<ul>\n<li> D\u00f6rr till d\u00f6rr<\/li>\n<li> Packning och uppackning<\/li>\n<li> F\u00f6rs\u00e4kring<\/li>\n<li> Personlig engagerad konsult<\/li>\n<\/ul>\n<p><strong>Flyttning <a href=\"https:\/\/moverdb.com\/sv\/moving-to-isle-of-man\/\" data-internallinksmanager029f6b8e52c=\"339\" title=\"Flyttar du till Isle of Man? 2026 Levnadskostnader och tips om flyttning\">Isle of Man<\/a> och Kanal\u00f6arna<\/strong><\/p>\n<ul>\n<li> D\u00f6rr till d\u00f6rr<\/li>\n<li> Packning och uppackning<\/li>\n<li> Tullklarering<\/li>\n<li> F\u00f6rs\u00e4kring<\/li>\n<li> Personlig engagerad konsult<\/li>\n<\/ul>\n<p><strong>Lagring<\/strong><\/p>\n<ul>\n<li> F\u00f6rvaring av dokument och arkiv<\/li>\n<li> Sj\u00e4lvf\u00f6rvaring<\/li>\n<li> F\u00f6retagsf\u00f6rvaring<\/li>\n<li> Lagring i lager<\/li>\n<\/ul>\n<h2>McGimpsey Removals f\u00f6retagsprofil<\/h2>\n<p>McGimpsey Removals beskriver sig sj\u00e4lva som en femstj\u00e4rnig boutique <a href=\"https:\/\/moverdb.com\/sv\/moving-companies\/\" data-internallinksmanager029f6b8e52c=\"79\" title=\"Topp 25 internationella flyttfirmor p\u00e5 n\u00e4tet\">flyttfirma<\/a> som ger sina kunder f\u00f6rstklassig service. De har varit verksamma i 30 \u00e5r och tror p\u00e5 att anv\u00e4nda \u00f6verl\u00e4gsna transporter, f\u00f6rpackningar och v\u00e4lutbildad, omt\u00e4nksam personal.<\/p>\n<p>McGimpsey Removals s\u00e4ger att de inte bara \u00e4r engagerade i att leverera b\u00e4sta m\u00f6jliga service till privatpersoner och f\u00f6retag som flyttar utomlands och lokalt, utan att de ocks\u00e5 noggrant \u00f6vervakar sitt koldioxidavtryck.<\/p>\n<p>McGimpsey Removals anslutningar och ackrediteringar:<\/p>\n<ul>\n<li> <a href=\"https:\/\/moverdb.com\/sv\/british-association-of-removers\/\">Den brittiska sammanslutningen av flyttfirmor<\/a> (<a href=\"https:\/\/moverdb.com\/sv\/british-association-of-removers\/\" data-internallinksmanager029f6b8e52c=\"9\" title=\"British Association of Removers (BAR) f\u00f6rklaras\">BAR<\/a>)<\/li>\n<li> <a href=\"https:\/\/moverdb.com\/sv\/fidi-faim\/\">FIDI<\/a><\/li>\n<li> <a href=\"https:\/\/moverdb.com\/sv\/jag-ar\/\">Internationella sammanslutningen av flyttfirmor (IAM)<\/a><\/li>\n<li> <a href=\"https:\/\/moverdb.com\/sv\/mtc\/\">The Movers Trading Club<\/a> (<a href=\"https:\/\/moverdb.com\/sv\/mtc\/\" data-internallinksmanager029f6b8e52c=\"30\" title=\"Movers Trading Club (MTC) f\u00f6rklaras\">MTC<\/a>)<\/li>\n<li> F\u00f6reningen f\u00f6r arbetskraftens r\u00f6rlighet <\/li>\n<\/ul>\n<h2>McGimpsey Brothers Removals recensioner<\/h2>\n<p><strong>Positivt<\/strong><\/p>\n<p><em>\"Det h\u00e4r f\u00f6retaget var lysande fr\u00e5n b\u00f6rjan till slut. Flyttkonsulten var hj\u00e4lpsam, kunnig och alltid snabb att svara och h\u00e5lla mig uppdaterad, \u00e4ven efter att allt hade levererats skickade hon e-post f\u00f6r att kontrollera att jag var n\u00f6jd.\"<\/em> - Elizabeth Heib via <a href=\"https:\/\/plus.google.com\/111359327014801398449\/reviews\" target=\"_blank\" rel=\"noopener\">Recensioner fr\u00e5n Google<\/a><\/p>\n<p><strong>Negativ<\/strong><\/p>\n<p><em>\"Jag hade en fruktansv\u00e4rd upplevelse med detta f\u00f6retag! De \u00e4r v\u00e4ldigt hj\u00e4lpsamma n\u00e4r de vill ha din bokning och lovar mycket, men tyv\u00e4rr levererar de d\u00e5ligt. Jag anv\u00e4nde dem f\u00f6r att transportera n\u00e5gra tunga kommersiella tr\u00e4ningsredskap fr\u00e5n Irland till <a href=\"https:\/\/moverdb.com\/sv\/moving-to-the-uk\/\" data-internallinksmanager029f6b8e52c=\"93\" title=\"Flyttar du till Storbritannien? 2026 Levnadskostnader och flyttningstips\">STORBRITANNIEN<\/a> och ...\"<\/em> - Chantelle Smith via <a href=\"https:\/\/plus.google.com\/100947701157660629611\/reviews\" target=\"_blank\" rel=\"noopener\">Recensioner fr\u00e5n Google<\/a><\/p>\n<div itemprop=\"review\" itemscope itemtype=\"http:\/\/schema.org\/Review\">\n<span itemprop=\"author\" itemscope=\"\" itemtype=\"http:\/\/schema.org\/Organization\"><span itemprop=\"name\">MoverDB.com<\/span><\/span> Webbplatsgranskning p\u00e5 n\u00e4tet f\u00f6r <span itemprop=\"itemreviewed\" itemscope=\"\" itemtype=\"http:\/\/schema.org\/Brand\"><span itemprop=\"name\">McGimpsey Brothers flyttar<\/span><\/span>:<\/p>\n<ol>\n<li> Tydliga kontaktuppgifter p\u00e5 webbplatsen (inklusive telefonnummer): <strong>Ja<\/strong><\/li>\n<li> L\u00e4tt att f\u00e5 <a href=\"https:\/\/moverdb.com\/sv\/citat\/\">offerter f\u00f6r internationella flyttningar<\/a>? (Formul\u00e4r f\u00f6r beg\u00e4ran om uppskattning online): <strong>Ja<\/strong><\/li>\n<li> Tydlig information p\u00e5 webbplatsen: <strong>Delvis<\/strong>. Informationen \u00e4r knapph\u00e4ndig, men mer information kommer att ges p\u00e5 beg\u00e4ran.<\/li>\n<li> Medlemskap i internationellt erk\u00e4nda flyttorganisationer: <strong>Ja<\/strong>, se ovan.<\/li>\n<li> F\u00f6rteckning \u00f6ver kunder och\/eller tidigare kundreferenser: <strong>Ja<\/strong> Det finns ingen kundlista, men det finns vittnesm\u00e5l fr\u00e5n tidigare kunder.<\/li>\n<\/ol>\n<div itemprop=\"reviewRating\" itemscope itemtype=\"http:\/\/schema.org\/Rating\"><meta itemprop=\"worstRating\" content = \"0\" \/><meta itemprop=\"bestRating\" content=\"5\" \/><meta itemprop=\"ratingValue\" content=\"4\"><\/div>\n<p><strong>Sammanfattande betyg: 4\/5<\/strong><br \/>\n<strong>Datum f\u00f6r granskning:<\/strong> <span itemprop=\"datePublished\" content=\"2016-05-22\">22\/05\/2016<\/span><\/p>\n<\/div>\n<p>Mer om <a href=\"https:\/\/moverdb.com\/sv\/internationella-flyttar\/\">F\u00f6retag som utf\u00f6r flyttningar i Storbritannien<\/a> och v\u00e5r <a href=\"https:\/\/moverdb.com\/sv\/recensioner\/\">f\u00f6rklaring av granskningsf\u00f6rfarandet<\/a>.<\/p>\n<p><strong>Webbplats:<\/strong> <a href=\"https:\/\/www.mcgimpseys.com\/\" target=\"_blank\" rel=\"noopener\">https:\/\/www.mcgimpseys.com\/<\/a><\/p>","protected":false},"excerpt":{"rendered":"<p>McGimpsey Brothers Removals offers clients the following services when relocating abroad and locally, for both individuals and businesses. A company profile and reviews follow the services section. Moving Overseas Daily air and sea freight Specialist export packing, labelling and loading Shipping and customs clearance Delivery, unpacking and setting up, removal of rubbish Insurance cover Personal [&hellip;]<\/p>\n","protected":false},"author":1,"featured_media":0,"parent":0,"menu_order":0,"comment_status":"closed","ping_status":"closed","template":"","meta":{"_genesis_hide_title":false,"_genesis_hide_breadcrumbs":false,"_genesis_hide_singular_image":false,"_genesis_hide_footer_widgets":false,"_genesis_custom_body_class":"","_genesis_custom_post_class":"","_genesis_layout":"","footnotes":""},"class_list":{"0":"post-351","1":"page","2":"type-page","3":"status-publish","5":"entry"},"_links":{"self":[{"href":"https:\/\/moverdb.com\/sv\/wp-json\/wp\/v2\/pages\/351","targetHints":{"allow":["GET"]}}],"collection":[{"href":"https:\/\/moverdb.com\/sv\/wp-json\/wp\/v2\/pages"}],"about":[{"href":"https:\/\/moverdb.com\/sv\/wp-json\/wp\/v2\/types\/page"}],"author":[{"embeddable":true,"href":"https:\/\/moverdb.com\/sv\/wp-json\/wp\/v2\/users\/1"}],"replies":[{"embeddable":true,"href":"https:\/\/moverdb.com\/sv\/wp-json\/wp\/v2\/comments?post=351"}],"version-history":[{"count":10,"href":"https:\/\/moverdb.com\/sv\/wp-json\/wp\/v2\/pages\/351\/revisions"}],"predecessor-version":[{"id":13176,"href":"https:\/\/moverdb.com\/sv\/wp-json\/wp\/v2\/pages\/351\/revisions\/13176"}],"wp:attachment":[{"href":"https:\/\/moverdb.com\/sv\/wp-json\/wp\/v2\/media?parent=351"}],"curies":[{"name":"wp","href":"https:\/\/api.w.org\/{rel}","templated":true}]}}