{"id":350,"date":"2016-05-22T20:57:46","date_gmt":"2016-05-22T20:57:46","guid":{"rendered":"http:\/\/moverdb.com\/?page_id=350"},"modified":"2026-01-08T15:20:55","modified_gmt":"2026-01-08T15:20:55","slug":"shore-porters-society","status":"publish","type":"page","link":"https:\/\/moverdb.com\/sv\/shore-porters-society\/","title":{"rendered":"The Shore Porters Society Internationell flyttning och flyttning Recensioner"},"content":{"rendered":"<p>Shore Porters Society erbjuder f\u00f6ljande tj\u00e4nster f\u00f6r personer som flyttar utomlands, regionalt och lokalt. Det finns ocks\u00e5 en f\u00f6retagsprofil och recensioner av tj\u00e4nsterna att ta del av.<\/p>\n<p><strong>F\u00f6retags- och personf\u00f6rflyttningar utomlands<\/strong><\/p>\n<ul>\n<li> Unders\u00f6kning f\u00f6re flytten<\/li>\n<li> D\u00f6rr till d\u00f6rr service<\/li>\n<li> Havs- eller luftfrakt<\/li>\n<li> Olika f\u00f6rpackningsalternativ<\/li>\n<li> F\u00f6rvaringsalternativ<\/li>\n<li> Hj\u00e4lp med dokumentation f\u00f6r destinationslandet<\/li>\n<li> F\u00f6rdjupad kunskap om regler och best\u00e4mmelser i destinationslandet.<\/li>\n<li> IT-utrustning som kopplas bort och \u00e5terkopplas p\u00e5 destinationen.<\/li>\n<li> F\u00f6rs\u00e4kring<\/li>\n<\/ul>\n<p><strong>Konst och antikviteter<\/strong><\/p>\n<ul>\n<li> Specialkunskap om f\u00f6rpackning och frakt<\/li>\n<li> F\u00f6lj med kunderna p\u00e5 ink\u00f6psresor f\u00f6r att se till att de packas korrekt.<\/li>\n<li> R\u00e5d om dokumentation<\/li>\n<li> Tullklarering i destinationslandet<\/li>\n<\/ul>\n<p><strong>Lagring<\/strong><\/p>\n<ul>\n<li> F\u00f6rvaring av containrar<\/li>\n<li> Konventionell lagring<\/li>\n<li> Kommersiell lagring<\/li>\n<li> F\u00f6rvaring av arkivmaterial<\/li>\n<li> Lock 'n' Leave - fri tillg\u00e5ng under kontorstid<\/li>\n<li> Hyra av l\u00e5dor<\/li>\n<li> F\u00f6rvaring av pallar<\/li>\n<\/ul>\n<p><strong>Lokala flyttar<\/strong><\/p>\n<ul>\n<li> D\u00f6rr till d\u00f6rr service<\/li>\n<li> Olika f\u00f6rpackningsalternativ<\/li>\n<li> F\u00f6rs\u00e4kring som ordnas<\/li>\n<\/ul>\n<h2>Shore Porters Society F\u00f6retagsprofil<\/h2>\n<p>Shore Porters Society grundades 1498, f\u00f6r \u00f6ver 500 \u00e5r sedan. De kan stolt skryta med att vara det \u00e4ldsta transportf\u00f6retaget i v\u00e4rlden, eftersom deras ursprung \u00e4r ett kooperativ av b\u00e4rare som arbetade i Aberdeens hamn. <\/p>\n<p>F\u00f6retaget stod under Aberdeens stadsfullm\u00e4ktige fram till mitten av 1800-talet. Det \u00e4r nu ett privat partnerskap med bland annat transport, flyttning, fastighets- och lagerverksamhet.<\/p>\n<p>F\u00f6retaget har en flotta p\u00e5 30 lastbilar och sk\u00e5pbilar som utg\u00e5r fr\u00e5n Aberdeen och Richmond on Thames och 11 lager runt om i v\u00e4rlden. <a href=\"https:\/\/moverdb.com\/sv\/moving-to-the-uk\/\" data-internallinksmanager029f6b8e52c=\"93\" title=\"Flyttar du till Storbritannien? 2026 Levnadskostnader och flyttningstips\">STORBRITANNIEN<\/a>. <\/p>\n<p>F\u00f6retaget har goda relationer med stora auktionshus \u00f6ver hela v\u00e4rlden och \u00e4r stolt \u00f6ver sin expertis n\u00e4r det g\u00e4ller frakt av konst och antikviteter.<\/p>\n<p>Nedan finns en lista \u00f6ver ackrediteringar och anslutningar av The Shore Porters Society:<\/p>\n<ul>\n<li> <a href=\"https:\/\/moverdb.com\/sv\/british-association-of-removers\/\">Den brittiska sammanslutningen f\u00f6r flyttfirmor (BAR)<\/a><\/li>\n<li> Ekonomiskt bunden till <a href=\"https:\/\/moverdb.com\/sv\/bar-overseas\/\">BAR Overseas Group<\/a><\/li>\n<li> <a href=\"https:\/\/moverdb.com\/sv\/fidi-faim\/\">FIDI<\/a><\/li>\n<li> <a href=\"https:\/\/moverdb.com\/sv\/jag-ar\/\">Internationella sammanslutningen av flyttare (IAM)<\/a><\/li>\n<li> Certifiering av kvalitetssystem ISO9001<\/li>\n<li> <a href=\"https:\/\/moverdb.com\/sv\/frakt-transport-sammanslutning\/\">FTA-medlem<\/a><\/li>\n<\/ul>\n<h2>The Shore Porters Society Recensioner<\/h2>\n<p>Observera att det inte har publicerats n\u00e5gra nya recensioner f\u00f6r The Shore Porters Society p\u00e5 n\u00e4tet under de senaste 12 m\u00e5naderna.<\/p>\n<div itemprop=\"review\" itemscope itemtype=\"http:\/\/schema.org\/Review\">\n<span itemprop=\"author\" itemscope=\"\" itemtype=\"http:\/\/schema.org\/Organization\"><span itemprop=\"name\">MoverDB.com<\/span><\/span> Webbplatsgranskning p\u00e5 n\u00e4tet f\u00f6r <span itemprop=\"itemreviewed\" itemscope=\"\" itemtype=\"http:\/\/schema.org\/Brand\"><span itemprop=\"name\">F\u00f6reningen Shore Porters Society<\/span><\/span>:<\/p>\n<ol>\n<li> Tydliga kontaktuppgifter p\u00e5 webbplatsen (inklusive telefonnummer): <strong>Ja<\/strong><\/li>\n<li> L\u00e4tt att f\u00e5 <a href=\"https:\/\/moverdb.com\/sv\/citat\/\">offerter f\u00f6r internationella flyttningar<\/a>? (Formul\u00e4r f\u00f6r beg\u00e4ran om uppskattning online): <strong>Ja<\/strong><\/li>\n<li> Tydlig information p\u00e5 webbplatsen: <strong>Delvis<\/strong>. Webbplatsen inneh\u00e5ller vag information och en uppmaning att kontakta f\u00f6retaget f\u00f6r mer information.<\/li>\n<li> Medlemskap i internationellt erk\u00e4nda flyttorganisationer: <strong>Ja<\/strong>, se ovan.<\/li>\n<li> F\u00f6rteckning \u00f6ver kunder och\/eller tidigare kundreferenser: <strong>Nej.<\/strong><\/li>\n<\/ol>\n<div itemprop=\"reviewRating\" itemscope itemtype=\"http:\/\/schema.org\/Rating\"><meta itemprop=\"worstRating\" content = \"0\" \/><meta itemprop=\"bestRating\" content=\"5\" \/><meta itemprop=\"ratingValue\" content=\"4\"><\/div>\n<p><strong>Sammanfattande betyg: 4\/5<\/strong><br \/>\n<strong>Datum f\u00f6r granskning:<\/strong> <span itemprop=\"datePublished\" content=\"2016-05-22\">22\/05\/2016<\/span><\/p>\n<\/div>\n<p>Mer om <a href=\"https:\/\/moverdb.com\/sv\/internationella-flyttar\/\">F\u00f6retag som utf\u00f6r flyttningar i Storbritannien<\/a> och v\u00e5r <a href=\"https:\/\/moverdb.com\/sv\/recensioner\/\">f\u00f6rklaring av granskningsf\u00f6rfarandet<\/a>.<\/p>\n<p><strong>Webbplats:<\/strong> <a href=\"https:\/\/www.shoreporters.com\/\" target=\"_blank\" rel=\"noopener\">https:\/\/www.shoreporters.com<\/a><\/p>","protected":false},"excerpt":{"rendered":"<p>The Shore Porters Society offers the following services for people moving abroad, regionally and locally. There is also a company profile and service reviews to peruse. Corporate and Personal Moves Abroad Pre-Move survey Door to door service Ocean or Air Freight Various packing options Storage options Assistance with documentation for destination country In depth knowledge [&hellip;]<\/p>\n","protected":false},"author":1,"featured_media":0,"parent":0,"menu_order":0,"comment_status":"closed","ping_status":"closed","template":"","meta":{"_genesis_hide_title":false,"_genesis_hide_breadcrumbs":false,"_genesis_hide_singular_image":false,"_genesis_hide_footer_widgets":false,"_genesis_custom_body_class":"","_genesis_custom_post_class":"","_genesis_layout":"","footnotes":""},"class_list":{"0":"post-350","1":"page","2":"type-page","3":"status-publish","5":"entry"},"_links":{"self":[{"href":"https:\/\/moverdb.com\/sv\/wp-json\/wp\/v2\/pages\/350","targetHints":{"allow":["GET"]}}],"collection":[{"href":"https:\/\/moverdb.com\/sv\/wp-json\/wp\/v2\/pages"}],"about":[{"href":"https:\/\/moverdb.com\/sv\/wp-json\/wp\/v2\/types\/page"}],"author":[{"embeddable":true,"href":"https:\/\/moverdb.com\/sv\/wp-json\/wp\/v2\/users\/1"}],"replies":[{"embeddable":true,"href":"https:\/\/moverdb.com\/sv\/wp-json\/wp\/v2\/comments?post=350"}],"version-history":[{"count":12,"href":"https:\/\/moverdb.com\/sv\/wp-json\/wp\/v2\/pages\/350\/revisions"}],"predecessor-version":[{"id":6246,"href":"https:\/\/moverdb.com\/sv\/wp-json\/wp\/v2\/pages\/350\/revisions\/6246"}],"wp:attachment":[{"href":"https:\/\/moverdb.com\/sv\/wp-json\/wp\/v2\/media?parent=350"}],"curies":[{"name":"wp","href":"https:\/\/api.w.org\/{rel}","templated":true}]}}