{"id":349,"date":"2016-05-22T20:51:02","date_gmt":"2016-05-22T20:51:02","guid":{"rendered":"http:\/\/moverdb.com\/?page_id=349"},"modified":"2026-01-08T15:20:48","modified_gmt":"2026-01-08T15:20:48","slug":"team-relokaliseringar","status":"publish","type":"page","link":"https:\/\/moverdb.com\/sv\/team-relocations\/","title":{"rendered":"Team Relocations internationella flyttar och flyttar Recensioner"},"content":{"rendered":"<p>Team Relocations erbjuder f\u00f6ljande flyttj\u00e4nster f\u00f6r privatpersoner och f\u00f6retag som flyttar personal eller hela kontor utomlands. L\u00e4s Team Locations f\u00f6retagsprofil och recensioner nedan.<\/p>\n<p><strong>Personliga och f\u00f6retagsm\u00e4ssiga flyttar<\/strong><\/p>\n<ul>\n<li> Konsulttj\u00e4nst som erbjuder individuella l\u00f6sningar f\u00f6r flyttning<\/li>\n<li> Strategisk hantering av omlokaliseringar<\/li>\n<li> Avancerad webZone-teknik<\/li>\n<li> F\u00f6rpackning och frakt<\/li>\n<li> F\u00f6rs\u00e4kring som ordnas<\/li>\n<\/ul>\n<p><strong>Fastighetstj\u00e4nster<\/strong><\/p>\n<ul>\n<li> S\u00f6k i hemmet<\/li>\n<li> Hyresf\u00f6rhandlingar och f\u00f6rnyelse av hyresavtal<\/li>\n<li> In\/utcheckning av inventarier<\/li>\n<li> Uthyrning av m\u00f6bler och apparater<\/li>\n<li> Tillf\u00e4lligt boende<\/li>\n<li> Avg\u00e5ngsprogram<\/li>\n<li> F\u00f6rvaltning av f\u00f6rs\u00e4ljning av bost\u00e4der<\/li>\n<li> Fastighetsf\u00f6rvaltning <\/li>\n<li> Program f\u00f6r garanterad f\u00f6rs\u00e4ljning av bost\u00e4der<\/li>\n<\/ul>\n<p><strong>Att bos\u00e4tta sig<\/strong><\/p>\n<ul>\n<li> Orientering<\/li>\n<li> Information om resm\u00e5let<\/li>\n<li> Kulturella genomg\u00e5ngar<\/li>\n<li> Spr\u00e5kutbildning<\/li>\n<li> F\u00f6rflyttning av f\u00f6rvaltningen<\/li>\n<li> Handyman\/Maid-tj\u00e4nster<\/li>\n<\/ul>\n<p><strong>Familjeprogram<\/strong><\/p>\n<ul>\n<li> Forskning och registrering inom utbildning<\/li>\n<li> Flyttning av husdjur<\/li>\n<li> St\u00f6d till partner<\/li>\n<\/ul>\n<p><strong>Lagringstj\u00e4nster<\/strong><\/p>\n<ul>\n<li> Specialiserad lagring<\/li>\n<li> F\u00f6rvaring av arkiv och dokument<\/li>\n<li> Traditionell lagring<\/li>\n<\/ul>\n<p><strong>Specialisttj\u00e4nster<\/strong><\/p>\n<ul>\n<li> Globala flyttningar f\u00f6r privata avs\u00e4ndare<\/li>\n<li> Flyttning av f\u00f6retag och kontor och flyttning<\/li>\n<li> Flyttning av sjukhus<\/li>\n<li> Lagring i hemmet<\/li>\n<li> F\u00f6rvaring av dokument och arkiv<\/li>\n<\/ul>\n<p><strong>Ytterligare tj\u00e4nster<\/strong><\/p>\n<ul>\n<li> Stegl\u00f6sare f\u00f6r sv\u00e5r\u00e5tkomliga platser<\/li>\n<li> F\u00f6rpackning av konst och antikviteter<\/li>\n<li> Elektrikertj\u00e4nster, inklusive<\/li>\n<li> Byte av stickproppar f\u00f6r att anpassa sig till lokala uttag<\/li>\n<li> Omkoppling av lampor och apparater<\/li>\n<li> Tillhandah\u00e5llande av transformatorer<\/li>\n<li> Handyman<\/li>\n<li> St\u00e4dservice<\/li>\n<li> St\u00e4mning av piano<\/li>\n<li> Installation\/avl\u00e4gsnande av parabolantenn<\/li>\n<li> Reng\u00f6ringsteam<\/li>\n<li> H\u00e4mtning p\u00e5 kontoret<\/li>\n<li> L\u00e5dor f\u00f6r v\u00e4lg\u00f6renhet<\/li>\n<li> <a href=\"https:\/\/moverdb.com\/sv\/biltransport-frakt\/\">Transport av fordon<\/a> och lagring.<\/li>\n<\/ul>\n<h2>Team Relocation F\u00f6retagsprofil<\/h2>\n<p>Team Relocation grundades 1977 och \u00e4r nu ett av de st\u00f6rsta f\u00f6retagen inom flytt- och <a href=\"https:\/\/moverdb.com\/sv\/international-removals\/\" data-internallinksmanager029f6b8e52c=\"27\" title=\"36 b\u00e4sta internationella flyttfirmor i Storbritannien\">flyttfirmor<\/a> i v\u00e4rlden. Team Location har kontor i 13 l\u00e4nder och m\u00e5nga framst\u00e5ende personer, multinationella f\u00f6retag och myndigheter anv\u00e4nder f\u00f6retaget f\u00f6r att flytta personal och f\u00f6retag utomlands och regionalt. <\/p>\n<p>Team Relocation samarbetar endast med partners som delar samma k\u00e4rnv\u00e4rden som Team Relocation; dessa omfattar kompetens, integritet, ansvar och s\u00e4kerhet. F\u00f6retaget koncentrerar sig p\u00e5 omlokalisering, flyttning och specialisttj\u00e4nster. <\/p>\n<p>F\u00f6retaget tror ocks\u00e5 starkt p\u00e5 internationella m\u00e4nskliga r\u00e4ttigheter och st\u00f6der m\u00e5nga v\u00e4lg\u00f6renhetsorganisationer runt om i v\u00e4rlden.<\/p>\n<p>Team Locations ackrediteringar och anslutningar anges nedan:<\/p>\n<ul>\n<li> <a href=\"https:\/\/moverdb.com\/sv\/british-association-of-removers\/\">Den brittiska sammanslutningen f\u00f6r flyttfirmor (BAR)<\/a><\/li>\n<li> DBA<\/li>\n<li> The <a href=\"https:\/\/moverdb.com\/sv\/mtc\/\">Movers Trading Club<\/a> (<a href=\"https:\/\/moverdb.com\/sv\/mtc\/\" data-internallinksmanager029f6b8e52c=\"30\" title=\"Movers Trading Club (MTC) f\u00f6rklaras\">MTC<\/a>)<\/li>\n<li> <a href=\"https:\/\/moverdb.com\/sv\/fidi-faim\/\">FAIM<\/a><\/li>\n<li> <a href=\"https:\/\/moverdb.com\/sv\/fidi-faim\/\">FIDI<\/a><\/li>\n<li> Den v\u00e4rldsomsp\u00e4nnande mobilitetsf\u00f6reningen <\/li>\n<li> <a href=\"https:\/\/moverdb.com\/sv\/jag-ar\/\">Internationella sammanslutningen av flyttfirmor (IAM)<\/a><\/li>\n<li> OMNI<\/li>\n<\/ul>\n<h2>Recensioner av Team Relocations<\/h2>\n<p><em>Just nu har vi inte kunnat hitta n\u00e5gra recensioner om Team Relocations n\u00e5gon annanstans p\u00e5 n\u00e4tet.<\/em><\/p>\n<div itemprop=\"review\" itemscope itemtype=\"http:\/\/schema.org\/Review\">\n<span itemprop=\"author\" itemscope=\"\" itemtype=\"http:\/\/schema.org\/Organization\"><span itemprop=\"name\">MoverDB.com<\/span><\/span> Webbplatsgranskning p\u00e5 n\u00e4tet f\u00f6r <span itemprop=\"itemreviewed\" itemscope=\"\" itemtype=\"http:\/\/schema.org\/Brand\"><span itemprop=\"name\">Team Relocations<\/span><\/span>:<\/p>\n<ol>\n<li> Tydliga kontaktuppgifter p\u00e5 webbplatsen (inklusive telefonnummer): <strong>Ja<\/strong><\/li>\n<li> L\u00e4tt att f\u00e5 <a href=\"https:\/\/moverdb.com\/sv\/citat\/\">offerter f\u00f6r internationella flyttningar<\/a>? (Formul\u00e4r f\u00f6r beg\u00e4ran om uppskattning online): <strong>Ja<\/strong><\/li>\n<li> Tydlig information p\u00e5 webbplatsen: <strong>Ja<\/strong>. Det \u00e4r en informativ webbplats, men detaljerad information m\u00e5ste s\u00f6kas direkt hos f\u00f6retaget.<\/li>\n<li> Medlemskap i internationellt erk\u00e4nda flyttorganisationer: <strong>Ja<\/strong>, se ovan.<\/li>\n<li> F\u00f6rteckning \u00f6ver kunder och\/eller tidigare kundreferenser: <strong>Nej.<\/strong><\/li>\n<\/ol>\n<div itemprop=\"reviewRating\" itemscope itemtype=\"http:\/\/schema.org\/Rating\"><meta itemprop=\"worstRating\" content = \"0\" \/><meta itemprop=\"bestRating\" content=\"5\" \/><meta itemprop=\"ratingValue\" content=\"4\"><\/div>\n<p><strong>Sammanfattande betyg: 4\/5<\/strong><br \/>\n<strong>Datum f\u00f6r granskning:<\/strong> <span itemprop=\"datePublished\" content=\"2016-05-22\">22\/05\/2016<\/span><\/p>\n<\/div>\n<p>Mer om <a href=\"https:\/\/moverdb.com\/sv\/flyttfirmor\/\">internationella flyttfirmor<\/a> och v\u00e5r <a href=\"https:\/\/moverdb.com\/sv\/recensioner\/\">f\u00f6rklaring av granskningsf\u00f6rfarandet<\/a>.<\/p>\n<p><strong>Webbplats:<\/strong> <a href=\"http:\/\/www.teamrelocations.com\/\" target=\"_blank\" rel=\"noopener\">http:\/\/www.teamrelocations.com<\/a><\/p>","protected":false},"excerpt":{"rendered":"<p>Team Relocations offers the following moving services for individuals and corporates moving personnel or whole offices abroad. Read Team Locations&#8217; company profile and reviews below. Personal and Corporate Moves Consultancy service offering individual solutions to moving Strategic relocation management Advanced webZone technology Packing and shipping Insurance arranged Property Services Home Search Tenancy Negotiations &#038; Renewals [&hellip;]<\/p>\n","protected":false},"author":1,"featured_media":0,"parent":0,"menu_order":0,"comment_status":"closed","ping_status":"closed","template":"","meta":{"_genesis_hide_title":false,"_genesis_hide_breadcrumbs":false,"_genesis_hide_singular_image":false,"_genesis_hide_footer_widgets":false,"_genesis_custom_body_class":"","_genesis_custom_post_class":"","_genesis_layout":"","footnotes":""},"class_list":{"0":"post-349","1":"page","2":"type-page","3":"status-publish","5":"entry"},"_links":{"self":[{"href":"https:\/\/moverdb.com\/sv\/wp-json\/wp\/v2\/pages\/349","targetHints":{"allow":["GET"]}}],"collection":[{"href":"https:\/\/moverdb.com\/sv\/wp-json\/wp\/v2\/pages"}],"about":[{"href":"https:\/\/moverdb.com\/sv\/wp-json\/wp\/v2\/types\/page"}],"author":[{"embeddable":true,"href":"https:\/\/moverdb.com\/sv\/wp-json\/wp\/v2\/users\/1"}],"replies":[{"embeddable":true,"href":"https:\/\/moverdb.com\/sv\/wp-json\/wp\/v2\/comments?post=349"}],"version-history":[{"count":12,"href":"https:\/\/moverdb.com\/sv\/wp-json\/wp\/v2\/pages\/349\/revisions"}],"predecessor-version":[{"id":6243,"href":"https:\/\/moverdb.com\/sv\/wp-json\/wp\/v2\/pages\/349\/revisions\/6243"}],"wp:attachment":[{"href":"https:\/\/moverdb.com\/sv\/wp-json\/wp\/v2\/media?parent=349"}],"curies":[{"name":"wp","href":"https:\/\/api.w.org\/{rel}","templated":true}]}}