{"id":348,"date":"2016-05-22T19:54:24","date_gmt":"2016-05-22T19:54:24","guid":{"rendered":"http:\/\/moverdb.com\/?page_id=348"},"modified":"2026-01-08T15:20:45","modified_gmt":"2026-01-08T15:20:45","slug":"sterling-relocation","status":"publish","type":"page","link":"https:\/\/moverdb.com\/sv\/sterling-relocation\/","title":{"rendered":"Sterling Relocation Internationell flyttning och flyttning Recensioner"},"content":{"rendered":"<p>Sterling erbjuder internationella arbetsgivare ett enkelt s\u00e4tt att omplacera sin personal \u00f6ver hela v\u00e4rlden. Deras tj\u00e4nster listas nedan, tillsammans med kundomd\u00f6men och en f\u00f6retagsprofil.<\/p>\n<p><strong>Flyttj\u00e4nster<\/strong><\/p>\n<ul>\n<li> F\u00f6rvaltning av uppdrag<\/li>\n<li> Utbildning i tv\u00e4rkultur<\/li>\n<li> Tj\u00e4nster vid avresa<\/li>\n<li> St\u00f6d till utbildning<\/li>\n<li> Kostnadshantering<\/li>\n<li> Uthyrning av m\u00f6bler<\/li>\n<li> Garanterad f\u00f6rs\u00e4ljning av bost\u00e4der<\/li>\n<li> Tj\u00e4nst f\u00f6r att hitta hem<\/li>\n<li> Invandring, visum och arbetstillst\u00e5nd<\/li>\n<li> Spr\u00e5kutbildning<\/li>\n<li> F\u00f6rflyttning av f\u00f6rvaltningen<\/li>\n<li> Flyttj\u00e4nster<\/li>\n<li> Orientering<\/li>\n<li> St\u00f6d till partner<\/li>\n<li> Samr\u00e5d om politik<\/li>\n<li> Fastighetsf\u00f6rvaltning<\/li>\n<li> Tj\u00e4nster f\u00f6r etablering<\/li>\n<li> Korttidsboende<\/li>\n<li> Lagring<\/li>\n<li> Hyresf\u00f6rvaltning<\/li>\n<li> \u00d6verdrag f\u00f6r transitering<\/li>\n<\/ul>\n<h2>Sterling Relocation F\u00f6retagsprofil<\/h2>\n<p>Sterling Relocation grundades 1991 med m\u00e5let att bli den fr\u00e4msta leverant\u00f6ren av globala flyttj\u00e4nster f\u00f6r f\u00f6retagsv\u00e4rlden. F\u00f6retaget \u00e4gs av UniGroup, ett f\u00f6retag med en oms\u00e4ttning p\u00e5 $1,7 miljarder euro som har flyttat m\u00e4nniskor i \u00f6ver 80 \u00e5r. <\/p>\n<p>UniGroup Relocation Network \u00e4r verksamt i \u00f6ver 180 l\u00e4nder genom 1200 servicecenter.<\/p>\n<p>M\u00e5nga av Sterling Relocations medarbetare har bott utomlands och f\u00f6rst\u00e5r d\u00e4rf\u00f6r de utmaningar som anst\u00e4llda och deras familjer st\u00e4lls inf\u00f6r n\u00e4r de flyttar utomlands. Varje kund har direkt kontakt med en anst\u00e4lld som ser till att alla aspekter av flytten g\u00e5r smidigt. <\/p>\n<p>Under 2015 var 99,63% av Sterling Relocations kunder n\u00f6jda med sin flytt.<\/p>\n<p>Sterling Relocation s\u00e4ger att deras v\u00e4rderingar, uppdrag och vision innefattar passion f\u00f6r branschen, \u00e4rlighet p\u00e5 alla fronter, omsorg om kunder och personal och att leverera b\u00e4sta m\u00f6jliga service.<\/p>\n<p>Sterling Relocation's lista \u00f6ver ackrediteringar och anslutningar:<\/p>\n<ul>\n<li> <a href=\"https:\/\/moverdb.com\/sv\/fidi-faim\/\">Federation of International Movers (federationen f\u00f6r internationella flyttfirmor)<\/a> (<a href=\"https:\/\/moverdb.com\/sv\/fidi-faim\/\" data-internallinksmanager029f6b8e52c=\"16\" title=\"FIDI &amp; FAIM (FIDI Accredited International Mover) f\u00f6rklaras\">FIDI<\/a>)<\/li>\n<li> <a href=\"https:\/\/moverdb.com\/sv\/forening-for-yrkesverksamma-flyttare\/\">F\u00f6reningen f\u00f6r yrkesverksamma inom flyttning<\/a> (<a href=\"https:\/\/moverdb.com\/sv\/association-relocation-professionals\/\" data-internallinksmanager029f6b8e52c=\"6\" title=\"F\u00f6rklaring av Association of Relocation Professionals (ARP)\">ARP<\/a>)<\/li>\n<li> <a href=\"https:\/\/moverdb.com\/sv\/radet-for-omplacering-av-arbetstagare\/\">R\u00e5det f\u00f6r omplacering av arbetstagare - ERC i hela v\u00e4rlden<\/a><\/li>\n<li> <a href=\"https:\/\/moverdb.com\/sv\/eura\/\">Den europeiska sammanslutningen f\u00f6r omlokalisering<\/a> (<a href=\"https:\/\/moverdb.com\/sv\/eura\/\" data-internallinksmanager029f6b8e52c=\"13\" title=\"European Relocation Association (EuRA) f\u00f6rklaras\">EuRA<\/a>)<\/li>\n<li> Internationellt n\u00e4tverk f\u00f6r utlandsflyttning (OMNI)<\/li>\n<li> <a href=\"https:\/\/moverdb.com\/sv\/jag-ar\/\">Internationella sammanslutningen av flyttfirmor (IAM)<\/a><\/li>\n<li> <a href=\"https:\/\/moverdb.com\/sv\/lacma\/\">Latin American &amp; Caribbean Movers Association (f\u00f6reningen f\u00f6r latinamerikanska och karibiska flyttfirmor)<\/a> (<a href=\"https:\/\/moverdb.com\/sv\/lacma\/\" data-internallinksmanager029f6b8e52c=\"28\" title=\"Latinamerikanska och karibiska internationella flyttf\u00f6reningen (LACMA)\">LACMA<\/a>)<\/li>\n<li> <a href=\"https:\/\/moverdb.com\/sv\/british-association-of-removers\/\">British Association of Removers (BAR)<\/a><\/li>\n<\/ul>\n<h2>Recensioner av Sterling Relocation<\/h2>\n<p><strong>Positivt<\/strong><\/p>\n<p><em>\"Sterlin har r\u00f6rt mig fr\u00e5n <a href=\"https:\/\/moverdb.com\/sv\/moving-to-london\/\">London<\/a> till <a href=\"https:\/\/moverdb.com\/sv\/moving-to-switzerland\/\" data-internallinksmanager029f6b8e52c=\"327\" title=\"Flyttar du till Schweiz? 2026 Levnadskostnader och flyttningstips\">Schweiz<\/a> i samband med en f\u00f6retagsflytt f\u00f6r n\u00e5gra \u00e5r sedan. Eftersom jag har genomlidit n\u00e5gra flyttar efter det k\u00e4nner jag mig nu i en position d\u00e4r jag kan bed\u00f6ma dem. Och jag m\u00e5ste s\u00e4ga att de helt enkelt ordnade den b\u00e4sta flytten jag hade.\"<\/em> - granskning <a href=\"http:\/\/www.yelp.co.uk\/biz\/sterling-corporate-relocation-london\" target=\"_blank\" rel=\"noopener\">via Yelp<\/a><\/p>\n<p><strong>Negativ<\/strong><\/p>\n<p><em>Vi kunde inte hitta n\u00e5gra negativa omd\u00f6men om Sterling Relocation p\u00e5 n\u00e4tet.<\/em><\/p>\n<div itemprop=\"review\" itemscope itemtype=\"http:\/\/schema.org\/Review\">\n<span itemprop=\"author\" itemscope=\"\" itemtype=\"http:\/\/schema.org\/Organization\"><span itemprop=\"name\">MoverDB.com<\/span><\/span> Webbplatsgranskning p\u00e5 n\u00e4tet f\u00f6r <span itemprop=\"itemreviewed\" itemscope=\"\" itemtype=\"http:\/\/schema.org\/Brand\"><span itemprop=\"name\">Sterling flyttning<\/span><\/span>:<\/p>\n<ol>\n<li> Tydliga kontaktuppgifter p\u00e5 webbplatsen (inklusive telefonnummer): <strong>Ja<\/strong><\/li>\n<li> L\u00e4tt att f\u00e5 <a href=\"https:\/\/moverdb.com\/sv\/citat\/\">offerter f\u00f6r internationella flyttningar<\/a>? (Formul\u00e4r f\u00f6r beg\u00e4ran om uppskattning online): <strong>Ja<\/strong><\/li>\n<li> Tydlig information p\u00e5 webbplatsen: <strong>Ja<\/strong> P\u00e5 Sterling Relocations webbplats finns omfattande information om alla aspekter av deras verksamhet. Den har ocks\u00e5 en anv\u00e4ndbar sektion \"Nyheter\" som ger uppdateringar om visumbehov och hur man lever i olika l\u00e4nder runt om i v\u00e4rlden.<\/li>\n<li> Medlemskap i internationellt erk\u00e4nda flyttorganisationer: <strong>Ja<\/strong>, se ovan.<\/li>\n<li> F\u00f6rteckning \u00f6ver kunder och\/eller tidigare kundreferenser: <strong>Delvis<\/strong> Det finns ingen kundlista, men det finns flera kundreferenser p\u00e5 webbplatsen.<\/li>\n<\/ol>\n<div itemprop=\"reviewRating\" itemscope itemtype=\"http:\/\/schema.org\/Rating\"><meta itemprop=\"worstRating\" content = \"0\" \/><meta itemprop=\"bestRating\" content=\"5\" \/><meta itemprop=\"ratingValue\" content=\"4.5\"><\/div>\n<p><strong>Sammanfattande betyg: 4.5\/5<\/strong><br \/>\n<strong>Datum f\u00f6r granskning:<\/strong> <span itemprop=\"datePublished\" content=\"2016-05-22\">22\/05\/2016<\/span>\n<\/div>\n<p>Mer om <a href=\"https:\/\/moverdb.com\/sv\/internationella-flyttar\/\">F\u00f6retag som utf\u00f6r flyttningar i Storbritannien<\/a> och v\u00e5r <a href=\"https:\/\/moverdb.com\/sv\/recensioner\/\">f\u00f6rklaring av granskningsf\u00f6rfarandet<\/a>.<\/p>\n<p><strong>Webbplats:<\/strong> <a href=\"http:\/\/www.sterling.com\/\" target=\"_blank\" rel=\"noopener\">http:\/\/www.sterling.com\/<\/a><\/p>","protected":false},"excerpt":{"rendered":"<p>Sterling offers international employers an easy way to relocate their staff worldwide. Their services are listed below, together with customer reviews and a company profile. Relocation Services Assignment Management Cross Culture Training Departure Services Education Assistance Expense Management Furniture Rental Guaranteed Home Sale Home Finding Service Immigration, Visa and Work Permits Language Training Move Management [&hellip;]<\/p>\n","protected":false},"author":1,"featured_media":0,"parent":0,"menu_order":0,"comment_status":"closed","ping_status":"closed","template":"","meta":{"_genesis_hide_title":false,"_genesis_hide_breadcrumbs":false,"_genesis_hide_singular_image":false,"_genesis_hide_footer_widgets":false,"_genesis_custom_body_class":"","_genesis_custom_post_class":"","_genesis_layout":"","footnotes":""},"class_list":{"0":"post-348","1":"page","2":"type-page","3":"status-publish","5":"entry"},"_links":{"self":[{"href":"https:\/\/moverdb.com\/sv\/wp-json\/wp\/v2\/pages\/348","targetHints":{"allow":["GET"]}}],"collection":[{"href":"https:\/\/moverdb.com\/sv\/wp-json\/wp\/v2\/pages"}],"about":[{"href":"https:\/\/moverdb.com\/sv\/wp-json\/wp\/v2\/types\/page"}],"author":[{"embeddable":true,"href":"https:\/\/moverdb.com\/sv\/wp-json\/wp\/v2\/users\/1"}],"replies":[{"embeddable":true,"href":"https:\/\/moverdb.com\/sv\/wp-json\/wp\/v2\/comments?post=348"}],"version-history":[{"count":15,"href":"https:\/\/moverdb.com\/sv\/wp-json\/wp\/v2\/pages\/348\/revisions"}],"predecessor-version":[{"id":6240,"href":"https:\/\/moverdb.com\/sv\/wp-json\/wp\/v2\/pages\/348\/revisions\/6240"}],"wp:attachment":[{"href":"https:\/\/moverdb.com\/sv\/wp-json\/wp\/v2\/media?parent=348"}],"curies":[{"name":"wp","href":"https:\/\/api.w.org\/{rel}","templated":true}]}}