{"id":347,"date":"2016-05-22T19:43:53","date_gmt":"2016-05-22T19:43:53","guid":{"rendered":"http:\/\/moverdb.com\/?page_id=347"},"modified":"2026-01-08T15:20:38","modified_gmt":"2026-01-08T15:20:38","slug":"santa-fe-relocation","status":"publish","type":"page","link":"https:\/\/moverdb.com\/sv\/santa-fe-relocation\/","title":{"rendered":"Santa Fe Relocation Services internationella flyttar och flyttningar Recensioner"},"content":{"rendered":"<p>Santa Fe Relocation Services \u00e4r ett h\u00f6gklassigt flyttf\u00f6retag. F\u00f6retagets m\u00e5nga flyttj\u00e4nster listas nedan, tillsammans med en f\u00f6retagsprofil och kundrecensioner.<\/p>\n<p><strong>Tj\u00e4nster f\u00f6r global r\u00f6rlighet<\/strong><\/p>\n<ul>\n<li> Global omlokalisering och DSP-hantering \u00f6ver hela v\u00e4rlden<\/li>\n<li> Handl\u00e4ggning av viseringar och invandring<\/li>\n<li> Flytthantering f\u00f6r privatpersoner och f\u00f6retagsanst\u00e4llda<\/li>\n<\/ul>\n<p><strong>Flytt- och lagringstj\u00e4nster<\/strong><\/p>\n<ul>\n<li> Internationell flyttning<\/li>\n<li> Inrikes och lokal flyttning<\/li>\n<li> Lagring<\/li>\n<li> Flyttning av husdjur<\/li>\n<li> <a href=\"https:\/\/moverdb.com\/sv\/biltransport-frakt\/\">Transport av fordon<\/a><\/li>\n<li> L\u00e4nkar till skyddst\u00e4ckning<\/li>\n<li> Handyman &amp; Valet Services<\/li>\n<li> Uthyrning av m\u00f6bler<\/li>\n<li> Utm\u00e4rkta tj\u00e4nster inom flytt- och f\u00f6rvaringstj\u00e4nster<\/li>\n<\/ul>\n<p><strong>Flyttj\u00e4nster<\/strong><\/p>\n<ul>\n<li> Tilldelning av ett eng\u00e5ngsbelopp<\/li>\n<li> Kortsiktiga uppdrag<\/li>\n<li> S\u00f6kning p\u00e5 hemsidan<\/li>\n<li> S\u00f6kning av skola<\/li>\n<li> Inskolning i tj\u00e4nsterna<\/li>\n<li> Checklista och omlokalisering i \u00f6verblick<\/li>\n<li> Visum och invandring<\/li>\n<li> Guider om resm\u00e5l<\/li>\n<\/ul>\n<p><strong>Kommersiella tj\u00e4nster<\/strong><\/p>\n<ul>\n<li> Flyttning av kontor<\/li>\n<li> Hotellinstallationer<\/li>\n<li> Utst\u00e4llningar runt om i v\u00e4rlden<\/li>\n<li> Flyttning av konst och antikviteter<\/li>\n<li> S\u00e4rskilda projekt som sjukhusflyttar, milit\u00e4ra anl\u00e4ggningar, utbildningsanl\u00e4ggningar.<\/li>\n<\/ul>\n<h2>Santa Fe Relocation Services f\u00f6retagsprofil<\/h2>\n<p>Santa Fe erbjuder tj\u00e4nster f\u00f6r global r\u00f6rlighet f\u00f6r utlandsanst\u00e4llda. F\u00f6retaget \u00e4r stolt \u00f6ver att det tar bort stressen i samband med omplaceringar av anst\u00e4llda och kan skryta med sina Fortune 500-kunder. F\u00f6retaget hanterar cirka 60 000 internationella flyttar och 15 000 inhemska flyttar per \u00e5r. <\/p>\n<p>Santa Fe b\u00f6rjade sitt liv i <a href=\"https:\/\/moverdb.com\/sv\/moving-to-hong-kong\/\" data-internallinksmanager029f6b8e52c=\"350\" title=\"Flytta till Hong Kong? 2026 Levnadskostnader och tips om flytt\">Hong Kong<\/a> \u00e5r 1980. Santa Fe-gruppen har f\u00f6rv\u00e4rvat f\u00f6retag \u00f6ver hela v\u00e4rlden, varav det \u00e4ldsta \u00e4r Wridgways of <a href=\"https:\/\/moverdb.com\/sv\/moving-to-australia\/living-in-australia\/\" data-internallinksmanager029f6b8e52c=\"240\" title=\"21 hemligheter om att bo i Australien som du b\u00f6r k\u00e4nna till innan du flyttar\">Australien<\/a> som grundades 1892. Santa Fe har kontor p\u00e5 sex kontinenter, med huvudkontor i <a href=\"https:\/\/moverdb.com\/sv\/moving-to-london\/\">London<\/a> och erbjuder globala, regionala och lokala flyttningar till sina kunder. <\/p>\n<p>Santa Fe Relocation Services F\u00f6reningar och ackrediteringar:<\/p>\n<ul>\n<li> <a href=\"https:\/\/moverdb.com\/sv\/radet-for-omplacering-av-arbetstagare\/\">Det v\u00e4rldsomsp\u00e4nnande europeiska forskningsr\u00e5det<\/a><\/li>\n<li> <a href=\"https:\/\/moverdb.com\/sv\/eura\/\">Europeiska sammanslutningen f\u00f6r omlokalisering<\/a> (<a href=\"https:\/\/moverdb.com\/sv\/eura\/\" data-internallinksmanager029f6b8e52c=\"13\" title=\"European Relocation Association (EuRA) f\u00f6rklaras\">EuRA<\/a>)<\/li>\n<li> <a href=\"https:\/\/moverdb.com\/sv\/fidi-faim\/\">Global Federation of International Moving Companies (V\u00e4rldsf\u00f6rbundet f\u00f6r internationella flyttfirmor)<\/a> (<a href=\"https:\/\/moverdb.com\/sv\/fidi-faim\/\" data-internallinksmanager029f6b8e52c=\"16\" title=\"FIDI &amp; FAIM (FIDI Accredited International Mover) f\u00f6rklaras\">FIDI<\/a>)<\/li>\n<li> <a href=\"https:\/\/moverdb.com\/sv\/fidi-faim\/\">FIDI-FAIM och FAIM Plus ackrediterade<\/a><\/li>\n<li> <a href=\"https:\/\/moverdb.com\/sv\/jag-ar\/\">Internationella sammanslutningen av flyttare (IAM)<\/a><\/li>\n<li> <a href=\"https:\/\/moverdb.com\/sv\/lacma\/\">LACMA<\/a><\/li>\n<li> ISO9001 Kvalitetsstyrning<\/li>\n<li> ISO14001 Milj\u00f6styrning<\/li>\n<li> OHSAS18001 H\u00e4lso- och s\u00e4kerhetshantering<\/li>\n<li> ISO27001 Datas\u00e4kerhet<\/li>\n<\/ul>\n<h2>Recensioner av Santa Fe Relocation Services<\/h2>\n<p><strong>Positivt<\/strong><\/p>\n<p><em>\"Santa Fe har ett lag fr\u00e5n Berlin (<a href=\"https:\/\/moverdb.com\/sv\/moving-to-germany\/\" data-internallinksmanager029f6b8e52c=\"321\" title=\"Flyttar du till Tyskland? 2026 Levnadskostnader och flyttningstips\">Tyskland<\/a>) och de \u00f6verraskade mig verkligen med den service de erbj\u00f6d. H. Schulz och A. Hoenow genomf\u00f6rde min flytt smidigt, effektivt och alltid med en v\u00e4nlig attityd.\"<\/em> Dot Stein via <a href=\"http:\/\/www.mymovingreviews.com\/movingreviews\/simply-the-best-51520\" target=\"_blank\" rel=\"noopener\">MyMovingReviews<\/a><\/p>\n<p><em>\"Fr\u00e5n b\u00f6rjan till slut var servicen professionell, hj\u00e4lpsam och teamet gjorde allt f\u00f6r att s\u00e4kerst\u00e4lla att flytten genomf\u00f6rdes p\u00e5 ett bra s\u00e4tt.\"<\/em> Linda, Melbourne via <a href=\"http:\/\/www.productreview.com.au\/p\/santa-fe-wridgways.html\" target=\"_blank\" rel=\"noopener\">Produkt\u00f6versikt<\/a><\/p>\n<p><strong>Negativ<\/strong><\/p>\n<p><em>\"ANV\u00c4ND INTE. F\u00f6retaget som de anlitade (Roy Trevor Removals) f\u00f6rst\u00f6rde helt och h\u00e5llet mina helt nya tr\u00e4golv och f\u00f6rs\u00f6kte faktiskt skylla p\u00e5 <a href=\"https:\/\/moverdb.com\/sv\/moving-to-the-united-states\/\" data-internallinksmanager029f6b8e52c=\"94\" title=\"Flyttar du till USA? 2026 Levnadskostnader och flyttningstips\">oss<\/a> f\u00f6r skadan.\"<\/em> Pamela Rollins via <a href=\"http:\/\/www.mymovingreviews.com\/movingreviews\/horrible-damage-to-floors-51782\" target=\"_blank\" rel=\"noopener\">MyMovingReviews<\/a><\/p>\n<p><em>\"Detta var en internationell flytt fr\u00e5n PNG till Perth. Vi hade packat ihop i oktober 2015, mer \u00e4n fem m\u00e5nader senare och vi har fortfarande inte alla v\u00e5ra saker.\" <\/em>Liz via <a href=\"http:\/\/www.productreview.com.au\/p\/santa-fe-wridgways.html\" target=\"_blank\" rel=\"noopener\">Produkt\u00f6versikt<\/a><\/p>\n<div itemprop=\"review\" itemscope itemtype=\"http:\/\/schema.org\/Review\">\n<span itemprop=\"author\" itemscope=\"\" itemtype=\"http:\/\/schema.org\/Organization\"><span itemprop=\"name\">MoverDB.com<\/span><\/span> Webbplatsgranskning p\u00e5 n\u00e4tet f\u00f6r <span itemprop=\"itemreviewed\" itemscope=\"\" itemtype=\"http:\/\/schema.org\/Brand\"><span itemprop=\"name\">Flyttj\u00e4nster i Santa Fe<\/span><\/span>:<\/p>\n<ol>\n<li> Tydliga kontaktuppgifter p\u00e5 webbplatsen (inklusive telefonnummer): <strong>Ja<\/strong><\/li>\n<li> L\u00e4tt att f\u00e5 <a href=\"https:\/\/moverdb.com\/sv\/citat\/\">offerter f\u00f6r internationella flyttningar<\/a>? (Formul\u00e4r f\u00f6r beg\u00e4ran om uppskattning online): <strong>Ja<\/strong><\/li>\n<li> Tydlig information p\u00e5 webbplatsen: <strong>Ja<\/strong>. En mycket informativ webbplats.<\/li>\n<li> Medlemskap i internationellt erk\u00e4nda flyttorganisationer: <strong>Ja<\/strong>, se ovan.<\/li>\n<li> F\u00f6rteckning \u00f6ver kunder och\/eller tidigare kundreferenser: <strong>Ja<\/strong>Det finns ingen lista \u00f6ver kunder, men det finns m\u00e5nga positiva kundomd\u00f6men.<\/li>\n<\/ol>\n<div itemprop=\"reviewRating\" itemscope itemtype=\"http:\/\/schema.org\/Rating\"><meta itemprop=\"worstRating\" content = \"0\" \/><meta itemprop=\"bestRating\" content=\"5\" \/><meta itemprop=\"ratingValue\" content=\"5\"><\/div>\n<p><strong>Sammanfattande betyg: 5\/5<\/strong><br \/>\n<strong>Datum f\u00f6r granskning:<\/strong> <span itemprop=\"datePublished\" content=\"2016-05-22\">22\/05\/2016<\/span>\n<\/div>\n<p>Mer om <a href=\"https:\/\/moverdb.com\/sv\/internationella-flyttar\/\">F\u00f6retag som utf\u00f6r flyttningar i Storbritannien<\/a> och v\u00e5r <a href=\"https:\/\/moverdb.com\/sv\/recensioner\/\">f\u00f6rklaring av granskningsf\u00f6rfarandet<\/a>.<\/p>\n<p><strong>Webbplats:<\/strong> <a href=\"http:\/\/www.santaferelo.com\/\" target=\"_blank\" rel=\"noopener\">http:\/\/www.santaferelo.com\/<\/a><\/p>","protected":false},"excerpt":{"rendered":"<p>Santa Fe Relocation Services is a high-end relocation company. It&#8217;s many removal services are listed below, together with a company profile and customer reviews. Global Mobility Services Global relocation and DSP management worldwide Visa and immigration management Move management for individuals and corporate employees Moving and Storage Services International Moving Domestic and Local Moving Storage [&hellip;]<\/p>\n","protected":false},"author":1,"featured_media":0,"parent":0,"menu_order":0,"comment_status":"closed","ping_status":"closed","template":"","meta":{"_genesis_hide_title":false,"_genesis_hide_breadcrumbs":false,"_genesis_hide_singular_image":false,"_genesis_hide_footer_widgets":false,"_genesis_custom_body_class":"","_genesis_custom_post_class":"","_genesis_layout":"","footnotes":""},"class_list":{"0":"post-347","1":"page","2":"type-page","3":"status-publish","5":"entry"},"_links":{"self":[{"href":"https:\/\/moverdb.com\/sv\/wp-json\/wp\/v2\/pages\/347","targetHints":{"allow":["GET"]}}],"collection":[{"href":"https:\/\/moverdb.com\/sv\/wp-json\/wp\/v2\/pages"}],"about":[{"href":"https:\/\/moverdb.com\/sv\/wp-json\/wp\/v2\/types\/page"}],"author":[{"embeddable":true,"href":"https:\/\/moverdb.com\/sv\/wp-json\/wp\/v2\/users\/1"}],"replies":[{"embeddable":true,"href":"https:\/\/moverdb.com\/sv\/wp-json\/wp\/v2\/comments?post=347"}],"version-history":[{"count":14,"href":"https:\/\/moverdb.com\/sv\/wp-json\/wp\/v2\/pages\/347\/revisions"}],"predecessor-version":[{"id":6235,"href":"https:\/\/moverdb.com\/sv\/wp-json\/wp\/v2\/pages\/347\/revisions\/6235"}],"wp:attachment":[{"href":"https:\/\/moverdb.com\/sv\/wp-json\/wp\/v2\/media?parent=347"}],"curies":[{"name":"wp","href":"https:\/\/api.w.org\/{rel}","templated":true}]}}