{"id":3392,"date":"2019-09-20T11:37:54","date_gmt":"2019-09-20T11:37:54","guid":{"rendered":"https:\/\/moverdb.com\/?page_id=3392"},"modified":"2026-01-08T14:39:59","modified_gmt":"2026-01-08T14:39:59","slug":"international-van-lines","status":"publish","type":"page","link":"https:\/\/moverdb.com\/sv\/international-van-lines\/","title":{"rendered":"International Van Lines (IVL): Recensioner av flyttning och flyttning"},"content":{"rendered":"<p><img loading=\"lazy\" decoding=\"async\" width=\"700\" height=\"158\" src=\"https:\/\/moverdb.com\/wp-content\/uploads\/International-Van-Lines-Logo.png\" alt=\"International Van Lines logotyp\" class=\"aligncenter size-full wp-image-3389\" data-wp-pid=\"3389\" srcset=\"https:\/\/moverdb.com\/wp-content\/uploads\/International-Van-Lines-Logo.png 700w, https:\/\/moverdb.com\/wp-content\/uploads\/International-Van-Lines-Logo-300x68.png 300w, https:\/\/moverdb.com\/wp-content\/uploads\/International-Van-Lines-Logo-600x135.png 600w\" sizes=\"auto, (max-width: 700px) 100vw, 700px\" \/><\/p>\n<p>International Van Lines \u00e4r en amerikansk flyttfirma som grundades \u00e5r 2000 och \u00e4r nu en av de st\u00f6rsta flyttfirmorna i v\u00e4rlden. <a href=\"https:\/\/moverdb.com\/sv\/moving-companies\/\" data-internallinksmanager029f6b8e52c=\"79\" title=\"Topp 25 internationella flyttfirmor p\u00e5 n\u00e4tet\">internationella flyttfirmor<\/a> i v\u00e4rlden. Consumer Advocate har utsett dem till det b\u00e4sta flyttf\u00f6retaget 2017, 2018 och 2019.<\/p>\n<p>H\u00e4r \u00e4r n\u00e5gra av de tj\u00e4nster som de erbjuder:<\/p>\n<p><a href=\"https:\/\/moverdb.com\/sv\/container-transport\/\"><strong>Frakt med full containerlast (FCL)<\/strong><\/a><\/p>\n<ul>\n<li> Torra beh\u00e5llare<\/li>\n<li> 20\u2032 och 40\u2032 alternativ tillg\u00e4ngliga<\/li>\n<li> D\u00f6rr-till-d\u00f6rr-tj\u00e4nster eller levande last (DIY)<\/li>\n<li> Licensierad av Federal Maritime Commission som <a href=\"https:\/\/moverdb.com\/sv\/freight-forwarder\/\" data-internallinksmanager029f6b8e52c=\"17\" title=\"Guide f\u00f6r internationella kostnader och f\u00f6retag f\u00f6r spedit\u00f6rer och NVOCC\">spedit\u00f6r<\/a>.<\/li>\n<\/ul>\n<p><strong>Sj\u00f6frakt<\/strong><\/p>\n<ul>\n<li> D\u00f6rr till d\u00f6rr<\/li>\n<li> D\u00f6rr till <a href=\"https:\/\/moverdb.com\/sv\/top-49-container-ports\/\" data-internallinksmanager029f6b8e52c=\"80\" title=\"Topp 49 st\u00f6rsta och mest trafikerade containerhamnar 2025\">Hamn<\/a><\/li>\n<li> Port till d\u00f6rr<\/li>\n<li> Fr\u00e5n hamn till hamn<\/li>\n<\/ul>\n<p><strong>Luftfrakttj\u00e4nster<\/strong><\/p>\n<ul>\n<li> Hantera b\u00e5de flygfrakt och expressfrakt<\/li>\n<li> Kan n\u00e5gra f\u00e5 l\u00e5dor eller ett helt hush\u00e5ll<\/li>\n<li> Erbjuder tj\u00e4nster fr\u00e5n d\u00f6rr till d\u00f6rr, fr\u00e5n d\u00f6rr till terminal, fr\u00e5n terminal till d\u00f6rr eller fr\u00e5n terminal till terminal.<\/li>\n<li> Alla hush\u00e5llsvaror kommer att vara krympinpackade och placeras p\u00e5 pallar innan de lastas.<\/li>\n<li> Ta hand om allt pappersarbete som kr\u00e4vs f\u00f6r att tullklarera<\/li>\n<\/ul>\n<p><a href=\"https:\/\/moverdb.com\/sv\/biltransport-frakt\/\"><strong>Biltransporter<\/strong><\/a><\/p>\n<ul>\n<li> <a href=\"https:\/\/moverdb.com\/sv\/container-shipping\/\" data-internallinksmanager029f6b8e52c=\"3\" title=\"Diagram \u00f6ver internationella containerfraktpriser: April 2026\">Containerf\u00f6rs\u00e4ndelser<\/a><\/li>\n<li> Konsolideringstj\u00e4nst<\/li>\n<li> Rulla p\u00e5, rulla av (RO\/RO)<\/li>\n<li> Dokumentation f\u00f6r tullklarering<\/li>\n<li> F\u00f6rs\u00e4kringsalternativ<\/li>\n<\/ul>\n<p><strong>Flyttj\u00e4nster p\u00e5 l\u00e5nga avst\u00e5nd<\/strong><\/p>\n<ul>\n<li> F\u00f6r flyttningar inom <a href=\"https:\/\/moverdb.com\/sv\/moving-to-the-united-states\/\" data-internallinksmanager029f6b8e52c=\"94\" title=\"Flyttar du till USA? 2026 Levnadskostnader och flyttningstips\">F\u00f6renta staterna<\/a><\/li>\n<li> F\u00f6rpackning<\/li>\n<li> Lagring<\/li>\n<li> F\u00f6rvaring i kasse<\/li>\n<li> Specialiserade tj\u00e4nster<\/li>\n<\/ul>\n<p><strong>Andra tj\u00e4nster<\/strong><\/p>\n<ul>\n<li> Flyttning av f\u00f6retag<\/li>\n<li> Kontorsflyttar<\/li>\n<li> Flyttningar inom regering och milit\u00e4r<\/li>\n<li> Tj\u00e4nster f\u00f6r transport\u00f6rer och m\u00e4klare<\/li>\n<\/ul>\n<h2>International Van Lines f\u00f6retagsprofil<\/h2>\n<p>International Van Lines h\u00e4vdar att de hanterar \u00f6ver 10 000 flyttar per \u00e5r och att de har en klagom\u00e5lsfrekvens p\u00e5 mindre \u00e4n 1%. De t\u00e4cker hela USA och \u00f6ver 180 l\u00e4nder. De har varit verksamma inom internationell flyttverksamhet sedan 2000 och ut\u00f6kade sitt utbud till att erbjuda inhemska l\u00e5ngdistansflyttningar 2004. De har f\u00f6r n\u00e4rvarande \u00f6ver 200 anst\u00e4llda och fanns med p\u00e5 INC 5000-listan \u00f6ver snabbast v\u00e4xande f\u00f6retag i USA 2012. <\/p>\n<p>International Van Lines har ocks\u00e5 f\u00e5tt bra recensioner fr\u00e5n <a href=\"https:\/\/uk.trustpilot.com\/review\/www.internationalvanlines.com\" rel=\"noopener noreferrer\" target=\"_blank\">Trustpilot<\/a> (4,3 av 5), <a href=\"https:\/\/www.move.org\/international-van-lines-review\/\" rel=\"noopener noreferrer\" target=\"_blank\">Move.org<\/a> (4,7 av 5) och <a href=\"https:\/\/www.consumeraffairs.com\/homeowners\/international-van-lines.html\" rel=\"noopener noreferrer\" target=\"_blank\">Konsumentfr\u00e5gor<\/a> (4 av 5). Om du flyttar till eller fr\u00e5n USA \u00e4r de d\u00e4rf\u00f6r v\u00e4rda att f\u00e5 en offert fr\u00e5n.<\/p>\n<p>De har ackreditering som:<\/p>\n<ul>\n<li> Licensierad <a href=\"https:\/\/safer.fmcsa.dot.gov\/query.asp?searchtype=ANY&#038;query_type=queryCarrierSnapshot&#038;query_param=USDOT&#038;query_string=2293832\" rel=\"noopener noreferrer\" target=\"_blank\">DOT Carrier<\/a><\/li>\n<li> <a href=\"https:\/\/moverdb.com\/sv\/speditor\/\">NVOCC<\/a> licens (non-vessel operating common carrier)<\/li>\n<li> FMC (Federal Maritime Commission) <\/li>\n<li> <a href=\"https:\/\/moverdb.com\/sv\/falg-promover\/\">ProMover<\/a><\/li>\n<\/ul>\n<h2>Recensioner av International Van Lines<\/h2>\n<p><strong>Positivt:<\/strong><\/p>\n<ul>\n<li> <em>\"IVL gjorde ett fantastiskt jobb med min l\u00e5ngv\u00e4ga flytt. Bes\u00e4ttningen kom i tid, packade bra och gjorde vad de lovade att g\u00f6ra. Jag skulle anv\u00e4nda dem igen vid behov.\"<\/em> - Martha B. via f\u00f6retagets webbplats<\/li>\n<li> <em>\"International Van Lines levererade nyligen mina saker. Efter inspektion hade jag inga skador eller f\u00f6rluster, vilket \u00e4r utm\u00e4rkt.\"<\/em> - IVY Powers via Move.org <\/li>\n<li> <em>\"Jag var n\u00f6jd med min erfarenhet av IVL och skulle \u00f6verv\u00e4ga dem om jag var tvungen att skicka eller flytta utomlands.\"<\/em> - Jeff via konsumentfr\u00e5gor<\/li>\n<li> <em>\"P\u00e5 det hela taget var min upplevelse fantastisk! Jag skulle arbeta med dem igen om det skulle beh\u00f6vas.\"<\/em> - Sade via Trustpliot<\/li>\n<\/ul>\n<p><strong>Negativt:<\/strong><\/p>\n<ul>\n<li> <em>\"Jag \u00e4r mycket besviken och skulle aldrig rekommendera International Van Lines till n\u00e5gon.\"<\/em> - Ezeibe via Trustpilot<\/li>\n<li> <em>\"De f\u00f6rlorade en matta och andra saker.\"<\/em> - Maritini Dog via Move.org<\/li>\n<li> <em>\"D\u00e5lig misskommunikation i b\u00f6rjan om n\u00e4r de faktiskt skulle flytta v\u00e5ra saker till v\u00e5rt nya hus.\"<\/em> - Erin via konsumentfr\u00e5gor<\/li>\n<\/ul>\n<div itemprop=\"review\" itemscope itemtype=\"http:\/\/schema.org\/Review\">\n<span itemprop=\"author\" itemscope=\"\" itemtype=\"http:\/\/schema.org\/Organization\"><span itemprop=\"name\">MoverDB.com<\/span><\/span> Webbplatsgranskning p\u00e5 n\u00e4tet f\u00f6r <span itemprop=\"itemreviewed\" itemscope=\"\" itemtype=\"http:\/\/schema.org\/Brand\"><span itemprop=\"name\">International Van Lines<\/span><\/span>:<\/p>\n<ol>\n<li> Tydliga kontaktuppgifter p\u00e5 webbplatsen (inklusive telefonnummer): <strong>Ja<\/strong><\/li>\n<li> L\u00e4tt att f\u00e5 <a href=\"https:\/\/moverdb.com\/sv\/citat\/\">offerter f\u00f6r internationella flyttningar<\/a>? (Formul\u00e4r f\u00f6r beg\u00e4ran om uppskattning online): <strong>Ja<\/strong><\/li>\n<li> Tydlig information p\u00e5 webbplatsen: <strong>Ja.<\/strong> Webbplatsen inneh\u00e5ller en tydlig beskrivning av alla tj\u00e4nster som f\u00f6retaget erbjuder.<\/li>\n<li> Medlemskap i internationellt erk\u00e4nda flyttorganisationer: <strong>Ja<\/strong>, (se ovan)<\/li>\n<li> F\u00f6rteckning \u00f6ver kunder och\/eller tidigare kundreferenser. <strong>Ja,<\/strong> De har online-omd\u00f6men p\u00e5 sin webbplats och har m\u00e5nga positiva omd\u00f6men p\u00e5 n\u00e4tet.<\/li>\n<\/ol>\n<div itemprop=\"reviewRating\" itemscope itemtype=\"http:\/\/schema.org\/Rating\"><meta itemprop=\"worstRating\" content = \"0\" \/><meta itemprop=\"bestRating\" content=\"5\" \/><meta itemprop=\"ratingValue\" content=\"5\"><\/div>\n<p><strong>Sammanfattande betyg: 5\/5<\/strong><br \/>\n<strong>Datum f\u00f6r granskning:<\/strong> <span itemprop=\"datePublished\" content=\"2019-09-20\">20\/09\/2019<\/span>\n<\/div>\n<p>L\u00e4s mer om <a href=\"https:\/\/moverdb.com\/sv\/flyttfirmor\/\">internationella flyttfirmor<\/a>, <a href=\"https:\/\/moverdb.com\/sv\/us-canada-movers\/\">flyttfirmor f\u00f6r inhemsk flyttning<\/a> och v\u00e5r <a href=\"https:\/\/moverdb.com\/sv\/recensioner\/\">f\u00f6rklaring av granskningsf\u00f6rfarandet<\/a>.<\/p>\n<p><strong>Webbplats:<\/strong> <a href=\"https:\/\/internationalvanlines.com\/\" target=\"_blank\" rel=\"noopener noreferrer\">https:\/\/internationalvanlines.com\/<\/a><\/p>","protected":false},"excerpt":{"rendered":"<p>International Van Lines is an American based mover founded in 2000 and is now one the largest international moving companies in the world. They have been rated as The Best Moving Company by Consumer Advocate in 2017, 2018 and 2019. Here are some of the services they provide: Full Container Load (FCL) Shipping Dry Containers [&hellip;]<\/p>\n","protected":false},"author":1,"featured_media":0,"parent":0,"menu_order":0,"comment_status":"closed","ping_status":"closed","template":"","meta":{"_genesis_hide_title":false,"_genesis_hide_breadcrumbs":false,"_genesis_hide_singular_image":false,"_genesis_hide_footer_widgets":false,"_genesis_custom_body_class":"","_genesis_custom_post_class":"","_genesis_layout":"","footnotes":""},"class_list":{"0":"post-3392","1":"page","2":"type-page","3":"status-publish","5":"entry","6":"has-post-thumbnail"},"_links":{"self":[{"href":"https:\/\/moverdb.com\/sv\/wp-json\/wp\/v2\/pages\/3392","targetHints":{"allow":["GET"]}}],"collection":[{"href":"https:\/\/moverdb.com\/sv\/wp-json\/wp\/v2\/pages"}],"about":[{"href":"https:\/\/moverdb.com\/sv\/wp-json\/wp\/v2\/types\/page"}],"author":[{"embeddable":true,"href":"https:\/\/moverdb.com\/sv\/wp-json\/wp\/v2\/users\/1"}],"replies":[{"embeddable":true,"href":"https:\/\/moverdb.com\/sv\/wp-json\/wp\/v2\/comments?post=3392"}],"version-history":[{"count":3,"href":"https:\/\/moverdb.com\/sv\/wp-json\/wp\/v2\/pages\/3392\/revisions"}],"predecessor-version":[{"id":3396,"href":"https:\/\/moverdb.com\/sv\/wp-json\/wp\/v2\/pages\/3392\/revisions\/3396"}],"wp:attachment":[{"href":"https:\/\/moverdb.com\/sv\/wp-json\/wp\/v2\/media?parent=3392"}],"curies":[{"name":"wp","href":"https:\/\/api.w.org\/{rel}","templated":true}]}}