{"id":320,"date":"2016-05-17T21:20:57","date_gmt":"2016-05-17T21:20:57","guid":{"rendered":"http:\/\/moverdb.com\/?page_id=320"},"modified":"2026-01-08T14:40:08","modified_gmt":"2026-01-08T14:40:08","slug":"matthew-james","status":"publish","type":"page","link":"https:\/\/moverdb.com\/sv\/matthew-james\/","title":{"rendered":"Matthew James globala omlokaliseringar"},"content":{"rendered":"<p>Matthew James Global Relocations \u00e4r ett privat\u00e4gt f\u00f6retag som erbjuder m\u00e5nga tj\u00e4nster f\u00f6r privatpersoner och f\u00f6retag som flyttar utomlands och lokalt. Nedan finns en f\u00f6rteckning \u00f6ver tj\u00e4nsterna, en f\u00f6retagsprofil och recensioner.<\/p>\n<p><strong>Internationella flyttningar<\/strong><\/p>\n<ul>\n<li> Fullst\u00e4ndig d\u00f6rr till d\u00f6rr-tj\u00e4nst<\/li>\n<li> F\u00f6rpackning och omslag f\u00f6r export<\/li>\n<li> Tj\u00e4nster f\u00f6r uppackning och \u00e5termontering<\/li>\n<li> <a href=\"https:\/\/moverdb.com\/sv\/container-shipping\/\" data-internallinksmanager029f6b8e52c=\"3\" title=\"Diagram \u00f6ver internationella containerfraktpriser: April 2026\">Internationell frakt<\/a> inventering<\/li>\n<li> S\u00e4rskilda f\u00f6rs\u00e4ndelser och samlastningsf\u00f6rs\u00e4ndelser<\/li>\n<li> Hj\u00e4lp med tullklarering<\/li>\n<li> Skr\u00e4ddarsydda l\u00e5dor f\u00f6r \u00f6mt\u00e5liga och k\u00e4nsliga f\u00f6rem\u00e5l<\/li>\n<li> Internationell djuphavsf\u00f6rs\u00e4kring<\/li>\n<li> Allm\u00e4nt f\u00f6rs\u00e4kringsskydd<\/li>\n<\/ul>\n<p><strong>Flyttningar i Europa<\/strong><\/p>\n<ul>\n<li> Fullst\u00e4ndig d\u00f6rr till d\u00f6rr-tj\u00e4nst<\/li>\n<li> Packning, f\u00f6rpackning och uppackning<\/li>\n<li> <a href=\"https:\/\/moverdb.com\/sv\/biltransport-frakt\/\">Fordon<\/a>, b\u00e5t- och cykeltrafik<\/li>\n<li> F\u00f6rs\u00e4kring som ordnas<\/li>\n<\/ul>\n<p><strong>Flyttningar inom landet<\/strong><\/p>\n<ul>\n<li> Fullst\u00e4ndig d\u00f6rr till d\u00f6rr-tj\u00e4nst<\/li>\n<li> Packning, f\u00f6rpackning och uppackning<\/li>\n<li> Automatiskt f\u00f6rs\u00e4krad f\u00f6r upp till 50 000 \u00a3<\/li>\n<\/ul>\n<p><strong>F\u00f6rvaring i London och <a href=\"https:\/\/moverdb.com\/sv\/moving-to-spain\/\" data-internallinksmanager029f6b8e52c=\"266\" title=\"Flyttar du till Spanien? 2026 Levnadskostnader och flyttningstips\">Spanien<\/a><\/strong><\/p>\n<ul>\n<li> Containerf\u00f6rvaring<\/li>\n<li> Sj\u00e4lvf\u00f6rvaring<\/li>\n<li> F\u00f6rvaring av arkivmaterial<\/li>\n<\/ul>\n<h2>Matthew James f\u00f6retagsprofil<\/h2>\n<p>Matthew James Global Relocations har flyttat m\u00e4nniskor runt om i v\u00e4rlden i tre generationer. De t\u00e4cker \u00f6ver 25 000 destinationer i \u00f6ver 300 l\u00e4nder genom p\u00e5litliga globala partnerskap. F\u00f6retaget \u00e4r specialiserat p\u00e5 flyttningar till Spanien och har tre kontor i landet.<\/p>\n<p>Dagens VD, Matthew De-Machen, har haft en passion f\u00f6r lastbilar sedan han var liten och detta har integrerats i f\u00f6retaget. <\/p>\n<p>F\u00f6retaget har blivit k\u00e4nt f\u00f6r sina h\u00f6gkvalitativa anpassade fordon och det finns \u00e4ven modellfordon att k\u00f6pa. Matthew De-Machens passion f\u00f6r perfektion i lastbilar har smittat av sig p\u00e5 Matthew James, d\u00e4r f\u00f6retaget h\u00e4vdar att endast perfektion r\u00e4cker.<\/p>\n<p>Matthew James Relocation Services anslutningar och ackrediteringar:<\/p>\n<ul>\n<li> <a href=\"https:\/\/moverdb.com\/sv\/british-association-of-removers\/\">British Association of Removers (BAR)<\/a><\/li>\n<li> <a href=\"https:\/\/moverdb.com\/sv\/jag-ar\/\">Internationella sammanslutningen av flyttfirmor (IAM)<\/a><\/li>\n<li> <a href=\"https:\/\/moverdb.com\/sv\/bar-overseas\/\">British Association of Removers - Internationell associerad<\/a><\/li>\n<li> QAS International<\/li>\n<li> <a href=\"https:\/\/moverdb.com\/sv\/fedemac\/\">Fedemac European Movers<\/a><\/li>\n<li> Systemet f\u00f6r erk\u00e4nnande av flottoperat\u00f6rerna (FORS) - Guld<\/li>\n<li> Standard f\u00f6r kvalitetss\u00e4krad service - flyttning av m\u00f6bler och flyttj\u00e4nster utomlands<\/li>\n<li> Institutet f\u00f6r handelsnormer (TSI)<\/li>\n<\/ul>\n<h2>Matthew James Relocation Recensioner<\/h2>\n<p><strong>Positivt<\/strong><\/p>\n<ul>\n<li> <em>\"Mycket artiga i b\u00e5da \u00e4ndarna av flytten. Alla v\u00e5ra tillh\u00f6righeter verkar ha \u00f6verlevt resan.\"<\/em> - via <a href=\"http:\/\/www.referenceline.com\/removers_removals-in-dartford-matthewjamesremovalsstorageltd-14758\" target=\"_blank\" rel=\"noopener\">Referenslinje<\/a>.<\/li>\n<li> <em>\"professionell, artig, effektiv, glad\"<\/em> - via <a href=\"https:\/\/www.trustedmover.org\/questionnaire\/7167\" target=\"_blank\" rel=\"noopener\">F\u00f6rtroendevald flyttare<\/a><\/li>\n<li> <em>\"Jag har inget annat \u00e4n ber\u00f6m f\u00f6r det fantastiska s\u00e4tt som personalen p\u00e5 Mathew James sk\u00f6tte min flytt, fr\u00e5n det f\u00f6rsta samr\u00e5det, offerten och packningen till leveransen.\"<\/em> - via <a href=\"http:\/\/www.reviews.co.uk\/company-reviews\/store\/matthew-james-removals\" target=\"_blank\" rel=\"noopener\">Recensioner.co.uk<\/a><\/li>\n<\/ul>\n<p><strong>Negativ<\/strong><\/p>\n<ul>\n<li> <em>\"Fullst\u00e4ndigt f\u00f6rakt f\u00f6r kunderna och absolut brist p\u00e5 omsorg.\"<\/em> - via <a href=\"https:\/\/www.yell.com\/biz\/matthew-james-removals-and-storage-dartford-8459632\/\" target=\"_blank\" rel=\"noopener\">Skrik<\/a><\/li>\n<\/ul>\n<div itemprop=\"review\" itemscope itemtype=\"http:\/\/schema.org\/Review\">\n<span itemprop=\"author\" itemscope=\"\" itemtype=\"http:\/\/schema.org\/Organization\"><span itemprop=\"name\">MoverDB.com<\/span><\/span> Webbplatsgranskning p\u00e5 n\u00e4tet f\u00f6r <span itemprop=\"itemreviewed\" itemscope=\"\" itemtype=\"http:\/\/schema.org\/Brand\"><span itemprop=\"name\">Matthew James flyttar<\/span><\/span>:<\/p>\n<ol>\n<li> Tydliga kontaktuppgifter p\u00e5 webbplatsen (inklusive telefonnummer): <strong>Ja<\/strong><\/li>\n<li> L\u00e4tt att f\u00e5 <a href=\"https:\/\/moverdb.com\/sv\/citat\/\">offerter f\u00f6r internationella flyttningar<\/a>? (Formul\u00e4r f\u00f6r beg\u00e4ran om uppskattning online): <strong>Ja<\/strong><\/li>\n<li> Tydlig information p\u00e5 webbplatsen: <strong>Delvis.<\/strong> Webbplatsen inneh\u00e5ller inte mycket anv\u00e4ndbar information och f\u00f6resl\u00e5r att du kontaktar f\u00f6retaget f\u00f6r att f\u00e5 mer information.<\/li>\n<li> Medlemskap i internationellt erk\u00e4nda flyttorganisationer: <strong>Ja<\/strong>, se ovan.<\/li>\n<li> F\u00f6rteckning \u00f6ver kunder och\/eller tidigare kundreferenser: <strong>Delvis.<\/strong> Det finns ingen lista \u00f6ver kunder p\u00e5 webbplatsen, men du h\u00e4nvisas till ReferenceLine f\u00f6r att se vittnesm\u00e5l.<\/li>\n<\/ol>\n<div itemprop=\"reviewRating\" itemscope itemtype=\"http:\/\/schema.org\/Rating\"><meta itemprop=\"worstRating\" content = \"0\" \/><meta itemprop=\"bestRating\" content=\"5\" \/><meta itemprop=\"ratingValue\" content=\"4.5\"><\/div>\n<p><strong>Sammanfattande betyg: 4.5\/5<\/strong><br \/>\n<strong>Datum f\u00f6r granskning:<\/strong> <span itemprop=\"datePublished\" content=\"2016-05-017\">17\/05\/2016<\/span><\/p>\n<\/div>\n<p>Mer om <a href=\"https:\/\/moverdb.com\/sv\/internationella-flyttar\/\">F\u00f6retag som utf\u00f6r flyttningar i Storbritannien<\/a> och v\u00e5r <a href=\"https:\/\/moverdb.com\/sv\/recensioner\/\">f\u00f6rklaring av granskningsf\u00f6rfarandet<\/a>.<\/p>\n<p><strong>Webbplats:<\/strong> <a href=\"http:\/\/www.matthewjamesremovals.com\/\" target=\"_blank\" rel=\"noopener\">http:\/\/www.matthewjamesremovals.com\/<\/a><\/p>","protected":false},"excerpt":{"rendered":"<p>Matthew James Global Relocations is a privately owned company which offers many services for individuals and companies moving abroad and locally. Its services are listed below, together with a company profile and reviews. International Relocations Complete door to door service Export packing and wrapping services Unpacking and reassembly services International shipping inventory Dedicated and Groupage [&hellip;]<\/p>\n","protected":false},"author":1,"featured_media":0,"parent":0,"menu_order":0,"comment_status":"closed","ping_status":"closed","template":"","meta":{"_genesis_hide_title":false,"_genesis_hide_breadcrumbs":false,"_genesis_hide_singular_image":false,"_genesis_hide_footer_widgets":false,"_genesis_custom_body_class":"","_genesis_custom_post_class":"","_genesis_layout":"","footnotes":""},"class_list":{"0":"post-320","1":"page","2":"type-page","3":"status-publish","5":"entry"},"_links":{"self":[{"href":"https:\/\/moverdb.com\/sv\/wp-json\/wp\/v2\/pages\/320","targetHints":{"allow":["GET"]}}],"collection":[{"href":"https:\/\/moverdb.com\/sv\/wp-json\/wp\/v2\/pages"}],"about":[{"href":"https:\/\/moverdb.com\/sv\/wp-json\/wp\/v2\/types\/page"}],"author":[{"embeddable":true,"href":"https:\/\/moverdb.com\/sv\/wp-json\/wp\/v2\/users\/1"}],"replies":[{"embeddable":true,"href":"https:\/\/moverdb.com\/sv\/wp-json\/wp\/v2\/comments?post=320"}],"version-history":[{"count":12,"href":"https:\/\/moverdb.com\/sv\/wp-json\/wp\/v2\/pages\/320\/revisions"}],"predecessor-version":[{"id":13173,"href":"https:\/\/moverdb.com\/sv\/wp-json\/wp\/v2\/pages\/320\/revisions\/13173"}],"wp:attachment":[{"href":"https:\/\/moverdb.com\/sv\/wp-json\/wp\/v2\/media?parent=320"}],"curies":[{"name":"wp","href":"https:\/\/api.w.org\/{rel}","templated":true}]}}