{"id":2804,"date":"2018-05-18T20:05:25","date_gmt":"2018-05-18T20:05:25","guid":{"rendered":"https:\/\/moverdb.com\/?page_id=2804"},"modified":"2026-01-08T14:48:10","modified_gmt":"2026-01-08T14:48:10","slug":"politik-for-databehandling","status":"publish","type":"page","link":"https:\/\/moverdb.com\/sv\/data-processing-policy\/","title":{"rendered":"Policy f\u00f6r databehandling"},"content":{"rendered":"<p>Den h\u00e4r databehandlingspolicyn f\u00f6rklarar p\u00e5 enkel engelska hur MoverDB.com behandlar data s\u00e5 att du kan g\u00f6ra ett v\u00e4lgrundat val om du vill anv\u00e4nda v\u00e5ra tj\u00e4nster eller inte. Vi har skapat den som ett svar p\u00e5 GDPR. Det \u00e4r ett detaljerat till\u00e4gg p\u00e5 klar engelska till v\u00e5r <a href=\"https:\/\/moverdb.com\/sv\/sekretesspolicy\/\">Integritetspolicy<\/a> och <a href=\"https:\/\/moverdb.com\/sv\/anvandarvillkor\/\">Villkor och best\u00e4mmelser<\/a>.<\/p>\n<p>MoverDB.com \u00e4r en webbplats som \u00e4r gratis att anv\u00e4nda och det finns ingen skyldighet att registrera sig och\/eller ange n\u00e5gra personuppgifter f\u00f6r att anv\u00e4nda den. All information erbjuds gratis f\u00f6r vem som helst att f\u00e5 tillg\u00e5ng till.<\/p>\n<p>Vi samlar dock aktivt och passivt in och behandlar uppgifter som vi anser att du b\u00f6r k\u00e4nna till. Alla webbsidor och uppgifter skickas med s\u00e4ker SSL-teknik.<\/p>\n<p>All v\u00e5r aktiva databehandling (se nedan) sker p\u00e5 en <strong>grund f\u00f6r samtycke<\/strong> och v\u00e5r passiva databehandlingsverksamhet (se nedan) utf\u00f6rs p\u00e5 en <strong>Grund f\u00f6r ber\u00e4ttigat intresse<\/strong>. <\/p>\n<p>MoverDB.com behandlar flera typer av uppgifter f\u00f6r flera olika \u00e4ndam\u00e5l, med hj\u00e4lp av flera tredjepartspartners och plattformar.<\/p>\n<p><strong>Aktiv databehandlingsverksamhet <\/strong><\/p>\n<p>V\u00e5r prim\u00e4ra databehandlingsverksamhet \u00e4r att hj\u00e4lpa m\u00e4nniskor att f\u00e5 offerter f\u00f6r internationella flyttningar via en kostnadsfri offerttj\u00e4nst utan krav. Tj\u00e4nsten \u00e4r avsedd att anv\u00e4ndas av personer b\u00e5de inom och utanf\u00f6r EU.<\/p>\n<p>Observera ocks\u00e5 att MoverDB.com inte tillhandah\u00e5ller egna offerter, utan har ist\u00e4llet samarbetat med f\u00f6ljande f\u00f6retag <a href=\"https:\/\/moverdb.com\/sv\/international-removals\/\" data-internallinksmanager029f6b8e52c=\"27\" title=\"36 b\u00e4sta internationella flyttfirmor i Storbritannien\">Internationella flyttar<\/a> Direct, TriGlobal B.V. och MyMovingLoads f\u00f6r att tillhandah\u00e5lla offerter. Var och en av dem arbetar i sin tur direkt med sin egen upps\u00e4ttning av <a href=\"https:\/\/moverdb.com\/sv\/moving-companies\/\" data-internallinksmanager029f6b8e52c=\"79\" title=\"Topp 25 internationella flyttfirmor p\u00e5 n\u00e4tet\">flyttfirmor<\/a>. <\/p>\n<p>D\u00e4rf\u00f6r agerar vi b\u00e5de som personuppgiftsansvarig (eftersom vi skickar uppgifter till dem) och personuppgiftsbitr\u00e4de (eftersom de informerar oss om vilka uppgifter de beh\u00f6ver och best\u00e4mmer hur de ska behandla dem). Alla uppgifter som vi samlar in f\u00f6r deras r\u00e4kning beh\u00f6vs f\u00f6r att hj\u00e4lpa till att filtrera leverant\u00f6rer som kan vara r\u00e4tt f\u00f6r dig. Om du f\u00f6redrar att inte dela med dig av vissa uppgifter st\u00e5r det dig fritt att g\u00f6ra det, och du kan fortfarande hitta generiska <a href=\"https:\/\/moverdb.com\/sv\/container-transport\/\">information om priser h\u00e4r<\/a>.<\/p>\n<p>Vilket f\u00f6retag du handlar med n\u00e4r det g\u00e4ller hur dina uppgifter behandlas beror b\u00e5de p\u00e5 vilket formul\u00e4r du anv\u00e4nder och varifr\u00e5n du flyttar.  <\/p>\n<p><strong>Huvudformul\u00e4r (h\u00f6gst upp p\u00e5 sidan)<\/strong><\/p>\n<p>V\u00e5rt huvudformul\u00e4r ser ut s\u00e5 h\u00e4r:<\/p>\n<p><img loading=\"lazy\" decoding=\"async\" width=\"833\" height=\"365\" src=\"https:\/\/moverdb.com\/wp-content\/uploads\/Top-page-form.png\" alt=\"\" class=\"aligncenter size-full wp-image-3236\" srcset=\"https:\/\/moverdb.com\/wp-content\/uploads\/Top-page-form.png 833w, https:\/\/moverdb.com\/wp-content\/uploads\/Top-page-form-300x131.png 300w\" sizes=\"auto, (max-width: 833px) 100vw, 833px\" \/><\/p>\n<p>Vi samlar in uppgifterna fr\u00e5n detta formul\u00e4r sj\u00e4lva och best\u00e4mmer sedan vart de ska skickas.  <\/p>\n<p>H\u00e4r \u00e4r de uppgifter som samlas in och anledningen till att de samlas in:<\/p>\n<ul>\n<li> Vart flyttar du? Detta hj\u00e4lper dig att f\u00e5 exakta offerter och filtrera potentiella flyttfirmor.<\/li>\n<li> Nuvarande adress\/Postnummer\/Zipkod\/Stad\/Land: Detta hj\u00e4lper till att f\u00e5 korrekta offerter och filtrera potentiella flyttfirmor.<\/li>\n<li> Vilken stad flyttar du till? Detta hj\u00e4lper dig att f\u00e5 korrekta offerter och filtrera potentiella flyttfirmor.<\/li>\n<li> Uppskattad storlek p\u00e5 flytten: Detta hj\u00e4lper dig att f\u00e5 exakta offerter och filtrera potentiella flyttfirmor.<\/li>\n<li> Varor som ska skickas: Detta hj\u00e4lper dig att f\u00e5 korrekta offerter, filtrera potentiella flyttfirmor och s\u00e4kerst\u00e4lla att du inte f\u00f6rs\u00f6ker transportera n\u00e5got olagligt.<\/li>\n<li> Ber\u00e4knat flyttdatum: T\u00e4nk ocks\u00e5 p\u00e5 att de flesta f\u00f6retag inte kan ge offerter f\u00f6r flyttningar mer \u00e4n tre m\u00e5nader i f\u00f6rv\u00e4g.<\/li>\n<li> Ditt namn: S\u00e5 att f\u00f6retagen vet vem de har att g\u00f6ra med.<\/li>\n<li> Din e-postadress: Du kan skicka offerter till oss och f\u00e5 kontakt med dig om din f\u00f6rfr\u00e5gan.<\/li>\n<li> Ditt telefonnummer: Du m\u00e5ste ange ditt nummer f\u00f6r att f\u00f6retagen ska kunna kontakta dig om din offert.<\/li>\n<\/ul>\n<p>N\u00e4r alla uppgifter har angetts och du skickar in formul\u00e4ret kommer f\u00f6ljande \u00e5tg\u00e4rder att vidtas:<\/p>\n<ul>\n<li> Du kommer att f\u00e5 se v\u00e5rt tackbrev, som ocks\u00e5 inneh\u00e5ller ett verktyg fr\u00e5n <a href=\"https:\/\/moverdb.com\/sv\/international-money-transfer-services\/currencies-direct-review\/\" data-internallinksmanager029f6b8e52c=\"237\" title=\"Currencies Direct International Money Transfer Review 2026\">Valutor direkt<\/a> som kan hj\u00e4lpa dig att ta reda p\u00e5 hur du v\u00e4xlar utl\u00e4ndsk valuta.<\/li>\n<li> Formul\u00e4rdata skickas sedan via en s\u00e4ker SSL-webhook till Zapier.com, som hj\u00e4lper dig att <a href=\"https:\/\/moverdb.com\/sv\/moving-to-the-united-states\/\" data-internallinksmanager029f6b8e52c=\"94\" title=\"Flyttar du till USA? 2026 Levnadskostnader och flyttningstips\">oss<\/a> f\u00f6r att bearbeta uppgifterna med hj\u00e4lp av vad de kallar en Zap.<\/li>\n<li> N\u00e4r Zapier.com tar emot uppgifterna filtrerar Zapier.com alla insamlade uppgifter till antingen International Removals Direct (flyttning fr\u00e5n <a href=\"https:\/\/moverdb.com\/sv\/moving-to-the-uk\/\" data-internallinksmanager029f6b8e52c=\"93\" title=\"Flyttar du till Storbritannien? 2026 Levnadskostnader och flyttningstips\">STORBRITANNIEN<\/a>) eller TriGlobal B.V. (om du flyttar fr\u00e5n n\u00e5gon annanstans i v\u00e4rlden) via en s\u00e4ker SSL-webbkoppling. De kommer sedan att kontrollera dina uppgifter och skicka din f\u00f6rfr\u00e5gan till upp till sex relevanta flyttfirmor som i sin tur kan kontakta dig via telefon och\/eller e-post. Du \u00e4r inte skyldig att k\u00f6pa n\u00e5got och kan meddela dem att du inte vill forts\u00e4tta. Du kan ocks\u00e5 be oss att avbryta din f\u00f6rfr\u00e5gan genom att anv\u00e4nda v\u00e5r <a href=\"https:\/\/moverdb.com\/sv\/kontakta-oss\/\">kontaktformul\u00e4r<\/a>.<\/li>\n<li> Efter att uppgifterna har skickats skickar Zapier den e-postadress som angetts i formul\u00e4ret till Mailchimp via en Zapier-integration. Detta kommer sedan att utl\u00f6sa ett automatiskt e-postmeddelande som bekr\u00e4ftar din beg\u00e4ran och \u00e5terigen f\u00f6rklarar vad du kan f\u00f6rv\u00e4nta dig. Den kommer sedan att skicka 1 uppf\u00f6ljningsmejl cirka 5 dagar efter din beg\u00e4ran d\u00e4r du f\u00e5r mer information om att flytta pengar utomlands tillsammans med dina varor. Detta skickas eftersom vi har uppt\u00e4ckt att m\u00e5nga m\u00e4nniskor \u00e4r f\u00f6rvirrade \u00f6ver sina olika alternativ n\u00e4r det g\u00e4ller att skicka pengar utomlands. Du kan enkelt avregistrera dig fr\u00e5n alla e-postmeddelanden genom att klicka p\u00e5 l\u00e4nken f\u00f6r avregistrering som finns antingen h\u00f6gst upp eller l\u00e4ngst ner i varje e-postmeddelande, vilket kommer att avbryta alla framtida e-postmeddelanden. Vi raderar ocks\u00e5 rutinm\u00e4ssigt e-postmeddelanden minst en g\u00e5ng om \u00e5ret.<\/li>\n<li> I det h\u00e4r skedet \u00e4r Zapier f\u00e4rdig och Zapier raderar automatiskt alla data inom 90 dagar. Detta ger oss tid att hj\u00e4lpa till att reda ut eventuella problem, men inneb\u00e4r ocks\u00e5 att uppgifterna inte lagras l\u00e4ngre \u00e4n n\u00f6dv\u00e4ndigt.<\/li>\n<li> Vi beh\u00e5ller din e-postadress (och inget annat) i upp till ett \u00e5r via Mailchimp.<\/li>\n<li> International Removals Direct och TriGlobal B.V. beh\u00e5ller informationen s\u00e5 l\u00e4nge som deras interna riktlinjer kr\u00e4ver. Om du har n\u00e5gra problem med de uppgifter som de kan ha, v\u00e4nligen kontakta oss s\u00e5 g\u00f6r vi v\u00e5rt b\u00e4sta f\u00f6r att hj\u00e4lpa dig.<\/li>\n<\/ul>\n<p><strong>Sekund\u00e4rform #1 (mitten av sidan)<\/strong><\/p>\n<p>V\u00e5r sekund\u00e4ra form #1 ser ut s\u00e5 h\u00e4r.<\/p>\n<p><img loading=\"lazy\" decoding=\"async\" width=\"907\" height=\"512\" src=\"https:\/\/moverdb.com\/wp-content\/uploads\/bottom-page-form.png\" alt=\"\" class=\"aligncenter size-full wp-image-3235\" srcset=\"https:\/\/moverdb.com\/wp-content\/uploads\/bottom-page-form.png 907w, https:\/\/moverdb.com\/wp-content\/uploads\/bottom-page-form-300x169.png 300w\" sizes=\"auto, (max-width: 907px) 100vw, 907px\" \/><\/p>\n<p>Formul\u00e4ret tillhandah\u00e5lls av MyMovingLoads och vi kontrollerar inte hur det skickas eller behandlas. <\/p>\n<p>H\u00e4r \u00e4r de uppgifter som de samlar in:<\/p>\n<ul>\n<li> Ursprungsland\/stad och leveransland och leveransstad: Detta hj\u00e4lper dig att f\u00e5 exakta offerter och filtrera potentiella flyttfirmor.<\/li>\n<li> Flyttdatum: De flesta f\u00f6retag kan inte ge offerter f\u00f6r flyttningar mer \u00e4n tre m\u00e5nader i f\u00f6rv\u00e4g.<\/li>\n<li> V\u00e4lj storlek p\u00e5 hemmet: Detta hj\u00e4lper dig att f\u00e5 exakta offerter och filtrera potentiella flyttfirmor.<<\/li>\n<li> F\u00f6r- och efternamn: S\u00e5 att f\u00f6retagen vet vem de har att g\u00f6ra med.<\/li>\n<li> Din telefon: Du m\u00e5ste ange din telefon f\u00f6r att f\u00f6retagen ska kunna kontakta dig om din offert.<\/li>\n<li> Din e-postadress: Du kan skicka offerter till oss och f\u00e5 kontakt med dig om din f\u00f6rfr\u00e5gan.<\/li>\n<\/ul>\n<p>N\u00e4r alla uppgifter har angetts och du skickar in formul\u00e4ret kommer f\u00f6ljande \u00e5tg\u00e4rder att vidtas:<\/p>\n<ul>\n<li> Du f\u00e5r ett tackmeddelande.<\/li>\n<li> Uppgifterna skickas till MyMovingLoads som behandlar dem i enlighet med deras anv\u00e4ndarvillkor som du m\u00e5ste godk\u00e4nna n\u00e4r du skickar in formul\u00e4ret.<\/li>\n<\/ul>\n<p><strong>Sekund\u00e4rblankett #2 (l\u00e4ngst ner p\u00e5 sidan)<\/strong><\/p>\n<p>V\u00e5r sekund\u00e4ra form #2 ser ut s\u00e5 h\u00e4r:<\/p>\n<p><img loading=\"lazy\" decoding=\"async\" src=\"https:\/\/moverdb.com\/wp-content\/uploads\/Triglobal-form.png\" alt=\"\" width=\"597\" height=\"795\" class=\"aligncenter size-full wp-image-3269\" srcset=\"https:\/\/moverdb.com\/wp-content\/uploads\/Triglobal-form.png 597w, https:\/\/moverdb.com\/wp-content\/uploads\/Triglobal-form-225x300.png 225w\" sizes=\"auto, (max-width: 597px) 100vw, 597px\" \/><\/p>\n<p>Detta formul\u00e4r tillhandah\u00e5lls av TriGlobal B.V. och vi har ingen kontroll \u00f6ver hur det skickas eller behandlas.<\/p>\n<p>H\u00e4r \u00e4r de uppgifter som de samlar in:<\/p>\n<ul>\n<li> Uppgifter om nuvarande adress och leveransadress (gata, postnummer, stad och land): Detta hj\u00e4lper till att f\u00e5 korrekta offerter och filtrera potentiella flyttfirmor.<\/li>\n<li> Flyttstorlek: Det hj\u00e4lper till att generera korrekta offerter<\/li>\n<li> Flyttdatum: De flesta f\u00f6retag kan inte ge offerter f\u00f6r flyttningar mer \u00e4n tre m\u00e5nader i f\u00f6rv\u00e4g.<\/li>\n<li> Volym i ft3 (valfritt): Hj\u00e4lper till att generera en mer exakt offert.<\/li>\n<li> F\u00f6rpackning\/montering (valfritt): Hj\u00e4lper dig att f\u00e5 en mer exakt offert.<\/li>\n<li> Anm\u00e4rkningar (frivilligt): H\u00e4r kan du l\u00e4gga till s\u00e4rskilda \u00f6nskem\u00e5l, fr\u00e5gor osv.<\/li>\n<li> Typ av flyttning: Detta hj\u00e4lper dig att skicka din offert till r\u00e4tt avdelning p\u00e5 flyttfirman.<\/li>\n<li> F\u00f6r- och efternamn: S\u00e5 att f\u00f6retagen vet vem de har att g\u00f6ra med.<\/li>\n<li> Telefon #1: Det kr\u00e4vs f\u00f6r att f\u00f6retagen ska kunna kontakta dig om din offert.<\/li>\n<li> E-post: Du kan skicka offerter till oss och vi kan kontakta dig om din f\u00f6rfr\u00e5gan.<\/li>\n<\/ul>\n<p>N\u00e4r alla uppgifter har angetts och du skickar in formul\u00e4ret kommer f\u00f6ljande \u00e5tg\u00e4rder att vidtas:<\/p>\n<ul>\n<li> Du f\u00e5r ett tackmeddelande.<\/li>\n<li> Uppgifterna kommer att skickas till TriGlobal B.V. som kommer att behandla dem i enlighet med deras anv\u00e4ndarvillkor.<\/li>\n<\/ul>\n<p><strong>Passiv databehandlingsverksamhet <\/strong><\/p>\n<p>Vi anv\u00e4nder f\u00f6ljande verktyg fr\u00e5n tredje part f\u00f6r att hj\u00e4lpa oss att driva en anv\u00e4ndbar webbplats. De delar ingen personlig information om dig med oss, men de kan \u00e4nd\u00e5 samla in information om dig och\/eller din dator som kan betraktas som personlig information.<\/p>\n<p>Nedan beskriver vi vad vi anv\u00e4nder dem f\u00f6r och var du kan f\u00e5 mer information om hur de kan samla in och anv\u00e4nda personuppgifter:<\/p>\n<p><strong>Google Analytics:<\/strong> Vi anv\u00e4nder detta f\u00f6r att sp\u00e5ra hur m\u00e4nniskor anv\u00e4nder v\u00e5r webbplats i sammantaget. Vi anv\u00e4nder den inte f\u00f6r att sp\u00e5ra enskilda anv\u00e4ndare. H\u00e4r \u00e4r de viktigaste inst\u00e4llningarna som vi f\u00f6r n\u00e4rvarande anv\u00e4nder:<\/p>\n<ul>\n<li>Remarketing: OFF<\/li>\n<li>Funktioner f\u00f6r reklamrapportering: OFF<\/li>\n<li>Lagring av anv\u00e4ndar- och evenemangsdata: Uppgifter: St\u00e4lls in s\u00e5 att de upph\u00f6r att g\u00e4lla efter 14 m\u00e5nader (det kortaste alternativet som erbjuds).<\/li>\n<li>\u00c5terst\u00e4lls vid ny aktivitet: ON<\/li>\n<li>Anv\u00e4ndar-ID: OFF<\/li>\n<li>Godk\u00e4nd GDPR \u00e4ndring av databehandling<\/li>\n<\/ul>\n<p>Google erbjuder f\u00f6r n\u00e4rvarande en opt-out- m\u00f6jlighet f\u00f6r Analytics <a href=\"https:\/\/support.google.com\/analytics\/answer\/181881?hl=en\" rel=\"noopener\" target=\"_blank\">h\u00e4r<\/a> eller s\u00e5 kan du anv\u00e4nda ett verktyg fr\u00e5n en tredje part, t.ex. <a href=\"https:\/\/www.ghostery.com\/\" rel=\"noopener\" target=\"_blank\">Ghostery<\/a>.<\/p>\n<p><strong>Facebooks sociala graf:<\/strong> Detta anv\u00e4nds f\u00f6r att g\u00f6ra det l\u00e4ttare att dela inneh\u00e5ll fr\u00e5n v\u00e5r webbplats och blogg p\u00e5 Facebook och f\u00f6r att folk ska kunna se hur ofta inneh\u00e5llet har delats. Vi anv\u00e4nder den inte f\u00f6r n\u00e5gon remarketing eller retargeting. Se Facebooks <a href=\"https:\/\/www.facebook.com\/help\/1701730696756992\/?helpref=hc_fnav\" rel=\"noopener\" target=\"_blank\">Data sida<\/a> f\u00f6r mer information om hur de anv\u00e4nder dina uppgifter.<\/p>\n<p><strong>Delning i sociala medier:<\/strong> F\u00f6rutom Facebooks sociala graf har vi \u00e4ven delningsknappar f\u00f6r G+, Twitter och LinkedIn p\u00e5 v\u00e5r webbplats f\u00f6r att g\u00f6ra det enklare att dela v\u00e5rt inneh\u00e5ll p\u00e5 dessa plattformar. Du kan se <a href=\"https:\/\/policies.google.com\/privacy\" rel=\"noopener\" target=\"_blank\">Integritetspolicy f\u00f6r G+ h\u00e4r<\/a>, Twitters <a href=\"https:\/\/twitter.com\/en\/privacy\" rel=\"noopener\" target=\"_blank\">Integritetspolicy<\/a> h\u00e4r och <a href=\"https:\/\/www.linkedin.com\/legal\/privacy-policy\" rel=\"noopener\" target=\"_blank\">LinkedIns sekretesspolicy h\u00e4r<\/a>.<\/p>\n<p><strong>Externa l\u00e4nkar \/ affilierade l\u00e4nkar:<\/strong> Ibland sp\u00e5rar vi externa l\u00e4nkar antingen via Google Analytics och\/eller tredjeparts plattformar f\u00f6r sp\u00e5rning av affilierade f\u00f6retag. Sp\u00e5rning sker endast om du klickar p\u00e5 en extern l\u00e4nk. L\u00e4ngst ner p\u00e5 varje sida d\u00e4r detta sker upplyser vi om vilka l\u00e4nkar som \u00e4r affilierade l\u00e4nkar, men om du \u00e4r orolig f\u00f6r detta \u00e4r det enklaste alternativet att inte klicka p\u00e5 externa l\u00e4nkar fr\u00e5n v\u00e5r webbplats.<\/p>\n<p><strong>Webbhotell:<\/strong> Vi anv\u00e4nder StudioPress Sites som v\u00e4rd f\u00f6r v\u00e5r webbplats. Liksom de flesta webbhotell uppr\u00e4tth\u00e5ller de loggar f\u00f6r webbplatsen, \u00e4ven om vi inte har direkt tillg\u00e5ng till dem. Du kan l\u00e4sa mer om de uppgifter som de kan ha p\u00e5 sina <a href=\"https:\/\/www.studiopress.com\/privacy-policy\/\" rel=\"noopener\" target=\"_blank\">sekretesspolicy<\/a>.<\/p>","protected":false},"excerpt":{"rendered":"<p>This Data Processing Policy explains in plain English how MoverDB.com processes data so you can make an informed choice about whether or not you&#8217;d like to use our services. We&#8217;ve created it as a response to GDPR. It is a plain English, detailed, addition to our Privacy Policy and Terms and Conditions. MoverDB.com is a [&hellip;]<\/p>\n","protected":false},"author":1,"featured_media":0,"parent":0,"menu_order":0,"comment_status":"closed","ping_status":"closed","template":"","meta":{"_genesis_hide_title":false,"_genesis_hide_breadcrumbs":false,"_genesis_hide_singular_image":false,"_genesis_hide_footer_widgets":false,"_genesis_custom_body_class":"","_genesis_custom_post_class":"","_genesis_layout":"","footnotes":""},"class_list":{"0":"post-2804","1":"page","2":"type-page","3":"status-publish","5":"entry","6":"has-post-thumbnail"},"_links":{"self":[{"href":"https:\/\/moverdb.com\/sv\/wp-json\/wp\/v2\/pages\/2804","targetHints":{"allow":["GET"]}}],"collection":[{"href":"https:\/\/moverdb.com\/sv\/wp-json\/wp\/v2\/pages"}],"about":[{"href":"https:\/\/moverdb.com\/sv\/wp-json\/wp\/v2\/types\/page"}],"author":[{"embeddable":true,"href":"https:\/\/moverdb.com\/sv\/wp-json\/wp\/v2\/users\/1"}],"replies":[{"embeddable":true,"href":"https:\/\/moverdb.com\/sv\/wp-json\/wp\/v2\/comments?post=2804"}],"version-history":[{"count":16,"href":"https:\/\/moverdb.com\/sv\/wp-json\/wp\/v2\/pages\/2804\/revisions"}],"predecessor-version":[{"id":3270,"href":"https:\/\/moverdb.com\/sv\/wp-json\/wp\/v2\/pages\/2804\/revisions\/3270"}],"wp:attachment":[{"href":"https:\/\/moverdb.com\/sv\/wp-json\/wp\/v2\/media?parent=2804"}],"curies":[{"name":"wp","href":"https:\/\/api.w.org\/{rel}","templated":true}]}}