{"id":2752,"date":"2017-05-09T16:25:21","date_gmt":"2017-05-09T16:25:21","guid":{"rendered":"https:\/\/moverdb.com\/?page_id=2752"},"modified":"2026-01-08T14:47:12","modified_gmt":"2026-01-08T14:47:12","slug":"biltransport-frakt","status":"publish","type":"page","link":"https:\/\/moverdb.com\/sv\/car-transport-shipping\/","title":{"rendered":"2026 Internationella offerter f\u00f6r biltransport och fordonsfrakt"},"content":{"rendered":"<p>Letar du efter internationell biltransport eller fordonstransport, men vet inte var du ska b\u00f6rja? Vi kan hj\u00e4lpa dig med allt fr\u00e5n f\u00f6retag till kostnader och offerter. <\/p>\n<p>Du kan b\u00f6rja direkt med v\u00e5rt offertformul\u00e4r ovan eller forts\u00e4tta l\u00e4sa v\u00e5r guide nedan f\u00f6r mer information.<\/p>\n<p><img loading=\"lazy\" decoding=\"async\" width=\"720\" height=\"480\" src=\"https:\/\/moverdb.com\/wp-content\/uploads\/car-transport-shipping.jpg\" alt=\"2019 Internationella offerter f\u00f6r biltransporter och fordonsfrakt\" class=\"aligncenter size-full wp-image-2753\" srcset=\"https:\/\/moverdb.com\/wp-content\/uploads\/car-transport-shipping.jpg 720w, https:\/\/moverdb.com\/wp-content\/uploads\/car-transport-shipping-300x200.jpg 300w, https:\/\/moverdb.com\/wp-content\/uploads\/car-transport-shipping-600x400.jpg 600w\" sizes=\"auto, (max-width: 720px) 100vw, 720px\" \/><\/p>\n<div id=\"ez-toc-container\" class=\"ez-toc-v2_0_82_2 ez-toc-wrap-left counter-hierarchy ez-toc-counter ez-toc-transparent ez-toc-container-direction\">\n<div class=\"ez-toc-title-container\">\n<p class=\"ez-toc-title\" style=\"cursor:inherit\">Avsnitt<\/p>\n<span class=\"ez-toc-title-toggle\"><a href=\"#\" class=\"ez-toc-pull-right ez-toc-btn ez-toc-btn-xs ez-toc-btn-default ez-toc-toggle\" aria-label=\"V\u00e4xla till inneh\u00e5llsf\u00f6rteckning\"><span class=\"ez-toc-js-icon-con\"><span class=\"\"><span class=\"eztoc-hide\" style=\"display:none;\">V\u00e4xel<\/span><span class=\"ez-toc-icon-toggle-span\"><svg style=\"fill: #999;color:#999\" xmlns=\"http:\/\/www.w3.org\/2000\/svg\" class=\"list-377408\" width=\"20px\" height=\"20px\" viewbox=\"0 0 24 24\" fill=\"none\"><path d=\"M6 6H4v2h2V6zm14 0H8v2h12V6zM4 11h2v2H4v-2zm16 0H8v2h12v-2zM4 16h2v2H4v-2zm16 0H8v2h12v-2z\" fill=\"currentColor\"><\/path><\/svg><svg style=\"fill: #999;color:#999\" class=\"arrow-unsorted-368013\" xmlns=\"http:\/\/www.w3.org\/2000\/svg\" width=\"10px\" height=\"10px\" viewbox=\"0 0 24 24\" version=\"1.2\" baseprofile=\"tiny\"><path d=\"M18.2 9.3l-6.2-6.3-6.2 6.3c-.2.2-.3.4-.3.7s.1.5.3.7c.2.2.4.3.7.3h11c.3 0 .5-.1.7-.3.2-.2.3-.5.3-.7s-.1-.5-.3-.7zM5.8 14.7l6.2 6.3 6.2-6.3c.2-.2.3-.5.3-.7s-.1-.5-.3-.7c-.2-.2-.4-.3-.7-.3h-11c-.3 0-.5.1-.7.3-.2.2-.3.5-.3.7s.1.5.3.7z\"\/><\/svg><\/span><\/span><\/span><\/a><\/span><\/div>\n<nav><ul class='ez-toc-list ez-toc-list-level-1 eztoc-toggle-hide-by-default' ><li class='ez-toc-page-1 ez-toc-heading-level-2'><a class=\"ez-toc-link ez-toc-heading-1\" href=\"https:\/\/moverdb.com\/sv\/car-transport-shipping\/#Auto_Transport_Companies\" >Biltransportf\u00f6retag<\/a><ul class='ez-toc-list-level-3' ><li class='ez-toc-heading-level-3'><a class=\"ez-toc-link ez-toc-heading-2\" href=\"https:\/\/moverdb.com\/sv\/car-transport-shipping\/#US_Canadian_Auto_Transport_Companies\" >Biltransportf\u00f6retag i USA och Kanada<\/a><\/li><li class='ez-toc-page-1 ez-toc-heading-level-3'><a class=\"ez-toc-link ez-toc-heading-3\" href=\"https:\/\/moverdb.com\/sv\/car-transport-shipping\/#UK_Car_Transport_Companies\" >Biltransportf\u00f6retag i Storbritannien<\/a><\/li><li class='ez-toc-page-1 ez-toc-heading-level-3'><a class=\"ez-toc-link ez-toc-heading-4\" href=\"https:\/\/moverdb.com\/sv\/car-transport-shipping\/#Australian_Car_Transport_Companies\" >Australiensiska biltransportf\u00f6retag<\/a><\/li><\/ul><\/li><li class='ez-toc-page-1 ez-toc-heading-level-2'><a class=\"ez-toc-link ez-toc-heading-5\" href=\"https:\/\/moverdb.com\/sv\/car-transport-shipping\/#International_Car_Transport_Costs\" >Kostnader f\u00f6r internationell biltransport<\/a><ul class='ez-toc-list-level-3' ><li class='ez-toc-heading-level-3'><a class=\"ez-toc-link ez-toc-heading-6\" href=\"https:\/\/moverdb.com\/sv\/car-transport-shipping\/#Car_Transport_Taxes\" >Skatter p\u00e5 biltransporter<\/a><\/li><\/ul><\/li><li class='ez-toc-page-1 ez-toc-heading-level-2'><a class=\"ez-toc-link ez-toc-heading-7\" href=\"https:\/\/moverdb.com\/sv\/car-transport-shipping\/#International_Vehicle_Shipping_Documentation\" >Dokumentation f\u00f6r internationell transport av fordon<\/a><\/li><li class='ez-toc-page-1 ez-toc-heading-level-2'><a class=\"ez-toc-link ez-toc-heading-8\" href=\"https:\/\/moverdb.com\/sv\/car-transport-shipping\/#Other_Car_Transport_Tips\" >Andra tips f\u00f6r biltransporter<\/a><\/li><li class='ez-toc-page-1 ez-toc-heading-level-2'><a class=\"ez-toc-link ez-toc-heading-9\" href=\"https:\/\/moverdb.com\/sv\/car-transport-shipping\/#Car_Transport_Quotes\" >Citat f\u00f6r biltransporter<\/a><\/li><\/ul><\/nav><\/div>\n<h2><span class=\"ez-toc-section\" id=\"Auto_Transport_Companies\"><\/span>Biltransportf\u00f6retag<span class=\"ez-toc-section-end\"><\/span><\/h2>\n<p>Den internationella marknaden f\u00f6r biltransporter \u00e4r extremt fragmenterad, med hundratals eller kanske tusentals sm\u00e5 f\u00f6retag som \u00e4r verksamma globalt. Nedan har vi listat n\u00e5gra av de mer popul\u00e4ra f\u00f6retagen som specialiserar sig p\u00e5 biltransporter. <\/p>\n<p>Men du b\u00f6r ocks\u00e5 se till att f\u00e5 offerter fr\u00e5n <a href=\"https:\/\/moverdb.com\/sv\/flyttfirmor\/\">de b\u00e4sta internationella flyttf\u00f6retagen<\/a> och <a href=\"https:\/\/moverdb.com\/sv\/speditor\/\">spedit\u00f6rer<\/a> f\u00f6r att se till att du f\u00e5r ett r\u00e4ttvist pris.<\/p>\n<p>Du kan ocks\u00e5 g\u00e5 till toppen av sidan och fylla i v\u00e5rt offertformul\u00e4r f\u00f6r att snabbt hitta f\u00f6retag. <\/p>\n<h3><span class=\"ez-toc-section\" id=\"US_Canadian_Auto_Transport_Companies\"><\/span>Biltransportf\u00f6retag i USA och Kanada<span class=\"ez-toc-section-end\"><\/span><\/h3>\n<ul>\n<li> A-1 Auto Transport<\/li>\n<li> Amerikansk biltransport<\/li>\n<li> AmeriFreight<\/li>\n<li> C.A.R. Transport<\/li>\n<li> p\u00e5litliga biltransport\u00f6rer (DAS)<\/li>\n<li> eShip<\/li>\n<li> Executive Auto Shippers<\/li>\n<li> Fisher Shipping<\/li>\n<li> V\u00e4garnas kung Transport<\/li>\n<li> Montway Auto Transport<\/li>\n<li> Prostar Automotive Transport<\/li>\n<li> Skicka en bil direkt<\/li>\n<li> Skicka din bil nu<\/li>\n<li> Stateway Auto Transport<\/li>\n<li> Thrifty Auto Shipping<\/li>\n<li> Vi transporterar den<\/li>\n<\/ul>\n<h3><span class=\"ez-toc-section\" id=\"UK_Car_Transport_Companies\"><\/span>Biltransportf\u00f6retag i Storbritannien<span class=\"ez-toc-section-end\"><\/span><\/h3>\n<ul>\n<li> Acumen Automotive Logistics<\/li>\n<li> AutoShippers<\/li>\n<li> Biltransport Quoter<\/li>\n<li> Tj\u00e4nster f\u00f6r flyttning av Classic Automotive<\/li>\n<li> Quinns biltransport<\/li>\n<li> Skifta en bil<\/li>\n<li> White's Vehicle Transport<\/li>\n<li> Woodside Motorfreight<\/li>\n<\/ul>\n<p>Kolla ocks\u00e5 in v\u00e5r <a href=\"https:\/\/moverdb.com\/sv\/internationella-flyttar\/\">internationella flyttningar<\/a> sida.<\/p>\n<h3><span class=\"ez-toc-section\" id=\"Australian_Car_Transport_Companies\"><\/span>Australiensiska biltransportf\u00f6retag<span class=\"ez-toc-section-end\"><\/span><\/h3>\n<ul>\n<li> ACR <a href=\"https:\/\/moverdb.com\/sv\/moving-to-australia\/living-in-australia\/\" data-internallinksmanager029f6b8e52c=\"240\" title=\"21 hemligheter om att bo i Australien som du b\u00f6r k\u00e4nna till innan du flyttar\">Australien<\/a><\/li>\n<li> Australiska biltransporter<\/li>\n<li> Auto-Logistik<\/li>\n<li> Biltransport Express<\/li>\n<li> B\u00e4rande av bilar fr\u00e5n d\u00f6rr till d\u00f6rr<\/li>\n<li> CEVA Car Carrying<\/li>\n<li> Flyttande bilar<\/li>\n<li> PrixCar Transport<\/li>\n<li> SMB Australia Biltransport<\/li>\n<li> V\u00e4gtull<\/li>\n<\/ul>\n<h2><span class=\"ez-toc-section\" id=\"International_Car_Transport_Costs\"><\/span>Kostnader f\u00f6r internationell biltransport<span class=\"ez-toc-section-end\"><\/span><\/h2>\n<p>Kostnaderna f\u00f6r biltransporter och frakt varierar kraftigt beroende p\u00e5 hur snabbt du beh\u00f6ver ditt fordon och vilken fraktmetod du v\u00e4ljer. Vid sj\u00f6transport i en container kan kostnaderna vara s\u00e5 l\u00e5ga som n\u00e5gra hundra dollar, men det kan ta mer \u00e4n en m\u00e5nad. <\/p>\n<p>Du kan spara \u00e4nnu mer pengar om du inte beh\u00f6ver d\u00f6rr-till-d\u00f6rr-service, utan ist\u00e4llet v\u00e4ljer att h\u00e4mta bilen vid n\u00e4rmaste <a href=\"https:\/\/moverdb.com\/sv\/top-49-container-ports\/\" data-internallinksmanager029f6b8e52c=\"80\" title=\"Topp 49 st\u00f6rsta och mest trafikerade containerhamnar 2025\">port<\/a> om du skickar med sj\u00f6transport via en RoRo-transport (Roll on Roll off).<\/p>\n<p>Du kan l\u00e4sa mer om detta i v\u00e5r guide: <a href=\"https:\/\/moverdb.com\/sv\/container-transport\/\">Priser och kostnader f\u00f6r internationell containerfrakt<\/a><\/p>\n<p>F\u00f6r flyttningar inom en kontinent (t.ex. <a href=\"https:\/\/moverdb.com\/sv\/moving-to-the-united-states\/\" data-internallinksmanager029f6b8e52c=\"94\" title=\"Flyttar du till USA? 2026 Levnadskostnader och flyttningstips\">USA<\/a> till <a href=\"https:\/\/moverdb.com\/sv\/moving-to-canada\/\" data-internallinksmanager029f6b8e52c=\"265\" title=\"Flytta till Kanada? 2026 Levnadskostnader och flyttningstips\">Kanada<\/a>, <a href=\"https:\/\/moverdb.com\/sv\/moving-to-the-uk\/\" data-internallinksmanager029f6b8e52c=\"93\" title=\"Flyttar du till Storbritannien? 2026 Levnadskostnader och flyttningstips\">STORBRITANNIEN<\/a> till <a href=\"https:\/\/moverdb.com\/sv\/moving-to-spain\/\" data-internallinksmanager029f6b8e52c=\"266\" title=\"Flyttar du till Spanien? 2026 Levnadskostnader och flyttningstips\">Spanien<\/a>) kan du anlita en biltransport\u00f6r som k\u00f6r din bil \u00e5t dig, f\u00f6rutsatt att bilen \u00e4r i funktionsdugligt skick. Detta kostar ofta betydligt mer (upp till ett par tusen dollar, pund eller euro), men inneb\u00e4r att du kan f\u00e5 din bil p\u00e5 n\u00e5gra dagar i st\u00e4llet f\u00f6r veckor. <\/p>\n<p>Om din bil inte \u00e4r i funktionsdugligt skick m\u00e5ste du transportera den med en sl\u00e4pvagn eller annan specialiserad flyttbil. <\/p>\n<p>Det dyraste alternativet \u00e4r att skicka med flyg, men detta rekommenderas i allm\u00e4nhet inte eftersom kostnaderna \u00e4r o\u00f6verkomliga.<\/p>\n<p><strong>Andra saker som p\u00e5verkar kostnaden:<\/strong><\/p>\n<ul>\n<li> <strong>Avst\u00e5nd:<\/strong> Ju l\u00e4ngre bort du skickar, desto dyrare blir det totala priset, \u00e4ven om du b\u00f6r betala betydligt mindre per mil.<\/li>\n<li> <strong>Tid p\u00e5 \u00e5ret:<\/strong> Vissa tider p\u00e5 \u00e5ret \u00e4r dyrare \u00e4n andra f\u00f6r vissa str\u00e4ckor.<\/li>\n<li> <strong>Ledtid:<\/strong> Ju l\u00e4ngre i f\u00f6rv\u00e4g du kan b\u00f6rja f\u00e5 offerter, desto b\u00e4ttre, eftersom priserna stiger betydligt om du har snabbare handl\u00e4ggningstider.<\/li>\n<li> <strong>\u00d6ppna och slutna lastbilar:<\/strong> \u00d6ppna lastbilar \u00e4r billigare men har i allm\u00e4nhet en h\u00f6gre risk f\u00f6r skador \u00e4n slutna lastbilar. <\/li>\n<\/ul>\n<h3><span class=\"ez-toc-section\" id=\"Car_Transport_Taxes\"><\/span>Skatter p\u00e5 biltransporter<span class=\"ez-toc-section-end\"><\/span><\/h3>\n<p>Beroende p\u00e5 vart du skickar bilen kan du beh\u00f6va betala stora skatter. Till exempel, bilar <a href=\"https:\/\/moverdb.com\/sv\/frakt-till-singapore\/\">skickade till Singapore<\/a> kommer att f\u00e5 betala en importskatt p\u00e5 20% p\u00e5 bilens tullv\u00e4rde. <\/p>\n<p>M\u00e5nga europeiska l\u00e4nder tar ut importtullar p\u00e5 cirka 10% men kan ocks\u00e5 ta ut moms som kan l\u00e4gga till ytterligare 20%, beroende p\u00e5 hur bilen kommer att anv\u00e4ndas. <\/p>\n<p>Se d\u00e4rf\u00f6r till att du budgeterar f\u00f6r detta n\u00e4r du f\u00e5r dina offerter och innan du skickar din bil. I vissa fall kan det vara billigare och enklare att k\u00f6pa en ny bil \u00e4n att skicka den gamla.  <\/p>\n<h2><span class=\"ez-toc-section\" id=\"International_Vehicle_Shipping_Documentation\"><\/span>Dokumentation f\u00f6r internationell transport av fordon<span class=\"ez-toc-section-end\"><\/span><\/h2>\n<p>Om du vill skicka din bil eller andra fordon internationellt m\u00e5ste du ha en ordentlig m\u00e4ngd dokumentation. Kraven varierar fr\u00e5n land till land, s\u00e5 kontrollera alltid innan du skickar. Vanliga dokument som kr\u00e4vs \u00e4r bland annat f\u00f6ljande:<\/p>\n<ul>\n<li> Originalbiljett f\u00f6r fordonet<\/li>\n<li> Ursprungscertifikat<\/li>\n<li> Fraktsedel<\/li>\n<li> F\u00f6rs\u00e4kringshandlingar<\/li>\n<\/ul>\n<h2><span class=\"ez-toc-section\" id=\"Other_Car_Transport_Tips\"><\/span>Andra tips f\u00f6r biltransporter<span class=\"ez-toc-section-end\"><\/span><\/h2>\n<ul>\n<li> <strong>Ta foton:<\/strong> Se till att du tar tidsst\u00e4mplade foton av ditt fordon innan det skickas, om det skulle finnas n\u00e5gra skador. Om det uppst\u00e5r skador, se till att du tar bilder direkt f\u00f6r att minimera tvister.<\/li>\n<li> <strong>F\u00f6rs\u00e4kring:<\/strong> Se till att f\u00f6rs\u00e4kringen t\u00e4cker hela resan f\u00f6r din bil och alla som k\u00f6r den.<\/li>\n<li> <strong>Ta bort personliga tillh\u00f6righeter:<\/strong> Se till att alla dina personliga tillh\u00f6righeter avl\u00e4gsnas fr\u00e5n bilen f\u00f6re transporten s\u00e5 att de inte f\u00f6rsvinner (eller stj\u00e4ls!).<\/li>\n<li> <strong>Leta efter specialister:<\/strong> Om du har en klassisk eller n\u00e5got ovanlig bil som du vill f\u00e5 transporterad, se till att f\u00f6retaget du v\u00e4ljer har erfarenhet av att k\u00f6ra och\/eller transportera dem.<\/li>\n<li> <strong>Tidslinjer:<\/strong> Se till att du vet hur l\u00e5ng tid det kommer att ta att f\u00e5 din bil fr\u00e5n punkt A till B.<\/li>\n<li> <strong>Driftstillst\u00e5nd:<\/strong> Se till att du kontrollerar saker som bensinniv\u00e5er, v\u00e4tskor, d\u00e4cktryck, batteri osv. med ditt transportf\u00f6retag innan du b\u00f6rjar transporten. Om du t.ex. transporterar en internationell transport i en container kan det vara l\u00e4mpligt att t\u00f6mma bensintanken helt och h\u00e5llet. Om du \u00e5 andra sidan l\u00e5ter n\u00e5gon k\u00f6ra din bil vill du se till att du har en full tank.<\/li>\n<\/ul>\n<h2><span class=\"ez-toc-section\" id=\"Car_Transport_Quotes\"><\/span>Citat f\u00f6r biltransporter<span class=\"ez-toc-section-end\"><\/span><\/h2>\n<p>Du kan anv\u00e4nda v\u00e5rt offertformul\u00e4r h\u00f6gst upp p\u00e5 sidan f\u00f6r att f\u00e5 offerter f\u00f6r internationella biltransporter. Men innan du accepterar en offert ska du se till att du f\u00f6rst\u00e5r helt och h\u00e5llet vem som kommer att k\u00f6ra eller frakta din bil (p\u00e5 varje steg av resan), hur ditt fordon kommer att vara f\u00f6rs\u00e4krat och l\u00e4sa recensioner av f\u00f6retaget. <\/p>","protected":false},"excerpt":{"rendered":"<p>Looking for international car transport or vehicle shipping, but don&#8217;t know where to start? We can help you with everything from companies to costs to quotes. You can get started right away using our quote form above, or keep reading our guide below for more information. Auto Transport Companies The international car and auto transport [&hellip;]<\/p>\n","protected":false},"author":1,"featured_media":2753,"parent":0,"menu_order":0,"comment_status":"closed","ping_status":"closed","template":"","meta":{"_genesis_hide_title":false,"_genesis_hide_breadcrumbs":false,"_genesis_hide_singular_image":false,"_genesis_hide_footer_widgets":false,"_genesis_custom_body_class":"","_genesis_custom_post_class":"","_genesis_layout":"","footnotes":""},"class_list":{"0":"post-2752","1":"page","2":"type-page","3":"status-publish","4":"has-post-thumbnail","6":"entry"},"_links":{"self":[{"href":"https:\/\/moverdb.com\/sv\/wp-json\/wp\/v2\/pages\/2752","targetHints":{"allow":["GET"]}}],"collection":[{"href":"https:\/\/moverdb.com\/sv\/wp-json\/wp\/v2\/pages"}],"about":[{"href":"https:\/\/moverdb.com\/sv\/wp-json\/wp\/v2\/types\/page"}],"author":[{"embeddable":true,"href":"https:\/\/moverdb.com\/sv\/wp-json\/wp\/v2\/users\/1"}],"replies":[{"embeddable":true,"href":"https:\/\/moverdb.com\/sv\/wp-json\/wp\/v2\/comments?post=2752"}],"version-history":[{"count":18,"href":"https:\/\/moverdb.com\/sv\/wp-json\/wp\/v2\/pages\/2752\/revisions"}],"predecessor-version":[{"id":18593,"href":"https:\/\/moverdb.com\/sv\/wp-json\/wp\/v2\/pages\/2752\/revisions\/18593"}],"wp:featuredmedia":[{"embeddable":true,"href":"https:\/\/moverdb.com\/sv\/wp-json\/wp\/v2\/media\/2753"}],"wp:attachment":[{"href":"https:\/\/moverdb.com\/sv\/wp-json\/wp\/v2\/media?parent=2752"}],"curies":[{"name":"wp","href":"https:\/\/api.w.org\/{rel}","templated":true}]}}