{"id":270,"date":"2016-05-01T17:06:39","date_gmt":"2016-05-01T17:06:39","guid":{"rendered":"http:\/\/moverdb.com\/?page_id=270"},"modified":"2026-01-08T14:47:32","modified_gmt":"2026-01-08T14:47:32","slug":"anglo-stillahavsomradet","status":"publish","type":"page","link":"https:\/\/moverdb.com\/sv\/anglo-pacific\/","title":{"rendered":"Anglo Pacific: Internationell flyttning och flyttning Recensioner"},"content":{"rendered":"<p>Anglo Pacific erbjuder en m\u00e4ngd olika flyttj\u00e4nster f\u00f6r att hj\u00e4lpa m\u00e4nniskor att flytta utomlands. H\u00e4r \u00e4r deras viktigaste tj\u00e4nster tillsammans med en f\u00f6retagsprofil och recensioner.<\/p>\n<p><strong>Tj\u00e4nster<\/strong> <\/p>\n<p><strong>Flyttj\u00e4nster<\/strong> <\/p>\n<ul>\n<li> Import<\/li>\n<li> Internationell flyttning<\/li>\n<li> Tillhandah\u00e5llande av <a href=\"https:\/\/moverdb.com\/sv\/container-transport\/\">Skeppscontainrar.<\/a><\/li>\n<li> Flyttning av teaterlokaler<\/li>\n<li> <a href=\"https:\/\/moverdb.com\/sv\/uk-removals\/man-and-van-cost\/\" data-internallinksmanager029f6b8e52c=\"380\" title=\"Hur mycket kostar en man &amp; sk\u00e5pbil i Storbritannien? 2026 Guide\">Man och sk\u00e5pbil<\/a> hyra in <a href=\"https:\/\/moverdb.com\/sv\/moving-to-london\/\">London<\/a><\/li>\n<\/ul>\n<p><strong>Frakttj\u00e4nster<\/strong><\/p>\n<ul>\n<li> Bagage<\/li>\n<li> <a href=\"https:\/\/moverdb.com\/sv\/biltransport-frakt\/\">Bilar<\/a><\/li>\n<li> Fin konst<\/li>\n<li> Frakt<\/li>\n<li> Import<\/li>\n<li> Motorcykel<\/li>\n<li> Bagage<\/li>\n<li> Handel<\/li>\n<li> Studerande<\/li>\n<\/ul>\n<h2>Anglo Pacifics f\u00f6retagsprofil<\/h2>\n<p>Anglo Pacific startades f\u00f6r \u00f6ver 30 \u00e5r sedan och \u00e4r det st\u00f6rsta frakt- och flyttf\u00f6retaget i USA. <a href=\"https:\/\/moverdb.com\/sv\/moving-to-the-uk\/\" data-internallinksmanager029f6b8e52c=\"93\" title=\"Flyttar du till Storbritannien? 2026 Levnadskostnader och flyttningstips\">STORBRITANNIEN<\/a>, hanterar \u00f6ver 20 000 enskilda bagagef\u00f6rs\u00e4ndelser och otaliga <a href=\"https:\/\/moverdb.com\/sv\/international-removals\/\" data-internallinksmanager029f6b8e52c=\"27\" title=\"36 b\u00e4sta internationella flyttfirmor i Storbritannien\">internationella flyttningar<\/a> varje \u00e5r. <\/p>\n<p>F\u00f6retaget \u00e4r stolt \u00f6ver att leverera en f\u00f6rstklassig, v\u00e4nlig och professionell flytttj\u00e4nst, oavsett om det g\u00e4ller inneh\u00e5llet i en hel fastighet eller k\u00e4nsliga f\u00f6rem\u00e5l som konst. <\/p>\n<p>Anglo Pacific l\u00e4gger stor vikt vid att v\u00e4lja ut de b\u00e4sta yrkesm\u00e4nnen till sitt team, och utser endast personal som g\u00f6r det lilla extra f\u00f6r kunderna och personal som kan hantera s\u00e4ker och effektiv f\u00f6rflyttning av personliga tillh\u00f6righeter p\u00e5 ett skickligt s\u00e4tt. <\/p>\n<p>Dessutom g\u00f6r sp\u00e5rningstj\u00e4nsten f\u00f6r alla f\u00f6rs\u00e4ndelser det m\u00f6jligt f\u00f6r personalen att exakt fastst\u00e4lla den exakta platsen och statusen f\u00f6r flyttningen s\u00e5 att kunderna kan vara s\u00e4kra p\u00e5 att deras f\u00f6rem\u00e5l \u00e4r p\u00e5 v\u00e4g till den avsedda platsen.<\/p>\n<p>Anglo Pacific fastst\u00e4ller och uppr\u00e4tth\u00e5ller exceptionellt h\u00f6ga standarder och som medlemmar av <a href=\"https:\/\/moverdb.com\/sv\/bar-overseas\/\">Utomeuropeiska gruppen<\/a> av den <a href=\"https:\/\/moverdb.com\/sv\/british-association-of-removers\/\">British Association of Removers (brittisk sammanslutning av flyttfirmor)<\/a> (<a href=\"https:\/\/moverdb.com\/sv\/british-association-of-removers\/\" data-internallinksmanager029f6b8e52c=\"9\" title=\"British Association of Removers (BAR) f\u00f6rklaras\">BAR<\/a>) vill de bara leverera det b\u00e4sta. <\/p>\n<p>Dessutom f\u00f6ljer de International Movers Mutual Insurance Company Ltd:s avancerade betalningsgaranti som ger kunderna en h\u00f6gre grad av f\u00f6rtroende. <\/p>\n<h2>Recensioner av Anglo Pacific<\/h2>\n<p><strong>Positivt<\/strong><\/p>\n<ul>\n<li> <em>\"Ett stort tack till alla p\u00e5 Anglo Pacific och Keys Brothers. Det gjorde v\u00e5r flytt fr\u00e5n London till Perth s\u00e5 smidig, vi uppskattar verkligen all er hj\u00e4lp. Mycket professionellt och effektivt och allt gjordes till ett bra pris!!!\"<\/em> - Via <a href=\"http:\/\/www.reviewcentre.com\/reviews252735.html?ratingfilter=5#refineYourSearch\" target=\"_blank\" rel=\"noopener\">Granskningscentrum<\/a><\/li>\n<li> <em>\"Jag beh\u00f6vde skicka lite \u00f6verviktsbagage till <a href=\"https:\/\/moverdb.com\/sv\/moving-to-australia\/living-in-australia\/\" data-internallinksmanager029f6b8e52c=\"240\" title=\"21 hemligheter om att bo i Australien som du b\u00f6r k\u00e4nna till innan du flyttar\">Australien<\/a>. Jag kontaktade m\u00e5nga personer p\u00e5 Internet och kom till slut fram till Anglo Pacific. Mitt bagage h\u00e4mtades i tid och jag fick information p\u00e5 v\u00e4gen.\"<\/em> - Via <a href=\"http:\/\/www.reviewcentre.com\/Removal-Companies\/Anglo-Pacific-Removals-Company-www-anglopacific-co-uk-review_1596555\" target=\"_blank\" rel=\"noopener\">Granskningscentrum<\/a><\/li>\n<li> <em>\"Jag skulle rekommendera Anglo Pacific till alla som vill transportera sina tillh\u00f6righeter p\u00e5 ett s\u00e4kert och effektivt s\u00e4tt.\"<\/em> - via <a href=\"https:\/\/uk.trustpilot.com\/review\/anglopacific.co.uk\" target=\"_blank\" rel=\"noopener\">TrustPilot<\/a><\/li>\n<\/ul>\n<p><strong>Negativ<\/strong><\/p>\n<ul>\n<li> <em>\"Jag ber er att inte \u00f6verv\u00e4ga Anglo Pacific l\u00e4ngre!! Min f\u00f6rs\u00e4ndelse anl\u00e4nde med all min porslin helt s\u00f6nderslagen och l\u00e5dan med elektriska artiklar levererades upp och ner!\"<\/em> - via <a href=\"http:\/\/www.reviewcentre.com\/Removal-Companies\/Anglo-Pacific-Removals-Company-www-anglopacific-co-uk-review_3741459\" target=\"_blank\" rel=\"noopener\">Granskningscentrum<\/a><\/li>\n<li> <em>\"Jag kan knappast uttrycka min best\u00f6rtning n\u00e4r jag \u00f6ppnade den sista av mina l\u00e5dor i <a href=\"https:\/\/moverdb.com\/sv\/moving-to-nyc\/\" data-internallinksmanager029f6b8e52c=\"57\" title=\"Flyttar du till New York City? 2026 NYC levnadskostnader och tips om flyttning\">NYC<\/a> f\u00f6r att sedan inse att mina mest v\u00e4rdefulla f\u00f6rem\u00e5l och det mesta av min dyrbara k\u00f6ksutrustning saknades.\"<\/em> - via <a href=\"http:\/\/www.mymovingreviews.com\/movers\/anglo-pacific-international-1790\" target=\"_blank\" rel=\"noopener\">Min flyttning Recensioner<\/a><\/li>\n<li> <em>\"Undvik - fruktansv\u00e4rd upplevelse med total brist p\u00e5 omsorg och v\u00e4rsta service efter\u00e5t\"<\/em> - via <a href=\"https:\/\/uk.trustpilot.com\/reviews\/56d595280000ff000940e229\" target=\"_blank\" rel=\"noopener\">Trustpilot<\/a><\/li>\n<\/ul>\n<div itemprop=\"review\" itemscope itemtype=\"http:\/\/schema.org\/Review\">\n<span itemprop=\"author\" itemscope=\"\" itemtype=\"http:\/\/schema.org\/Organization\"><span itemprop=\"name\">MoverDB.com<\/span><\/span> Webbplatsgranskning p\u00e5 n\u00e4tet f\u00f6r <span itemprop=\"itemreviewed\" itemscope=\"\" itemtype=\"http:\/\/schema.org\/Brand\"><span itemprop=\"name\">Anglo Pacific<\/span><\/span>:<\/p>\n<ol>\n<li> Tydliga kontaktuppgifter p\u00e5 webbplatsen (inklusive telefonnummer)? <strong>Ja<\/strong><\/li>\n<li> L\u00e4tt att f\u00e5 <a href=\"https:\/\/moverdb.com\/sv\/citat\/\">offerter f\u00f6r internationella flyttningar<\/a>? (Formul\u00e4r f\u00f6r beg\u00e4ran om uppskattning online): <strong>Ja<\/strong><\/li>\n<li> Tydlig information p\u00e5 webbplatsen: <strong>Ja<\/strong>De \u00e4r l\u00e4tta att navigera p\u00e5 sina sidor och det \u00e4r tydligt att se vilka tj\u00e4nster de erbjuder.<\/li>\n<li> Medlemskap i internationellt erk\u00e4nda flyttorganisationer: <strong>Ja<\/strong><\/li>\n<li> F\u00f6rteckning \u00f6ver kunder och\/eller tidigare kundreferenser: <strong>Ja <\/strong><\/li>\n<\/ol>\n<div itemprop=\"reviewRating\" itemscope itemtype=\"http:\/\/schema.org\/Rating\"><meta itemprop=\"worstRating\" content = \"0\" \/><meta itemprop=\"bestRating\" content=\"5\" \/><meta itemprop=\"ratingValue\" content=\"5\"><\/div>\n<p><strong>Sammanfattande betyg: 5\/5<\/strong><br \/>\n<strong>Datum f\u00f6r granskning:<\/strong> <span itemprop=\"datePublished\" content=\"2016-05-01\">01\/05\/2016<\/span>\n<\/div>\n<p>Mer om <a href=\"https:\/\/moverdb.com\/sv\/internationella-flyttar\/\">F\u00f6retag som utf\u00f6r flyttningar i Storbritannien<\/a> och v\u00e5r <a href=\"https:\/\/moverdb.com\/sv\/recensioner\/\">f\u00f6rklaring av granskningsf\u00f6rfarandet<\/a>.<\/p>\n<p><strong>Webbplats:<\/strong> <a href=\"http:\/\/www.anglopacific.co.uk\" target=\"_blank\" rel=\"noopener\">http:\/\/www.anglopacific.co.uk<\/a><\/p>","protected":false},"excerpt":{"rendered":"<p>Anglo Pacific offers a variety of removal services to help people move overseas. Here are their core service offerings along with company profile and reviews. Services Removal Services Imports International Relocation Provision of shipping containers Theatrical removals Man and Van hire in London Shipping Services Baggage Cars Fine Art Freight Imports Motorbike Luggage Trade Student [&hellip;]<\/p>\n","protected":false},"author":1,"featured_media":0,"parent":0,"menu_order":0,"comment_status":"closed","ping_status":"closed","template":"","meta":{"_genesis_hide_title":false,"_genesis_hide_breadcrumbs":false,"_genesis_hide_singular_image":false,"_genesis_hide_footer_widgets":false,"_genesis_custom_body_class":"","_genesis_custom_post_class":"","_genesis_layout":"","footnotes":""},"class_list":{"0":"post-270","1":"page","2":"type-page","3":"status-publish","5":"entry"},"_links":{"self":[{"href":"https:\/\/moverdb.com\/sv\/wp-json\/wp\/v2\/pages\/270","targetHints":{"allow":["GET"]}}],"collection":[{"href":"https:\/\/moverdb.com\/sv\/wp-json\/wp\/v2\/pages"}],"about":[{"href":"https:\/\/moverdb.com\/sv\/wp-json\/wp\/v2\/types\/page"}],"author":[{"embeddable":true,"href":"https:\/\/moverdb.com\/sv\/wp-json\/wp\/v2\/users\/1"}],"replies":[{"embeddable":true,"href":"https:\/\/moverdb.com\/sv\/wp-json\/wp\/v2\/comments?post=270"}],"version-history":[{"count":12,"href":"https:\/\/moverdb.com\/sv\/wp-json\/wp\/v2\/pages\/270\/revisions"}],"predecessor-version":[{"id":6173,"href":"https:\/\/moverdb.com\/sv\/wp-json\/wp\/v2\/pages\/270\/revisions\/6173"}],"wp:attachment":[{"href":"https:\/\/moverdb.com\/sv\/wp-json\/wp\/v2\/media?parent=270"}],"curies":[{"name":"wp","href":"https:\/\/api.w.org\/{rel}","templated":true}]}}