{"id":2675,"date":"2017-05-03T15:16:49","date_gmt":"2017-05-03T15:16:49","guid":{"rendered":"https:\/\/moverdb.com\/?page_id=2675"},"modified":"2026-01-08T15:20:41","modified_gmt":"2026-01-08T15:20:41","slug":"frakt-till-singapore","status":"publish","type":"page","link":"https:\/\/moverdb.com\/sv\/shipping-to-singapore\/","title":{"rendered":"Frakt till Singapore: Vad du beh\u00f6ver veta"},"content":{"rendered":"<p><img loading=\"lazy\" decoding=\"async\" width=\"720\" height=\"313\" src=\"https:\/\/moverdb.com\/wp-content\/uploads\/shipping-to-singapore.png\" alt=\"Frakt till Singapore\" class=\"aligncenter size-full wp-image-2676\" srcset=\"https:\/\/moverdb.com\/wp-content\/uploads\/shipping-to-singapore.png 720w, https:\/\/moverdb.com\/wp-content\/uploads\/shipping-to-singapore-300x130.png 300w, https:\/\/moverdb.com\/wp-content\/uploads\/shipping-to-singapore-600x261.png 600w\" sizes=\"auto, (max-width: 720px) 100vw, 720px\" \/><\/p>\n<p>Oavsett om du \u00e4r <a href=\"https:\/\/moverdb.com\/sv\/flytta-till-singapore\/\">flytta till Singapore<\/a> eller om du bara vill skicka n\u00e5gra paket, kan vi hj\u00e4lpa dig att hitta de b\u00e4sta fraktpriserna fr\u00e5n <a href=\"https:\/\/moverdb.com\/sv\/moving-to-the-united-states\/\" data-internallinksmanager029f6b8e52c=\"94\" title=\"Flyttar du till USA? 2026 Levnadskostnader och flyttningstips\">USA<\/a>, <a href=\"https:\/\/moverdb.com\/sv\/moving-to-the-uk\/\" data-internallinksmanager029f6b8e52c=\"93\" title=\"Flyttar du till Storbritannien? 2026 Levnadskostnader och flyttningstips\">STORBRITANNIEN<\/a>, <a href=\"https:\/\/moverdb.com\/sv\/moving-to-australia\/living-in-australia\/\" data-internallinksmanager029f6b8e52c=\"240\" title=\"21 hemligheter om att bo i Australien som du b\u00f6r k\u00e4nna till innan du flyttar\">Australien<\/a>, <a href=\"https:\/\/moverdb.com\/sv\/moving-to-canada\/\" data-internallinksmanager029f6b8e52c=\"265\" title=\"Flytta till Kanada? 2026 Levnadskostnader och flyttningstips\">Kanada<\/a>, <a href=\"https:\/\/moverdb.com\/sv\/moving-to-france\/\" data-internallinksmanager029f6b8e52c=\"315\" title=\"Flyttar du till Frankrike? 2026 Levnadskostnader och flyttningstips\">Frankrike<\/a>, <a href=\"https:\/\/moverdb.com\/sv\/moving-to-hong-kong\/\" data-internallinksmanager029f6b8e52c=\"350\" title=\"Flytta till Hong Kong? 2026 Levnadskostnader och tips om flytt\">Hong Kong<\/a>, <a href=\"https:\/\/moverdb.com\/sv\/moving-to-new-zealand\/\" data-internallinksmanager029f6b8e52c=\"324\" title=\"Flyttar du till Nya Zeeland? 2026 Levnadskostnader och flyttningstips\">Nya Zeeland<\/a>, <a href=\"https:\/\/moverdb.com\/sv\/moving-to-the-philippines\/\" data-internallinksmanager029f6b8e52c=\"376\" title=\"Flytta till Filippinerna? 2026 Levnadskostnader och tips om omlokalisering\">Filippinerna<\/a> och de flesta andra l\u00e4nder i v\u00e4rlden. <\/p>\n<p>Du kan b\u00f6rja genom att anv\u00e4nda formul\u00e4ret f\u00f6r kostnadsfri offert ovan. <\/p>\n<div id=\"ez-toc-container\" class=\"ez-toc-v2_0_82_2 ez-toc-wrap-left counter-hierarchy ez-toc-counter ez-toc-transparent ez-toc-container-direction\">\n<div class=\"ez-toc-title-container\">\n<p class=\"ez-toc-title\" style=\"cursor:inherit\">Avsnitt<\/p>\n<span class=\"ez-toc-title-toggle\"><a href=\"#\" class=\"ez-toc-pull-right ez-toc-btn ez-toc-btn-xs ez-toc-btn-default ez-toc-toggle\" aria-label=\"V\u00e4xla till inneh\u00e5llsf\u00f6rteckning\"><span class=\"ez-toc-js-icon-con\"><span class=\"\"><span class=\"eztoc-hide\" style=\"display:none;\">V\u00e4xel<\/span><span class=\"ez-toc-icon-toggle-span\"><svg style=\"fill: #999;color:#999\" xmlns=\"http:\/\/www.w3.org\/2000\/svg\" class=\"list-377408\" width=\"20px\" height=\"20px\" viewbox=\"0 0 24 24\" fill=\"none\"><path d=\"M6 6H4v2h2V6zm14 0H8v2h12V6zM4 11h2v2H4v-2zm16 0H8v2h12v-2zM4 16h2v2H4v-2zm16 0H8v2h12v-2z\" fill=\"currentColor\"><\/path><\/svg><svg style=\"fill: #999;color:#999\" class=\"arrow-unsorted-368013\" xmlns=\"http:\/\/www.w3.org\/2000\/svg\" width=\"10px\" height=\"10px\" viewbox=\"0 0 24 24\" version=\"1.2\" baseprofile=\"tiny\"><path d=\"M18.2 9.3l-6.2-6.3-6.2 6.3c-.2.2-.3.4-.3.7s.1.5.3.7c.2.2.4.3.7.3h11c.3 0 .5-.1.7-.3.2-.2.3-.5.3-.7s-.1-.5-.3-.7zM5.8 14.7l6.2 6.3 6.2-6.3c.2-.2.3-.5.3-.7s-.1-.5-.3-.7c-.2-.2-.4-.3-.7-.3h-11c-.3 0-.5.1-.7.3-.2.2-.3.5-.3.7s.1.5.3.7z\"\/><\/svg><\/span><\/span><\/span><\/a><\/span><\/div>\n<nav><ul class='ez-toc-list ez-toc-list-level-1 eztoc-toggle-hide-by-default' ><li class='ez-toc-page-1 ez-toc-heading-level-2'><a class=\"ez-toc-link ez-toc-heading-1\" href=\"https:\/\/moverdb.com\/sv\/shipping-to-singapore\/#Shipping_to_Singapore_From_The_US\" >Frakt till Singapore fr\u00e5n USA<\/a><\/li><li class='ez-toc-page-1 ez-toc-heading-level-2'><a class=\"ez-toc-link ez-toc-heading-2\" href=\"https:\/\/moverdb.com\/sv\/shipping-to-singapore\/#Shipping_to_Singapore_From_The_UK\" >Frakt till Singapore fr\u00e5n Storbritannien<\/a><\/li><li class='ez-toc-page-1 ez-toc-heading-level-2'><a class=\"ez-toc-link ez-toc-heading-3\" href=\"https:\/\/moverdb.com\/sv\/shipping-to-singapore\/#Shipping_to_Singapore_From_Australia\" >Frakt till Singapore fr\u00e5n Australien<\/a><\/li><li class='ez-toc-page-1 ez-toc-heading-level-2'><a class=\"ez-toc-link ez-toc-heading-4\" href=\"https:\/\/moverdb.com\/sv\/shipping-to-singapore\/#Shipping_to_Singapore_From_Canada\" >Frakt till Singapore fr\u00e5n Kanada<\/a><\/li><li class='ez-toc-page-1 ez-toc-heading-level-2'><a class=\"ez-toc-link ez-toc-heading-5\" href=\"https:\/\/moverdb.com\/sv\/shipping-to-singapore\/#Shipping_to_Singapore_From_France\" >Frakt till Singapore fr\u00e5n Frankrike<\/a><\/li><li class='ez-toc-page-1 ez-toc-heading-level-2'><a class=\"ez-toc-link ez-toc-heading-6\" href=\"https:\/\/moverdb.com\/sv\/shipping-to-singapore\/#Shipping_to_Singapore_From_Hong_Kong\" >Frakt till Singapore fr\u00e5n Hongkong<\/a><\/li><li class='ez-toc-page-1 ez-toc-heading-level-2'><a class=\"ez-toc-link ez-toc-heading-7\" href=\"https:\/\/moverdb.com\/sv\/shipping-to-singapore\/#Shipping_to_Singapore_From_New_Zealand\" >Frakt till Singapore fr\u00e5n Nya Zeeland<\/a><\/li><li class='ez-toc-page-1 ez-toc-heading-level-2'><a class=\"ez-toc-link ez-toc-heading-8\" href=\"https:\/\/moverdb.com\/sv\/shipping-to-singapore\/#Shipping_to_Singapore_From_the_Philippines\" >Frakt till Singapore fr\u00e5n Filippinerna<\/a><\/li><li class='ez-toc-page-1 ez-toc-heading-level-2'><a class=\"ez-toc-link ez-toc-heading-9\" href=\"https:\/\/moverdb.com\/sv\/shipping-to-singapore\/#Singapore_Import_Duties_Taxes\" >Importtullar och skatter i Singapore<\/a><\/li><li class='ez-toc-page-1 ez-toc-heading-level-2'><a class=\"ez-toc-link ez-toc-heading-10\" href=\"https:\/\/moverdb.com\/sv\/shipping-to-singapore\/#Restricted_Items_in_Singapore\" >Restricted Items i Singapore<\/a><\/li><li class='ez-toc-page-1 ez-toc-heading-level-2'><a class=\"ez-toc-link ez-toc-heading-11\" href=\"https:\/\/moverdb.com\/sv\/shipping-to-singapore\/#Other_Useful_Guides_to_Singapore\" >Andra anv\u00e4ndbara guider till Singapore<\/a><\/li><\/ul><\/nav><\/div>\n<h2><span class=\"ez-toc-section\" id=\"Shipping_to_Singapore_From_The_US\"><\/span>Frakt till Singapore fr\u00e5n USA<span class=\"ez-toc-section-end\"><\/span><\/h2>\n<p><strong><a href=\"https:\/\/moverdb.com\/sv\/container-shipping\/\" data-internallinksmanager029f6b8e52c=\"3\" title=\"Diagram \u00f6ver internationella containerfraktpriser: April 2026\">Kostnader f\u00f6r containerfrakt<\/a> Fr\u00e5n <a href=\"https:\/\/moverdb.com\/sv\/flyttar-till-los-angeles\/\">Los Angeles<\/a><\/strong><\/p>\n<ul>\n<li> 20 fot container: $750 - $830<\/li>\n<li> 40ft Container: $1,120 - $1,235<\/li>\n<\/ul>\n<p><strong>Kostnader f\u00f6r containerfrakt fr\u00e5n <a href=\"https:\/\/moverdb.com\/sv\/flytta-till-nyc\/\">New York<\/a><\/strong><\/p>\n<ul>\n<li> 20 fot container: $975 - $1,080<\/li>\n<li> 40 fot container: $1,460 - $1,610<\/li>\n<\/ul>\n<p><strong>Kostnader f\u00f6r paketf\u00f6rs\u00e4ndelser<\/strong><\/p>\n<ul>\n<li> F\u00f6rsta 0,5 kg: $11.80+<\/li>\n<li> Varje ytterligare 0,5 kg: $3.25+<\/li>\n<\/ul>\n<p><em>K\u00e4lla:<\/em> <a href=\"http:\/\/comgateway.com\/ship-to-Singapore\/\" target=\"_blank\" rel=\"noopener noreferrer\">comGateway<\/a><\/p>\n<p><strong>Leveranstider<\/strong><\/p>\n<ul>\n<li> <strong>Luft:<\/strong> 1-3 dagar<\/li>\n<li> <strong>Hav:<\/strong> Ungef\u00e4r 1 m\u00e5nad<\/li>\n<\/ul>\n<h2><span class=\"ez-toc-section\" id=\"Shipping_to_Singapore_From_The_UK\"><\/span>Frakt till Singapore fr\u00e5n Storbritannien<span class=\"ez-toc-section-end\"><\/span><\/h2>\n<p><strong>Kostnader f\u00f6r containerfrakt fr\u00e5n <a href=\"https:\/\/moverdb.com\/sv\/moving-to-london\/\">London<\/a><\/strong><\/p>\n<ul>\n<li> 20 fot container: \u00a3895 - \u00a31,000<\/li>\n<li> 40 fot container: \u00a31,340 - \u00a31,480<\/li>\n<\/ul>\n<p><strong>Kostnader f\u00f6r paketf\u00f6rs\u00e4ndelser<\/strong><\/p>\n<ul>\n<li> Upp till 1 kg: \u00a320.12+<\/li>\n<li> Upp till 20 kg: \u00a387.31+<\/li>\n<\/ul>\n<p><em>K\u00e4lla:<\/em> <a href=\"https:\/\/www.transglobalexpress.co.uk\/parcel-to\/singapore\/\" target=\"_blank\" rel=\"noopener noreferrer\">Transglobal Express<\/a><\/p>\n<p><strong>Leveranstider<\/strong><\/p>\n<ul>\n<li> <strong>Luft:<\/strong> 1-3 dagar<\/li>\n<li> <strong>Hav:<\/strong> Ungef\u00e4r 1 m\u00e5nad<\/li>\n<\/ul>\n<h2><span class=\"ez-toc-section\" id=\"Shipping_to_Singapore_From_Australia\"><\/span>Frakt till Singapore fr\u00e5n Australien<span class=\"ez-toc-section-end\"><\/span><\/h2>\n<p><strong>Kostnader f\u00f6r containerfrakt fr\u00e5n <a href=\"https:\/\/moverdb.com\/sv\/flytta-till-sydney\/\">Sydney<\/a><\/strong><\/p>\n<ul>\n<li> 20 fot container: $980 - $1 080 AUD<\/li>\n<li> 40 fot container: $1 470 - $1 620 AUD<\/li>\n<\/ul>\n<p><strong>Kostnader f\u00f6r paketf\u00f6rs\u00e4ndelser<\/strong><\/p>\n<ul>\n<li> Liten v\u00e4ska (upp till 500 g): $22.26+<\/li>\n<li> Box (upp till 5 kg): $81.73+<\/li>\n<\/ul>\n<p><em>K\u00e4lla:<\/em> <a href=\"https:\/\/auspost.com.au\/parcels-mail\/calculate-postage-delivery-times\/#\/\" target=\"_blank\" rel=\"noopener noreferrer\">Australia Post<\/a><\/p>\n<p><strong>Leveranstider<\/strong><\/p>\n<ul>\n<li> <strong>Luft:<\/strong> 1-3 dagar<\/li>\n<li> <strong>Hav:<\/strong> Omkring 20 dagar<\/li>\n<\/ul>\n<h2><span class=\"ez-toc-section\" id=\"Shipping_to_Singapore_From_Canada\"><\/span>Frakt till Singapore fr\u00e5n Kanada<span class=\"ez-toc-section-end\"><\/span><\/h2>\n<p><strong>Kostnader f\u00f6r containerfrakt fr\u00e5n <a href=\"https:\/\/moverdb.com\/sv\/moving-to-canada\/moving-to-montreal\/\" data-internallinksmanager029f6b8e52c=\"410\" title=\"Flyttar du till Montreal? 2026 Levnadskostnader och tips om flytt\">Montreal<\/a><\/strong><\/p>\n<ul>\n<li> 20 fot container: $1,640 - $1,800 CAD<\/li>\n<li> 40ft Container: $2,440 - $2,700 CAD<\/li>\n<\/ul>\n<p><strong>Kostnader f\u00f6r containerfrakt fr\u00e5n <a href=\"https:\/\/moverdb.com\/sv\/moving-to-canada\/moving-to-vancouver\/\" data-internallinksmanager029f6b8e52c=\"438\" title=\"Flyttar du till Vancouver? 2026 Levnadskostnader och tips om flytt\">Vancouver<\/a><\/strong><\/p>\n<ul>\n<li> 20 fot container: $990 - $1,100 CAD<\/li>\n<li> 40ft Container: $1,480 - $1,630 CAD<\/li>\n<\/ul>\n<p><strong>Kostnader f\u00f6r paketf\u00f6rs\u00e4ndelser<\/strong><\/p>\n<ul>\n<li> 1 kg: $20.29 - $105.44+<\/li>\n<li> 10kg: $139.85 - $412.93+<\/li>\n<\/ul>\n<p><em>K\u00e4lla:<\/em> <a href=\"https:\/\/www.canadapost.ca\/cpotools\/apps\/far\/personal\/farInt\" target=\"_blank\" rel=\"noopener noreferrer\">Canada Post<\/a><\/p>\n<p><strong>Leveranstider<\/strong><\/p>\n<ul>\n<li> <strong>Luft:<\/strong> 1-3 dagar<\/li>\n<li> <strong>Hav:<\/strong> Ungef\u00e4r 1 m\u00e5nad<\/li>\n<\/ul>\n<h2><span class=\"ez-toc-section\" id=\"Shipping_to_Singapore_From_France\"><\/span>Frakt till Singapore fr\u00e5n Frankrike<span class=\"ez-toc-section-end\"><\/span><\/h2>\n<p><strong>Kostnader f\u00f6r containerfrakt fr\u00e5n Marseille<\/strong><\/p>\n<ul>\n<li> 20 fot container: \u20ac740 - \u20ac820<\/li>\n<li> 40 fot container: 1 100-1 220 euro<\/li>\n<\/ul>\n<p><strong>Leveranstider<\/strong><\/p>\n<ul>\n<li> <strong>Luft:<\/strong> 1-3 dagar<\/li>\n<li> <strong>Hav:<\/strong> Ungef\u00e4r 1 m\u00e5nad<\/li>\n<\/ul>\n<h2><span class=\"ez-toc-section\" id=\"Shipping_to_Singapore_From_Hong_Kong\"><\/span>Frakt till Singapore fr\u00e5n Hongkong<span class=\"ez-toc-section-end\"><\/span><\/h2>\n<p><strong>Kostnader f\u00f6r containerfrakt<\/strong><\/p>\n<ul>\n<li> 20 fot container: $1,820 - $2,010 HKD<\/li>\n<li> 40 fot container: $1,860 - $2,060 HKD<\/li>\n<\/ul>\n<p><strong>Leveranstider<\/strong><\/p>\n<ul>\n<li> <strong>Luft:<\/strong> 1-2 dagar<\/li>\n<li> <strong>Hav:<\/strong> Cirka 12 dagar<\/li>\n<\/ul>\n<h2><span class=\"ez-toc-section\" id=\"Shipping_to_Singapore_From_New_Zealand\"><\/span>Frakt till Singapore fr\u00e5n Nya Zeeland<span class=\"ez-toc-section-end\"><\/span><\/h2>\n<p><strong>Kostnader f\u00f6r containerfrakt fr\u00e5n Auckland<\/strong><\/p>\n<ul>\n<li> 20 fot container: $1 860 - $2 050 NZD<\/li>\n<li> 40 fot container: $2,775 - $3,070 NZD<\/li>\n<\/ul>\n<p><strong>Leveranstider<\/strong><\/p>\n<ul>\n<li> <strong>Luft:<\/strong> 1-3 dagar<\/li>\n<li> <strong>Hav:<\/strong> Cirka 23 dagar<\/li>\n<\/ul>\n<h2><span class=\"ez-toc-section\" id=\"Shipping_to_Singapore_From_the_Philippines\"><\/span>Frakt till Singapore fr\u00e5n Filippinerna<span class=\"ez-toc-section-end\"><\/span><\/h2>\n<p><strong>Kostnader f\u00f6r containerfrakt fr\u00e5n Manila<\/strong><\/p>\n<ul>\n<li> 20ft Container: \u20b118,300 - \u20b120,255<\/li>\n<li> 40ft Container: \u20b127,350 - \u20b130,230<\/li>\n<\/ul>\n<p><strong>Leveranstider<\/strong><\/p>\n<ul>\n<li> <strong>Luft:<\/strong> 1-3 dagar<\/li>\n<li> <strong>Hav:<\/strong> Cirka 12 dagar<\/li>\n<\/ul>\n<p>Kostnadsdata f\u00f6r containerfrakt \u00e4r baserade p\u00e5 att skicka dina varor till sj\u00f6ss och kommer fr\u00e5n v\u00e5ra <a href=\"https:\/\/moverdb.com\/sv\/container-transport\/\">priser f\u00f6r internationell containerfrakt<\/a> sidan och <a href=\"http:\/\/worldfreightrates.com\" target=\"_blank\" rel=\"noopener noreferrer\">WorldFreightRates.com<\/a>, Airs leveranstider kommer fr\u00e5n <a href=\"https:\/\/wwwapps.ups.com\/fctc\/timeandcost\" target=\"_blank\" rel=\"noopener noreferrer\">Kalkylator f\u00f6r UPS tid och kostnader<\/a>, och sj\u00f6farten kommer fr\u00e5n <a href=\"https:\/\/www.searates.com\" target=\"_blank\" rel=\"noopener noreferrer\">SeaRates.com<\/a>.<\/p>\n<h2><span class=\"ez-toc-section\" id=\"Singapore_Import_Duties_Taxes\"><\/span>Importtullar och skatter i Singapore<span class=\"ez-toc-section-end\"><\/span><\/h2>\n<p>Om du skickar hush\u00e5llsvaror och personliga tillh\u00f6righeter till <a href=\"https:\/\/moverdb.com\/sv\/moving-to-singapore\/\" data-internallinksmanager029f6b8e52c=\"68\" title=\"Flyttar du till Singapore? 2026 Levnadskostnader och flyttningstips\">Singapore<\/a> Du kommer att omfattas av en skatt p\u00e5 varor och tj\u00e4nster (GST) p\u00e5 7% p\u00e5 varor som \u00e4r v\u00e4rda mer \u00e4n 400 SGD. Du kan dock ans\u00f6ka om skattel\u00e4ttnad om f\u00f6ljande villkor \u00e4r uppfyllda:<\/p>\n<blockquote><p>Skattebefrielse kan beviljas f\u00f6r import av begagnade hush\u00e5llsartiklar och personliga tillh\u00f6righeter till:<\/p>\n<p>Singaporianer och personer med permanent uppeh\u00e5llstillst\u00e5nd i Singapore som \u00e4r bosatta utomlands och som \u00e5terv\u00e4nder f\u00f6r att bos\u00e4tta sig i Singapore.<br \/>\nUtl\u00e4nningar som flyttar eller flyttar till Singapore<\/p>\n<p>GST-l\u00e4ttnaden g\u00e4ller p\u00e5 f\u00f6ljande villkor:<\/p>\n<p>Att denna person intygar f\u00f6r tullen att:<\/p>\n<ul>\n<li> Han byter bostadsort till Singapore;<\/li>\n<li> Han \u00e4r \u00e4gare till de importerade f\u00f6rem\u00e5len, personliga tillh\u00f6righeter och personliga husdjur;<\/li>\n<li> Artiklarna och de personliga tillh\u00f6righeterna har varit i hans \u00e4go och anv\u00e4nts i minst tre m\u00e5nader.<\/li>\n<li> Artiklarna och de personliga tillh\u00f6righeterna importeras med flyg eller b\u00e5t.<\/li>\n<li> Artiklarna, de personliga tillh\u00f6righeterna och de personliga husdjuren importeras inom sex m\u00e5nader efter hans f\u00f6rsta ankomst till Singapore.<\/li>\n<li> Ett \u00e5tagande g\u00f6rs att inte g\u00f6ra sig av med varorna och de personliga tillh\u00f6righeterna inom tre m\u00e5nader fr\u00e5n importdagen.<\/li>\n<\/ul>\n<p>\u00c5terv\u00e4ndande singaporeaner och personer med uppeh\u00e5llstillst\u00e5nd i Singapore m\u00e5ste ha bott i ett annat land i mer \u00e4n sex m\u00e5nader f\u00f6r att f\u00e5 r\u00e4tt till denna skattel\u00e4ttnad.<\/p><\/blockquote>\n<p><strong>K\u00e4lla:<\/strong> <a href=\"https:\/\/www.customs.gov.sg\/businesses\/importing-goods\/import-procedures\/importing-used-household-articles-and-personal-effects\" target=\"_blank\" rel=\"noopener noreferrer\">Singapores tullar<\/a><\/p>\n<p>Observera att det finns <a href=\"https:\/\/www.customs.gov.sg\/businesses\/valuation-duties-taxes--fees\/duties-and-dutiable-goods\" target=\"_blank\" rel=\"noopener noreferrer\">Det finns fyra kategorier av tullpliktiga varor.<\/a> (som inte \u00e4r ber\u00e4ttigade till skattel\u00e4ttnader f\u00f6r merv\u00e4rdesskatt):<\/p>\n<ul>\n<li> Berusande drycker: Baserat p\u00e5 en av de tv\u00e5 formlerna: <em>Skatt som ska betalas = Total kvantitet i liter x tull- och\/eller punktskattesats x Procentuell andel av alkoholhalten.<\/em> <strong>eller .<\/strong><em> Tull som skall betalas = total tullpliktig kvantitet i kilogram x tullsats.<\/em>.<\/li>\n<li> Tobaksprodukter - <em>Cigaretter:<\/em> Tullar som ska betalas = Totalt antal pinnar x Vikt av enskilda pinnar (varje gram eller del d\u00e4rav) x Punktskattesats - <em>alla andra tobaksprodukter:<\/em> Skyldiga tullar = totalvikt (i kilogram) x punktskattesats.<\/li>\n<li> Bilar och motorfordon - <em>Tullar som ska betalas = tullv\u00e4rde x punktskattesats<\/em>; f\u00f6r personbilar och klassiska bilar \u00e4r punktskattesatsen <strong>20%<\/strong> och f\u00f6r motorcyklar och skotrar \u00e4r punktskattesatsen f\u00f6ljande <strong>12%<\/strong>.<\/li>\n<li> Petroleumprodukter och biodieselblandningar - Petroleumprodukter: <em>Skyldiga tullar = total volym x punktskattesats<\/em>, Komprimerad naturgas (Cng): <em>Skyldiga tullar = totalvikt x punktskattesats<\/em>, Biodieselblandning Duties betalbar = <em>Volym av dieselolja x Punktskattesats<\/em>.<\/li>\n<\/ul>\n<p>Fullst\u00e4ndig information finns i Singapore Customs <a href=\"https:\/\/www.customs.gov.sg\/businesses\/importing-goods\/import-procedures\" target=\"_blank\" rel=\"noopener noreferrer\">Importf\u00f6rfaranden h\u00e4r<\/a>.<\/p>\n<h2><span class=\"ez-toc-section\" id=\"Restricted_Items_in_Singapore\"><\/span>Restricted Items i Singapore<span class=\"ez-toc-section-end\"><\/span><\/h2>\n<p>F\u00f6ljande f\u00f6rem\u00e5l \u00e4r f\u00f6rbjudna och\/eller kontrolleras av Singapores tullmyndigheter (<a href=\"https:\/\/www.customs.gov.sg\/individuals\/going-through-customs\/arrival\/prohibited-and-controlled-goods\" target=\"_blank\" rel=\"noopener noreferrer\">se webbplats<\/a> f\u00f6r fullst\u00e4ndig information):<\/p>\n<ul>\n<li> Tuggummi (utom tuggummi f\u00f6r tandv\u00e5rd och medicinerat tuggummi som godk\u00e4nts av h\u00e4lsov\u00e5rdsmyndigheten).<\/li>\n<li> Tuggtobak och tobaksimitationer (t.ex. elektroniska cigaretter).<\/li>\n<li> Shisha<\/li>\n<li> R\u00f6kfria cigarrer, r\u00f6kfria cigariller eller r\u00f6kfria cigaretter<\/li>\n<li> Uppl\u00f6sbar tobak eller nikotin<\/li>\n<li> Alla produkter som inneh\u00e5ller nikotin eller tobak och som kan anv\u00e4ndas lokalt f\u00f6r applicering, genom implantat eller injiceras i n\u00e5gon del av kroppen.<\/li>\n<li> Alla l\u00f6sningar eller \u00e4mnen som inneh\u00e5ller tobak eller nikotin och som \u00e4r avsedda att anv\u00e4ndas tillsammans med ett elektroniskt nikotinleveranssystem eller f\u00f6r\u00e5ngare.<\/li>\n<li> Snus f\u00f6r n\u00e4san (med verkan fr\u00e5n och med den 1 augusti 2016)<\/li>\n<li> Oralt snus (med verkan fr\u00e5n och med den 1 augusti 2016)<\/li>\n<li> Gutkha, khaini och zarda (med verkan fr\u00e5n och med den 1 augusti 2016)<\/li>\n<li> Cigarett\u00e4ndare i form av pistol eller revolver<\/li>\n<p>Contr<\/p>\n<li> Olled droger och psykotropa \u00e4mnen.<\/li>\n<li> Utrotningshotade arter av vilda djur och deras biprodukter.<\/li>\n<li> Sm\u00e4llare<\/li>\n<li> Ocks\u00e5 obscena artiklar, publikationer och videoband\/disketter.<\/li>\n<li> Reproduktion av upphovsr\u00e4ttsskyddade publikationer, programvara, videoband, videokompaktskivor, laserskivor, skivor eller kassetter.<\/li>\n<li> Upproriskt och f\u00f6rr\u00e4diskt material<\/li>\n<\/ul>\n<p>Om du \u00e4r os\u00e4ker p\u00e5 n\u00e5gon annan artikel, v\u00e4nligen kontakta dem innan du skickar dina varor.<\/p>\n<h2><span class=\"ez-toc-section\" id=\"Other_Useful_Guides_to_Singapore\"><\/span>Andra anv\u00e4ndbara guider till Singapore<span class=\"ez-toc-section-end\"><\/span><\/h2>\n<ul>\n<li> <a href=\"https:\/\/moverdb.com\/sv\/container-transport\/singapore\/\">2024 Sj\u00f6frakt Containerfraktpriser till och fr\u00e5n Singapore<\/a><\/li>\n<li> <a href=\"https:\/\/moverdb.com\/sv\/flyttfirmor\/moving-companies-singapore\/\">22 b\u00e4sta internationella flyttfirmor i Singapore<\/a><\/li>\n<li> <a href=\"https:\/\/moverdb.com\/sv\/frakt-till-singapore\/\">Frakt till Singapore: Vad du beh\u00f6ver veta<\/a><\/li>\n<li> <a href=\"https:\/\/moverdb.com\/sv\/flytta-till-singapore\/\">Flyttar du till Singapore? 2024 Levnadskostnader och tips om omlokalisering<\/a><\/li>\n<li> <a href=\"https:\/\/moverdb.com\/sv\/flytta-till-singapore\/best-places-to-live-singapore\/\">12 b\u00e4sta platserna att bo i Singapore<\/a><\/li>\n<li> <a href=\"https:\/\/moverdb.com\/sv\/flytta-till-singapore\/living-in-singapore\/\">21 hemligheter om att bo i Singapore att veta innan du flyttar<\/a><\/li>\n<li> <a href=\"https:\/\/moverdb.com\/sv\/flytta-till-singapore\/moving-to-singapore-from-the-united-states\/\">Att flytta till Singapore fr\u00e5n USA<\/a><\/li>\n<\/ul>","protected":false},"excerpt":{"rendered":"<p>Whether you&#8217;re moving to Singapore or just looking to ship a few parcels, we can help you find the best shipping deals from the US, UK, Australia, Canada, France, Hong Kong, New Zealand, Philippines and most other countries around the world. You can get started by using the free quote form above. Shipping to Singapore [&hellip;]<\/p>\n","protected":false},"author":1,"featured_media":2676,"parent":0,"menu_order":0,"comment_status":"closed","ping_status":"closed","template":"","meta":{"_genesis_hide_title":false,"_genesis_hide_breadcrumbs":false,"_genesis_hide_singular_image":false,"_genesis_hide_footer_widgets":false,"_genesis_custom_body_class":"","_genesis_custom_post_class":"","_genesis_layout":"","footnotes":""},"class_list":{"0":"post-2675","1":"page","2":"type-page","3":"status-publish","4":"has-post-thumbnail","6":"entry"},"_links":{"self":[{"href":"https:\/\/moverdb.com\/sv\/wp-json\/wp\/v2\/pages\/2675","targetHints":{"allow":["GET"]}}],"collection":[{"href":"https:\/\/moverdb.com\/sv\/wp-json\/wp\/v2\/pages"}],"about":[{"href":"https:\/\/moverdb.com\/sv\/wp-json\/wp\/v2\/types\/page"}],"author":[{"embeddable":true,"href":"https:\/\/moverdb.com\/sv\/wp-json\/wp\/v2\/users\/1"}],"replies":[{"embeddable":true,"href":"https:\/\/moverdb.com\/sv\/wp-json\/wp\/v2\/comments?post=2675"}],"version-history":[{"count":17,"href":"https:\/\/moverdb.com\/sv\/wp-json\/wp\/v2\/pages\/2675\/revisions"}],"predecessor-version":[{"id":16941,"href":"https:\/\/moverdb.com\/sv\/wp-json\/wp\/v2\/pages\/2675\/revisions\/16941"}],"wp:featuredmedia":[{"embeddable":true,"href":"https:\/\/moverdb.com\/sv\/wp-json\/wp\/v2\/media\/2676"}],"wp:attachment":[{"href":"https:\/\/moverdb.com\/sv\/wp-json\/wp\/v2\/media?parent=2675"}],"curies":[{"name":"wp","href":"https:\/\/api.w.org\/{rel}","templated":true}]}}