{"id":265,"date":"2016-05-01T06:12:45","date_gmt":"2016-05-01T06:12:45","guid":{"rendered":"http:\/\/moverdb.com\/?page_id=265"},"modified":"2026-01-08T14:47:55","modified_gmt":"2026-01-08T14:47:55","slug":"cadogan-tate","status":"publish","type":"page","link":"https:\/\/moverdb.com\/sv\/cadogan-tate\/","title":{"rendered":"Cadogan Tate: Internationell flyttning och flyttning Recensioner"},"content":{"rendered":"<p>Cadogan Tate erbjuder sina kunder f\u00f6ljande f\u00f6r deras flytt utomlands. Denna information f\u00f6ljs av en f\u00f6retagsprofil och recensioner fr\u00e5n olika kunder.<\/p>\n<p><strong>Personliga och f\u00f6retagsm\u00e4ssiga flyttar<\/strong><\/p>\n<p>Flyttledningstj\u00e4nster<\/p>\n<ul>\n<li> Plan f\u00f6r hantering av flyttningar<\/li>\n<li> Packning och uppackning<\/li>\n<li> Transport och sj\u00f6fart<\/li>\n<li> Tullklarering <\/li>\n<li> Lagring - Global t\u00e4ckning<\/li>\n<\/ul>\n<p><strong>Konsttj\u00e4nster och m\u00e4sstj\u00e4nster<\/strong><\/p>\n<ul>\n<li> F\u00f6rvaring, transport och flytt av konst<\/li>\n<li> Flyttning av utst\u00e4llnings- och m\u00e4ssartiklar runt om i v\u00e4rlden<\/li>\n<\/ul>\n<p><strong>Specialiserade uppgifter<\/strong><\/p>\n<ul>\n<li> Flyttning av fina viner <\/li>\n<li> <a href=\"https:\/\/moverdb.com\/sv\/biltransport-frakt\/\">Frakt av bilar<\/a>, b\u00e5tar och flygplan<\/li>\n<li> Flyttning av husdjur<\/li>\n<\/ul>\n<p><strong>Tj\u00e4nster f\u00f6r inredningsarkitekter<\/strong><\/p>\n<ul>\n<li> V\u00e4rldsomfattande h\u00e4mtning och flyttning av alla designade f\u00f6rem\u00e5l<\/li>\n<li> Sakkunnigt packade\/f\u00f6rpackade och flyttade av mycket erfaren personal.<\/li>\n<li> Frakt och tullar <\/li>\n<li> Lagring <\/li>\n<\/ul>\n<h2>Cadogan Tate F\u00f6retagsprofil<\/h2>\n<p>Cadogan Tate grundades 1977 och har nu kontor i f\u00f6ljande l\u00e4nder <a href=\"https:\/\/moverdb.com\/sv\/moving-to-london\/\">London<\/a>, <a href=\"https:\/\/moverdb.com\/sv\/moving-to-france\/moving-to-paris\/\" data-internallinksmanager029f6b8e52c=\"407\" title=\"Flytta till Paris? 2026 Levnadskostnader och tips om flytt\">Paris<\/a>, Cote d'Azure, <a href=\"https:\/\/moverdb.com\/sv\/flytta-till-nyc\/\">New York<\/a> och <a href=\"https:\/\/moverdb.com\/sv\/flyttar-till-los-angeles\/\">Los Angeles<\/a> De flyttar inte bara f\u00f6retag och privatpersoner runt om i v\u00e4rlden, utan \u00e4r ocks\u00e5 experter p\u00e5 att flytta konstverk, m\u00f6bler och dekorativa f\u00f6rem\u00e5l designade av v\u00e4rldens ledande designers. <\/p>\n<p>Cadogan Tate \u00e4r stolta \u00f6ver sin expertis n\u00e4r det g\u00e4ller att arrangera konstm\u00e4ssor och samtidigt ta h\u00e4nsyn till behoven hos m\u00e4ssarrang\u00f6rer, k\u00f6pare och utst\u00e4llare. Cadogan Tates logotyp \u00e4r \"allting, hanterat med omsorg\".<br \/>\nF\u00f6retaget har en l\u00e5ng lista \u00f6ver anslutningar och ackrediteringar:<\/p>\n<ul>\n<li> <a href=\"https:\/\/moverdb.com\/sv\/british-association-of-removers\/\">British Association of Removers (BAR)<\/a><\/li>\n<li> <a href=\"https:\/\/moverdb.com\/sv\/mtc\/\">The Movers Trading Club<\/a> (<a href=\"https:\/\/moverdb.com\/sv\/mtc\/\" data-internallinksmanager029f6b8e52c=\"30\" title=\"Movers Trading Club (MTC) f\u00f6rklaras\">MTC<\/a>)<\/li>\n<li> Museif\u00f6rbundet<\/li>\n<li> Hemmakontoret - <a href=\"https:\/\/moverdb.com\/sv\/moving-to-the-uk\/\" data-internallinksmanager029f6b8e52c=\"93\" title=\"Flyttar du till Storbritannien? 2026 Levnadskostnader och flyttningstips\">STORBRITANNIEN<\/a> Gr\u00e4nsbevakningsmyndigheten<\/li>\n<li> <a href=\"https:\/\/moverdb.com\/sv\/harmony-relocation-network\/\">Harmony Relocation Network<\/a><\/li>\n<li> <a href=\"https:\/\/moverdb.com\/sv\/jag-ar\/\">Internationella sammanslutningen av flyttfirmor (IAM)<\/a><\/li>\n<li> <a href=\"https:\/\/moverdb.com\/sv\/fidi-faim\/\">FAIM<\/a><\/li>\n<li> UK Registrars Group<\/li>\n<li> <a href=\"https:\/\/moverdb.com\/sv\/fidi-faim\/\">FIDI:s globala allians<\/a><\/li>\n<li> F\u00f6reningen f\u00f6r konst- och antikhandlare (LAPADA)<\/li>\n<li> Standard f\u00f6r kvalitetss\u00e4krad service - kommersiell flyttning<\/li>\n<li> Standard f\u00f6r kvalitetss\u00e4krade tj\u00e4nster - Milj\u00f6ledningssystem<\/li>\n<li> Standard f\u00f6r kvalitetss\u00e4krad service - kommersiell flyttning<\/li>\n<li> Standard f\u00f6r kvalitetss\u00e4krad service - flyttning av hush\u00e5llsm\u00f6bler<\/li>\n<li> Standard f\u00f6r kvalitetss\u00e4krade tj\u00e4nster - arbetsmilj\u00f6 och ledningssystem<\/li>\n<li> Standard f\u00f6r kvalitetss\u00e4krade tj\u00e4nster - kvalitetsledningssystem<\/li>\n<\/ul>\n<h2>Recensioner av Cadogan Tate<\/h2>\n<p><strong>Positivt<\/strong><\/p>\n<ul>\n<li> \"<em>Vi var mycket n\u00f6jda med Cadogan Tate. Det var inte ett billigt val, men efter att ha arbetat med dem best\u00e4mde vi oss f\u00f6r att de var v\u00e4rda vartenda \u00f6re.\" <\/em> E. Perry via <a href=\"http:\/\/www.reviewcentre.com\/Removal-Companies\/Cadogan-Tate-www-cadogantate-com-review_3591881\" target=\"_blank\" rel=\"noopener\">Granskningscentrum<\/a>\n<\/li>\n<li> \"<em>Nyligen best\u00e4llde jag en transport via Cadogan Tate f\u00f6r min flytt fr\u00e5n South of <a href=\"https:\/\/moverdb.com\/sv\/moving-to-france\/\" data-internallinksmanager029f6b8e52c=\"315\" title=\"Flyttar du till Frankrike? 2026 Levnadskostnader och flyttningstips\">Frankrike<\/a> till London. Det sk\u00f6ttes s\u00e5 perfekt.\" <\/em>Rivsalov via <a href=\"http:\/\/www.removalreviews.co.uk\/movingreviews\/smooth-and-efficient-with-a-professional-approach-5733\" target=\"_blank\" rel=\"noopener\">Omd\u00f6men om flyttning<\/a>\n<\/li>\n<\/ul>\n<p><strong>Negativ<\/strong><\/p>\n<ul>\n<li> \"<em>Jag \u00e4r uppr\u00f6rd \u00f6ver den m\u00e4ngd milj\u00f6avfall som detta f\u00f6retag producerar. L\u00e5dor med osmidiga f\u00f6rem\u00e5l som kuddar och s\u00e4ngkl\u00e4der fyllda till br\u00e4dden med helt nya pappersf\u00f6rpackningar.\" <\/em>Carl Lyon via <a href=\"http:\/\/www.reviewcentre.com\/Removal-Companies\/Cadogan-Tate-www-cadogantate-com-review_3349791\" target=\"_blank\" rel=\"noopener\">Granskningscentrum<\/a>\n<\/li>\n<li> \"<em>Vi anv\u00e4nde Cadogan Tate f\u00f6r en flytt fr\u00e5n London tillbaka till <a href=\"https:\/\/moverdb.com\/sv\/moving-to-the-united-states\/\" data-internallinksmanager029f6b8e52c=\"94\" title=\"Flyttar du till USA? 2026 Levnadskostnader och flyttningstips\">USA<\/a>. Flyttarna var mycket professionella och v\u00e4nliga. Men backoffice har allvarliga problem.\" <\/em> D J Skillman via <a href=\"http:\/\/www.removalreviews.co.uk\/movers\/cadogan-tate-311\" target=\"_blank\" rel=\"noopener\">Omd\u00f6men om flyttning<\/a>\n<\/li>\n<\/ul>\n<div itemprop=\"review\" itemscope itemtype=\"http:\/\/schema.org\/Review\">\n<span itemprop=\"author\" itemscope=\"\" itemtype=\"http:\/\/schema.org\/Organization\"><span itemprop=\"name\">MoverDB.com<\/span><\/span> Webbplatsgranskning p\u00e5 n\u00e4tet f\u00f6r <span itemprop=\"itemreviewed\" itemscope=\"\" itemtype=\"http:\/\/schema.org\/Brand\"><span itemprop=\"name\">Cadogan Tate<\/span><\/span>:<\/p>\n<ol>\n<li> Tydliga kontaktuppgifter p\u00e5 webbplatsen (inklusive telefonnummer): <strong>Ja<\/strong><\/li>\n<li> L\u00e4tt att f\u00e5 <a href=\"https:\/\/moverdb.com\/sv\/citat\/\">offerter f\u00f6r internationella flyttningar<\/a>? (Formul\u00e4r f\u00f6r beg\u00e4ran om uppskattning online): <strong>Ja<\/strong><\/li>\n<li> Tydlig information p\u00e5 webbplatsen: <strong>Delvis.<\/strong> Webbplatsen inneh\u00e5ller inte mycket detaljerad information. Den tillhandah\u00e5lls p\u00e5 planeringsstadiet.<\/li>\n<li> Medlemskap i internationellt erk\u00e4nda flyttorganisationer: <strong>Ja<\/strong>, se ovan.<\/li>\n<li> F\u00f6rteckning \u00f6ver kunder och\/eller tidigare kundreferenser: <strong>Delvis.<\/strong> Det finns fallstudier p\u00e5 webbplatsen som beskriver olika \u00e5tg\u00e4rder, men det finns inga kundnamn eller kundreferenser.<\/li>\n<\/ol>\n<div itemprop=\"reviewRating\" itemscope itemtype=\"http:\/\/schema.org\/Rating\"><meta itemprop=\"worstRating\" content = \"0\" \/><meta itemprop=\"bestRating\" content=\"5\" \/><meta itemprop=\"ratingValue\" content=\"4\"><\/div>\n<p><strong>Sammanfattande betyg: 4\/5<\/strong><br \/>\n<strong>Datum f\u00f6r granskning:<\/strong> <span itemprop=\"datePublished\" content=\"2016-05-01\">01\/05\/2016<\/span>\n<\/div>\n<p>Mer om <a href=\"https:\/\/moverdb.com\/sv\/internationella-flyttar\/\">F\u00f6retag som utf\u00f6r flyttningar i Storbritannien<\/a> och v\u00e5r <a href=\"https:\/\/moverdb.com\/sv\/recensioner\/\">f\u00f6rklaring av granskningsf\u00f6rfarandet<\/a>.<\/p>\n<p><strong>Webbplats:<\/strong> <a href=\"https:\/\/www.cadogantate.com\/en\" target=\"_blank\" rel=\"noopener\">https:\/\/www.cadogantate.com\/en<\/a><\/p>","protected":false},"excerpt":{"rendered":"<p>Cadogan Tate offer their clients the following for their move abroad. This information is followed by a company profile and reviews from various clients. Personal and Corporate Moves Move Management Services Move management plan Packing and unpacking Transportation and shipping Customs clearance Storage &#8211; Global coverage Art Services and Fair Services Fine art storage, shipping [&hellip;]<\/p>\n","protected":false},"author":1,"featured_media":0,"parent":0,"menu_order":0,"comment_status":"closed","ping_status":"closed","template":"","meta":{"_genesis_hide_title":false,"_genesis_hide_breadcrumbs":false,"_genesis_hide_singular_image":false,"_genesis_hide_footer_widgets":false,"_genesis_custom_body_class":"","_genesis_custom_post_class":"","_genesis_layout":"","footnotes":""},"class_list":{"0":"post-265","1":"page","2":"type-page","3":"status-publish","5":"entry"},"_links":{"self":[{"href":"https:\/\/moverdb.com\/sv\/wp-json\/wp\/v2\/pages\/265","targetHints":{"allow":["GET"]}}],"collection":[{"href":"https:\/\/moverdb.com\/sv\/wp-json\/wp\/v2\/pages"}],"about":[{"href":"https:\/\/moverdb.com\/sv\/wp-json\/wp\/v2\/types\/page"}],"author":[{"embeddable":true,"href":"https:\/\/moverdb.com\/sv\/wp-json\/wp\/v2\/users\/1"}],"replies":[{"embeddable":true,"href":"https:\/\/moverdb.com\/sv\/wp-json\/wp\/v2\/comments?post=265"}],"version-history":[{"count":17,"href":"https:\/\/moverdb.com\/sv\/wp-json\/wp\/v2\/pages\/265\/revisions"}],"predecessor-version":[{"id":6190,"href":"https:\/\/moverdb.com\/sv\/wp-json\/wp\/v2\/pages\/265\/revisions\/6190"}],"wp:attachment":[{"href":"https:\/\/moverdb.com\/sv\/wp-json\/wp\/v2\/media?parent=265"}],"curies":[{"name":"wp","href":"https:\/\/api.w.org\/{rel}","templated":true}]}}