{"id":246,"date":"2016-04-21T14:54:42","date_gmt":"2016-04-21T14:54:42","guid":{"rendered":"http:\/\/moverdb.com\/?page_id=246"},"modified":"2026-01-08T14:47:37","modified_gmt":"2026-01-08T14:47:37","slug":"atlas-van-lines-international","status":"publish","type":"page","link":"https:\/\/moverdb.com\/sv\/atlas-van-lines-international\/","title":{"rendered":"Atlas Van Lines International: Flyttj\u00e4nster och recensioner"},"content":{"rendered":"<p>Atlas Van Lines International erbjuder f\u00f6ljande tj\u00e4nster f\u00f6r personer som flyttar utomlands. Du kan ocks\u00e5 se en f\u00f6retagsprofil och l\u00e4sa recensioner nedan:<\/p>\n<p><strong>Personliga och f\u00f6retagsm\u00e4ssiga flyttar:<\/strong><\/p>\n<p>Transporttj\u00e4nster<\/p>\n<ul>\n<li> Global transport av hush\u00e5llsvaror fr\u00e5n d\u00f6rr till d\u00f6rr<\/li>\n<li> <a href=\"https:\/\/moverdb.com\/sv\/speditor\/\">Havs- och luftfrakt<\/a><\/li>\n<li> Bilar och b\u00e5tar<\/li>\n<li> Projektgods (utst\u00e4llningar och montrar)<\/li>\n<\/ul>\n<p>Flyttj\u00e4nster<\/p>\n<ul>\n<li> Programadministration och st\u00f6d<\/li>\n<li> Utveckling av politiken<\/li>\n<li> R\u00e5dgivning<\/li>\n<li> Bost\u00e4der f\u00f6r \u00f6vertagare<\/li>\n<li> Tj\u00e4nster p\u00e5 destinationen<\/li>\n<li> V\u00e4rdeskyddstj\u00e4nst<\/li>\n<\/ul>\n<p>Resetj\u00e4nster<\/p>\n<ul>\n<li> Fullservice resebyr\u00e5 f\u00f6r f\u00f6retag<\/li>\n<li> Programf\u00f6rvaltning och rapportering<\/li>\n<\/ul>\n<p>F\u00f6rvaltning av l\u00e5ngtidsf\u00f6rvaring<\/p>\n<p><strong>Statliga och milit\u00e4ra \u00e5tg\u00e4rder:<\/strong><\/p>\n<ul>\n<li> St\u00f6dja programmet f\u00f6r f\u00f6rsvarets personliga egendom (DP3).<\/li>\n<li> Hantering av internationella flyttningar av hush\u00e5llsvaror (koderna 4, 5 och T)<\/li>\n<li> F\u00f6rflyttning av hush\u00e5llsvaror (koderna 1 och 2)<\/li>\n<li> Internationell bagagef\u00f6rs\u00e4ndelse (kod J)<\/li>\n<li> OTO-leveranser<\/li>\n<li> Ett dedikerat kundtj\u00e4nstteam som ger VIP personlig v\u00e5rd till servicemedlemmar.<\/li>\n<li> GSA-kontoteam som enbart \u00e4gnar sig \u00e5t att hantera internationella flyttar f\u00f6r <a href=\"https:\/\/moverdb.com\/sv\/moving-to-the-united-states\/\" data-internallinksmanager029f6b8e52c=\"94\" title=\"Flyttar du till USA? 2026 Levnadskostnader och flyttningstips\">USA<\/a> Myndigheter.<\/li>\n<li> I-CHAMP-deltagare<\/li>\n<\/ul>\n<p><strong>Utst\u00e4llningar och frakt:<\/strong><\/p>\n<ul>\n<li> Utst\u00e4llningar<\/li>\n<li> M\u00e4ssor f\u00f6r m\u00e4ssor<\/li>\n<li> Inventarier f\u00f6r butiker<\/li>\n<li> S\u00e4rskilda projekt utomlands<\/li>\n<\/ul>\n<h2>Atlas Van Lines International F\u00f6retagsprofil<\/h2>\n<p>Atlas International \u00e4r ett dotterbolag till det privat\u00e4gda Atlas Van Lines och ing\u00e5r i Atlas World Group. De har flyttat m\u00e4nniskor utomlands i \u00f6ver 50 \u00e5r. De fokuserar i f\u00f6rsta hand p\u00e5 f\u00f6retagsflyttar som st\u00e5r f\u00f6r 85% av deras 7 000 flyttar varje \u00e5r. <\/p>\n<p>De flyttar dock \u00e4ven enskilda yrkesut\u00f6vare, statsanst\u00e4llda och medlemmar av den amerikanska milit\u00e4ren (och deras familjer).<\/p>\n<p>F\u00f6retaget h\u00e4vdar att det \u00e4r engagerat i integritet, kvalitet och l\u00f6sningar. De \u00e4r medlemmar i f\u00f6ljande organisationer:<\/p>\n<ul>\n<li> C-TPAT-certifiering med US Customs &amp; Border Patrol<\/li>\n<li> ISO 9001-registrerad<\/li>\n<li> <a href=\"https:\/\/moverdb.com\/sv\/falg-promover\/\">RIM\u00ae - Registrerad internationell flyttfirma<\/a><\/li>\n<li> <a href=\"https:\/\/moverdb.com\/sv\/amsa\/\">Amerikansk f\u00f6rening f\u00f6r flyttning och lagring<\/a> (<a href=\"https:\/\/moverdb.com\/sv\/amsa\/\" data-internallinksmanager029f6b8e52c=\"5\" title=\"American Moving &amp; Storage Association (AMSA) f\u00f6rklaras\">AMSA<\/a>)<\/li>\n<li> <a href=\"https:\/\/moverdb.com\/sv\/hgfaa\/\">HHG Forwarders Association of America (f\u00f6reningen f\u00f6r spedit\u00f6rer av HHG)<\/a> (HHGFAA)<\/li>\n<li> <a href=\"https:\/\/moverdb.com\/sv\/lacma\/\">Latin American &amp; Caribbean Moving Association (f\u00f6reningen f\u00f6r flyttning i Latinamerika och V\u00e4stindien)<\/a> (<a href=\"https:\/\/moverdb.com\/sv\/lacma\/\" data-internallinksmanager029f6b8e52c=\"28\" title=\"Latinamerikanska och karibiska internationella flyttf\u00f6reningen (LACMA)\">LACMA<\/a>)<\/li>\n<li> <a href=\"https:\/\/moverdb.com\/sv\/iata\/\">Internationella lufttransportf\u00f6rbundet<\/a> (<a href=\"https:\/\/moverdb.com\/sv\/iata\/\" data-internallinksmanager029f6b8e52c=\"22\" title=\"Internationella lufttransportf\u00f6rbundet (IATA) f\u00f6rklaras\">IATA<\/a>)<\/li>\n<li> <a href=\"https:\/\/moverdb.com\/sv\/euromovers\/\">Europeiskt partnerskap f\u00f6r flyttare<\/a><\/li>\n<li> <a href=\"https:\/\/moverdb.com\/sv\/radet-for-omplacering-av-arbetstagare\/\">R\u00e5det f\u00f6r omplacering av arbetstagare<\/a> (V\u00e4rldsomsp\u00e4nnande <a href=\"https:\/\/moverdb.com\/sv\/employee-relocation-council\/\" data-internallinksmanager029f6b8e52c=\"83\" title=\"F\u00f6rklaring av ERC (Employee Relocation Council) i hela v\u00e4rlden\">ERC<\/a>)<\/li>\n<li> Licensierad av Federal Maritime Commission som <a href=\"https:\/\/moverdb.com\/sv\/freight-forwarder\/\" data-internallinksmanager029f6b8e52c=\"17\" title=\"Guide f\u00f6r internationella kostnader och f\u00f6retag f\u00f6r spedit\u00f6rer och NVOCC\">NVOCC<\/a>, Licens # 79NF<\/li>\n<li> Deltagande ITGBL-f\u00f6retag i CHAMP-programmet f\u00f6r amerikanska myndigheter.<\/li>\n<li> Deltagande ITGBL-f\u00f6retag f\u00f6r det amerikanska f\u00f6rsvarsdepartementet <\/li>\n<\/ul>\n<p>De har f\u00f6ljande globala byr\u00e5er:<\/p>\n<ul>\n<li> H\u00f6gkvalificerade Atlasbyr\u00e5er i alla 50 stater i USA.<\/li>\n<li> \u00d6ver 130 agenter \u00f6ver hela <a href=\"https:\/\/moverdb.com\/sv\/moving-to-canada\/\" data-internallinksmanager029f6b8e52c=\"265\" title=\"Flytta till Kanada? 2026 Levnadskostnader och flyttningstips\">Kanada<\/a>.<\/li>\n<li> Mer \u00e4n 300 Atlas-prefererade agenter som arbetar i alla l\u00e4nder v\u00e4rlden \u00f6ver.<\/li>\n<\/ul>\n<p>De h\u00e4vdar ocks\u00e5 att de flyttpersonal som du tr\u00e4ffar och interagerar med - i b\u00e5da \u00e4ndarna av din flytt - har blivit f\u00f6rkvalificerade.<\/p>\n<h2>Recensioner av Atlas Van Lines International<\/h2>\n<p><em><strong>Observera:<\/strong> inneh\u00e5ller recensioner f\u00f6r b\u00e5de Atlas Van Lines och Atlas International<\/em><\/p>\n<p><strong>Positivt<\/strong><\/p>\n<ul>\n<li> <em>\"Jag var mycket imponerad inte bara av hur h\u00e5rt de arbetade utan ocks\u00e5 av hur de tog hand om mina saker.\"<\/em> - Laurie via <a href=\"http:\/\/www.atlasvanlines.com\/moving-company-reviews\/\" target=\"_blank\" rel=\"noopener\">Atlas Van Lines granskningssida<\/a><\/li>\n<li> <em>\"Atlas var ett utm\u00e4rkt val. Jag rekommenderar dem varmt till alla som ska flytta l\u00e5ngv\u00e4ga och \u00e4r oroliga f\u00f6r att fr\u00e4mlingar ska ta deras saker.\"<\/em> - Kate via <a href=\"http:\/\/www.mymovingreviews.com\/movingreviews\/great-movers-9968\" target=\"_blank\" rel=\"noopener\">MyMovingReviews<\/a><\/li>\n<li> <em>\"BBB har fastst\u00e4llt att Atlas Van Lines International uppfyller BBB:s ackrediteringsstandarder, som inkluderar ett \u00e5tagande att i god tro f\u00f6rs\u00f6ka l\u00f6sa eventuella konsumentklagom\u00e5l.\"<\/em> <a href=\"http:\/\/www.bbb.org\/western-washington\/business-reviews\/movers\/atlas-van-lines-international-in-seattle-wa-27030248\" target=\"_blank\" rel=\"noopener\">Better Business Bureau<\/a><\/li>\n<li> <em>\"Jag beh\u00f6vde bara skriva en rad efter den fantastiska upplevelse vi hade med Atlas Van Lines.\"<\/em> - Shahram via <a href=\"https:\/\/www.consumeraffairs.com\/movers\/atlas.html\" target=\"_blank\" rel=\"noopener\">Konsumentfr\u00e5gor<\/a><\/li>\n<li> <em>\"Jag kunde inte vara mer n\u00f6jd med de tj\u00e4nster som Atlas Van Lines tillhandah\u00f6ll under min flytt till <a href=\"https:\/\/moverdb.com\/sv\/flytt-till-houston\/\">Houston<\/a>. Trots det d\u00e5liga v\u00e4dret kom mina m\u00f6bler i tid.\"<\/em> Katelyn via <a href=\"http:\/\/www.yelp.co.uk\/biz\/atlas-van-lines-evansville-2?hrid=zrPxDQ8O1DE0pKFgOYoQzA&#038;utm_campaign=www_review_share_popup&#038;utm_medium=copy_link&#038;utm_source=(direct)\" target=\"_blank\" rel=\"noopener\">Yelp<\/a><\/li>\n<\/ul>\n<p><strong>Negativ<\/strong><\/p>\n<ul>\n<li> <em>\"V\u00e5ra sm\u00e5 flickors barnbok \u00e4r borta, oers\u00e4ttlig.\"<\/em> - Ruth via <a href=\"http:\/\/www.atlasvanlines.com\/moving-company-reviews\/\" target=\"_blank\" rel=\"noopener\">Atlas Van Lines granskningssida<\/a><\/li>\n<li> <em>\"Atlas \u00e4r den v\u00e4rsta. Vi \u00e4r mitt uppe i en milit\u00e4r flytt med dem, s\u00e5 vi fick inte v\u00e4lja. Efter att ha l\u00e4st hemska recensioner av f\u00f6retaget var jag orolig, men t\u00e4nkte att de som milit\u00e4rfamilj skulle g\u00f6ra sitt b\u00e4sta f\u00f6r att ta hand om dem som har offrat och tj\u00e4nat sitt land. Detta har inte varit fallet.\"<\/em> - Chrstine via <a href=\"http:\/\/moving-companies.credio.com\/l\/6\/Atlas-Van-Lines-Inc#review\/532419\" target=\"_blank\" rel=\"noopener\">Credio<\/a><\/li>\n<li> <em>\"Jag ville verkligen gilla Atlas och deras kanadensiska agent AMJ Campbell.  De l\u00e5g i mitten av de offerter jag fick, varken f\u00f6r h\u00f6gt eller f\u00f6r l\u00e5gt. De rekommenderades av en v\u00e4n som gjorde en liknande internationell flytt f\u00f6r ett \u00e5r sedan. Men de har misslyckats kapitalt p\u00e5 ett antal punkter.\"<\/em>- Irene A. via <a href=\"http:\/\/www.yelp.co.uk\/biz\/atlas-van-lines-evansville-2?hrid=bDSbnk9dU-dvtTPUKtGOyA&#038;utm_campaign=www_review_share_popup&#038;utm_medium=copy_link&#038;utm_source=(direct)\" target=\"_blank\" rel=\"noopener\">Yelp<\/a><\/li>\n<li> <em>\"Flyttfirman var 21 dagar f\u00f6rsenad med att leverera mina saker.\"<\/em> - James via <a href=\"http:\/\/www.mymovingreviews.com\/movingreviews\/another-victim-49405\" target=\"_blank\" rel=\"noopener\">MyMovingReviews<\/a><\/li>\n<li> <em>\"Vi anv\u00e4nde nyligen ATLAS van lines och rekommenderar inte detta f\u00f6retag till n\u00e5gon. Vi fick ett prisf\u00f6rslag p\u00e5 mindre \u00e4n $7 000 f\u00f6r v\u00e5r lilla flytt och leveransservice. I slut\u00e4ndan betalade vi \u00f6ver $12 000 och fick sedan en DROP-OFF-tj\u00e4nst.\"<\/em> Noreen via <a href=\"https:\/\/www.consumeraffairs.com\/movers\/atlas.html\" target=\"_blank\" rel=\"noopener\">Konsumentfr\u00e5gor<\/a><\/li>\n<\/ul>\n<div itemprop=\"review\" itemscope itemtype=\"http:\/\/schema.org\/Review\">\n<span itemprop=\"author\" itemscope=\"\" itemtype=\"http:\/\/schema.org\/Organization\"><span itemprop=\"name\">MoverDB.com<\/span><\/span> Webbplatsgranskning p\u00e5 n\u00e4tet f\u00f6r <span itemprop=\"itemreviewed\" itemscope=\"\" itemtype=\"http:\/\/schema.org\/Brand\"><span itemprop=\"name\">Atlas International<\/span><\/span>:<\/p>\n<ol>\n<li> Tydliga kontaktuppgifter p\u00e5 webbplatsen (inklusive telefonnummer): <strong>Ja<\/strong><\/li>\n<li> L\u00e4tt att f\u00e5 <a href=\"https:\/\/moverdb.com\/sv\/citat\/\">offerter f\u00f6r internationella flyttningar<\/a>? (Formul\u00e4r f\u00f6r beg\u00e4ran om uppskattning online): <strong>Ja<\/strong><\/li>\n<li> Tydlig information p\u00e5 webbplatsen: <strong>Delvis.<\/strong> Webbplatsen inneh\u00e5ller mycket anv\u00e4ndbar information, men \u00e4r inte s\u00e4rskilt v\u00e4l utformad. Dessutom \u00e4r den inte helt anpassningsbar f\u00f6r mobiler.<\/li>\n<li> Medlemskap i internationellt erk\u00e4nda flyttorganisationer: <strong>Ja<\/strong>, 12 (se ovan)<\/li>\n<li> F\u00f6rteckning \u00f6ver kunder och\/eller tidigare kundreferenser: <strong>Delvis.<\/strong> \u00c4ven om det finns en del vittnesm\u00e5l utspridda p\u00e5 webbplatsen finns det ingen plats d\u00e4r du kan se dem alla. Dessutom har de en kundsektion under f\u00f6retagsflyttar, men inga kunder n\u00e4mns vid namn.<\/li>\n<\/ol>\n<div itemprop=\"reviewRating\" itemscope itemtype=\"http:\/\/schema.org\/Rating\"><meta itemprop=\"worstRating\" content = \"0\" \/><meta itemprop=\"bestRating\" content=\"5\" \/><meta itemprop=\"ratingValue\" content=\"4\"><\/div>\n<p><strong>Sammanfattande betyg: 4\/5<\/strong><br \/>\n<strong>Datum f\u00f6r granskning:<\/strong> <span itemprop=\"datePublished\" content=\"2016-04-21\">21\/04\/2016<\/span>\n<\/div>\n<p>L\u00e4s mer om <a href=\"https:\/\/moverdb.com\/sv\/flyttfirmor\/\">internationella flyttfirmor<\/a>, <a href=\"https:\/\/moverdb.com\/sv\/us-canada-movers\/\">USA-baserade flyttfirmor<\/a> och v\u00e5r <a href=\"https:\/\/moverdb.com\/sv\/recensioner\/\">f\u00f6rklaring av granskningsf\u00f6rfarandet<\/a>.<\/p>\n<p><strong>Webbplats:<\/strong> <a href=\"https:\/\/www.atlasvanlines.com\/international-movers\" target=\"_blank\" rel=\"noopener\">https:\/\/www.atlasvanlines.com\/international-movers<\/a><\/p>","protected":false},"excerpt":{"rendered":"<p>Atlas Van Lines International offers the following services for people moving abroad. You can also view a company profile and read reviews below: Personal and Corporate moves: Transportation Services Global door-to-door household goods transportation Ocean &#038; air freight Automobiles and boats Project freight (exhibits and displays) Relocation Services Program administration &#038; support Policy development Consulting [&hellip;]<\/p>\n","protected":false},"author":1,"featured_media":0,"parent":0,"menu_order":0,"comment_status":"closed","ping_status":"closed","template":"","meta":{"_genesis_hide_title":false,"_genesis_hide_breadcrumbs":false,"_genesis_hide_singular_image":false,"_genesis_hide_footer_widgets":false,"_genesis_custom_body_class":"","_genesis_custom_post_class":"","_genesis_layout":"","footnotes":""},"class_list":{"0":"post-246","1":"page","2":"type-page","3":"status-publish","5":"entry"},"_links":{"self":[{"href":"https:\/\/moverdb.com\/sv\/wp-json\/wp\/v2\/pages\/246","targetHints":{"allow":["GET"]}}],"collection":[{"href":"https:\/\/moverdb.com\/sv\/wp-json\/wp\/v2\/pages"}],"about":[{"href":"https:\/\/moverdb.com\/sv\/wp-json\/wp\/v2\/types\/page"}],"author":[{"embeddable":true,"href":"https:\/\/moverdb.com\/sv\/wp-json\/wp\/v2\/users\/1"}],"replies":[{"embeddable":true,"href":"https:\/\/moverdb.com\/sv\/wp-json\/wp\/v2\/comments?post=246"}],"version-history":[{"count":29,"href":"https:\/\/moverdb.com\/sv\/wp-json\/wp\/v2\/pages\/246\/revisions"}],"predecessor-version":[{"id":6178,"href":"https:\/\/moverdb.com\/sv\/wp-json\/wp\/v2\/pages\/246\/revisions\/6178"}],"wp:attachment":[{"href":"https:\/\/moverdb.com\/sv\/wp-json\/wp\/v2\/media?parent=246"}],"curies":[{"name":"wp","href":"https:\/\/api.w.org\/{rel}","templated":true}]}}