{"id":225,"date":"2016-03-28T16:58:52","date_gmt":"2016-03-28T16:58:52","guid":{"rendered":"http:\/\/moverdb.com\/?page_id=225"},"modified":"2026-01-08T14:47:25","modified_gmt":"2026-01-08T14:47:25","slug":"om","status":"publish","type":"page","link":"https:\/\/moverdb.com\/sv\/about\/","title":{"rendered":"Om"},"content":{"rendered":"<p>MoverDB.com har skapats f\u00f6r att ge dig opartisk information om <a href=\"https:\/\/moverdb.com\/sv\/moving-companies\/\" data-internallinksmanager029f6b8e52c=\"79\" title=\"Topp 25 internationella flyttfirmor p\u00e5 n\u00e4tet\">internationella flyttfirmor<\/a> och kostnaderna f\u00f6r att flytta utomlands. <\/p>\n<p>F\u00f6r att hj\u00e4lpa dig har vi tagit fram n\u00e5gra praktiska guider som hj\u00e4lper dig att komma ig\u00e5ng. Du kan l\u00e4sa mer om:<\/p>\n<ul>\n<li> <a href=\"https:\/\/moverdb.com\/sv\/container-transport\/\">Priser f\u00f6r internationell containerfrakt<\/a><\/li>\n<li> <a href=\"https:\/\/moverdb.com\/sv\/flyttfirmor\/\">Topp 25 internationella flyttfirmor p\u00e5 n\u00e4tet<\/a><\/li>\n<li> <a href=\"https:\/\/moverdb.com\/sv\/rederier\/\">Topp 20 internationella fraktf\u00f6retag<\/a><\/li>\n<li> <a href=\"https:\/\/moverdb.com\/sv\/internationella-flyttar\/\">Internationella flyttar: De 12 b\u00e4sta f\u00f6retagen i Storbritannien<\/a><\/li>\n<li> <a href=\"https:\/\/moverdb.com\/sv\/flyttkostnader\/\">Internationella flyttkostnader: 9 saker du inte f\u00e5r ignorera<\/a><\/li>\n<li> <a href=\"https:\/\/moverdb.com\/sv\/speditor\/\">Guide f\u00f6r internationella kostnader och f\u00f6retag f\u00f6r spedit\u00f6rer och NVOCC<\/a><\/li>\n<li> <a href=\"https:\/\/moverdb.com\/sv\/citat\/\">Citat fr\u00e5n internationella flyttningar: 12 s\u00e4tt att j\u00e4mf\u00f6ra din flyttfirma<\/a><\/li>\n<\/ul>\n<p>Det \u00e4r ocks\u00e5 v\u00e4rt att notera att du kan anv\u00e4nda formul\u00e4ret h\u00f6gst upp p\u00e5 sidan f\u00f6r att beg\u00e4ra en offert fr\u00e5n upp till 6 internationella flyttfirmor. Vi har samarbetat med <a href=\"https:\/\/moverdb.com\/sv\/international-removals\/\" data-internallinksmanager029f6b8e52c=\"27\" title=\"36 b\u00e4sta internationella flyttfirmor i Storbritannien\">Internationella flyttar<\/a> Direct f\u00f6r att se till att du f\u00e5r kontakt med n\u00e5gra av de b\u00e4sta f\u00f6retagen i v\u00e4rlden. <\/p>\n<p>Om det \u00e4r n\u00e5got du vill se p\u00e5 v\u00e5r webbplats, \u00e4r du v\u00e4lkommen att <a href=\"https:\/\/moverdb.com\/sv\/kontakta-oss\/\">kontakta oss<\/a>.<\/p>","protected":false},"excerpt":{"rendered":"<p>MoverDB.com was set-up to give you unbiased information about international moving companies and the costs associated with moving overseas. To help you we&#8217;ve created some handy guides to get you started. You can find out about: International Container Shipping Rates Top 25 International Moving Companies Online Top 20 International Shipping Companies International Removals: Top 12 [&hellip;]<\/p>\n","protected":false},"author":1,"featured_media":0,"parent":0,"menu_order":0,"comment_status":"closed","ping_status":"closed","template":"","meta":{"_genesis_hide_title":false,"_genesis_hide_breadcrumbs":false,"_genesis_hide_singular_image":false,"_genesis_hide_footer_widgets":false,"_genesis_custom_body_class":"","_genesis_custom_post_class":"","_genesis_layout":"","footnotes":""},"class_list":{"0":"post-225","1":"page","2":"type-page","3":"status-publish","5":"entry"},"_links":{"self":[{"href":"https:\/\/moverdb.com\/sv\/wp-json\/wp\/v2\/pages\/225","targetHints":{"allow":["GET"]}}],"collection":[{"href":"https:\/\/moverdb.com\/sv\/wp-json\/wp\/v2\/pages"}],"about":[{"href":"https:\/\/moverdb.com\/sv\/wp-json\/wp\/v2\/types\/page"}],"author":[{"embeddable":true,"href":"https:\/\/moverdb.com\/sv\/wp-json\/wp\/v2\/users\/1"}],"replies":[{"embeddable":true,"href":"https:\/\/moverdb.com\/sv\/wp-json\/wp\/v2\/comments?post=225"}],"version-history":[{"count":4,"href":"https:\/\/moverdb.com\/sv\/wp-json\/wp\/v2\/pages\/225\/revisions"}],"predecessor-version":[{"id":5337,"href":"https:\/\/moverdb.com\/sv\/wp-json\/wp\/v2\/pages\/225\/revisions\/5337"}],"wp:attachment":[{"href":"https:\/\/moverdb.com\/sv\/wp-json\/wp\/v2\/media?parent=225"}],"curies":[{"name":"wp","href":"https:\/\/api.w.org\/{rel}","templated":true}]}}