{"id":17400,"date":"2024-07-03T09:12:02","date_gmt":"2024-07-03T09:12:02","guid":{"rendered":"https:\/\/moverdb.com\/?page_id=17400"},"modified":"2026-05-15T14:59:06","modified_gmt":"2026-05-15T14:59:06","slug":"ubox-cost","status":"publish","type":"page","link":"https:\/\/moverdb.com\/sv\/ubox-cost\/","title":{"rendered":"Hur mycket kostar Ubox? 2024 Sparguide"},"content":{"rendered":"<figure class=\"wp-block-image size-full\"><img loading=\"lazy\" decoding=\"async\" width=\"1000\" height=\"667\" class=\"wp-image-11037\" src=\"https:\/\/moverdb.com\/wp-content\/uploads\/u-box-moving-1.jpg\" alt=\"\" srcset=\"https:\/\/moverdb.com\/wp-content\/uploads\/u-box-moving-1.jpg 1000w, https:\/\/moverdb.com\/wp-content\/uploads\/u-box-moving-1-300x200.jpg 300w, https:\/\/moverdb.com\/wp-content\/uploads\/u-box-moving-1-18x12.jpg 18w, https:\/\/moverdb.com\/wp-content\/uploads\/u-box-moving-1-600x400.jpg 600w\" sizes=\"auto, (max-width: 1000px) 100vw, 1000px\" \/><\/figure>\r\n\r\n\r\n\r\n<p>U-Box \u00e4r U-Haul's m\u00e5ngsidiga och praktiska f\u00f6rvaringsl\u00f6sning som \u00e4r utformad f\u00f6r att f\u00f6renkla dina flytt- och f\u00f6rvaringsbehov. Med U-Box f\u00e5r du flexibiliteten att f\u00f6rvara dina tillh\u00f6righeter p\u00e5 <em>din<\/em> oavsett om du ska flytta, rensa ut eller helt enkelt beh\u00f6ver tillf\u00e4llig f\u00f6rvaring.\u00a0<\/p>\r\n\r\n\r\n\r\n\r\n\r\n<p>V\u00e5r guide kommer att omfatta f\u00f6ljande:<\/p>\r\n\r\n\r\n\r\n<ul class=\"wp-block-list\">\r\n<li>Hur mycket kostar U-Box<\/li>\r\n\r\n\r\n\r\n<li>Vad p\u00e5verkar kostnaden f\u00f6r U-Box<\/li>\r\n\r\n\r\n\r\n<li>S\u00e5 h\u00e4r sparar du pengar p\u00e5 U-Box<\/li>\r\n\r\n\r\n\r\n<li>Vad inneb\u00e4r det att anv\u00e4nda U-Box<\/li>\r\n\r\n\r\n\r\n<li>Hur vet du om U-Box \u00e4r det b\u00e4sta valet f\u00f6r dig?<\/li>\r\n\r\n\r\n\r\n<li>Hur du hittar och anlitar U-Box<\/li>\r\n<\/ul>\r\n\r\n\r\n\r\n<p>U-Box containrar \u00e4r portabla, s\u00e4kra och levereras direkt till din d\u00f6rr, vilket g\u00f6r processen att flytta och f\u00f6rvara dina f\u00f6rem\u00e5l problemfri. Om du tror att U-Box kan ha de l\u00f6sningar du beh\u00f6ver, forts\u00e4tt l\u00e4sa f\u00f6r att ta reda p\u00e5 v\u00e5ra b\u00e4sta tips f\u00f6r att spara pengar under din flytt.<\/p>\r\n\r\n\r\n\r\n<div id=\"ez-toc-container\" class=\"ez-toc-v2_0_83 ez-toc-wrap-left counter-hierarchy ez-toc-counter ez-toc-transparent ez-toc-container-direction\">\n<div class=\"ez-toc-title-container\">\n<p class=\"ez-toc-title\" style=\"cursor:inherit\">Avsnitt<\/p>\n<span class=\"ez-toc-title-toggle\"><a href=\"#\" class=\"ez-toc-pull-right ez-toc-btn ez-toc-btn-xs ez-toc-btn-default ez-toc-toggle\" aria-label=\"V\u00e4xla till inneh\u00e5llsf\u00f6rteckning\"><span class=\"ez-toc-js-icon-con\"><span class=\"\"><span class=\"eztoc-hide\" style=\"display:none;\">V\u00e4xel<\/span><span class=\"ez-toc-icon-toggle-span\"><svg style=\"fill: #999;color:#999\" xmlns=\"http:\/\/www.w3.org\/2000\/svg\" class=\"list-377408\" width=\"20px\" height=\"20px\" viewbox=\"0 0 24 24\" fill=\"none\"><path d=\"M6 6H4v2h2V6zm14 0H8v2h12V6zM4 11h2v2H4v-2zm16 0H8v2h12v-2zM4 16h2v2H4v-2zm16 0H8v2h12v-2z\" fill=\"currentColor\"><\/path><\/svg><svg style=\"fill: #999;color:#999\" class=\"arrow-unsorted-368013\" xmlns=\"http:\/\/www.w3.org\/2000\/svg\" width=\"10px\" height=\"10px\" viewbox=\"0 0 24 24\" version=\"1.2\" baseprofile=\"tiny\"><path d=\"M18.2 9.3l-6.2-6.3-6.2 6.3c-.2.2-.3.4-.3.7s.1.5.3.7c.2.2.4.3.7.3h11c.3 0 .5-.1.7-.3.2-.2.3-.5.3-.7s-.1-.5-.3-.7zM5.8 14.7l6.2 6.3 6.2-6.3c.2-.2.3-.5.3-.7s-.1-.5-.3-.7c-.2-.2-.4-.3-.7-.3h-11c-.3 0-.5.1-.7.3-.2.2-.3.5-.3.7s.1.5.3.7z\"\/><\/svg><\/span><\/span><\/span><\/a><\/span><\/div>\n<nav><ul class='ez-toc-list ez-toc-list-level-1 eztoc-toggle-hide-by-default' ><li class='ez-toc-page-1 ez-toc-heading-level-2'><a class=\"ez-toc-link ez-toc-heading-1\" href=\"https:\/\/moverdb.com\/sv\/ubox-cost\/#How_Much_Does_U-Box_Cost\" >Hur mycket kostar U-Box?<\/a><\/li><li class='ez-toc-page-1 ez-toc-heading-level-2'><a class=\"ez-toc-link ez-toc-heading-2\" href=\"https:\/\/moverdb.com\/sv\/ubox-cost\/#What_Affects_the_Cost_of_U-Box\" >Vad p\u00e5verkar kostnaden f\u00f6r U-Box?<\/a><\/li><li class='ez-toc-page-1 ez-toc-heading-level-2'><a class=\"ez-toc-link ez-toc-heading-3\" href=\"https:\/\/moverdb.com\/sv\/ubox-cost\/#How_Can_I_Save_Money_on_U-Box\" >Hur kan jag spara pengar p\u00e5 U-Box?<\/a><\/li><li class='ez-toc-page-1 ez-toc-heading-level-2'><a class=\"ez-toc-link ez-toc-heading-4\" href=\"https:\/\/moverdb.com\/sv\/ubox-cost\/#Whats_Involved_in_Hiring_U-Box\" >Vad inneb\u00e4r det att anst\u00e4lla U-Box?<\/a><\/li><li class='ez-toc-page-1 ez-toc-heading-level-2'><a class=\"ez-toc-link ez-toc-heading-5\" href=\"https:\/\/moverdb.com\/sv\/ubox-cost\/#Is_U-Box_the_Best_Choice_for_Me\" >\u00c4r U-Box det b\u00e4sta valet f\u00f6r mig?<\/a><\/li><li class='ez-toc-page-1 ez-toc-heading-level-2'><a class=\"ez-toc-link ez-toc-heading-6\" href=\"https:\/\/moverdb.com\/sv\/ubox-cost\/#How_Do_I_Find_and_Hire_a_U-Box\" >Hur hittar och anlitar jag en U-Box?<\/a><\/li><li class='ez-toc-page-1 ez-toc-heading-level-2'><a class=\"ez-toc-link ez-toc-heading-7\" href=\"https:\/\/moverdb.com\/sv\/ubox-cost\/#Final_Checklist\" >Slutlig checklista<\/a><\/li><li class='ez-toc-page-1 ez-toc-heading-level-2'><a class=\"ez-toc-link ez-toc-heading-8\" href=\"https:\/\/moverdb.com\/sv\/ubox-cost\/#Frequently_Asked_Questions\" >Vanliga fr\u00e5gor och svar<\/a><ul class='ez-toc-list-level-3' ><li class='ez-toc-heading-level-3'><a class=\"ez-toc-link ez-toc-heading-9\" href=\"https:\/\/moverdb.com\/sv\/ubox-cost\/#What_is_U-Box_and_How_Does_It_Work\" >Vad \u00e4r U-Box och hur fungerar det?<\/a><\/li><li class='ez-toc-page-1 ez-toc-heading-level-3'><a class=\"ez-toc-link ez-toc-heading-10\" href=\"https:\/\/moverdb.com\/sv\/ubox-cost\/#How_Do_I_Reserve_a_U-Box_Container\" >Hur bokar jag en U-Box container?<\/a><\/li><li class='ez-toc-page-1 ez-toc-heading-level-3'><a class=\"ez-toc-link ez-toc-heading-11\" href=\"https:\/\/moverdb.com\/sv\/ubox-cost\/#Can_U-Box_Containers_Be_Used_for_Long-Distance_Moves\" >Kan U-Box-containrar anv\u00e4ndas f\u00f6r l\u00e5ngdistansflyttar?<\/a><\/li><li class='ez-toc-page-1 ez-toc-heading-level-3'><a class=\"ez-toc-link ez-toc-heading-12\" href=\"https:\/\/moverdb.com\/sv\/ubox-cost\/#Can_I_Access_My_U-Box_While_Its_in_Storage\" >Kan jag komma \u00e5t min U-Box n\u00e4r den st\u00e5r i f\u00f6rr\u00e5det?<\/a><\/li><li class='ez-toc-page-1 ez-toc-heading-level-3'><a class=\"ez-toc-link ez-toc-heading-13\" href=\"https:\/\/moverdb.com\/sv\/ubox-cost\/#Can_U-Haul_Help_with_Loading_and_Unloading_My_U-Box\" >Kan U-Haul hj\u00e4lpa till med lastning och lossning av min U-Box?<\/a><\/li><\/ul><\/li><\/ul><\/nav><\/div>\n<h2 class=\"wp-block-heading\"><span class=\"ez-toc-section\" id=\"How_Much_Does_U-Box_Cost\"><\/span><b>Hur mycket kostar U-Box?<\/b><span class=\"ez-toc-section-end\"><\/span><\/h2>\r\n\r\n\r\n\r\n<p>U-Box v\u00e4nder sig till kunder som uppskattar en allt-i-ett-l\u00f6sning och \u00e4r villiga att investera i bekv\u00e4mlighet.<\/p>\r\n\r\n\r\n\r\n<p>U-Box erbjuder ett helt\u00e4ckande paket med ett genomsnittligt containerpris p\u00e5 $3.700+, vilket inte bara inkluderar containern utan \u00e4ven fordonshyra och sj\u00e4lva boxen. Att dessa delar ing\u00e5r bidrar till det h\u00f6gre priset.<\/p>\r\n\r\n\r\n\n<table id=\"tablepress-361\" class=\"tablepress tablepress-id-361\">\n<thead>\n<tr class=\"row-1\">\n\t<th class=\"column-1\">Service<\/th><th class=\"column-2\">Ber\u00e4knad kostnad<\/th>\n<\/tr>\n<\/thead>\n<tbody class=\"row-striping row-hover\">\n<tr class=\"row-2\">\n\t<td class=\"column-1\">Pris per l\u00e5da\/beh\u00e5llare<\/td><td class=\"column-2\">$100<\/td>\n<\/tr>\n<tr class=\"row-3\">\n\t<td class=\"column-1\">Leveransavgift per l\u00e5da\/beh\u00e5llare<\/td><td class=\"column-2\">$99<\/td>\n<\/tr>\n<tr class=\"row-4\">\n\t<td class=\"column-1\">Hj\u00e4lp med att flytta<\/td><td class=\"column-2\">$40<\/td>\n<\/tr>\n<tr class=\"row-5\">\n\t<td class=\"column-1\">F\u00f6rs\u00e4kringsskydd<\/td><td class=\"column-2\">$20<\/td>\n<\/tr>\n<\/tbody>\n<\/table>\n<!-- #tablepress-361 from cache -->\n\r\n\r\n\r\n<p>Grundkostnaden per l\u00e5da \u00e4r $100, med en leveransavgift per l\u00e5da\/beh\u00e5llare p\u00e5 $99. Om du vill ha flytthj\u00e4lp - packning och lastning - kan detta kosta $40, och f\u00f6rs\u00e4kring f\u00f6r dina tillh\u00f6righeter medan de f\u00f6rvaras i lager kostar $20.<\/p>\r\n\r\n\r\n\r\n<p>F\u00f6r v\u00e5r kostnadsj\u00e4mf\u00f6relse tittar vi p\u00e5 olika leverant\u00f6rer av DIY-fordon och f\u00f6rvaringsenheter f\u00f6r att j\u00e4mf\u00f6ra och kontrastera deras priser f\u00f6r att ge dig en v\u00e4l avrundad uppfattning om vilken typ av kostnader du kommer att st\u00f6ta p\u00e5 n\u00e4r du vill hyra flyttj\u00e4nster.<\/p>\r\n\r\n\r\n\r\n\n<table id=\"tablepress-359\" class=\"tablepress tablepress-id-359\">\n<thead>\n<tr class=\"row-1\">\n\t<th class=\"column-1\">Tj\u00e4nsteleverant\u00f6r<\/th><th class=\"column-2\">Genomsnittligt pris f\u00f6r hyra av container\/fordon<\/th>\n<\/tr>\n<\/thead>\n<tbody class=\"row-striping row-hover\">\n<tr class=\"row-2\">\n\t<td class=\"column-1\">PODS<\/td><td class=\"column-2\">$6,100+<\/td>\n<\/tr>\n<tr class=\"row-3\">\n\t<td class=\"column-1\">U-Pack<\/td><td class=\"column-2\">$3,000+<\/td>\n<\/tr>\n<tr class=\"row-4\">\n\t<td class=\"column-1\">1-800-PACK-RAT<\/td><td class=\"column-2\">$3,000+<\/td>\n<\/tr>\n<tr class=\"row-5\">\n\t<td class=\"column-1\">zippyshell<\/td><td class=\"column-2\">$2,900+<\/td>\n<\/tr>\n<tr class=\"row-6\">\n\t<td class=\"column-1\">U-Haul<\/td><td class=\"column-2\">$3,500+<\/td>\n<\/tr>\n<tr class=\"row-7\">\n\t<td class=\"column-1\">SMARTBOX<\/td><td class=\"column-2\">$3,100+<\/td>\n<\/tr>\n<tr class=\"row-8\">\n\t<td class=\"column-1\">U-box<\/td><td class=\"column-2\">$3.700+ (inklusive hyra av fordon och box)<\/td>\n<\/tr>\n<\/tbody>\n<\/table>\n<!-- #tablepress-359 from cache -->\r\n\r\n\r\n\r\n<p>Prisintervallet fr\u00e5n andra leverant\u00f6rer ligger mellan $2 900 som l\u00e4gst och $6 100+ som h\u00f6gst.<\/p>\r\n\r\n\r\n\r\n<h2 class=\"wp-block-heading\"><span class=\"ez-toc-section\" id=\"What_Affects_the_Cost_of_U-Box\"><\/span><b>Vad p\u00e5verkar kostnaden f\u00f6r U-Box?<\/b><span class=\"ez-toc-section-end\"><\/span><\/h2>\r\n\r\n\r\n\r\n<p>Det finns fyra huvudfaktorer som kan p\u00e5verka kostnaden f\u00f6r U-Box-f\u00f6rvaring - l\u00e5t oss ta en n\u00e4rmare titt:<\/p>\r\n\r\n\r\n\r\n<p><strong><a href=\"https:\/\/moverdb.com\/sv\/shipping-container-sizes-and-dimensions\/\" data-internallinksmanager029f6b8e52c=\"247\" title=\"Den ultimata guiden till storlekar och dimensioner f\u00f6r transportbeh\u00e5llare\">Storlek p\u00e5 beh\u00e5llare<\/a><\/strong><\/p>\r\n\r\n\r\n\r\n<p>Storleken p\u00e5 den U-Box-container du v\u00e4ljer kommer att ha en direkt inverkan p\u00e5 kostnaden. St\u00f6rre containrar erbjuder mer utrymme och lagringskapacitet, men de kan ha ett h\u00f6gre pris j\u00e4mf\u00f6rt med mindre alternativ.<\/p>\r\n\r\n\r\n\r\n<p>F\u00f6r att f\u00e5 b\u00e4sta valuta f\u00f6r pengarna b\u00f6r du v\u00e4lja den containerstorlek som b\u00e4st passar dina \u00e4godelar.<\/p>\r\n\r\n\r\n\r\n<p><strong>Lagringens varaktighet<\/strong><\/p>\r\n\r\n\r\n\r\n<p>Hur l\u00e4nge du planerar att anv\u00e4nda U-Box-lagret kan p\u00e5verka kostnaden, d\u00e4r l\u00e4ngre lagringsperioder medf\u00f6r h\u00f6gre avgifter \u00e4n korttidshyror. F\u00f6r att f\u00e5 ut det mesta av detta b\u00f6r du v\u00e4lja en plan som matchar din tidslinje - men var inte f\u00f6r optimistisk, eftersom till\u00e4gg f\u00f6r ytterligare varaktighet kan vara dyra.<\/p>\r\n\r\n\r\n\r\n<p><strong>Leveransplats<\/strong><\/p>\r\n\r\n\r\n\r\n<p>Avst\u00e5ndet mellan U-Box-lagret och din leveransplats kan p\u00e5verka kostnaden, och beroende p\u00e5 avst\u00e5ndet kan leveransavgifterna variera. N\u00e4r du r\u00e4knar ut den totala kostnaden f\u00f6r din hyra, se till att ta h\u00e4nsyn till U-Box-anl\u00e4ggningens l\u00e4ge j\u00e4mf\u00f6rt med din slutdestination.\u00a0<\/p>\r\n\r\n\r\n\r\n<p><strong>Ytterligare tj\u00e4nster<\/strong><\/p>\r\n\r\n\r\n\r\n<p>U-Box erbjuder olika till\u00e4ggstj\u00e4nster, till exempel professionell hj\u00e4lp med lastning och lossning, klimatkontrollerad f\u00f6rvaring och f\u00f6rs\u00e4kringsskydd. Om du v\u00e4ljer dessa tj\u00e4nster kan det p\u00e5verka den totala kostnaden f\u00f6r din U-Box-upplevelse, s\u00e5 det \u00e4r b\u00e4st att utv\u00e4rdera vilka tj\u00e4nster som \u00e4r viktiga f\u00f6r dina behov och budgetera d\u00e4refter.<\/p>\r\n\r\n\r\n\r\n\r\n\r\n<h2 class=\"wp-block-heading\"><span class=\"ez-toc-section\" id=\"How_Can_I_Save_Money_on_U-Box\"><\/span><strong>Hur kan jag spara pengar p\u00e5 U-Box?<\/strong><span class=\"ez-toc-section-end\"><\/span><\/h2>\r\n\r\n\r\n\r\n<figure class=\"wp-block-image size-full\"><img loading=\"lazy\" decoding=\"async\" width=\"1000\" height=\"667\" class=\"wp-image-11038\" src=\"https:\/\/moverdb.com\/wp-content\/uploads\/u-box-moving-2.jpg\" alt=\"\" srcset=\"https:\/\/moverdb.com\/wp-content\/uploads\/u-box-moving-2.jpg 1000w, https:\/\/moverdb.com\/wp-content\/uploads\/u-box-moving-2-300x200.jpg 300w, https:\/\/moverdb.com\/wp-content\/uploads\/u-box-moving-2-18x12.jpg 18w, https:\/\/moverdb.com\/wp-content\/uploads\/u-box-moving-2-600x400.jpg 600w\" sizes=\"auto, (max-width: 1000px) 100vw, 1000px\" \/><\/figure>\r\n\r\n\r\n\r\n<p>Genom att vara strategisk i dina val och anpassa din U-Box-upplevelse till dina specifika krav kan du spara pengar. L\u00e5t oss ta en n\u00e4rmare titt.<\/p>\r\n\r\n\r\n\r\n<p>Den fr\u00e4msta faktorn f\u00f6r att hj\u00e4lpa dig att spara pengar \u00e4r att helt enkelt v\u00e4lja en U-Box-containerstorlek som matchar dina f\u00f6rvaringsbehov. Det inneb\u00e4r att du b\u00f6r undvika att hyra en st\u00f6rre container \u00e4n n\u00f6dv\u00e4ndigt, eftersom det kan leda till on\u00f6diga kostnader.\u00a0<\/p>\r\n\r\n\r\n\r\n<p>V\u00e4lj om m\u00f6jligt en s\u00e5 kort lagringstid som m\u00f6jligt, eftersom kortare lagringsperioder kan hj\u00e4lpa dig att undvika extra avgifter i samband med l\u00e4ngre uthyrningar. Planera i f\u00f6rv\u00e4g och uppskatta hur l\u00e4nge du kommer att beh\u00f6va f\u00f6rvaring f\u00f6r att optimera kostnadsbesparingarna - men se till att inte \u00f6verskatta din effektivitet eftersom ytterligare hyresdagar l\u00e4tt kan uppg\u00e5.<\/p>\r\n\r\n\r\n\r\n<p>Om m\u00f6jligt, v\u00e4lj ett U-Box-lager som \u00e4r bekv\u00e4mt bel\u00e4get f\u00f6r att minska leveransavgifterna. Att v\u00e4lja en anl\u00e4ggning n\u00e4ra ditt hem eller din destination kan minimera transportkostnaderna och g\u00f6ra den totala f\u00f6rvaringsupplevelsen mer kostnadseffektiv.<\/p>\r\n\r\n\r\n\r\n<p>Slutligen, \u00e4ven om U-Box erbjuder olika till\u00e4ggstj\u00e4nster, b\u00f6r du noga \u00f6verv\u00e4ga vilka som \u00e4r v\u00e4sentliga f\u00f6r din situation. Att bara v\u00e4lja de tj\u00e4nster du verkligen beh\u00f6ver kan hj\u00e4lpa dig att undvika on\u00f6diga utgifter och h\u00e5lla dina totala kostnader i schack.<\/p>\r\n\r\n\r\n\r\n<h2 class=\"wp-block-heading\"><span class=\"ez-toc-section\" id=\"Whats_Involved_in_Hiring_U-Box\"><\/span><strong>Vad inneb\u00e4r det att anst\u00e4lla U-Box?<\/strong><span class=\"ez-toc-section-end\"><\/span><\/h2>\r\n\r\n\r\n\r\n<p>Till att b\u00f6rja med v\u00e4ljer du den U-Box-beh\u00e5llarstorlek som passar dina lagringsbehov och reserverar den antingen online eller via telefon. N\u00e4r din bokning har bekr\u00e4ftats kommer U-Haul att leverera U-Box-beh\u00e5llaren direkt till din plats.\u00a0<\/p>\r\n\r\n\r\n\r\n<p>N\u00e4r den \u00e4r hemma hos dig kan du sedan ta dig tid att lasta dina tillh\u00f6righeter i beh\u00e5llaren n\u00e4r det passar dig. N\u00e4r du har laddat U-boxen kommer U-Haul att samla in den och transportera den till den valda lagringsanl\u00e4ggningen eller din angivna destination.\u00a0<\/p>\r\n\r\n\r\n\r\n<p>Om du beh\u00f6ver hj\u00e4lp med lastning och lossning erbjuder U-Haul professionella arbetstj\u00e4nster f\u00f6r att s\u00e4kerst\u00e4lla en smidig process. Under hela resan f\u00f6rblir dina tillh\u00f6righeter s\u00e4kra i U-Box-beh\u00e5llaren.\u00a0<\/p>\r\n\r\n\r\n\r\n<h2 class=\"wp-block-heading\"><span class=\"ez-toc-section\" id=\"Is_U-Box_the_Best_Choice_for_Me\"><\/span><strong>\u00c4r U-Box det b\u00e4sta valet f\u00f6r mig?<\/strong><span class=\"ez-toc-section-end\"><\/span><\/h2>\r\n\r\n\r\n\r\n<p>Det finns s\u00e5 m\u00e5nga alternativ p\u00e5 marknaden n\u00e4r det g\u00e4ller flytt- och f\u00f6rvaringsl\u00f6sningar, s\u00e5 det kan vara sv\u00e5rt att veta vad som \u00e4r r\u00e4tt f\u00f6r dig. L\u00e5t oss titta p\u00e5 de viktigaste f\u00f6r- och nackdelarna n\u00e4r du \u00f6verv\u00e4ger att hyra en U-Box.<\/p>\r\n\r\n\r\n\n<table id=\"tablepress-345\" class=\"tablepress tablepress-id-345\">\n<thead>\n<tr class=\"row-1\">\n\t<th class=\"column-1\">F\u00f6rdelar med U-Box<\/th><th class=\"column-2\">Nackdelar med U-Box<\/th>\n<\/tr>\n<\/thead>\n<tbody class=\"row-striping row-hover\">\n<tr class=\"row-2\">\n\t<td class=\"column-1\">Flexibilitet n\u00e4r det g\u00e4ller flytttider och schema<\/td><td class=\"column-2\">Arbetsintensivt - du m\u00e5ste lasta och lossa sj\u00e4lv om du inte l\u00e4gger till ett arbetstill\u00e4gg<\/td>\n<\/tr>\n<tr class=\"row-3\">\n\t<td class=\"column-1\">Billigare \u00e4n traditionella flyttalternativ med full service<\/td><td class=\"column-2\">Tillg\u00e4nglighet - hektiska perioder kan leda till s\u00e4mre tillg\u00e4nglighet <\/td>\n<\/tr>\n<tr class=\"row-4\">\n\t<td class=\"column-1\">Du kan h\u00e5lla ett \u00f6ga p\u00e5 dina \u00e4godelar under flyttprocessen<\/td><td class=\"column-2\">L\u00e4ngre hyrestider kan bli dyra<\/td>\n<\/tr>\n<\/tbody>\n<\/table>\n<!-- #tablepress-345 from cache -->\n\r\n\r\n\r\n<p>Den st\u00f6rsta f\u00f6rdelen \u00e4r att det \u00e4r bekv\u00e4mt - med traditionella flyttfirmor m\u00e5ste du lasta och lossa samma dag, medan U-Box ger dig flexibiliteten att packa och packa upp i din egen takt.<\/p>\r\n\r\n\r\n\r\n<p>Det kan dock tillkomma extra kostnader beroende p\u00e5 hur l\u00e5ngt det \u00e4r mellan era anl\u00e4ggningar, och l\u00e4ngre lagringstider kan snabbt bli mycket dyrare \u00e4n vad man kanske f\u00f6rst trodde.<\/p>\r\n\r\n\r\n\r\n<h2 class=\"wp-block-heading\"><span class=\"ez-toc-section\" id=\"How_Do_I_Find_and_Hire_a_U-Box\"><\/span><strong>Hur hittar och anlitar jag en U-Box?<\/strong><span class=\"ez-toc-section-end\"><\/span><\/h2>\r\n\r\n\r\n\r\n<figure class=\"wp-block-image size-full\"><img loading=\"lazy\" decoding=\"async\" width=\"1000\" height=\"562\" class=\"wp-image-11039\" src=\"https:\/\/moverdb.com\/wp-content\/uploads\/u-box-moving-3.jpg\" alt=\"\" srcset=\"https:\/\/moverdb.com\/wp-content\/uploads\/u-box-moving-3.jpg 1000w, https:\/\/moverdb.com\/wp-content\/uploads\/u-box-moving-3-300x169.jpg 300w, https:\/\/moverdb.com\/wp-content\/uploads\/u-box-moving-3-18x10.jpg 18w, https:\/\/moverdb.com\/wp-content\/uploads\/u-box-moving-3-600x337.jpg 600w\" sizes=\"auto, (max-width: 1000px) 100vw, 1000px\" \/><\/figure>\r\n\r\n\r\n\r\n<p>F\u00f6r att komma ig\u00e5ng, bes\u00f6k U-Haul-webbplatsen f\u00f6r att s\u00f6ka efter U-Box-platser n\u00e4ra dig, ange din plats och \u00f6nskade lagringsdatum f\u00f6r att visa tillg\u00e4ngliga alternativ. Alternativt kan du ringa U-Hauls kundtj\u00e4nst f\u00f6r att fr\u00e5ga om U-Box-tillg\u00e4nglighet och g\u00f6ra en bokning via telefon.<\/p>\r\n\r\n\r\n\r\n<p>N\u00e4r du har valt en U-Box-plats och bekr\u00e4ftat tillg\u00e4ngligheten m\u00e5ste du nu v\u00e4lja den containerstorlek som passar dina f\u00f6rvaringsbehov. Slutf\u00f6r bokningsprocessen genom att ange dina kontaktuppgifter, betalningsinformation och eventuella ytterligare tj\u00e4nster du beh\u00f6ver.<\/p>\r\n\r\n\r\n\r\n<p>N\u00e4r detta \u00e4r klart skickar U-Haul dig en bekr\u00e4ftelse med detaljerna i din U-Box-bokning, och sedan, p\u00e5 den schemalagda leveransdagen, kommer U-Haul att leverera U-Box-containern till din angivna plats. Du kan sedan ladda dina tillh\u00f6righeter n\u00e4r det passar dig.\u00a0<\/p>\r\n\r\n\r\n\r\n<p>N\u00e4r du \u00e4r klar med lastningen h\u00e4mtar U-Haul U-boxen och transporterar den till den angivna f\u00f6rvaringsanl\u00e4ggningen eller din nya destination.<\/p>\r\n\r\n\r\n\r\n<h2 class=\"wp-block-heading\"><span class=\"ez-toc-section\" id=\"Final_Checklist\"><\/span><strong>Slutlig checklista<\/strong><span class=\"ez-toc-section-end\"><\/span><\/h2>\r\n\r\n\r\n\r\n<p>Om du tror att det \u00e4r r\u00e4tt v\u00e4g att g\u00e5 att anlita U-Box, se till att du anv\u00e4nder v\u00e5r sista checklista f\u00f6r att s\u00e4kerst\u00e4lla att du inte saknar n\u00e5got p\u00e5 din att g\u00f6ra-lista n\u00e4r den stora dagen kommer.<\/p>\r\n\r\n\r\n\r\n<ul class=\"wp-block-list\">\r\n<li>\u00d6verv\u00e4g f\u00f6r- och nackdelar med U-Box - \u00e4r bekv\u00e4mligheten v\u00e4rd risken f\u00f6r oflexibilitet n\u00e4r det g\u00e4ller tillg\u00e4ngliga datum?<\/li>\r\n\r\n\r\n\r\n<li>Ta en titt p\u00e5 deras till\u00e4gg och best\u00e4m om n\u00e5got \u00e4r r\u00e4tt f\u00f6r dig. Vill du ha hj\u00e4lp med manuellt arbete och lastning\/lossning?<\/li>\r\n\r\n\r\n\r\n<li>Kontrollera om det tillkommer n\u00e5gra extra kostnader f\u00f6r de tv\u00e5 platserna<\/li>\r\n\r\n\r\n\r\n<li>V\u00e4lj en container som har r\u00e4tt storlek f\u00f6r dina \u00e4godelar<\/li>\r\n\r\n\r\n\r\n<li>Boka in och g\u00f6r allt klart inf\u00f6r den stora dagen!<\/li>\r\n<\/ul>\r\n\r\n\r\n\r\n<h2 class=\"wp-block-heading\"><span class=\"ez-toc-section\" id=\"Frequently_Asked_Questions\"><\/span><strong>Vanliga fr\u00e5gor och svar<\/strong><span class=\"ez-toc-section-end\"><\/span><\/h2>\r\n\r\n\r\n<div id=\"rank-math-faq\" class=\"rank-math-block\">\n<div class=\"rank-math-list\">\n<div id=\"faq-question-1692269790738\" class=\"rank-math-list-item\">\n<h3 class=\"rank-math-question\"><span class=\"ez-toc-section\" id=\"What_is_U-Box_and_How_Does_It_Work\"><\/span><strong>Vad \u00e4r U-Box och hur fungerar det?<\/strong><span class=\"ez-toc-section-end\"><\/span><\/h3>\n<div class=\"rank-math-answer\">\n\n<p>U-Box \u00e4r en portabel f\u00f6rvaringsl\u00f6sning som erbjuder bekv\u00e4mligheten med levererade f\u00f6rvaringscontainrar. Du v\u00e4ljer storlek p\u00e5 beh\u00e5llaren, U-Haul levererar den till din plats och du lastar dina tillh\u00f6righeter. <\/p>\n<p>U-Haul h\u00e4mtar sedan containern f\u00f6r lagring eller transport.<\/p>\n\n<\/div>\n<\/div>\n<div id=\"faq-question-1692269827309\" class=\"rank-math-list-item\">\n<h3 class=\"rank-math-question\"><span class=\"ez-toc-section\" id=\"How_Do_I_Reserve_a_U-Box_Container\"><\/span><strong>Hur bokar jag en U-Box container?<\/strong><span class=\"ez-toc-section-end\"><\/span><\/h3>\n<div class=\"rank-math-answer\">\n\n<p>Du kan g\u00f6ra det online via U-Hauls webbplats eller app genom att ange din plats och \u00f6nskade datum. Alternativt kan du ringa U-Hauls kundtj\u00e4nst f\u00f6r att g\u00f6ra en bokning via telefon.<\/p>\n\n<\/div>\n<\/div>\n<div id=\"faq-question-1692269843670\" class=\"rank-math-list-item\">\n<h3 class=\"rank-math-question\"><span class=\"ez-toc-section\" id=\"Can_U-Box_Containers_Be_Used_for_Long-Distance_Moves\"><\/span><strong>Kan U-Box-containrar anv\u00e4ndas f\u00f6r l\u00e5ngdistansflyttar?<\/strong><span class=\"ez-toc-section-end\"><\/span><\/h3>\n<div class=\"rank-math-answer\">\n\n<p>Ja, U-Box-containrar \u00e4r utformade f\u00f6r b\u00e5de lokala och l\u00e5ngdistansflyttningar. Du kan lasta dina tillh\u00f6righeter i U-Box p\u00e5 din nuvarande plats, och U-Haul kommer att transportera den till din destination, oavsett om det \u00e4r \u00f6ver staden eller \u00f6ver hela landet.<\/p>\n\n<\/div>\n<\/div>\n<div id=\"faq-question-1692269860435\" class=\"rank-math-list-item\">\n<h3 class=\"rank-math-question\"><span class=\"ez-toc-section\" id=\"Can_I_Access_My_U-Box_While_Its_in_Storage\"><\/span><strong>Kan jag komma \u00e5t min U-Box n\u00e4r den st\u00e5r i f\u00f6rr\u00e5det?<\/strong><span class=\"ez-toc-section-end\"><\/span><\/h3>\n<div class=\"rank-math-answer\">\n\n<p>Ja, du kan f\u00e5 tillg\u00e5ng till din U-Box medan den \u00e4r i f\u00f6rvaring. Kontakta bara U-Box-anl\u00e4ggningen f\u00f6r att ordna med \u00e5tkomst. <\/p>\n<p>T\u00e4nk p\u00e5 att det kan finnas vissa rutiner och avgifter f\u00f6r att f\u00e5 tillg\u00e5ng till din container under f\u00f6rvaringen.<\/p>\n\n<\/div>\n<\/div>\n<div id=\"faq-question-1692269875232\" class=\"rank-math-list-item\">\n<h3 class=\"rank-math-question\"><span class=\"ez-toc-section\" id=\"Can_U-Haul_Help_with_Loading_and_Unloading_My_U-Box\"><\/span><strong>Kan U-Haul hj\u00e4lpa till med lastning och lossning av min U-Box?<\/strong><span class=\"ez-toc-section-end\"><\/span><\/h3>\n<div class=\"rank-math-answer\">\n\n<p>Ja, U-Haul erbjuder lastnings- och lossningstj\u00e4nster f\u00f6r U-Box-containrar. Om du beh\u00f6ver hj\u00e4lp med tunga lyft eller packning kan du hyra professionell arbetskraft genom U-Haul f\u00f6r att g\u00f6ra processen smidigare.<\/p>\n\n<\/div>\n<\/div>\n<\/div>\n<\/div>","protected":false},"excerpt":{"rendered":"<p>U-Box is U-Haul&#8217;s versatile and convenient storage solution designed to simplify your moving and storage needs. With U-Box, you get the flexibility to store your belongings on your terms, whether you&#8217;re relocating, decluttering, or simply in need of temporary storage.\u00a0 Our guide will cover the following: U-Box containers are portable, secure, and delivered right to [&hellip;]<\/p>\n","protected":false},"author":1,"featured_media":0,"parent":0,"menu_order":0,"comment_status":"closed","ping_status":"closed","template":"","meta":{"_genesis_hide_title":false,"_genesis_hide_breadcrumbs":false,"_genesis_hide_singular_image":false,"_genesis_hide_footer_widgets":false,"_genesis_custom_body_class":"","_genesis_custom_post_class":"","_genesis_layout":"","footnotes":""},"class_list":{"0":"post-17400","1":"page","2":"type-page","3":"status-publish","5":"entry"},"_links":{"self":[{"href":"https:\/\/moverdb.com\/sv\/wp-json\/wp\/v2\/pages\/17400","targetHints":{"allow":["GET"]}}],"collection":[{"href":"https:\/\/moverdb.com\/sv\/wp-json\/wp\/v2\/pages"}],"about":[{"href":"https:\/\/moverdb.com\/sv\/wp-json\/wp\/v2\/types\/page"}],"author":[{"embeddable":true,"href":"https:\/\/moverdb.com\/sv\/wp-json\/wp\/v2\/users\/1"}],"replies":[{"embeddable":true,"href":"https:\/\/moverdb.com\/sv\/wp-json\/wp\/v2\/comments?post=17400"}],"version-history":[{"count":1,"href":"https:\/\/moverdb.com\/sv\/wp-json\/wp\/v2\/pages\/17400\/revisions"}],"predecessor-version":[{"id":17401,"href":"https:\/\/moverdb.com\/sv\/wp-json\/wp\/v2\/pages\/17400\/revisions\/17401"}],"wp:attachment":[{"href":"https:\/\/moverdb.com\/sv\/wp-json\/wp\/v2\/media?parent=17400"}],"curies":[{"name":"wp","href":"https:\/\/api.w.org\/{rel}","templated":true}]}}