{"id":17398,"date":"2024-07-03T09:10:49","date_gmt":"2024-07-03T09:10:49","guid":{"rendered":"https:\/\/moverdb.com\/?page_id=17398"},"modified":"2026-01-08T13:18:45","modified_gmt":"2026-01-08T13:18:45","slug":"u-haul-cost","status":"publish","type":"page","link":"https:\/\/moverdb.com\/sv\/u-haul-cost\/","title":{"rendered":"Hur mycket kostar U-Haul? 2024 Besparingsguide"},"content":{"rendered":"<figure class=\"wp-block-image size-full\"><img loading=\"lazy\" decoding=\"async\" width=\"1000\" height=\"667\" src=\"https:\/\/moverdb.com\/wp-content\/uploads\/u-haul-moving-1.jpg\" alt=\"\" class=\"wp-image-11040\" srcset=\"https:\/\/moverdb.com\/wp-content\/uploads\/u-haul-moving-1.jpg 1000w, https:\/\/moverdb.com\/wp-content\/uploads\/u-haul-moving-1-300x200.jpg 300w, https:\/\/moverdb.com\/wp-content\/uploads\/u-haul-moving-1-18x12.jpg 18w, https:\/\/moverdb.com\/wp-content\/uploads\/u-haul-moving-1-600x400.jpg 600w\" sizes=\"auto, (max-width: 1000px) 100vw, 1000px\" \/><\/figure>\r\n\r\n\r\n\r\n<p>U-Haul \u00e4r fortfarande ett popul\u00e4rt val bland DIY-flyttare, men hur mycket kostar det egentligen? I den h\u00e4r artikeln dissekerar vi prismodellerna f\u00f6r U-Haul och tittar p\u00e5 de olika faktorerna som bidrar till den totala kostnaden - och l\u00e4mnar dig med viktiga, kostnadseffektiva flytttips.<\/p>\r\n\r\n\r\n\r\n<p>V\u00e5r guide kommer att omfatta f\u00f6ljande:<\/p>\r\n\r\n\r\n\r\n<ul class=\"wp-block-list\">\r\n<li>Hur mycket U-Haul kostar<\/li>\r\n\r\n\r\n\r\n<li>Vad p\u00e5verkar kostnaden f\u00f6r U-Haul<\/li>\r\n\r\n\r\n\r\n<li>Hur man sparar pengar p\u00e5 U-Haul<\/li>\r\n\r\n\r\n\r\n<li>Vad inneb\u00e4r det att anv\u00e4nda U-Haul<\/li>\r\n\r\n\r\n\r\n<li>Hur man vet om U-Haul \u00e4r det b\u00e4sta valet f\u00f6r dig<\/li>\r\n\r\n\r\n\r\n<li>Hur man hittar och anst\u00e4ller U-Haul<\/li>\r\n<\/ul>\r\n\r\n\r\n\r\n<p>Om du vill h\u00e5lla kostnaderna nere och g\u00e5 ner p\u00e5 en DIY-v\u00e4g f\u00f6r din hemflytt, kan det vara ett bra hack att anv\u00e4nda U-Haul. L\u00e5t oss komma ig\u00e5ng.<\/p>\r\n\r\n\r\n\r\n<div id=\"ez-toc-container\" class=\"ez-toc-v2_0_82_2 ez-toc-wrap-left counter-hierarchy ez-toc-counter ez-toc-transparent ez-toc-container-direction\">\n<div class=\"ez-toc-title-container\">\n<p class=\"ez-toc-title\" style=\"cursor:inherit\">Avsnitt<\/p>\n<span class=\"ez-toc-title-toggle\"><a href=\"#\" class=\"ez-toc-pull-right ez-toc-btn ez-toc-btn-xs ez-toc-btn-default ez-toc-toggle\" aria-label=\"V\u00e4xla till inneh\u00e5llsf\u00f6rteckning\"><span class=\"ez-toc-js-icon-con\"><span class=\"\"><span class=\"eztoc-hide\" style=\"display:none;\">V\u00e4xel<\/span><span class=\"ez-toc-icon-toggle-span\"><svg style=\"fill: #999;color:#999\" xmlns=\"http:\/\/www.w3.org\/2000\/svg\" class=\"list-377408\" width=\"20px\" height=\"20px\" viewbox=\"0 0 24 24\" fill=\"none\"><path d=\"M6 6H4v2h2V6zm14 0H8v2h12V6zM4 11h2v2H4v-2zm16 0H8v2h12v-2zM4 16h2v2H4v-2zm16 0H8v2h12v-2z\" fill=\"currentColor\"><\/path><\/svg><svg style=\"fill: #999;color:#999\" class=\"arrow-unsorted-368013\" xmlns=\"http:\/\/www.w3.org\/2000\/svg\" width=\"10px\" height=\"10px\" viewbox=\"0 0 24 24\" version=\"1.2\" baseprofile=\"tiny\"><path d=\"M18.2 9.3l-6.2-6.3-6.2 6.3c-.2.2-.3.4-.3.7s.1.5.3.7c.2.2.4.3.7.3h11c.3 0 .5-.1.7-.3.2-.2.3-.5.3-.7s-.1-.5-.3-.7zM5.8 14.7l6.2 6.3 6.2-6.3c.2-.2.3-.5.3-.7s-.1-.5-.3-.7c-.2-.2-.4-.3-.7-.3h-11c-.3 0-.5.1-.7.3-.2.2-.3.5-.3.7s.1.5.3.7z\"\/><\/svg><\/span><\/span><\/span><\/a><\/span><\/div>\n<nav><ul class='ez-toc-list ez-toc-list-level-1 eztoc-toggle-hide-by-default' ><li class='ez-toc-page-1 ez-toc-heading-level-2'><a class=\"ez-toc-link ez-toc-heading-1\" href=\"https:\/\/moverdb.com\/sv\/u-haul-cost\/#How_Much_Does_U-Haul_Cost\" >Hur mycket kostar U-Haul?<\/a><\/li><li class='ez-toc-page-1 ez-toc-heading-level-2'><a class=\"ez-toc-link ez-toc-heading-2\" href=\"https:\/\/moverdb.com\/sv\/u-haul-cost\/#What_Affects_the_Cost_of_U-Haul\" >Vad p\u00e5verkar kostnaden f\u00f6r U-Haul?<\/a><\/li><li class='ez-toc-page-1 ez-toc-heading-level-2'><a class=\"ez-toc-link ez-toc-heading-3\" href=\"https:\/\/moverdb.com\/sv\/u-haul-cost\/#How_Can_I_Save_Money_on_U-Haul\" >Hur kan jag spara pengar p\u00e5 U-Haul?<\/a><\/li><li class='ez-toc-page-1 ez-toc-heading-level-2'><a class=\"ez-toc-link ez-toc-heading-4\" href=\"https:\/\/moverdb.com\/sv\/u-haul-cost\/#Whats_Involved_in_Hiring_a_U-Haul\" >Vad \u00e4r involverat i att hyra en U-Haul?<\/a><\/li><li class='ez-toc-page-1 ez-toc-heading-level-2'><a class=\"ez-toc-link ez-toc-heading-5\" href=\"https:\/\/moverdb.com\/sv\/u-haul-cost\/#Is_a_U-Haul_the_Best_Choice_for_Me\" >\u00c4r en U-Haul det b\u00e4sta valet f\u00f6r mig?<\/a><\/li><li class='ez-toc-page-1 ez-toc-heading-level-2'><a class=\"ez-toc-link ez-toc-heading-6\" href=\"https:\/\/moverdb.com\/sv\/u-haul-cost\/#Final_Checklist\" >Slutlig checklista<\/a><\/li><li class='ez-toc-page-1 ez-toc-heading-level-2'><a class=\"ez-toc-link ez-toc-heading-7\" href=\"https:\/\/moverdb.com\/sv\/u-haul-cost\/#Frequently_Asked_Questions\" >Vanliga fr\u00e5gor och svar<\/a><ul class='ez-toc-list-level-3' ><li class='ez-toc-heading-level-3'><a class=\"ez-toc-link ez-toc-heading-8\" href=\"https:\/\/moverdb.com\/sv\/u-haul-cost\/#How_Do_I_Reserve_a_U-Haul_Truck\" >Hur bokar jag en U-Haul lastbil?<\/a><\/li><li class='ez-toc-page-1 ez-toc-heading-level-3'><a class=\"ez-toc-link ez-toc-heading-9\" href=\"https:\/\/moverdb.com\/sv\/u-haul-cost\/#What_Do_I_Need_to_Bring_for_Pickup\" >Vad beh\u00f6ver jag ta med mig f\u00f6r upph\u00e4mtning?<\/a><\/li><li class='ez-toc-page-1 ez-toc-heading-level-3'><a class=\"ez-toc-link ez-toc-heading-10\" href=\"https:\/\/moverdb.com\/sv\/u-haul-cost\/#Can_I_Extend_My_Rental_Period\" >Kan jag f\u00f6rl\u00e4nga min hyresperiod?<\/a><\/li><li class='ez-toc-page-1 ez-toc-heading-level-3'><a class=\"ez-toc-link ez-toc-heading-11\" href=\"https:\/\/moverdb.com\/sv\/u-haul-cost\/#What_Should_I_Do_if_I_Encounter_Issues_During_the_Rental\" >Vad ska jag g\u00f6ra om jag st\u00f6ter p\u00e5 problem under uthyrningen?<\/a><\/li><\/ul><\/li><\/ul><\/nav><\/div>\n<h2 class=\"wp-block-heading\"><span class=\"ez-toc-section\" id=\"How_Much_Does_U-Haul_Cost\"><\/span><strong>Hur mycket kostar U-Haul?<\/strong><span class=\"ez-toc-section-end\"><\/span><\/h2>\r\n\r\n\r\n\r\n<p>U-Haul, ett v\u00e4lk\u00e4nt namn inom flyttbranschen, erbjuder flyttj\u00e4nster med containrar samt fordonsuthyrning. \u00c4ven om de kanske f\u00f6rknippas med traditionell lastbilsuthyrning, erbjuder deras containertj\u00e4nst en alternativ l\u00f6sning f\u00f6r att flytta hus.<\/p>\r\n\r\n\r\n\r\n<p>U-Hauls varum\u00e4rkesk\u00e4nnedom och rikst\u00e4ckande tillg\u00e4nglighet bidrar till dess h\u00f6gre prispunkt j\u00e4mf\u00f6rt med konkurrenterna. L\u00e5t oss b\u00f6rja med att ta en titt p\u00e5 den genomsnittliga kostnaden f\u00f6r U-Haul-uthyrning.<\/p>\r\n\r\n\r\n\n<table id=\"tablepress-360\" class=\"tablepress tablepress-id-360\">\n<thead>\n<tr class=\"row-1\">\n\t<th class=\"column-1\">Avst\u00e5nd<\/th><th class=\"column-2\">Ber\u00e4knad kostnad<\/th>\n<\/tr>\n<\/thead>\n<tbody class=\"row-striping row-hover\">\n<tr class=\"row-2\">\n\t<td class=\"column-1\">50 mil<\/td><td class=\"column-2\">$25 + $0,99 per mil<\/td>\n<\/tr>\n<tr class=\"row-3\">\n\t<td class=\"column-1\">450 mil<\/td><td class=\"column-2\">$600<\/td>\n<\/tr>\n<tr class=\"row-4\">\n\t<td class=\"column-1\">1.000+ mil<\/td><td class=\"column-2\">$1.600 till $2.300+.<\/td>\n<\/tr>\n<\/tbody>\n<\/table>\n<!-- #tablepress-360 from cache -->\n\r\n\r\n\r\n<p>F\u00f6r en kort resa p\u00e5 50 miles \u00e4r kostnaden cirka $25 f\u00f6r hyra och $0,99 per mil. St\u00f6rre resor p\u00e5 \u00f6ver 300 mil kan kosta mellan 1.600 och 2.300TP6T beroende p\u00e5 den totala k\u00f6rstr\u00e4ckan.<\/p>\r\n\r\n\r\n\r\n<p>F\u00f6r v\u00e5r kostnadsj\u00e4mf\u00f6relse tittar vi p\u00e5 olika leverant\u00f6rer av DIY-fordon och f\u00f6rvaringsenheter f\u00f6r att j\u00e4mf\u00f6ra och kontrastera deras priser f\u00f6r att ge dig en v\u00e4l avrundad uppfattning om vilken typ av kostnader du kommer att st\u00f6ta p\u00e5 n\u00e4r du vill hyra flyttj\u00e4nster.<\/p>\r\n\r\n\r\n\n<table id=\"tablepress-359\" class=\"tablepress tablepress-id-359\">\n<thead>\n<tr class=\"row-1\">\n\t<th class=\"column-1\">Tj\u00e4nsteleverant\u00f6r<\/th><th class=\"column-2\">Genomsnittligt pris f\u00f6r hyra av container\/fordon<\/th>\n<\/tr>\n<\/thead>\n<tbody class=\"row-striping row-hover\">\n<tr class=\"row-2\">\n\t<td class=\"column-1\">PODS<\/td><td class=\"column-2\">$6,100+<\/td>\n<\/tr>\n<tr class=\"row-3\">\n\t<td class=\"column-1\">U-Pack<\/td><td class=\"column-2\">$3,000+<\/td>\n<\/tr>\n<tr class=\"row-4\">\n\t<td class=\"column-1\">1-800-PACK-RAT<\/td><td class=\"column-2\">$3,000+<\/td>\n<\/tr>\n<tr class=\"row-5\">\n\t<td class=\"column-1\">zippyshell<\/td><td class=\"column-2\">$2,900+<\/td>\n<\/tr>\n<tr class=\"row-6\">\n\t<td class=\"column-1\">U-Haul<\/td><td class=\"column-2\">$3,500+<\/td>\n<\/tr>\n<tr class=\"row-7\">\n\t<td class=\"column-1\">SMARTBOX<\/td><td class=\"column-2\">$3,100+<\/td>\n<\/tr>\n<tr class=\"row-8\">\n\t<td class=\"column-1\">U-box<\/td><td class=\"column-2\">$3.700+ (inklusive hyra av fordon och box)<\/td>\n<\/tr>\n<\/tbody>\n<\/table>\n<!-- #tablepress-359 from cache -->\n\r\n\r\n\r\n<p>Priserna fr\u00e5n andra leverant\u00f6rer ligger p\u00e5 mellan $2 900 som l\u00e4gst och $6 100+ som h\u00f6gst.<\/p>\r\n\r\n\r\n\r\n<h2 class=\"wp-block-heading\"><span class=\"ez-toc-section\" id=\"What_Affects_the_Cost_of_U-Haul\"><\/span><strong>Vad p\u00e5verkar kostnaden f\u00f6r U-Haul?<\/strong><span class=\"ez-toc-section-end\"><\/span><\/h2>\r\n\r\n\r\n\r\n<p>Nu n\u00e4r vi k\u00e4nner till n\u00e5gra av de priser som \u00e4r f\u00f6rknippade med U-Haul-hyra, l\u00e5t oss titta p\u00e5 hur du kan p\u00e5verka kostnaderna s\u00e5 att du \u00e4r medveten om fakta innan du fastnar i.<\/p>\r\n\r\n\r\n\r\n<p><strong>Avst\u00e5nd f\u00f6r flytten<\/strong><\/p>\r\n\r\n\r\n\r\n<p>Som du kan f\u00f6rv\u00e4nta dig p\u00e5verkar avst\u00e5ndet du planerar att resa med den hyrda U-Haul-lastbilen avsev\u00e4rt kostnaden. L\u00e4ngre str\u00e4ckor leder i allm\u00e4nhet till h\u00f6gre hyrespriser p\u00e5 grund av \u00f6kad gasf\u00f6rbrukning och slitage p\u00e5 fordonet.<\/p>\r\n\r\n\r\n\r\n<p><strong>Storlek och typ av lastbil<\/strong><\/p>\r\n\r\n\r\n\r\n<p>Storleken och typen av U-Haul lastbil du v\u00e4ljer kommer att p\u00e5verka hyreskostnaden. St\u00f6rre lastbilar med mer lastutrymme har vanligtvis ett h\u00f6gre hyrespris j\u00e4mf\u00f6rt med mindre alternativ.<\/p>\r\n\r\n\r\n\r\n<p><strong>Hyrestidens l\u00e4ngd<\/strong><\/p>\r\n\r\n\r\n\r\n<p>Hur l\u00e4nge du beh\u00f6ver U-Haul-lastbilen spelar en roll i de tillh\u00f6rande kostnaderna, eftersom l\u00e4ngre hyresperioder resulterar i h\u00f6gre totala avgifter. U-Haul erbjuder uthyrningsalternativ f\u00f6r olika varaktigheter, fr\u00e5n n\u00e5gra timmar till flera dagar, vilket hj\u00e4lper dig att hitta en tj\u00e4nst som passar din individuella situation.<\/p>\r\n\r\n\r\n\r\n<p><strong>Flytt av tillbeh\u00f6r och till\u00e4ggsutrustning<\/strong><\/p>\r\n\r\n\r\n\r\n<p>Om du v\u00e4ljer till\u00e4ggstj\u00e4nster och flytttillbeh\u00f6r, t.ex. packmaterial, rullvagnar och m\u00f6belkuddar, kan hyreskostnaden \u00f6ka. Dessa extrafunktioner kan hj\u00e4lpa till att effektivisera din flytt men kan bidra till h\u00f6gre kostnader.<\/p>\r\n\r\n\r\n\r\n<p><strong>Platser f\u00f6r upph\u00e4mtning och avl\u00e4mning<\/strong><\/p>\r\n\r\n\r\n\r\n<p>Upph\u00e4mtnings- och avl\u00e4mningsplatserna f\u00f6r U-Haul-hyran p\u00e5verkar kostnaden, eftersom hyrespriserna kan variera beroende p\u00e5 efterfr\u00e5gan och tillg\u00e4nglighet av lastbilar p\u00e5 specifika platser. Priserna kan ocks\u00e5 skilja sig mellan enkelriktad och lokal uthyrning, vilket \u00e4r viktigt att t\u00e4nka p\u00e5.<\/p>\r\n\r\n\r\n\r\n<h2 class=\"wp-block-heading\"><span class=\"ez-toc-section\" id=\"How_Can_I_Save_Money_on_U-Haul\"><\/span><strong>Hur kan jag spara pengar p\u00e5 U-Haul?<\/strong><span class=\"ez-toc-section-end\"><\/span><\/h2>\r\n\r\n\r\n\r\n<figure class=\"wp-block-image size-full\"><img loading=\"lazy\" decoding=\"async\" width=\"1000\" height=\"667\" src=\"https:\/\/moverdb.com\/wp-content\/uploads\/u-haul-moving-2.jpg\" alt=\"\" class=\"wp-image-11041\" srcset=\"https:\/\/moverdb.com\/wp-content\/uploads\/u-haul-moving-2.jpg 1000w, https:\/\/moverdb.com\/wp-content\/uploads\/u-haul-moving-2-300x200.jpg 300w, https:\/\/moverdb.com\/wp-content\/uploads\/u-haul-moving-2-18x12.jpg 18w, https:\/\/moverdb.com\/wp-content\/uploads\/u-haul-moving-2-600x400.jpg 600w\" sizes=\"auto, (max-width: 1000px) 100vw, 1000px\" \/><\/figure>\r\n\r\n\r\n\r\n<p>Vi vet nu p\u00e5 vilka s\u00e4tt U-Hauls kan stiga i pris - s\u00e5 l\u00e5t oss motverka det med n\u00e5gra smarta knep f\u00f6r att h\u00e5lla dina utgifter i schack.<\/p>\r\n\r\n\r\n\r\n<p>Om m\u00f6jligt, v\u00e4lj en mindre lastbil, eftersom det kan leda till l\u00e4gre hyreskostnader att v\u00e4lja en lastbilsstorlek som passar dina tillh\u00f6righeter utan \u00f6verdrivet utrymme. Mindre lastbilar har i allm\u00e4nhet mer \u00f6verkomliga hyrespriser.<\/p>\r\n\r\n\r\n\r\n<p>Om du hyr baserat p\u00e5 k\u00f6rstr\u00e4cka b\u00f6r du planera den mest effektiva v\u00e4gen till din destination f\u00f6r att minimera k\u00f6rstr\u00e4ckan. Undvik omv\u00e4gar och on\u00f6dig k\u00f6rstr\u00e4cka f\u00f6r att h\u00e5lla kostnaderna i schack.<\/p>\r\n\r\n\r\n\r\n<p>P\u00e5 samma s\u00e4tt b\u00f6r du v\u00e4lja en l\u00e4mplig hyrestid f\u00f6r dina behov. Om du kan slutf\u00f6ra din flytt inom en kortare tidsram betalar du mindre i hyra - men var uppm\u00e4rksam p\u00e5 ditt schema och eventuell \u00f6verdriven optimism eftersom f\u00f6rseningsavgifter kan vara lika skadliga som en f\u00f6rl\u00e4ngd hyresperiod.<\/p>\r\n\r\n\r\n\r\n<p>Att flytta under l\u00e5gs\u00e4song eller p\u00e5 vardagar kan resultera i l\u00e4gre hyrespriser. Undvik om m\u00f6jligt helger och h\u00f6gs\u00e4songsm\u00e5nader som sommartid f\u00f6r att dra nytta av eventuella rabatterade priser.<\/p>\r\n\r\n\r\n\r\n<p>Slutligen, \u00e4ven om U-Haul erbjuder olika flytttillbeh\u00f6r och till\u00e4gg, v\u00e4lj bara vad du <em>verkligen<\/em> behov. Att skippa on\u00f6diga extrafunktioner som specialutrustning kan bidra till att s\u00e4nka din totala kostnad.<\/p>\r\n\r\n\r\n\r\n<h2 class=\"wp-block-heading\"><span class=\"ez-toc-section\" id=\"Whats_Involved_in_Hiring_a_U-Haul\"><\/span><strong>Vad \u00e4r inblandat i<\/strong> Anlitar du en U-Haul?<span class=\"ez-toc-section-end\"><\/span><\/h2>\r\n\r\n\r\n\r\n<figure class=\"wp-block-image size-full\"><img loading=\"lazy\" decoding=\"async\" width=\"1000\" height=\"654\" src=\"https:\/\/moverdb.com\/wp-content\/uploads\/u-haul-moving-3.jpg\" alt=\"\" class=\"wp-image-11042\" srcset=\"https:\/\/moverdb.com\/wp-content\/uploads\/u-haul-moving-3.jpg 1000w, https:\/\/moverdb.com\/wp-content\/uploads\/u-haul-moving-3-300x196.jpg 300w, https:\/\/moverdb.com\/wp-content\/uploads\/u-haul-moving-3-18x12.jpg 18w, https:\/\/moverdb.com\/wp-content\/uploads\/u-haul-moving-3-600x392.jpg 600w\" sizes=\"auto, (max-width: 1000px) 100vw, 1000px\" \/><\/figure>\r\n\r\n\r\n\r\n<p>Det f\u00f6rsta steget i att anlita en U-Haul \u00e4r kanske det sv\u00e5raste - du m\u00e5ste best\u00e4mma l\u00e4mplig lastbilsstorlek f\u00f6r dina tillh\u00f6righeter och ber\u00e4kna avst\u00e5ndet du ska resa.<\/p>\r\n\r\n\r\n\r\n<p>N\u00e4r du har gjort ditt val av lastbil kan du reservera U-Haul-lastbilen online eller via telefon och ange upph\u00e4mtningsplats, hyrestid och avl\u00e4mningsplats.<\/p>\r\n\r\n\r\n\r\n<p>P\u00e5 den schemalagda upph\u00e4mtningsdagen g\u00e5r du till den valda U-Haul-platsen f\u00f6r att h\u00e4mta hyrbilen, och se till att ta med ett giltigt k\u00f6rkort och den betalningsmetod du anv\u00e4nde f\u00f6r bokningen. N\u00e4r du har slutf\u00f6rt pappersarbetet f\u00e5r du nycklarna till din U-Haul-lastbil.<\/p>\r\n\r\n\r\n\r\n<p>D\u00e4rifr\u00e5n kan du lasta dina tillh\u00f6righeter, k\u00f6ra till din destination och sedan lossa n\u00e4r det passar dig. N\u00e4r du \u00e4r klar med att anv\u00e4nda lastbilen \u00e5terl\u00e4mnar du den bara till den angivna avl\u00e4mningsplatsen inom den \u00f6verenskomna hyresperioden.<\/p>\r\n\r\n\r\n\r\n<h2 class=\"wp-block-heading\"><span class=\"ez-toc-section\" id=\"Is_a_U-Haul_the_Best_Choice_for_Me\"><\/span><strong>\u00c4r en U-Haul det b\u00e4sta valet f\u00f6r mig?<\/strong><span class=\"ez-toc-section-end\"><\/span><\/h2>\r\n\r\n\r\n\r\n<p>Det kan vara frestande att g\u00e5 all-in och skaffa en helt servicerad flytt f\u00f6r att undvika alla tunga lyft och k\u00f6rning till och fr\u00e5n dina nya och gamla hus - men om du vill vara mer praktisk kan det vara ett bra alternativ att hyra en U-Haul.<\/p>\r\n\r\n\r\n\n<table id=\"tablepress-344\" class=\"tablepress tablepress-id-344\">\n<thead>\n<tr class=\"row-1\">\n\t<th class=\"column-1\">F\u00f6rdelar med U-Haul<\/th><th class=\"column-2\">Nackdelar med U-Haul<\/th>\n<\/tr>\n<\/thead>\n<tbody class=\"row-striping row-hover\">\n<tr class=\"row-2\">\n\t<td class=\"column-1\">Flexibilitet n\u00e4r det g\u00e4ller flytttider och schema<\/td><td class=\"column-2\">Arbetsintensivt - du m\u00e5ste k\u00f6ra, lasta och lossa sj\u00e4lv<\/td>\n<\/tr>\n<tr class=\"row-3\">\n\t<td class=\"column-1\">Billigare \u00e4n traditionella flyttalternativ med full service<\/td><td class=\"column-2\">Du \u00e4r ansvarig f\u00f6r f\u00f6rs\u00e4kringen under resan<\/td>\n<\/tr>\n<tr class=\"row-4\">\n\t<td class=\"column-1\">Du kan h\u00e5lla ett \u00f6ga p\u00e5 dina \u00e4godelar under flyttprocessen<\/td><td class=\"column-2\">Det kan uppst\u00e5 skador p\u00e5 fordonet under flytten som du m\u00e5ste reparera<\/td>\n<\/tr>\n<\/tbody>\n<\/table>\n<!-- #tablepress-344 from cache -->\n\r\n\r\n\r\n<p>Den fr\u00e4msta f\u00f6rdelen med att hyra U-Haul \u00e4r helt enkelt den st\u00f6rre kontroll du f\u00e5r \u00f6ver dina utgifter. Du kan v\u00e4lja den lastbilsstorlek som passar dina \u00e4godelar, v\u00e4lja hyrestid och best\u00e4mma om du vill l\u00e4gga till extra tj\u00e4nster eller tillbeh\u00f6r.<\/p>\r\n\r\n\r\n\r\n<p>Att lasta och lossa tunga m\u00f6bler och f\u00f6rem\u00e5l kan dock vara fysiskt kr\u00e4vande. Om du inte \u00e4r bekv\u00e4m med att lyfta och b\u00e4ra, eller om du beh\u00f6ver professionell hj\u00e4lp, kan du beh\u00f6va anlita extra hj\u00e4lp.<\/p>\r\n\r\n\r\n\r\n<h2 class=\"wp-block-heading\"><span class=\"ez-toc-section\" id=\"Final_Checklist\"><\/span><strong>Slutlig checklista<\/strong><span class=\"ez-toc-section-end\"><\/span><\/h2>\r\n\r\n\r\n\r\n<p>Om du tror att det \u00e4r b\u00e4st att g\u00f6ra det sj\u00e4lv och anv\u00e4nda en U-Haul, se till att notera v\u00e5r sista checklista f\u00f6r att s\u00e4kerst\u00e4lla att allt \u00e4r i ordning n\u00e4r det g\u00e4ller din stora flytt.<\/p>\r\n\r\n\r\n\r\n<ul class=\"wp-block-list\">\r\n<li>Fundera p\u00e5 om du vill ha hj\u00e4lp av ett flyttteam med full service eller om du kan g\u00f6ra det sj\u00e4lv i st\u00e4llet<\/li>\r\n\r\n\r\n\r\n<li>Se \u00f6ver dina \u00e4godelar - kan du minska storleken p\u00e5 n\u00e5got s\u00e4tt innan du bokar din U-Haul f\u00f6r att spara pengar?<\/li>\r\n\r\n\r\n\r\n<li>Kolla in utbudet av fordon och v\u00e4lj det som passar b\u00e4st f\u00f6r din lastvolym och dina behov<\/li>\r\n\r\n\r\n\r\n<li>Beh\u00f6ver du n\u00e5gra extra tj\u00e4nster? Kom ih\u00e5g att l\u00e4gga till dem innan du bokar in<\/li>\r\n\r\n\r\n\r\n<li>Dubbelkolla dina datum och boka in dig p\u00e5 din flytt!<\/li>\r\n<\/ul>\r\n\r\n\r\n\r\n<h2 class=\"wp-block-heading\"><span class=\"ez-toc-section\" id=\"Frequently_Asked_Questions\"><\/span><strong>Vanliga fr\u00e5gor och svar<\/strong><span class=\"ez-toc-section-end\"><\/span><\/h2>\r\n\r\n\r\n<div id=\"rank-math-faq\" class=\"rank-math-block\">\n<div class=\"rank-math-list\">\n<div id=\"faq-question-1692200957678\" class=\"rank-math-list-item\">\n<h3 class=\"rank-math-question\"><span class=\"ez-toc-section\" id=\"How_Do_I_Reserve_a_U-Haul_Truck\"><\/span><strong>Hur bokar jag en U-Haul lastbil?<\/strong><span class=\"ez-toc-section-end\"><\/span><\/h3>\n<div class=\"rank-math-answer\">\n\n<p>Du kan enkelt reservera en U-Haul lastbil online genom att bes\u00f6ka U-Haul-webbplatsen eller anv\u00e4nda deras app. Ange bara din plats, hyresdatum och \u00f6nskad storlek p\u00e5 lastbilen f\u00f6r att komma ig\u00e5ng. <\/p>\n<p>Alternativt kan du ringa U-Hauls kundtj\u00e4nst f\u00f6r att g\u00f6ra en bokning via telefon och f\u00f6r att diskutera eventuella bokningsdetaljer.<\/p>\n\n<\/div>\n<\/div>\n<div id=\"faq-question-1692201036551\" class=\"rank-math-list-item\">\n<h3 class=\"rank-math-question\"><span class=\"ez-toc-section\" id=\"What_Do_I_Need_to_Bring_for_Pickup\"><\/span><strong>Vad beh\u00f6ver jag ta med mig f\u00f6r upph\u00e4mtning?<\/strong><span class=\"ez-toc-section-end\"><\/span><\/h3>\n<div class=\"rank-math-answer\">\n\n<p>N\u00e4r du h\u00e4mtar din U-Haul lastbil ska du ta med ett giltigt k\u00f6rkort och den betalningsmetod som anv\u00e4ndes f\u00f6r bokningen. Din uthyrningsenhet kan kr\u00e4va ytterligare identifiering, s\u00e5 det \u00e4r b\u00e4st att kontrollera fr\u00e5n fall till fall med din leverant\u00f6r.<\/p>\n\n<\/div>\n<\/div>\n<div id=\"faq-question-1692201050762\" class=\"rank-math-list-item\">\n<h3 class=\"rank-math-question\"><span class=\"ez-toc-section\" id=\"Can_I_Extend_My_Rental_Period\"><\/span><strong>Kan jag f\u00f6rl\u00e4nga min hyresperiod?<\/strong><span class=\"ez-toc-section-end\"><\/span><\/h3>\n<div class=\"rank-math-answer\">\n\n<p>Ja, du kan f\u00f6rl\u00e4nga din hyresperiod om det beh\u00f6vs. Kontakta U-Haul's kundtj\u00e4nst eller bes\u00f6k en lokal uthyrningsstation f\u00f6r att diskutera f\u00f6rl\u00e4ngningen och g\u00f6ra n\u00f6dv\u00e4ndiga arrangemang. <\/p>\n<p>T\u00e4nk p\u00e5 att ytterligare hyresavgifter kan tillkomma f\u00f6r den f\u00f6rl\u00e4ngda perioden.<\/p>\n\n<\/div>\n<\/div>\n<div id=\"faq-question-1692201063702\" class=\"rank-math-list-item\">\n<h3 class=\"rank-math-question\"><span class=\"ez-toc-section\" id=\"What_Should_I_Do_if_I_Encounter_Issues_During_the_Rental\"><\/span><strong>Vad ska jag g\u00f6ra om jag st\u00f6ter p\u00e5 problem under uthyrningen?<\/strong><span class=\"ez-toc-section-end\"><\/span><\/h3>\n<div class=\"rank-math-answer\">\n\n<p>Om du upplever n\u00e5gra problem med din U-Haul lastbil under uthyrningen, till exempel mekaniska problem eller fr\u00e5gor om utrustningen, kontakta U-Haul v\u00e4gassistans eller kundtj\u00e4nst f\u00f6r v\u00e4gledning och support.<\/p>\n<p>De kommer att hj\u00e4lpa till att l\u00f6sa eventuella problem som du har n\u00e4r du anv\u00e4nder hyrbilen.<\/p>\n\n<\/div>\n<\/div>\n<\/div>\n<\/div>","protected":false},"excerpt":{"rendered":"<p>U-Haul remains a popular choice among DIY movers, but how much does it actually cost? In this article, we\u2019ll dissect the pricing models of U-Haul, looking at the various factors that contribute to the overall cost &#8211; and leave you with all-important, cost-effective moving tips. Our guide will cover the following: If you fancy keeping [&hellip;]<\/p>\n","protected":false},"author":1,"featured_media":0,"parent":0,"menu_order":0,"comment_status":"closed","ping_status":"closed","template":"","meta":{"_genesis_hide_title":false,"_genesis_hide_breadcrumbs":false,"_genesis_hide_singular_image":false,"_genesis_hide_footer_widgets":false,"_genesis_custom_body_class":"","_genesis_custom_post_class":"","_genesis_layout":"","footnotes":""},"class_list":{"0":"post-17398","1":"page","2":"type-page","3":"status-publish","5":"entry"},"_links":{"self":[{"href":"https:\/\/moverdb.com\/sv\/wp-json\/wp\/v2\/pages\/17398","targetHints":{"allow":["GET"]}}],"collection":[{"href":"https:\/\/moverdb.com\/sv\/wp-json\/wp\/v2\/pages"}],"about":[{"href":"https:\/\/moverdb.com\/sv\/wp-json\/wp\/v2\/types\/page"}],"author":[{"embeddable":true,"href":"https:\/\/moverdb.com\/sv\/wp-json\/wp\/v2\/users\/1"}],"replies":[{"embeddable":true,"href":"https:\/\/moverdb.com\/sv\/wp-json\/wp\/v2\/comments?post=17398"}],"version-history":[{"count":1,"href":"https:\/\/moverdb.com\/sv\/wp-json\/wp\/v2\/pages\/17398\/revisions"}],"predecessor-version":[{"id":17399,"href":"https:\/\/moverdb.com\/sv\/wp-json\/wp\/v2\/pages\/17398\/revisions\/17399"}],"wp:attachment":[{"href":"https:\/\/moverdb.com\/sv\/wp-json\/wp\/v2\/media?parent=17398"}],"curies":[{"name":"wp","href":"https:\/\/api.w.org\/{rel}","templated":true}]}}