{"id":1684,"date":"2017-02-23T19:16:05","date_gmt":"2017-02-23T19:16:05","guid":{"rendered":"http:\/\/moverdb.com\/?page_id=1684"},"modified":"2026-01-08T14:45:54","modified_gmt":"2026-01-08T14:45:54","slug":"1-800-pack-rat","status":"publish","type":"page","link":"https:\/\/moverdb.com\/sv\/1-800-pack-rat\/","title":{"rendered":"1-800-Pack-Rat - Internationell flyttning Recensioner"},"content":{"rendered":"<p>1-800-Pack-Rat erbjuder sina kunder ett enkelt alternativ n\u00e4r det g\u00e4ller flyttning. Nedan finns information om f\u00f6retaget, en f\u00f6retagsprofil och recensioner.<\/p>\n<p><strong>L\u00e5ngv\u00e4ga och lokala flyttar<\/strong><\/p>\n<ul>\n<li> Leverera containern minst 30 dagar f\u00f6re flytten<\/li>\n<li> Packa beh\u00e5llaren sj\u00e4lv eller anlita professionella packare<\/li>\n<li> Gratis l\u00e5s f\u00f6r beh\u00e5llare utan sk\u00e4rning<\/li>\n<li> Gratis $10 000 inneh\u00e5llsskydd<\/li>\n<li> Alternativ f\u00f6r l\u00e5ng och kort lagring<\/li>\n<li> H\u00e4mtning och leverans av containrar till destinationen<\/li>\n<\/ul>\n<p><strong>Milit\u00e4ra f\u00f6rflyttningar<\/strong><\/p>\n<ul>\n<li> Milit\u00e4rer kan v\u00e4lja en personligt upphandlad flytt (PPM).<\/li>\n<li> Regeringen kommer att ers\u00e4tta 95% f\u00f6r yrkesm\u00e4ssiga <a href=\"https:\/\/moverdb.com\/sv\/flyttkostnader\/\">Flyttkostnader.<\/a><\/li>\n<li> Containern levereras till d\u00f6rren<\/li>\n<li> 30 dagar eller mer f\u00f6r att packa<\/li>\n<li> <a href=\"https:\/\/moverdb.com\/sv\/container-transport\/\">Containersj\u00f6fart<\/a> till ny plats<\/li>\n<\/ul>\n<p><strong>Lagring<\/strong><\/p>\n<ul>\n<li> Video\u00f6vervakning dygnet runt<\/li>\n<li> Automatiserade sprinklers<\/li>\n<li> Klimatkontrollerad<\/li>\n<li> Enkel \u00e5tkomst p\u00e5 plats<\/li>\n<li> Leverans utan kr\u00e5ngel<\/li>\n<\/ul>\n<p><strong>Anv\u00e4ndning av beh\u00e5llare<\/strong><\/p>\n<ul>\n<li> Restaurering och sanering<\/li>\n<li> Entrepren\u00f6rstj\u00e4nster<\/li>\n<li> S\u00e4songslagring<\/li>\n<li> Fastighetstj\u00e4nster<\/li>\n<li> Katastrofhj\u00e4lp<\/li>\n<li> Lagring av evenemang<\/li>\n<li> F\u00f6rvaring f\u00f6r detaljhandel och kommersiella \u00e4ndam\u00e5l<\/li>\n<li> F\u00f6rs\u00e4kringsbolag<\/li>\n<li> F\u00f6retagsflytt eller milit\u00e4r flyttning<\/li>\n<li> Frakt- och logistikl\u00f6sningar<\/li>\n<\/ul>\n<h2>1-800-Pack-Rat F\u00f6retagsprofil<\/h2>\n<p>1-800-Pack-Rat har m\u00e5nga anl\u00e4ggningar i <a href=\"https:\/\/moverdb.com\/sv\/moving-to-the-united-states\/\" data-internallinksmanager029f6b8e52c=\"94\" title=\"Flyttar du till USA? 2026 Levnadskostnader och flyttningstips\">F\u00f6renta staterna<\/a> och <a href=\"https:\/\/moverdb.com\/sv\/moving-to-canada\/\" data-internallinksmanager029f6b8e52c=\"265\" title=\"Flytta till Kanada? 2026 Levnadskostnader och flyttningstips\">Kanada<\/a>. F\u00f6retaget har \u00f6ver 10 \u00e5rs erfarenhet av lagring och flyttning av personer och f\u00f6retag, b\u00e5de lokalt och p\u00e5 l\u00e5nga avst\u00e5nd.<\/p>\n<p>1-800-Pack-Rat har f\u00f6ljande ackrediteringar och anslutningar:<\/p>\n<ul>\n<li> Ingen visas p\u00e5 webbplatsen, \u00e4ven om <a href=\"https:\/\/moverdb.com\/sv\/jag-ar\/\" target=\"_blank\" rel=\"noopener\">Internationella sammanslutningen av flyttfirmor<\/a> listar dem i sin medlemsf\u00f6rteckning.<\/li>\n<\/ul>\n<h2>1-800-Pack-Rat recensioner<\/h2>\n<p><strong>Positivt:<\/strong><\/p>\n<ul>\n<li> <em>\"Det var underbart att inte beh\u00f6va oroa sig f\u00f6r den h\u00e4r aspekten av v\u00e5r flytt. Hela upplevelsen, fr\u00e5n mitt f\u00f6rsta samtal, till att f\u00e5 konkurrenskraftiga offerter, till onlineplanering, till autobetalning och till att hantera den kunniga och v\u00e4nliga personalen n\u00e4r jag hade fr\u00e5gor, var stressfri. Jag har inte packat upp f\u00e4rdigt, men \u00e4n s\u00e5 l\u00e4nge \u00e4r det bra att mina tillh\u00f6righeter anl\u00e4nde v\u00e4lbeh\u00e5llna och v\u00e4lbeh\u00e5llna.\"<\/em> - Heather via <a href=\"https:\/\/www.1800packrat.com\/reviews\" target=\"_blank\" rel=\"noopener\">kundreferat<\/a><\/li>\n<li> <em>\"Vi flyttade alla v\u00e5ra tillh\u00f6righeter med 1-800-PACK-RAT och det var en fantastisk upplevelse. De var tillg\u00e4ngliga f\u00f6r fr\u00e5gor, \u00e4ven p\u00e5 natten, och var artiga och v\u00e4nliga. De h\u00f6ll alla tidsfrister, l\u00e4t oss packa v\u00e5ra egna saker under ett par dagar &amp; k\u00f6rde dem sedan inom 10 dagar till v\u00e5r nya plats.\"<\/em> - via <a href=\"https:\/\/uk.trustpilot.com\/reviews\/58acb46d883cc60a283ce37e\" target=\"_blank\" rel=\"noopener\">TrustPilot<\/a><\/li>\n<li> <em>\"Jag flyttade nyligen l\u00e5ngv\u00e4ga fr\u00e5n <a href=\"https:\/\/moverdb.com\/sv\/moving-to-the-united-states\/moving-to-california\/\" data-internallinksmanager029f6b8e52c=\"330\" title=\"Flytta till Kalifornien? 2026 Levnadskostnader &amp; Flytttips\">Kalifornien<\/a> till <a href=\"https:\/\/moverdb.com\/sv\/moving-to-the-united-states\/moving-to-florida\/\" data-internallinksmanager029f6b8e52c=\"331\" title=\"Flytta till Florida? 2026 Levnadskostnader &amp; Flytttips\">Florida<\/a> med hj\u00e4lp av Pack Rat Storage. Och jag kommer att anv\u00e4nda dem igen, de var i tid fr\u00e5n avl\u00e4mning till leverans och Pack Rat var billigare \u00e4n PODS.\"<\/em> - Paul via <a href=\"https:\/\/www.yelp.co.uk\/biz\/1-800-pack-rat-tampa?hrid=sQKUV3MPkChipe8OJiZIcQ&#038;utm_campaign=www_review_share_popup&#038;utm_medium=copy_link&#038;utm_source=(direct)\" target=\"_blank\" rel=\"noopener\">Yelp<\/a><\/li>\n<\/ul>\n<p><strong>Negativt:<\/strong><\/p>\n<ul>\n<li> <em>\"De \u00e4r en mardr\u00f6m. Ingen vet vad den andra g\u00f6r.\"<\/em> - Mia via <a href=\"https:\/\/www.yelp.com\/biz\/1-800-pack-rat-fremont?hrid=YhOaE8BWuhGeu6UpKuLVVQ&#038;utm_campaign=www_review_share_popup&#038;utm_medium=copy_link&#038;utm_source=(direct)\" target=\"_blank\" rel=\"noopener\">Yelp<\/a><\/li>\n<li> <em>\"De kunde eller snarare ville inte ens leverera kapseln till mitt hus. Chauff\u00f6ren m\u00e4tte ingenting. Han var d\u00e4r i 2 minuter och k\u00f6rde sedan iv\u00e4g. N\u00e4r jag ringde kundtj\u00e4nst var de s\u00e5 otroligt of\u00f6rsk\u00e4mda!\"<\/em> - Leila via <a href=\"https:\/\/www.bbb.org\/boston\/business-reviews\/storage-units-household-and-commercial\/1-800-pack-rat-in-foxboro-ma-116673\/reviews-and-complaints\" target=\"_blank\" rel=\"noopener\">BBB.org<\/a><\/li>\n<li> <em>\"S\u00e5 arg p\u00e5 1-800-PackRat\"<\/em> - via <a href=\"https:\/\/www.pissedconsumer.com\/company\/1800-pack-rat\/so-angry-with-1-800-packrat-20161024942159.html\" target=\"_blank\" rel=\"noopener\">F\u00f6rbannad konsument<\/a><\/li>\n<\/ul>\n<div itemprop=\"review\" itemscope itemtype=\"http:\/\/schema.org\/Review\">\n<span itemprop=\"author\" itemscope=\"\" itemtype=\"http:\/\/schema.org\/Organization\"><span itemprop=\"name\">MoverDB.com<\/span><\/span> Webbplatsgranskning p\u00e5 n\u00e4tet f\u00f6r <span itemprop=\"itemreviewed\" itemscope=\"\" itemtype=\"http:\/\/schema.org\/Brand\"><span itemprop=\"name\">1-800-Pack-Rat<\/span><\/span>:<\/p>\n<ol>\n<li> Tydliga kontaktuppgifter p\u00e5 webbplatsen (inklusive telefonnummer): <strong>Ja<\/strong><\/li>\n<li> L\u00e4tt att f\u00e5 <a href=\"https:\/\/moverdb.com\/sv\/citat\/\">Flyttningsanbud<\/a>? (Formul\u00e4r f\u00f6r beg\u00e4ran om uppskattning online): <strong>Ja<\/strong><\/li>\n<li> Tydlig information p\u00e5 webbplatsen: <strong>Ja,<\/strong> P\u00e5 webbplatsen finns en tydlig beskrivning av alla tj\u00e4nster som f\u00f6retaget erbjuder.<\/li>\n<li> Medlemskap i internationellt erk\u00e4nda flyttorganisationer: <strong>Ja<\/strong>, men som inte finns med p\u00e5 webbplatsen.<\/li>\n<li> F\u00f6rteckning \u00f6ver kunder och\/eller tidigare kundreferenser: <strong>Ja,<\/strong> men recensionerna fr\u00e5n resten av internet \u00e4r mycket blandade.<\/li>\n<\/ol>\n<div itemprop=\"reviewRating\" itemscope itemtype=\"http:\/\/schema.org\/Rating\"><meta itemprop=\"worstRating\" content = \"0\" \/><meta itemprop=\"bestRating\" content=\"5\" \/><meta itemprop=\"ratingValue\" content=\"4\"><\/div>\n<p><strong>Sammanfattande betyg: 4\/5<\/strong><br \/>\n<strong>Datum f\u00f6r granskning:<\/strong> <span itemprop=\"datePublished\" content=\"2017-02-23\">23\/02\/2017<\/span>\n<\/div>\n<p>L\u00e4s mer om <a href=\"https:\/\/moverdb.com\/sv\/flyttfirmor\/\">internationella flyttfirmor<\/a> och v\u00e5r <a href=\"https:\/\/moverdb.com\/sv\/recensioner\/\">granskningsprocess.<\/a>.<\/p>\n<p><strong>Webbplats:<\/strong> <a href=\"https:\/\/www.1800packrat.com\/\" target=\"_blank\" rel=\"noopener\">https:\/\/www.1800packrat.com\/<\/a><\/p>","protected":false},"excerpt":{"rendered":"<p>1-800-Pack-Rat offers its customers an easy option when it comes to moving. The details are listed below, together with a company profile and reviews. Long Distance and Local Moves Deliver container at least 30 days prior to moving Self-pack container or employ professional packers Complimentary no-cut container lock Complimentary $10,000 contents protection Long and short [&hellip;]<\/p>\n","protected":false},"author":1,"featured_media":0,"parent":0,"menu_order":0,"comment_status":"closed","ping_status":"closed","template":"","meta":{"_genesis_hide_title":false,"_genesis_hide_breadcrumbs":false,"_genesis_hide_singular_image":false,"_genesis_hide_footer_widgets":false,"_genesis_custom_body_class":"","_genesis_custom_post_class":"","_genesis_layout":"","footnotes":""},"class_list":{"0":"post-1684","1":"page","2":"type-page","3":"status-publish","5":"entry"},"_links":{"self":[{"href":"https:\/\/moverdb.com\/sv\/wp-json\/wp\/v2\/pages\/1684","targetHints":{"allow":["GET"]}}],"collection":[{"href":"https:\/\/moverdb.com\/sv\/wp-json\/wp\/v2\/pages"}],"about":[{"href":"https:\/\/moverdb.com\/sv\/wp-json\/wp\/v2\/types\/page"}],"author":[{"embeddable":true,"href":"https:\/\/moverdb.com\/sv\/wp-json\/wp\/v2\/users\/1"}],"replies":[{"embeddable":true,"href":"https:\/\/moverdb.com\/sv\/wp-json\/wp\/v2\/comments?post=1684"}],"version-history":[{"count":3,"href":"https:\/\/moverdb.com\/sv\/wp-json\/wp\/v2\/pages\/1684\/revisions"}],"predecessor-version":[{"id":6165,"href":"https:\/\/moverdb.com\/sv\/wp-json\/wp\/v2\/pages\/1684\/revisions\/6165"}],"wp:attachment":[{"href":"https:\/\/moverdb.com\/sv\/wp-json\/wp\/v2\/media?parent=1684"}],"curies":[{"name":"wp","href":"https:\/\/api.w.org\/{rel}","templated":true}]}}