{"id":1680,"date":"2017-01-25T11:25:11","date_gmt":"2017-01-25T11:25:11","guid":{"rendered":"http:\/\/moverdb.com\/?page_id=1680"},"modified":"2026-01-08T14:47:26","modified_gmt":"2026-01-08T14:47:26","slug":"smidighet","status":"publish","type":"page","link":"https:\/\/moverdb.com\/sv\/agility\/","title":{"rendered":"Agility - Internationell flyttning och frakt Recensioner"},"content":{"rendered":"<p>Agility \u00e4r den st\u00f6rsta logistik- och <a href=\"https:\/\/moverdb.com\/sv\/moving-companies\/\" data-internallinksmanager029f6b8e52c=\"79\" title=\"Topp 25 internationella flyttfirmor p\u00e5 n\u00e4tet\">flyttfirma<\/a> i Mellan\u00f6stern. F\u00f6retaget erbjuder sina kunder ett brett utbud av tj\u00e4nster som listas nedan, tillsammans med en f\u00f6retagsprofil och recensioner. <strong>Observera att Agility inte flyttar hush\u00e5llsvaror eller personliga tillh\u00f6righeter f\u00f6r privatpersoner.<\/strong>.<\/p>\n<p><strong>Internationella flyttar<\/strong><\/p>\n<ul>\n<li> D\u00f6rr till d\u00f6rr service<\/li>\n<li> Sj\u00f6frakt eller luftfrakt<\/li>\n<li> Expertpackningstj\u00e4nst<\/li>\n<li> Experttj\u00e4nst f\u00f6r uppackning<\/li>\n<li> Borttagning av skr\u00e4p<\/li>\n<li> Hantera fr\u00e5gor om tullf\u00f6rmedling och tullklarering.<\/li>\n<li> \u00d6vervakning p\u00e5 plats av lastning av specialcontainrar.<\/li>\n<li> L\u00e5ng- och korttidsf\u00f6rvaring<\/li>\n<li> F\u00f6rs\u00e4kring<\/li>\n<li> Specialiserad kasse<\/li>\n<li> Service av vitvaror<\/li>\n<li> Handyman service<\/li>\n<li> Elektriker<\/li>\n<li> Demontering och \u00e5termontering av m\u00f6bler och varor.<\/li>\n<li> S\u00e4rskild hantering av stora och\/eller \u00f6mt\u00e5liga f\u00f6rem\u00e5l<\/li>\n<\/ul>\n<p><strong>Lagring och distribution<\/strong><\/p>\n<ul>\n<li> Fullst\u00e4ndig f\u00f6rvaltning<\/li>\n<li> V\u00e4g-, luft- och sj\u00f6frakt<\/li>\n<li> Flexibilitet n\u00e4r det g\u00e4ller storlek och typ av anl\u00e4ggning<\/li>\n<li> Hantera planering och p\u00e5fyllning av lager fr\u00e5n b\u00f6rjan till slut.<\/li>\n<\/ul>\n<p><strong>Branschl\u00f6sningar<\/strong><\/p>\n<ul>\n<li> Flyttningar inom fordonsindustrin<\/li>\n<li> S\u00e4kra, tillf\u00f6rlitliga kemiska f\u00f6rflyttningar<\/li>\n<li> Konsumtionsvaror<\/li>\n<li> F\u00f6rflyttning av internationella organisationer, regeringar, hj\u00e4lporganisationer och milit\u00e4rer.<\/li>\n<li> Industriella f\u00f6rflyttningar<\/li>\n<li> Logistiska l\u00f6sningar f\u00f6r olja och gas<\/li>\n<li> F\u00f6rs\u00f6rjningskedjan f\u00f6r l\u00e4kemedel och biovetenskap<\/li>\n<li> Teknik<\/li>\n<li> M\u00e4ssor och evenemang flyttar<\/li>\n<\/ul>\n<h2>Agility F\u00f6retagsprofil<\/h2>\n<p>Agility \u00e4r ett globalt logistikf\u00f6retag med s\u00e4te i Sulaibiya, <a href=\"https:\/\/moverdb.com\/sv\/moving-to-kuwait\/\" data-internallinksmanager029f6b8e52c=\"354\" title=\"Flyttar du till Kuwait? 2026 Levnadskostnader och tips om flytt\">Kuwait<\/a>. Agility betj\u00e4nar f\u00f6retag, regeringar, hj\u00e4lporganisationer, milit\u00e4ren och internationella organisationer genom att tillhandah\u00e5lla transport, lagring och transport, <a href=\"https:\/\/moverdb.com\/sv\/speditor\/\">spedition.<\/a> och logistiska l\u00f6sningar. F\u00f6retaget har \u00f6ver 22 000 anst\u00e4llda och \u00f6ver 500 kontor i 100 l\u00e4nder.<\/p>\n<p>Agility startade 1979 som ett statligt kuwaitiskt f\u00f6retag - Public Warehousing Co. 1997 privatiserades f\u00f6retaget och Tarek Sultan Al Essa blev ordf\u00f6rande. Agility besl\u00f6t sig f\u00f6r att g\u00e5 in p\u00e5 outnyttjade marknader, t.ex. i Afrika, Asien, Mellan\u00f6stern och Latinamerika. F\u00f6retaget expanderade snabbt och k\u00f6pte upp \u00f6ver 40 logistikf\u00f6retag och tillg\u00e5ngar runt om i v\u00e4rlden. <\/p>\n<p>\u00c5r 2004 var Agility den st\u00f6rsta logistikleverant\u00f6ren i Mellan\u00f6stern. Det var inte f\u00f6rr\u00e4n 2006 som PWC blev k\u00e4nt som Agility, med sin nya slogan \"A New Logistics Leader\".<\/p>\n<p>Agility har tv\u00e5 verksamhetsgrenar - Agility Global Integrated Logistics och Agility Infrastructure. Den f\u00f6rstn\u00e4mnda tillhandah\u00e5ller sina kunder l\u00f6sningar f\u00f6r leveranskedjan. Agility har utf\u00f6rt 2,14 miljoner transporter och betj\u00e4nat 60 500 kunder. F\u00f6retaget har flyttat 372 700 ton luftfrakt och 513 100 TEU luftfrakt. Agility Infrastructure hj\u00e4lper tillv\u00e4xtmarknader med logistikrelaterade problem.<\/p>\n<p>Agility ger tillbaka genom att tillhandah\u00e5lla logistiskt st\u00f6d gratis vid humanit\u00e4ra katastrofer. Personalen st\u00f6der ocks\u00e5 lokala samh\u00e4llen.<br \/>\n.<br \/>\nAgility har f\u00f6ljande anslutningar och ackrediteringar:<\/p>\n<ul>\n<li> Finns inte med p\u00e5 webbplatsen<\/li>\n<\/ul>\n<h2>Recensioner av Agility Moving<\/h2>\n<p><em>Observera att vi i skrivande stund inte kunde hitta n\u00e5gra recensioner p\u00e5 n\u00e4tet f\u00f6r Agilitys flyttj\u00e4nster.<\/em> <\/p>\n<div itemprop=\"review\" itemscope itemtype=\"http:\/\/schema.org\/Review\">\n<span itemprop=\"author\" itemscope=\"\" itemtype=\"http:\/\/schema.org\/Organization\"><span itemprop=\"name\">MoverDB.com<\/span><\/span> Webbplatsgranskning p\u00e5 n\u00e4tet f\u00f6r <span itemprop=\"itemreviewed\" itemscope=\"\" itemtype=\"http:\/\/schema.org\/Brand\"><span itemprop=\"name\">Agility Moving<\/span><\/span>:<\/p>\n<ol>\n<li> Tydliga kontaktuppgifter p\u00e5 webbplatsen (inklusive telefonnummer): <strong>Ja<\/strong><\/li>\n<li> L\u00e4tt att f\u00e5 <a href=\"https:\/\/moverdb.com\/sv\/citat\/\">offerter f\u00f6r internationella flyttningar<\/a>? (Formul\u00e4r f\u00f6r beg\u00e4ran om uppskattning online): <strong>Ja<\/strong><\/li>\n<li> Tydlig information p\u00e5 webbplatsen: <strong>Ja,<\/strong> De listar de tj\u00e4nster som de erbjuder.<\/li>\n<li> Medlemskap i internationellt erk\u00e4nda flyttorganisationer: <strong>Finns inte med p\u00e5 webbplatsen<\/strong><\/li>\n<li> F\u00f6rteckning \u00f6ver kunder och\/eller tidigare kundreferenser. <strong>Ja,<\/strong> Det finns detaljerade redog\u00f6relser f\u00f6r olika specialiserade r\u00f6relser p\u00e5 webbplatsen.<\/li>\n<\/ol>\n<div itemprop=\"reviewRating\" itemscope itemtype=\"http:\/\/schema.org\/Rating\"><meta itemprop=\"worstRating\" content = \"0\" \/><meta itemprop=\"bestRating\" content=\"5\" \/><meta itemprop=\"ratingValue\" content=\"4\"><\/div>\n<p><strong>Sammanfattande betyg: 4\/5<\/strong><br \/>\n<strong>Datum f\u00f6r granskning:<\/strong> <span itemprop=\"datePublished\" content=\"2017-01-25\">25\/01\/2017<\/span>\n<\/div>\n<p>L\u00e4s mer om <a href=\"https:\/\/moverdb.com\/sv\/flyttfirmor\/\">b\u00e4sta internationella flyttfirmor<\/a> och v\u00e5r <a href=\"https:\/\/moverdb.com\/sv\/recensioner\/\">granskningsprocess.<\/a>.<\/p>\n<p><strong>Webbplatser:<\/strong> <a href=\"http:\/\/www.agility.com\/EN\/products-and-services\/Pages\/Household-Goods-Movement.aspx\" target=\"_blank\" rel=\"noopener\">Smidighet f\u00f6rflyttning av hush\u00e5llsvaror<\/a><\/p>","protected":false},"excerpt":{"rendered":"<p>Agility is the largest logistics and moving company in the Middle East. It offers its customers a wide range of services which are listed below, together with a company profile and reviews. Note that Agility does not move household goods or personal effects for individuals. International Moves Door to door service Sea freight or airfreight [&hellip;]<\/p>\n","protected":false},"author":1,"featured_media":0,"parent":0,"menu_order":0,"comment_status":"closed","ping_status":"closed","template":"","meta":{"_genesis_hide_title":false,"_genesis_hide_breadcrumbs":false,"_genesis_hide_singular_image":false,"_genesis_hide_footer_widgets":false,"_genesis_custom_body_class":"","_genesis_custom_post_class":"","_genesis_layout":"","footnotes":""},"class_list":{"0":"post-1680","1":"page","2":"type-page","3":"status-publish","5":"entry"},"_links":{"self":[{"href":"https:\/\/moverdb.com\/sv\/wp-json\/wp\/v2\/pages\/1680","targetHints":{"allow":["GET"]}}],"collection":[{"href":"https:\/\/moverdb.com\/sv\/wp-json\/wp\/v2\/pages"}],"about":[{"href":"https:\/\/moverdb.com\/sv\/wp-json\/wp\/v2\/types\/page"}],"author":[{"embeddable":true,"href":"https:\/\/moverdb.com\/sv\/wp-json\/wp\/v2\/users\/1"}],"replies":[{"embeddable":true,"href":"https:\/\/moverdb.com\/sv\/wp-json\/wp\/v2\/comments?post=1680"}],"version-history":[{"count":3,"href":"https:\/\/moverdb.com\/sv\/wp-json\/wp\/v2\/pages\/1680\/revisions"}],"predecessor-version":[{"id":6167,"href":"https:\/\/moverdb.com\/sv\/wp-json\/wp\/v2\/pages\/1680\/revisions\/6167"}],"wp:attachment":[{"href":"https:\/\/moverdb.com\/sv\/wp-json\/wp\/v2\/media?parent=1680"}],"curies":[{"name":"wp","href":"https:\/\/api.w.org\/{rel}","templated":true}]}}