{"id":1678,"date":"2017-01-25T12:00:23","date_gmt":"2017-01-25T12:00:23","guid":{"rendered":"http:\/\/moverdb.com\/?page_id=1678"},"modified":"2026-01-08T14:47:27","modified_gmt":"2026-01-08T14:47:27","slug":"luftar","status":"publish","type":"page","link":"https:\/\/moverdb.com\/sv\/aires\/","title":{"rendered":"Aires - Internationell omlokalisering och flyttning Recensioner"},"content":{"rendered":"<p>Aires erbjuder sina kunder, b\u00e5de privatpersoner och f\u00f6retag, en m\u00e4ngd olika flyttj\u00e4nster. Dessa listas nedan tillsammans med en f\u00f6retagsprofil och recensioner.<\/p>\n<p><strong>Internationella flyttar<\/strong><\/p>\n<ul>\n<li> Fullst\u00e4ndig packning och f\u00f6rpackning av alla hush\u00e5llsartiklar och personliga tillh\u00f6righeter.<\/li>\n<li> D\u00f6rr till d\u00f6rr<\/li>\n<li> Direkt lastning av hush\u00e5llsvaror i l\u00e4mplig container eller sk\u00e5pbil.<\/li>\n<li> F\u00f6rberedelse av all dokumentation<\/li>\n<li> Normala, direkta leveranser till bost\u00e4der och bortforsling av skr\u00e4p.<\/li>\n<li> \u00c5terl\u00e4mning av tomma containrar p\u00e5 den internationella destinationen<\/li>\n<li> Fullst\u00e4ndig sp\u00e5rning och kommunikation av f\u00f6rs\u00e4ndelsens status<\/li>\n<li> Bilar<\/li>\n<li> L\u00e5ng- och korttidsf\u00f6rvaring<\/li>\n<li> Flyttning av husdjur<\/li>\n<\/ul>\n<p><strong>Tj\u00e4nster p\u00e5 destinationen och vid inflyttning<\/strong><\/p>\n<ul>\n<li> M\u00f6te och h\u00e4lsningar<\/li>\n<li> Omr\u00e5desorientering<\/li>\n<li> S\u00f6kning och registrering av skolor<\/li>\n<li> Hj\u00e4lp med att hitta en hyresbostad<\/li>\n<li> Hj\u00e4lp med hyresf\u00f6rhandlingar<\/li>\n<li> Tj\u00e4nster f\u00f6r etablering<\/li>\n<li> Bist\u00e5nd till make\/maka\/partner<\/li>\n<li> Tj\u00e4nster f\u00f6r tillf\u00e4lliga bost\u00e4der<\/li>\n<li> Visum, pass och hj\u00e4lp med invandring<\/li>\n<li> Tj\u00e4nster f\u00f6r kultur- och spr\u00e5kundervisning<\/li>\n<li> St\u00f6d till hemtransport<\/li>\n<\/ul>\n<p><strong>F\u00f6retagstj\u00e4nster<\/strong><\/p>\n<ul>\n<li> Tj\u00e4nster f\u00f6r hantering av flyttningar<\/li>\n<li> F\u00f6rvaltning av omlokaliseringsprogram<\/li>\n<li> ReloNet Web Services Site - F\u00f6retagets verktyg<\/li>\n<li> \u00d6versyn och utveckling av politiken<\/li>\n<li> Fastighetstj\u00e4nster<\/li>\n<li> F\u00f6rvaltning av fastigheter och hyresavtal<\/li>\n<li> Inspektionstj\u00e4nster<\/li>\n<li> Prognoser f\u00f6r levnadskostnader<\/li>\n<li> Kostnadsf\u00f6rvaltning<\/li>\n<li> F\u00f6rs\u00e4kringar och riskhantering<\/li>\n<li> Tj\u00e4nster f\u00f6r gruppflyttning<\/li>\n<li> Internationella ers\u00e4ttnings- och datainsamlingstj\u00e4nster<\/li>\n<li> F\u00f6rvaltning av f\u00f6rs\u00f6rjningskedjan<\/li>\n<\/ul>\n<h2>Aires f\u00f6retagsprofil<\/h2>\n<p>Aires, eller American International Relocation Solutions LLC, grundades 1981 av Jim Putt. F\u00f6retagets fokus l\u00e5g p\u00e5 internationella flyttar och f\u00f6rvaring f\u00f6r f\u00f6retag och deras anst\u00e4llda. Detta har nu vuxit till att omfatta en fullst\u00e4ndig flytttj\u00e4nst som hj\u00e4lper anst\u00e4llda att snabbt komma in i sina nya milj\u00f6er. Aires \u00e4r fortfarande ett familje\u00e4gt och privat f\u00f6retag.<\/p>\n<p>Aires tar sitt milj\u00f6ansvar p\u00e5 stort allvar och \"tar sig an gr\u00f6nt fr\u00e5n alla h\u00e5ll och kanter\". Deras helautomatiska system minskar kraftigt behovet av pappersarbete och alla deras kontor och anl\u00e4ggningar \u00e4r energisn\u00e5la och milj\u00f6v\u00e4nliga.<\/p>\n<p>Aires har f\u00f6ljande ackrediteringar och anslutningar:<\/p>\n<ul>\n<li> <a href=\"https:\/\/moverdb.com\/sv\/radet-for-omplacering-av-arbetstagare\/\">ERC i hela v\u00e4rlden<\/a><\/li>\n<li> CERC (Canadian Employee Relocation Council)<\/li>\n<li> SHRM (Society for Human Resource Management)<\/li>\n<li> <a href=\"https:\/\/moverdb.com\/sv\/jag-ar\/\">IAM<\/a> (<a href=\"https:\/\/moverdb.com\/sv\/iam\/\" data-internallinksmanager029f6b8e52c=\"23\" title=\"International Association of Movers (IAM) f\u00f6rklaras\">Internationella sammanslutningen av flyttfirmor<\/a>)<\/li>\n<li> OSA (Overseas Shippers Association)<\/li>\n<li> <a href=\"https:\/\/moverdb.com\/sv\/fidi-faim\/\">FIDI<\/a> (Federation of International Furniture Removers)<\/li>\n<li> <a href=\"https:\/\/moverdb.com\/sv\/eura\/\">EuRA<\/a> (<a href=\"https:\/\/moverdb.com\/sv\/eura\/\" data-internallinksmanager029f6b8e52c=\"13\" title=\"European Relocation Association (EuRA) f\u00f6rklaras\">EuRA<\/a> Flyttning)<\/li>\n<li> PAIMA (Pan American International Movers Association)<\/li>\n<li> <a href=\"https:\/\/moverdb.com\/sv\/lacma\/\">LACMA<\/a> (Latin American &amp; Caribbean Movers Association)<\/li>\n<li> OMNI (Overseas Moving Network International)<\/li>\n<\/ul>\n<h2>Recensioner av Aires<\/h2>\n<p><em>I skrivande stund kunde vi inte hitta n\u00e5gra recensioner om Aires p\u00e5 n\u00e4tet.<\/em><\/p>\n<div itemprop=\"review\" itemscope itemtype=\"http:\/\/schema.org\/Review\">\n<span itemprop=\"author\" itemscope=\"\" itemtype=\"http:\/\/schema.org\/Organization\"><span itemprop=\"name\">MoverDB.com<\/span><\/span> Webbplatsgranskning p\u00e5 n\u00e4tet f\u00f6r <span itemprop=\"itemreviewed\" itemscope=\"\" itemtype=\"http:\/\/schema.org\/Brand\"><span itemprop=\"name\">Aires<\/span><\/span>:<\/p>\n<ol>\n<li> Tydliga kontaktuppgifter p\u00e5 webbplatsen (inklusive telefonnummer): <strong>Ja<\/strong><\/li>\n<li> L\u00e4tt att f\u00e5 <a href=\"https:\/\/moverdb.com\/sv\/citat\/\">offerter f\u00f6r internationella flyttningar<\/a>? (Formul\u00e4r f\u00f6r beg\u00e4ran om uppskattning online): <strong>Ja<\/strong><\/li>\n<li> Tydlig information p\u00e5 webbplatsen: <strong>Ja,<\/strong> inneh\u00e5ller mycket detaljerad information om de tj\u00e4nster som f\u00f6retaget erbjuder.<\/li>\n<li> Medlemskap i internationellt erk\u00e4nda flyttorganisationer: <strong>Ja<\/strong>, (se ovan)<\/li>\n<li> F\u00f6rteckning \u00f6ver kunder och\/eller tidigare kundreferenser. <strong>Nej,<\/strong> \u00e4ven om de har en avdelning f\u00f6r utm\u00e4rkelser.<\/li>\n<\/ol>\n<div itemprop=\"reviewRating\" itemscope itemtype=\"http:\/\/schema.org\/Rating\"><meta itemprop=\"worstRating\" content = \"0\" \/><meta itemprop=\"bestRating\" content=\"5\" \/><meta itemprop=\"ratingValue\" content=\"4\"><\/div>\n<p><strong>Sammanfattande betyg: 4\/5<\/strong><br \/>\n<strong>Datum f\u00f6r granskning:<\/strong> <span itemprop=\"datePublished\" content=\"2017-01-25\">25\/01\/2017<\/span>\n<\/div>\n<p>L\u00e4s mer om <a href=\"https:\/\/moverdb.com\/sv\/flyttfirmor\/\">internationella flyttfirmor<\/a> och v\u00e5r <a href=\"https:\/\/moverdb.com\/sv\/recensioner\/\">granskningsprocess.<\/a>.<\/p>\n<p><strong>Webbplatser:<\/strong> <a href=\"https:\/\/www.aires.com\/\" target=\"_blank\" rel=\"noopener\">https:\/\/www.aires.com\/<\/a><\/p>","protected":false},"excerpt":{"rendered":"<p>Aires offers its clients, both individual and corporate, a variety of moving services. These are listed below together with a company profile and reviews. International Moves Complete packing and wrapping of all household goods and personal effects Door to door Direct loading of household goods into appropriate container or van Preparation of all documentation Normal, [&hellip;]<\/p>\n","protected":false},"author":1,"featured_media":0,"parent":0,"menu_order":0,"comment_status":"closed","ping_status":"closed","template":"","meta":{"_genesis_hide_title":false,"_genesis_hide_breadcrumbs":false,"_genesis_hide_singular_image":false,"_genesis_hide_footer_widgets":false,"_genesis_custom_body_class":"","_genesis_custom_post_class":"","_genesis_layout":"","footnotes":""},"class_list":{"0":"post-1678","1":"page","2":"type-page","3":"status-publish","5":"entry"},"_links":{"self":[{"href":"https:\/\/moverdb.com\/sv\/wp-json\/wp\/v2\/pages\/1678","targetHints":{"allow":["GET"]}}],"collection":[{"href":"https:\/\/moverdb.com\/sv\/wp-json\/wp\/v2\/pages"}],"about":[{"href":"https:\/\/moverdb.com\/sv\/wp-json\/wp\/v2\/types\/page"}],"author":[{"embeddable":true,"href":"https:\/\/moverdb.com\/sv\/wp-json\/wp\/v2\/users\/1"}],"replies":[{"embeddable":true,"href":"https:\/\/moverdb.com\/sv\/wp-json\/wp\/v2\/comments?post=1678"}],"version-history":[{"count":3,"href":"https:\/\/moverdb.com\/sv\/wp-json\/wp\/v2\/pages\/1678\/revisions"}],"predecessor-version":[{"id":6168,"href":"https:\/\/moverdb.com\/sv\/wp-json\/wp\/v2\/pages\/1678\/revisions\/6168"}],"wp:attachment":[{"href":"https:\/\/moverdb.com\/sv\/wp-json\/wp\/v2\/media?parent=1678"}],"curies":[{"name":"wp","href":"https:\/\/api.w.org\/{rel}","templated":true}]}}