{"id":1662,"date":"2017-02-23T10:26:07","date_gmt":"2017-02-23T10:26:07","guid":{"rendered":"http:\/\/moverdb.com\/?page_id=1662"},"modified":"2026-01-08T14:47:48","modified_gmt":"2026-01-08T14:47:48","slug":"bolliger","status":"publish","type":"page","link":"https:\/\/moverdb.com\/sv\/bolliger\/","title":{"rendered":"Bolliger - Internationella flyttar och flyttar Recensioner"},"content":{"rendered":"<p>Bolliger erbjuder sina kunder ett brett utbud av flyttj\u00e4nster. Dessa listas nedan tillsammans med en f\u00f6retagsprofil och recensioner.<\/p>\n<p><strong>Internationell flyttning<\/strong><\/p>\n<ul>\n<li> V\u00e4rldsomsp\u00e4nnande n\u00e4tverk av flyttresurser<\/li>\n<li> D\u00f6rr till d\u00f6rr<\/li>\n<li> Move Manager med minst 5 \u00e5rs erfarenhet<\/li>\n<li> Sp\u00e5ra din f\u00f6rs\u00e4ndelse dygnet runt<\/li>\n<li> Unders\u00f6kning av huset f\u00f6r att fastst\u00e4lla f\u00f6rpackningsbehov etc.<\/li>\n<li> F\u00f6rs\u00e4kring som ordnas<\/li>\n<li> Den personliga samordnaren hj\u00e4lper till med den dokumentation som kr\u00e4vs.<\/li>\n<li> F\u00f6rpackning och lastning<\/li>\n<li> Tullklarering<\/li>\n<li> Leverans och uppackning<\/li>\n<li> Alla f\u00f6rem\u00e5l kommer att lastas av noggrant och kontrolleras mot din inventarielista och placeras i r\u00e4tt rum.<\/li>\n<li> Br\u00e4ckliga f\u00f6rem\u00e5l, som glas och <a href=\"https:\/\/moverdb.com\/sv\/moving-to-china\/\" data-internallinksmanager029f6b8e52c=\"357\" title=\"Flytta till Kina? 2026 Levnadskostnader och tips om omlokalisering\">Kina<\/a>, packas upp p\u00e5 plana ytor<\/li>\n<li> Allt f\u00f6rpackningsmaterial och skr\u00e4p avl\u00e4gsnas snabbt fr\u00e5n ditt hem.<\/li>\n<\/ul>\n<p><strong>Tj\u00e4nster f\u00f6r f\u00f6retagsflyttning<\/strong><\/p>\n<ul>\n<li> Inskolning i tj\u00e4nsterna<\/li>\n<li> S\u00f6kning av skola och hem<\/li>\n<li> Kulturell information<\/li>\n<li> St\u00f6d till partner\/maka\/make<\/li>\n<li> Korttidsboende<\/li>\n<li> Uthyrning av m\u00f6bler<\/li>\n<\/ul>\n<p><strong>Flyttj\u00e4nster<\/strong><\/p>\n<ul>\n<li> Tillhandah\u00e5llande av f\u00f6rpackningsmaterial<\/li>\n<li> Kompletta f\u00f6rpackningstj\u00e4nster<\/li>\n<li> Specialiserad f\u00f6rpackning<\/li>\n<li> Skr\u00e4ddarsydda l\u00e5dor<\/li>\n<li> Hantering av pianon och kassask\u00e5p<\/li>\n<li> Motoriserade stegar<\/li>\n<li> Frakt p\u00e5 v\u00e4g, i luften och till sj\u00f6ss<\/li>\n<li> Tullverksamhet<\/li>\n<li> Agenter \u00f6ver hela v\u00e4rlden.<\/li>\n<\/ul>\n<p><strong>Flyttning av kontor<\/strong><\/p>\n<ul>\n<li> Utformning och planering av f\u00f6rflyttningar<\/li>\n<li> Specialiserad personal och utrustning<\/li>\n<li> Motoriserade stegar och kranar<\/li>\n<li> Inr\u00e4ttande av kontor<\/li>\n<li> \u00c5tervinning och bortskaffande av avfall<\/li>\n<li> Dag- och nattverksamhet<\/li>\n<\/ul>\n<p><strong>Konst och konst<\/strong><\/p>\n<ul>\n<li> Utformning och konstruktion av skr\u00e4ddarsydda l\u00e5dor och l\u00e5dor.<\/li>\n<li> Formaliteter f\u00f6r Fine Arts vid import\/export av moderna och antika konstverk<\/li>\n<li> Frakt p\u00e5 v\u00e4g, till sj\u00f6ss eller med flyg<\/li>\n<li> Specialiserade agenter runt om i v\u00e4rlden<\/li>\n<li> Inr\u00e4ttande av utst\u00e4llningslokaler<\/li>\n<\/ul>\n<p><strong>Lagring<\/strong><\/p>\n<ul>\n<li> Kort- och l\u00e5ngtidsf\u00f6rvaring<\/li>\n<li> Beh\u00e5llare, l\u00e5dor eller pallar av metall<\/li>\n<li> S\u00e4kerhet dygnet runt<\/li>\n<li> R\u00f6kalarm<\/li>\n<li> Kontrollerad temperatur och luftfuktighet<\/li>\n<li> Dokumentarkiv<\/li>\n<\/ul>\n<h2>Bolligers f\u00f6retagsprofil<\/h2>\n<p>Arthur Bolliger \u00f6ppnade det f\u00f6rsta Bolligerkontoret i Rom 1909. F\u00f6retaget drivs nu av den fj\u00e4rde generationen Bolliger's och har kontor i Milano, Lugano och Florens, liksom i <a href=\"https:\/\/moverdb.com\/sv\/moving-to-switzerland\/\" data-internallinksmanager029f6b8e52c=\"327\" title=\"Flyttar du till Schweiz? 2026 Levnadskostnader och flyttningstips\">Schweiz<\/a>, den <a href=\"https:\/\/moverdb.com\/sv\/moving-to-the-uk\/\" data-internallinksmanager029f6b8e52c=\"93\" title=\"Flyttar du till Storbritannien? 2026 Levnadskostnader och flyttningstips\">STORBRITANNIEN<\/a>, den <a href=\"https:\/\/moverdb.com\/sv\/moving-to-the-united-states\/\" data-internallinksmanager029f6b8e52c=\"94\" title=\"Flyttar du till USA? 2026 Levnadskostnader och flyttningstips\">USA<\/a> och <a href=\"https:\/\/moverdb.com\/sv\/moving-to-spain\/\" data-internallinksmanager029f6b8e52c=\"266\" title=\"Flyttar du till Spanien? 2026 Levnadskostnader och flyttningstips\">Spanien<\/a>.<\/p>\n<p>F\u00f6retagets f\u00f6rsta lastbilar k\u00f6ptes 1919 och anv\u00e4ndes under f\u00f6rsta v\u00e4rldskriget. F\u00f6retaget har nu en flotta p\u00e5 \u00f6ver 200 flyttfordon och transporterar varor f\u00f6r privatpersoner och f\u00f6retag \u00f6ver hela v\u00e4rlden. Bolliger var en av grundarna av <a href=\"https:\/\/moverdb.com\/sv\/fidi-faim\/\" data-internallinksmanager029f6b8e52c=\"16\" title=\"FIDI &amp; FAIM (FIDI Accredited International Mover) f\u00f6rklaras\">FIDI<\/a>. I dag \u00e4r FIDI den st\u00f6rsta f\u00f6reningen i sitt slag i v\u00e4rlden med 600 ombud i 100 l\u00e4nder. <\/p>\n<p>1982 blev Bolliger Allied Internationals enda italienska agent.<\/p>\n<p>1985 blev Bolliger en av grundarna av Overseas Moving Network International (OMNI). \u00c5r 2002 bel\u00f6nades f\u00f6retagets expertis med en ISO 9001-certifiering - den f\u00f6rsta <a href=\"https:\/\/moverdb.com\/sv\/moving-companies\/\" data-internallinksmanager029f6b8e52c=\"79\" title=\"Topp 25 internationella flyttfirmor p\u00e5 n\u00e4tet\">flyttfirma<\/a> p\u00e5 <a href=\"https:\/\/moverdb.com\/sv\/moving-to-italy\/\" data-internallinksmanager029f6b8e52c=\"346\" title=\"Flytta till Italien? 2026 Levnadskostnader &amp; tips om flytt\">Italien<\/a> f\u00f6r att uppn\u00e5 det.<\/p>\n<p>Bollinger f\u00f6rs\u00f6ker st\u00e4ndigt minska f\u00f6retagets milj\u00f6p\u00e5verkan p\u00e5 planeten genom att \u00e4gna s\u00e4rskild uppm\u00e4rksamhet \u00e5t f\u00f6rpackningsmaterial som de anv\u00e4nder, fordon som de k\u00f6r och genom att f\u00f6rs\u00f6ka \u00e5tervinna s\u00e5 mycket som m\u00f6jligt. De driver ocks\u00e5 v\u00e4lg\u00f6renhetsprogram i underutvecklade l\u00e4nder i Sydamerika och Afrika.<\/p>\n<p>Bolliger har f\u00f6ljande ackrediteringar och medlemskap:<\/p>\n<ul>\n<li> <a href=\"https:\/\/moverdb.com\/sv\/allied-van-lines\/\">Allied International<\/a><\/li>\n<li> ISO 9001<\/li>\n<li> <a href=\"https:\/\/moverdb.com\/sv\/fidi-faim\/\">Federation of International Movers (federationen f\u00f6r internationella flyttfirmor)<\/a> (FIDI)<\/li>\n<li> Internationellt n\u00e4tverk f\u00f6r utlandsflyttning (OMNI)<\/li>\n<li> <a href=\"https:\/\/moverdb.com\/sv\/fidi-faim\/\">FIDI-ackrediterad internationell flyttfirma<\/a> (FAIM)<\/li>\n<li> <a href=\"https:\/\/moverdb.com\/sv\/jag-ar\/\">Internationella sammanslutningen av flyttfirmor<\/a> (<a href=\"https:\/\/moverdb.com\/sv\/iam\/\" data-internallinksmanager029f6b8e52c=\"23\" title=\"International Association of Movers (IAM) f\u00f6rklaras\">IAM<\/a>)<\/li>\n<li> <a href=\"https:\/\/moverdb.com\/sv\/iata\/\">Internationella lufttransportf\u00f6rbundet<\/a> (<a href=\"https:\/\/moverdb.com\/sv\/iata\/\" data-internallinksmanager029f6b8e52c=\"22\" title=\"Internationella lufttransportf\u00f6rbundet (IATA) f\u00f6rklaras\">IATA<\/a>)<\/li>\n<li> <a href=\"https:\/\/moverdb.com\/sv\/fedemac\/\">Federation of European Movers Association (sammanslutning av europeiska flyttfirmor)<\/a> (<a href=\"https:\/\/moverdb.com\/sv\/fedemac\/\" data-internallinksmanager029f6b8e52c=\"15\" title=\"Federation of European Movers Association (FEDEMAC) f\u00f6rklaras\">FEDEMAC<\/a>)<\/li>\n<\/ul>\n<h2>Bolliger Recensioner<\/h2>\n<p><strong>Positivt:<\/strong><\/p>\n<ul>\n<li> \"V\u00e5r koordinator var mycket professionell och hj\u00e4lpsam. Hon svarade p\u00e5 alla v\u00e5ra fr\u00e5gor och gjorde v\u00e5r flytt fr\u00e5n Rom till <a href=\"https:\/\/moverdb.com\/sv\/moving-to-london\/\">London<\/a> k\u00e4nna sig l\u00e4tt och s\u00e4ker. Hon tog hand om absolut allt. Vi kommer definitivt att anv\u00e4nda Bolliger igen vid v\u00e5r n\u00e4sta flytt och kan rekommendera dem till alla.\" - Bolliger-kund <a href=\"http:\/\/www.bolliger.co.uk\/testimonials.html\" target=\"_blank\" rel=\"noopener\">Vittnesm\u00e5l<\/a><\/li>\n<li> <em>\"P\u00e5 det hela taget \u00e4r jag mycket n\u00f6jd med denna flyttupplevelse. Det var trummor och cymbaler, s\u00e5 det var ganska k\u00e4nsliga saker. Allt kom fram s\u00e4kert och i tid. Kontakterna och kommunikationen var felfri och i r\u00e4tt tid.\"<\/em> - Andrea via <a href=\"http:\/\/www.removalreviews.co.uk\/movers\/bolliger-352#2761  Read more: http:\/\/www.removalreviews.co.uk\/movers\/bolliger-352\" target=\"_blank\" rel=\"noopener\">Omd\u00f6men om flyttning<\/a><\/li>\n<li> <em>\"Jag skriver inte ofta s\u00e5dana h\u00e4r rekommendationer eller recensioner, men jag var tvungen att ta n\u00e5gra minuter f\u00f6r att tacka Bolliger f\u00f6r det fantastiska arbetet med att flytta mig fr\u00e5n London till Berlin nyligen.\"<\/em> - davelucas via <a href=\"https:\/\/www.yell.com\/biz\/bolliger-uk-ltd-west-drayton-7150125\/\" target=\"_blank\" rel=\"noopener\">Skrik<\/a><\/li>\n<\/ul>\n<p><strong>Negativt:<\/strong><\/p>\n<ul>\n<li> <em>\"L\u00e5t dig inte luras av Bolligers f\u00f6rs\u00e4ljningspitch och p\u00e5st\u00e5enden om excellens...\"<\/em> - Mr D Bruce via <a href=\"http:\/\/www.removalreviews.co.uk\/movers\/bolliger-352#10617  Read more: http:\/\/www.removalreviews.co.uk\/movers\/bolliger-352\" target=\"_blank\" rel=\"noopener\">Omd\u00f6men om flyttning<\/a><\/li>\n<li> <em>\"Bolliger UK var helt fruktansv\u00e4rda...... oerfarna och otrevliga personal kom sent och hade ingen flyttutrustning trots att v\u00e5r bokade flytt inkluderade v\u00e5r flygel.\"<\/em> - Don.Br via <a href=\"http:\/\/www.reviewcentre.com\/Removal-Companies\/Bolliger-www-bolliger-co-uk-reviews_2387554\" target=\"_blank\" rel=\"noopener\">Granskningscentrum<\/a><\/li>\n<\/ul>\n<div itemprop=\"review\" itemscope itemtype=\"http:\/\/schema.org\/Review\">\n<span itemprop=\"author\" itemscope=\"\" itemtype=\"http:\/\/schema.org\/Organization\"><span itemprop=\"name\">MoverDB.com<\/span><\/span> Webbplatsgranskning p\u00e5 n\u00e4tet f\u00f6r <span itemprop=\"itemreviewed\" itemscope=\"\" itemtype=\"http:\/\/schema.org\/Brand\"><span itemprop=\"name\">Bolliger<\/span><\/span>:<\/p>\n<ol>\n<li> Tydliga kontaktuppgifter p\u00e5 webbplatsen (inklusive telefonnummer): <strong>Ja<\/strong><\/li>\n<li> L\u00e4tt att f\u00e5 <a href=\"https:\/\/moverdb.com\/sv\/citat\/\">offerter f\u00f6r internationella flyttningar<\/a>? (Formul\u00e4r f\u00f6r beg\u00e4ran om uppskattning online): <strong>Ja<\/strong><\/li>\n<li> Tydlig information p\u00e5 webbplatsen: <strong>Ja,<\/strong> men inte alltid s\u00e4rskilt detaljerade.<\/li>\n<li> Medlemskap i internationellt erk\u00e4nda flyttorganisationer: <strong>Ja<\/strong>, (se ovan)<\/li>\n<li> F\u00f6rteckning \u00f6ver kunder och\/eller tidigare kundreferenser: <strong>Ja,<\/strong> m\u00e5nga positiva kundomd\u00f6men och generellt sett bra recensioner fr\u00e5n resten av webben.<\/li>\n<\/ol>\n<div itemprop=\"reviewRating\" itemscope itemtype=\"http:\/\/schema.org\/Rating\"><meta itemprop=\"worstRating\" content = \"0\" \/><meta itemprop=\"bestRating\" content=\"5\" \/><meta itemprop=\"ratingValue\" content=\"4.5\"><\/div>\n<p><strong>Sammanfattande betyg: 4.5\/5<\/strong><br \/>\n<strong>Datum f\u00f6r granskning:<\/strong> <span itemprop=\"datePublished\" content=\"2017-02-23\">23\/02\/2017<\/span>\n<\/div>\n<p>L\u00e4s mer om <a href=\"https:\/\/moverdb.com\/sv\/flyttfirmor\/\">internationella flyttfirmor<\/a> och v\u00e5r <a href=\"https:\/\/moverdb.com\/sv\/recensioner\/\">granskningsprocess.<\/a>.<\/p>\n<p><strong>Webbplatser:<\/strong> IT: <a href=\"http:\/\/www.bolliger.it\/\" target=\"_blank\" rel=\"noopener\">http:\/\/www.bolliger.it\/<\/a> STORBRITANNIEN: <a href=\"http:\/\/www.bolliger.co.uk\/\" target=\"_blank\" rel=\"noopener\">http:\/\/www.bolliger.co.uk\/<\/a><\/p>","protected":false},"excerpt":{"rendered":"<p>Bolliger offers its customers a wide variety of moving services. These are listed below together with a company profile and reviews. International Moving Worldwide network of moving resources Door to door Move Manager with at least 5 years&#8217; experience Track your shipment 24\/7 House survey to ascertain packing requirements etc Insurance arranged Personal coordinator will [&hellip;]<\/p>\n","protected":false},"author":1,"featured_media":0,"parent":0,"menu_order":0,"comment_status":"closed","ping_status":"closed","template":"","meta":{"_genesis_hide_title":false,"_genesis_hide_breadcrumbs":false,"_genesis_hide_singular_image":false,"_genesis_hide_footer_widgets":false,"_genesis_custom_body_class":"","_genesis_custom_post_class":"","_genesis_layout":"","footnotes":""},"class_list":{"0":"post-1662","1":"page","2":"type-page","3":"status-publish","5":"entry"},"_links":{"self":[{"href":"https:\/\/moverdb.com\/sv\/wp-json\/wp\/v2\/pages\/1662","targetHints":{"allow":["GET"]}}],"collection":[{"href":"https:\/\/moverdb.com\/sv\/wp-json\/wp\/v2\/pages"}],"about":[{"href":"https:\/\/moverdb.com\/sv\/wp-json\/wp\/v2\/types\/page"}],"author":[{"embeddable":true,"href":"https:\/\/moverdb.com\/sv\/wp-json\/wp\/v2\/users\/1"}],"replies":[{"embeddable":true,"href":"https:\/\/moverdb.com\/sv\/wp-json\/wp\/v2\/comments?post=1662"}],"version-history":[{"count":5,"href":"https:\/\/moverdb.com\/sv\/wp-json\/wp\/v2\/pages\/1662\/revisions"}],"predecessor-version":[{"id":6184,"href":"https:\/\/moverdb.com\/sv\/wp-json\/wp\/v2\/pages\/1662\/revisions\/6184"}],"wp:attachment":[{"href":"https:\/\/moverdb.com\/sv\/wp-json\/wp\/v2\/media?parent=1662"}],"curies":[{"name":"wp","href":"https:\/\/api.w.org\/{rel}","templated":true}]}}