{"id":1650,"date":"2017-04-24T10:40:56","date_gmt":"2017-04-24T10:40:56","guid":{"rendered":"http:\/\/moverdb.com\/?page_id=1650"},"modified":"2026-01-08T14:48:05","modified_gmt":"2026-01-08T14:48:05","slug":"cosco-shipping","status":"publish","type":"page","link":"https:\/\/moverdb.com\/sv\/cosco-shipping\/","title":{"rendered":"COSCO Shipping Lines - Internationella tj\u00e4nster och recensioner"},"content":{"rendered":"<p>COSCO Shipping Lines (<a href=\"https:\/\/moverdb.com\/sv\/moving-to-china\/\" data-internallinksmanager029f6b8e52c=\"357\" title=\"Flytta till Kina? 2026 Levnadskostnader och tips om omlokalisering\">Kina<\/a> Ocean Shipping (Group) Company) erbjuder sina kunder ett brett utbud av tj\u00e4nster. Dessa listas nedan tillsammans med en f\u00f6retagsprofil och recensioner.<\/p>\n<p><strong><a href=\"https:\/\/moverdb.com\/sv\/container-shipping\/\" data-internallinksmanager029f6b8e52c=\"3\" title=\"Diagram \u00f6ver internationella containerfraktpriser: April 2026\">Containerf\u00f6rs\u00e4ndelser<\/a><\/strong><\/p>\n<ul>\n<li> Fartygsflotta - 170 moderna containerfartyg<\/li>\n<li> Servicerutter - 84 internationella sj\u00f6fartsleder och 23 nationella sj\u00f6fartsleder.<\/li>\n<li> Globalt n\u00e4tverk<\/li>\n<li> 22 000 kylcontainrar<\/li>\n<\/ul>\n<p><strong>Frakt av torr bulklast<\/strong><\/p>\n<ul>\n<li> Fartygsflotta - 380 fartyg med en lastkapacitet p\u00e5 34 miljoner DWT.<\/li>\n<li> J\u00e4rnmalm<\/li>\n<li> Kol<\/li>\n<li> Korn<\/li>\n<li> St\u00e5l<\/li>\n<li> Andra bulklaster<\/li>\n<li> 1,000 <a href=\"https:\/\/moverdb.com\/sv\/top-49-container-ports\/\" data-internallinksmanager029f6b8e52c=\"80\" title=\"Topp 49 st\u00f6rsta och mest trafikerade containerhamnar 2025\">portar<\/a> i \u00f6ver 100 l\u00e4nder<\/li>\n<li> System f\u00f6r synkronisering mellan fartyg och land<\/li>\n<\/ul>\n<p><strong>Olje- och gasf\u00f6rs\u00f6rjning<\/strong><\/p>\n<ul>\n<li> Leverera till \u00f6ver 300 hamnar i v\u00e4rlden<\/li>\n<li> R\u00e5olja<\/li>\n<li> Produktolja<\/li>\n<li> LPG och LNG<\/li>\n<\/ul>\n<p><strong>Transport av special- och styckegods<\/strong><\/p>\n<ul>\n<li> Fartyg f\u00f6r tunga lyft med flera anv\u00e4ndningsomr\u00e5den<\/li>\n<li> Halv neds\u00e4nkbara fartyg<\/li>\n<li> Asfaltfartyg<\/li>\n<li> Virkesb\u00e4rare<\/li>\n<li> Biltransport\u00f6rer<\/li>\n<\/ul>\n<p><strong>Sj\u00f6fartens finanssektor<\/strong><\/p>\n<ul>\n<li> Befraktning av fartyg<\/li>\n<li> Leasing av containrar<\/li>\n<li> Terminalf\u00f6rvaringsutrymmen.<\/li>\n<li> F\u00f6rs\u00e4kring f\u00f6r transport<\/li>\n<\/ul>\n<p><strong>Tj\u00e4nster f\u00f6r passagerarlinjer<\/strong><\/p>\n<ul>\n<li> Kinesisk inhemsk kustlinje<\/li>\n<li> Kina - <a href=\"https:\/\/moverdb.com\/sv\/moving-to-japan\/\" data-internallinksmanager029f6b8e52c=\"342\" title=\"Flytta till Japan? 2026 Levnadskostnader och tips om flytt\">Japan<\/a><\/li>\n<li> Kina - Korea<\/li>\n<li> Taiwan, fastlandet<\/li>\n<\/ul>\n<h2>COSCO Shipping Lines f\u00f6retagsprofil<\/h2>\n<p>China Ocean Shipping (Group) Company \u00e4gs av den kinesiska staten och har sitt huvudkontor i Shanghai. COSCO \u00e4r det st\u00f6rsta torrlastrederiet i Kina och \u00e4r ett av de st\u00f6rsta rederierna i v\u00e4rlden. Det har totalt 1 114 fartyg med en kapacitet p\u00e5 85,32 miljoner DWT. Det \u00e4ger ocks\u00e5 46 containerterminaler \u00f6ver hela v\u00e4rlden med 190 kajplatser.<\/p>\n<p>I februari 2016 slogs COSCO Group samman med China Shipping Group och bildade d\u00e4rmed China COSCO Shipping Corporation. De \u00e4r ett m\u00e5ngsidigt f\u00f6retag som tillhandah\u00e5ller tj\u00e4nster inom sj\u00f6fart, fartygsbygge och reparation, terminalverksamhet och containertillverkning f\u00f6r att n\u00e4mna n\u00e5gra av sina intressen.<\/p>\n<p>China COSCO Shipping Corporation Ltd har f\u00f6ljande ackrediteringar och anslutningar:<\/p>\n<ul>\n<li> Internationellt sj\u00f6fartsskyddscertifikat f\u00f6r fartyg<\/li>\n<li> Certifikat f\u00f6r s\u00e4kerhetshantering<\/li>\n<li> Certifikat f\u00f6r ackreditering av ledningssystem<\/li>\n<li> Ackreditering av milj\u00f6ledningssystem<\/li>\n<li> Ackreditering av ledningssystem f\u00f6r arbetsmilj\u00f6 och s\u00e4kerhet<\/li>\n<li> F\u00f6retagets certifikat f\u00f6r hantering av energieffektivitet<\/li>\n<\/ul>\n<h2>COSCO Shipping Lines recensioner<\/h2>\n<p>Vid tidpunkten f\u00f6r offentligg\u00f6randet kunde vi inte hitta n\u00e5gra positiva eller negativa omd\u00f6men om COSCO Shipping Lines tj\u00e4nster.<\/p>\n<div itemprop=\"review\" itemscope itemtype=\"http:\/\/schema.org\/Review\">\n<strong><span itemprop=\"author\" itemscope=\"\" itemtype=\"http:\/\/schema.org\/Organization\"><span itemprop=\"name\">MoverDB.com<\/span><\/span> Webbplatsgranskning p\u00e5 n\u00e4tet f\u00f6r <span itemprop=\"itemreviewed\" itemscope=\"\" itemtype=\"http:\/\/schema.org\/Brand\"><span itemprop=\"name\">COSCO Shipping Lines<\/span><\/span>:<\/strong><\/p>\n<ol>\n<li> Tydliga kontaktuppgifter p\u00e5 webbplatsen (inklusive telefonnummer): <strong>Ja<\/strong><\/li>\n<li> \u00c4r det l\u00e4tt att f\u00e5 offerter f\u00f6r internationell frakt? (Formul\u00e4r f\u00f6r beg\u00e4ran om uppskattning online): <strong>Ja<\/strong>De erbjuder en offerttj\u00e4nst online och \u00e4ven en e-handelstj\u00e4nst f\u00f6r att sp\u00e5ra dina f\u00f6rs\u00e4ndelser.<\/li>\n<li> Tydlig information p\u00e5 webbplatsen: <strong>Delvis,<\/strong> Webbplatsen inneh\u00e5ller mycket information men \u00e4r inte s\u00e4rskilt anv\u00e4ndarv\u00e4nlig.<\/li>\n<li> Medlemskap i internationellt erk\u00e4nda sj\u00f6fartsorganisationer: <strong>Ja<\/strong><\/li>\n<li> F\u00f6rteckning \u00f6ver kunder och\/eller tidigare kundreferenser. <strong>Nej,<\/strong> Vi kunde inte hitta n\u00e5gra vid tidpunkten f\u00f6r offentligg\u00f6randet.<\/li>\n<\/ol>\n<div itemprop=\"reviewRating\" itemscope itemtype=\"http:\/\/schema.org\/Rating\"><meta itemprop=\"worstRating\" content = \"0\" \/><meta itemprop=\"bestRating\" content=\"5\" \/><meta itemprop=\"ratingValue\" content=\"3.5\"><\/div>\n<p><strong>Sammanfattande betyg: 3.5\/5<\/strong><br \/>\n<strong>Datum f\u00f6r granskning:<\/strong> <span itemprop=\"datePublished\" content=\"2017-04-24\">24\/04\/2017<\/span>\n<\/div>\n<p>Mer om andra <a href=\"https:\/\/moverdb.com\/sv\/rederier\/\">internationella rederier<\/a>, <a href=\"https:\/\/moverdb.com\/sv\/container-transport\/\">fraktpriser f\u00f6r containrar<\/a> och v\u00e5r <a href=\"https:\/\/moverdb.com\/sv\/recensioner\/\">granskningsprocess.<\/a>.<\/p>\n<p><strong>Webbplats:<\/strong> <a href=\"http:\/\/lines.coscoshipping.com\/home.do\" target=\"_blank\" rel=\"noopener\">http:\/\/lines.coscoshipping.com\/home.do<\/a><\/p>","protected":false},"excerpt":{"rendered":"<p>COSCO Shipping Lines (China Ocean Shipping (Group) Company) offers its clients a wide array of services. These are listed below together with a company profile and reviews. Container Shipping Vessel fleet &#8211; 170 modern container vessels Service routes &#8211; 84 international shipping routes and 23 domestic Global network 22,000 refrigerated containers Dry Bulk Cargo Shipping [&hellip;]<\/p>\n","protected":false},"author":1,"featured_media":0,"parent":0,"menu_order":0,"comment_status":"closed","ping_status":"closed","template":"","meta":{"_genesis_hide_title":false,"_genesis_hide_breadcrumbs":false,"_genesis_hide_singular_image":false,"_genesis_hide_footer_widgets":false,"_genesis_custom_body_class":"","_genesis_custom_post_class":"","_genesis_layout":"","footnotes":""},"class_list":{"0":"post-1650","1":"page","2":"type-page","3":"status-publish","5":"entry"},"_links":{"self":[{"href":"https:\/\/moverdb.com\/sv\/wp-json\/wp\/v2\/pages\/1650","targetHints":{"allow":["GET"]}}],"collection":[{"href":"https:\/\/moverdb.com\/sv\/wp-json\/wp\/v2\/pages"}],"about":[{"href":"https:\/\/moverdb.com\/sv\/wp-json\/wp\/v2\/types\/page"}],"author":[{"embeddable":true,"href":"https:\/\/moverdb.com\/sv\/wp-json\/wp\/v2\/users\/1"}],"replies":[{"embeddable":true,"href":"https:\/\/moverdb.com\/sv\/wp-json\/wp\/v2\/comments?post=1650"}],"version-history":[{"count":3,"href":"https:\/\/moverdb.com\/sv\/wp-json\/wp\/v2\/pages\/1650\/revisions"}],"predecessor-version":[{"id":6196,"href":"https:\/\/moverdb.com\/sv\/wp-json\/wp\/v2\/pages\/1650\/revisions\/6196"}],"wp:attachment":[{"href":"https:\/\/moverdb.com\/sv\/wp-json\/wp\/v2\/media?parent=1650"}],"curies":[{"name":"wp","href":"https:\/\/api.w.org\/{rel}","templated":true}]}}