{"id":1648,"date":"2017-04-21T14:26:25","date_gmt":"2017-04-21T14:26:25","guid":{"rendered":"http:\/\/moverdb.com\/?page_id=1648"},"modified":"2026-01-08T14:47:58","modified_gmt":"2026-01-08T14:47:58","slug":"cma-cgm","status":"publish","type":"page","link":"https:\/\/moverdb.com\/sv\/cma-cgm\/","title":{"rendered":"CMA CGM Group - Internationella frakttj\u00e4nster och recensioner"},"content":{"rendered":"<p>CMA CGM Group erbjuder sina kunder ett brett utbud av transport- och logistikl\u00f6sningar. Dessa listas nedan tillsammans med en f\u00f6retagsprofil och recensioner.<\/p>\n<h3>Internationell frakt<\/h3>\n<p><strong>Torra beh\u00e5llare<\/strong><\/p>\n<ul>\n<li> Containrar f\u00f6r allm\u00e4n anv\u00e4ndning (20'\/40'\/40\u2032 HC\/45\u2032 HC);<\/li>\n<li> Pallbreda containrar (40\u2032 HC PW\/45\u2032 HC PW);<\/li>\n<li> Specialcontainrar (flat-rack, open-top, open-side, plattform, tank, etc.).<\/li>\n<li> Personlig service<\/li>\n<\/ul>\n<p><strong>Containrar f\u00f6r kyltransport<\/strong><\/p>\n<ul>\n<li> 20\u2032 RE\/40\u2032 RH Kylcontainrar,<\/li>\n<li> Marknadens st\u00f6rsta flotta av 45\u2032 RH Pallet breda containrar, avsedda f\u00f6r handel inom Europa.<\/li>\n<li> S\u00e4rskild avdelning<\/li>\n<\/ul>\n<p><strong>XXL Cargo<\/strong><\/p>\n<ul>\n<li> Frakt med icke-standardiserade dimensioner och vikter.<\/li>\n<li> Lyxbilar<\/li>\n<li> Helikoptrar<\/li>\n<li> Stora maskiner<\/li>\n<li> J\u00e4rnv\u00e4gsvagnar<\/li>\n<li> \u00d6verdimensionerade turbiner och generatorer<\/li>\n<li> Sakkunskap om transport av styckegods<\/li>\n<\/ul>\n<p><strong>Inland - Intermodala tj\u00e4nster - Alla kontinenter<\/strong><\/p>\n<ul>\n<li> Omfattande d\u00f6rr-till-d\u00f6rr-tj\u00e4nster<\/li>\n<li> Skr\u00e4ddarsydda inlandsl\u00f6sningar (j\u00e4rnv\u00e4g, v\u00e4g och flod)<\/li>\n<li> Optimera leveranskedjan med kostnadsbesparande d\u00f6rr-till-d\u00f6rr-m\u00f6jligheter<\/li>\n<li> Attraktiva s\u00e4rskilda avgifter f\u00f6r kvarh\u00e5llande och \u00f6verh\u00e4ngande belopp<\/li>\n<li> Noggrann \u00f6vervakning f\u00f6r leveranser i r\u00e4tt tid<\/li>\n<li> Enkel bokning och uppf\u00f6ljning via en<a>plattform f\u00f6r e-handel<\/a><\/li>\n<\/ul>\n<p><strong>AQUAVIVA - Leverans av levande hummer<\/strong><\/p>\n<ul>\n<li> D\u00f6rr-till-d\u00f6rr-tj\u00e4nster<\/li>\n<li> Nytt alternativ till b\u00e5de frysning och kostsam flygfrakt<\/li>\n<li> Bevarar hummerens naturliga livsmilj\u00f6<\/li>\n<li> Garanterar fr\u00e4schhet och kvalitet fr\u00e5n f\u00f6rsta dagen \u00e4ven vid l\u00e5ngvarig lagring.<\/li>\n<li> Respektfull mot milj\u00f6n<\/li>\n<\/ul>\n<p><strong>RORO (Roll on Roll off)<\/strong><\/p>\n<ul>\n<li> <strong><a href=\"https:\/\/moverdb.com\/sv\/moving-companies\/algeria\/\" data-internallinksmanager029f6b8e52c=\"166\" title=\"3 b\u00e4sta internationella flyttfirmor i Algeriet\">Algeriet<\/a><\/strong>: en linje till Mostaganem och Oran samt en linje till B\u00e9ja.<\/li>\n<li> <strong><a href=\"https:\/\/moverdb.com\/sv\/moving-companies\/moving-companies-morocco\/\" data-internallinksmanager029f6b8e52c=\"287\" title=\"4 b\u00e4sta internationella flyttfirmor i Marocko\">Marocko<\/a><\/strong>: en tj\u00e4nst till Casablanca<\/li>\n<li> <strong>Tunisien<\/strong>: en tj\u00e4nst till Rades och La Goulette<\/li>\n<\/ul>\n<p><strong>Fraktkryssningar<\/strong><\/p>\n<ul>\n<li> Dela det dagliga livet med bes\u00e4ttningen<\/li>\n<li> 170 sj\u00f6fartslinjer, 450 <a href=\"https:\/\/moverdb.com\/sv\/top-49-container-ports\/\" data-internallinksmanager029f6b8e52c=\"80\" title=\"Topp 49 st\u00f6rsta och mest trafikerade containerhamnar 2025\">portar<\/a> och 150 l\u00e4nder<\/li>\n<li> Boka f\u00f6r n\u00e5gra dagar eller n\u00e5gra m\u00e5nader<\/li>\n<li> G\u00e5 i land en dag eller en vecka och ta n\u00e4sta fartyg.<\/li>\n<\/ul>\n<h2>CMA CGM Group F\u00f6retagsprofil<\/h2>\n<p>CMA CGM-koncernen startades 1978 i Marseille av Jacques R. Saad\u00e9 som startade Compagnie Maritime d'Affr\u00e8tement (CMA). CMA hade ett fartyg och fyra anst\u00e4llda som arbetade p\u00e5 en linje mellan Beirut, Lattakia, Marseille och Livorno. <\/p>\n<p>1980 har CMA tv\u00e5 fartyg, 65 anst\u00e4llda och \u00f6ppnat kontor i Europa. \u00c5r 1983 b\u00f6rjade CMA med sin multimodala tj\u00e4nst som g\u00f6r det m\u00f6jligt att skicka varor fr\u00e5n d\u00f6rr till d\u00f6rr.<\/p>\n<p>\u00c5r 1999 slogs CGM och CMA samman och blev d\u00e4rmed det 12:e st\u00f6rsta rederiet i v\u00e4rlden. \u00c5r 2003 hade bolaget stigit till 5<sup>th<\/sup> position. 2006 blev CMA CGM v\u00e4rldens tredje st\u00f6rsta rederi.<sup>rd<\/sup> st\u00f6rsta <a href=\"https:\/\/moverdb.com\/sv\/rederier\/\" target=\"_blank\" rel=\"noopener\">f\u00f6retag f\u00f6r containertransport och transport<\/a>, vilket det \u00e4r \u00e4n idag.<\/p>\n<p>Idag syssels\u00e4tter CMA CGM-koncernen n\u00e4stan 25 000 personer globalt och har 64 kontor och agenturer runt om i v\u00e4rlden. Koncernen har tv\u00e5 huvudkontor, ett i Marseille och ett i Norfolk, <a href=\"https:\/\/moverdb.com\/sv\/moving-to-the-united-states\/moving-to-virginia\/\" data-internallinksmanager029f6b8e52c=\"442\" title=\"Flytta till Virginia? 2026 Levnadskostnader &amp; tips om flytt\">Virginia<\/a>. F\u00f6retaget trafikerar 170 sj\u00f6fartslinjer och anl\u00f6per 450 hamnar i 150 l\u00e4nder. Det \u00e4r nu det tredje st\u00f6rsta <a href=\"https:\/\/moverdb.com\/sv\/shipping-companies\/\" data-internallinksmanager029f6b8e52c=\"4\" title=\"Topp 10 internationella containerrederier\">rederi<\/a> i v\u00e4rlden och har en flotta p\u00e5 428 fartyg.<\/p>\n<p>CMA CGM har f\u00f6ljande ackrediteringar och anslutningar:<\/p>\n<ul>\n<li> Internationellt s\u00e4kerhetscertifikat f\u00f6r fartyg (ISSC)<\/li>\n<li> Certifikat f\u00f6r s\u00e4kerhetsstyrning (SMC)<\/li>\n<li> Konventionen om arbete till sj\u00f6ss (MLC)<\/li>\n<li> <a href=\"https:\/\/moverdb.com\/sv\/varlds-sjofartsrad\/\">World Shipping Council (V\u00e4rlds sj\u00f6fartsr\u00e5d)<\/a> (<a href=\"https:\/\/moverdb.com\/sv\/world-shipping-council\/\" data-internallinksmanager029f6b8e52c=\"82\" title=\"World Shipping Council (WSC) f\u00f6rklaras\">WSC<\/a>)<\/li>\n<\/ul>\n<h2>Recensioner av CMA CGM Group<\/h2>\n<p><em>I skrivande stund kunde vi inte hitta n\u00e5gra recensioner om CMA CGM Groups frakttj\u00e4nster p\u00e5 n\u00e4tet.<\/em><\/p>\n<div itemprop=\"review\" itemscope itemtype=\"http:\/\/schema.org\/Review\">\n<strong><span itemprop=\"author\" itemscope=\"\" itemtype=\"http:\/\/schema.org\/Organization\"><span itemprop=\"name\">MoverDB.com<\/span><\/span> Webbplatsgranskning p\u00e5 n\u00e4tet f\u00f6r <span itemprop=\"itemreviewed\" itemscope=\"\" itemtype=\"http:\/\/schema.org\/Brand\"><span itemprop=\"name\">CMA CGM-gruppen<\/span><\/span>:<\/strong><\/p>\n<ol>\n<li> Tydliga kontaktuppgifter p\u00e5 webbplatsen (inklusive telefonnummer): <strong>Ja<\/strong><\/li>\n<li> L\u00e4tt att f\u00e5 <a href=\"https:\/\/moverdb.com\/sv\/container-shipping\/\" data-internallinksmanager029f6b8e52c=\"3\" title=\"Diagram \u00f6ver internationella containerfraktpriser: April 2026\">Internationell frakt<\/a> citat? (Formul\u00e4r f\u00f6r beg\u00e4ran om kostnadsf\u00f6rslag online): <strong>Ingen<\/strong>Det verkar som om du m\u00e5ste registrera dig f\u00f6r att f\u00e5 offerter.<\/li>\n<li> Tydlig information p\u00e5 webbplatsen: <strong>Ja,<\/strong> P\u00e5 webbplatsen finns detaljerad information om alla deras tj\u00e4nster.<\/li>\n<li> Medlemskap i internationellt erk\u00e4nda sj\u00f6fartsorganisationer: <strong>Ja<\/strong><\/li>\n<li> F\u00f6rteckning \u00f6ver kunder och\/eller tidigare kundreferenser. <strong>Nej,<\/strong> Det finns inga p\u00e5 deras webbplats.<\/li>\n<\/ol>\n<div itemprop=\"reviewRating\" itemscope itemtype=\"http:\/\/schema.org\/Rating\"><meta itemprop=\"worstRating\" content = \"0\" \/><meta itemprop=\"bestRating\" content=\"5\" \/><meta itemprop=\"ratingValue\" content=\"3.5\"><\/div>\n<p><strong>Sammanfattande betyg: 3.5\/5<\/strong><br \/>\n<strong>Datum f\u00f6r granskning:<\/strong> <span itemprop=\"datePublished\" content=\"2017-04-21\">21\/04\/2017<\/span>\n<\/div>\n<p>Mer om andra <a href=\"https:\/\/moverdb.com\/sv\/rederier\/\">internationella rederier<\/a>, <a href=\"https:\/\/moverdb.com\/sv\/container-transport\/\">fraktpriser f\u00f6r containrar<\/a> och v\u00e5r <a href=\"https:\/\/moverdb.com\/sv\/recensioner\/\">granskningsprocess.<\/a>.<\/p>\n<p><strong>Webbplats:<\/strong> <a href=\"http:\/\/www.cma-cgm.com\/\" target=\"_blank\" rel=\"noopener\">http:\/\/www.cma-cgm.com\/<\/a><\/p>","protected":false},"excerpt":{"rendered":"<p>CMA CGM Group offers its clients a wide range of shipping and logistics solutions. These are listed below together with a company profile and reviews. International Shipping Dry Containers General-use containers (20&#8217;\/40&#8217;\/40&#8242; HC\/45&#8242; HC); Pallet wide containers (40&#8242; HC PW\/45&#8242; HC PW); Specialised containers (flat-rack, open-top, open-side, platform, tank, etc.) Personalised service Reefer Containers 20&#8242; [&hellip;]<\/p>\n","protected":false},"author":1,"featured_media":0,"parent":0,"menu_order":0,"comment_status":"closed","ping_status":"closed","template":"","meta":{"_genesis_hide_title":false,"_genesis_hide_breadcrumbs":false,"_genesis_hide_singular_image":false,"_genesis_hide_footer_widgets":false,"_genesis_custom_body_class":"","_genesis_custom_post_class":"","_genesis_layout":"","footnotes":""},"class_list":{"0":"post-1648","1":"page","2":"type-page","3":"status-publish","5":"entry"},"_links":{"self":[{"href":"https:\/\/moverdb.com\/sv\/wp-json\/wp\/v2\/pages\/1648","targetHints":{"allow":["GET"]}}],"collection":[{"href":"https:\/\/moverdb.com\/sv\/wp-json\/wp\/v2\/pages"}],"about":[{"href":"https:\/\/moverdb.com\/sv\/wp-json\/wp\/v2\/types\/page"}],"author":[{"embeddable":true,"href":"https:\/\/moverdb.com\/sv\/wp-json\/wp\/v2\/users\/1"}],"replies":[{"embeddable":true,"href":"https:\/\/moverdb.com\/sv\/wp-json\/wp\/v2\/comments?post=1648"}],"version-history":[{"count":5,"href":"https:\/\/moverdb.com\/sv\/wp-json\/wp\/v2\/pages\/1648\/revisions"}],"predecessor-version":[{"id":6192,"href":"https:\/\/moverdb.com\/sv\/wp-json\/wp\/v2\/pages\/1648\/revisions\/6192"}],"wp:attachment":[{"href":"https:\/\/moverdb.com\/sv\/wp-json\/wp\/v2\/media?parent=1648"}],"curies":[{"name":"wp","href":"https:\/\/api.w.org\/{rel}","templated":true}]}}