{"id":1644,"date":"2017-02-23T09:28:26","date_gmt":"2017-02-23T09:28:26","guid":{"rendered":"http:\/\/moverdb.com\/?page_id=1644"},"modified":"2026-01-08T14:48:02","modified_gmt":"2026-01-08T14:48:02","slug":"conroy-removals","status":"publish","type":"page","link":"https:\/\/moverdb.com\/sv\/conroy-removals\/","title":{"rendered":"Conroy Removals - Internationell flyttning Recensioner"},"content":{"rendered":"<p>Conroy Removals erbjuder sina kunder ett brett utbud av flyttj\u00e4nster i b\u00e5de <a href=\"https:\/\/moverdb.com\/sv\/moving-to-australia\/living-in-australia\/\" data-internallinksmanager029f6b8e52c=\"240\" title=\"21 hemligheter om att bo i Australien som du b\u00f6r k\u00e4nna till innan du flyttar\">Australien<\/a> och <a href=\"https:\/\/moverdb.com\/sv\/moving-to-new-zealand\/\" data-internallinksmanager029f6b8e52c=\"324\" title=\"Flyttar du till Nya Zeeland? 2026 Levnadskostnader och flyttningstips\">Nya Zeeland<\/a>. Nedan f\u00f6ljer en f\u00f6rteckning \u00f6ver dessa, tillsammans med en f\u00f6retagsprofil och recensioner.<\/p>\n<p><strong><a href=\"https:\/\/moverdb.com\/sv\/international-removals\/\" data-internallinksmanager029f6b8e52c=\"27\" title=\"36 b\u00e4sta internationella flyttfirmor i Storbritannien\">Internationella flyttar<\/a><\/strong><\/p>\n<ul>\n<li> Personlig flyttsamordnare<\/li>\n<li> D\u00f6rr till d\u00f6rr<\/li>\n<li> Fullst\u00e4ndig f\u00f6rpackning, partiell f\u00f6rpackning och DIY-f\u00f6rpackning<\/li>\n<li> Demontering och \u00e5termontering av m\u00f6bler<\/li>\n<li> <a href=\"https:\/\/moverdb.com\/sv\/biltransport-frakt\/\">Transport av bilar<\/a>, motorcyklar, b\u00e5tar och sl\u00e4pvagnar<\/li>\n<li> Sj\u00f6frakt - <a href=\"https:\/\/moverdb.com\/sv\/container-transport\/\">FCL\/LCL-containersj\u00f6fart<\/a><\/li>\n<li> Luftfrakt<\/li>\n<li> L\u00e5ng- och korttidsf\u00f6rvaring finns tillg\u00e4nglig<\/li>\n<li> Fullst\u00e4ndig uppackningstj\u00e4nst tillg\u00e4nglig<\/li>\n<li> Borttagning av skr\u00e4p<\/li>\n<li> Tullklarering och hj\u00e4lp med n\u00f6dv\u00e4ndig dokumentation<\/li>\n<li> F\u00f6rs\u00e4kring organiserad<\/li>\n<li> Valutav\u00e4xlingstj\u00e4nster<\/li>\n<\/ul>\n<p><strong>Flyttar mellan stater, l\u00e5nga avst\u00e5nd och lokala flyttar<\/strong><\/p>\n<ul>\n<li> Engagerad expert p\u00e5 flyttning<\/li>\n<li> D\u00f6rr till d\u00f6rr<\/li>\n<li> Olika paket tillg\u00e4ngliga<\/li>\n<li> Fullst\u00e4ndig f\u00f6rpackningstj\u00e4nst, \u00f6mt\u00e5liga f\u00f6rem\u00e5l eller DIY-f\u00f6rpackning<\/li>\n<li> Demontering och \u00e5termontering av m\u00f6bler<\/li>\n<li> L\u00e5ng- och korttidsf\u00f6rvaring finns tillg\u00e4nglig<\/li>\n<li> Uppackningstj\u00e4nst tillg\u00e4nglig<\/li>\n<li> F\u00f6rs\u00e4kring som ordnas<\/li>\n<\/ul>\n<p><strong>Flyttning av f\u00f6retag<\/strong><\/p>\n<ul>\n<li> Flyttning av hush\u00e5llsvaror<\/li>\n<li> S\u00f6kning p\u00e5 hemsidan<\/li>\n<li> S\u00f6kning av skola<\/li>\n<li> Orientering<\/li>\n<li> Spr\u00e5kutbildning<\/li>\n<li> Korttidsboende<\/li>\n<li> <a href=\"https:\/\/moverdb.com\/sv\/biltransport-frakt\/\">Transport och sj\u00f6fart av motorfordon<\/a><\/li>\n<li> Transport av s\u00e4llskapsdjur<\/li>\n<li> Husst\u00e4dning<\/li>\n<li> Uppackning av valet<\/li>\n<li> Valutav\u00e4xling<\/li>\n<\/ul>\n<h2>Conroy Removals f\u00f6retagsprofil<\/h2>\n<p>Conroy Removals of Australia and New Zealand startade 1972. De har filialer i hela Australien och Nya Zeeland och anser sig vara den fr\u00e4msta flyttfirman i regionen. Conroy har ett omfattande n\u00e4tverk av nationella och internationella partner och dotterbolag, vilket ger f\u00f6retaget tillg\u00e5ng till \u00f6ver 350 internationella partner.<\/p>\n<p>F\u00f6retaget \u00e4r engagerat i att minska sitt koldioxidavtryck genom att minska, \u00e5teranv\u00e4nda och \u00e5tervinna. F\u00f6retaget \u00e4r ocks\u00e5 \u00f6vertygat om att dess anst\u00e4llda \u00e4r v\u00e4lutbildade och \u00f6vertygade om sin f\u00f6rm\u00e5ga att ge utm\u00e4rkt service i allt de g\u00f6r.<\/p>\n<p>Conroy Removals (Australien och Nya Zeeland) har f\u00f6ljande ackrediteringar och anslutningar:<\/p>\n<ul>\n<li> <a href=\"https:\/\/moverdb.com\/sv\/jag-ar\/\">Internationella sammanslutningen av flyttfirmor<\/a> (<a href=\"https:\/\/moverdb.com\/sv\/iam\/\" data-internallinksmanager029f6b8e52c=\"23\" title=\"International Association of Movers (IAM) f\u00f6rklaras\">IAM<\/a>)<\/li>\n<li> <a href=\"https:\/\/moverdb.com\/sv\/british-association-of-removers\/\">British Association of Removers (brittisk sammanslutning av flyttfirmor)<\/a> (<a href=\"https:\/\/moverdb.com\/sv\/british-association-of-removers\/\" data-internallinksmanager029f6b8e52c=\"9\" title=\"British Association of Removers (BAR) f\u00f6rklaras\">BAR<\/a>)<\/li>\n<li> <a href=\"https:\/\/moverdb.com\/sv\/afra\/\">Australian Furniture Removers Association<\/a> (<a href=\"https:\/\/moverdb.com\/sv\/afra\/\" data-internallinksmanager029f6b8e52c=\"7\" title=\"Australian Furniture Removers Association (AFRA) f\u00f6rklaras\">AFRA<\/a>)<\/li>\n<li> <a href=\"https:\/\/moverdb.com\/sv\/aima\/\">Australian International Movers Association<\/a> (<a href=\"https:\/\/moverdb.com\/sv\/aima\/\" data-internallinksmanager029f6b8e52c=\"8\" title=\"F\u00f6rklaring av Australian International Movers Association (AIMA)\">AIMA<\/a>)<\/li>\n<li> Sydafrikanska internationella flyttf\u00f6reningen (SAIMA)<\/li>\n<li> Pan American International Movers Association (PAIMA)<\/li>\n<li> Nya Zeelands utlandsflyttningsf\u00f6rbund (NZOMA)<\/li>\n<li> <a href=\"https:\/\/moverdb.com\/sv\/fidi-faim\/\">FIDI:s globala allians<\/a><\/li>\n<\/ul>\n<p>De har australiensiska kontor i:<\/p>\n<ul>\n<li> <a href=\"https:\/\/moverdb.com\/sv\/moving-to-brisbane\/\" data-internallinksmanager029f6b8e52c=\"255\" title=\"Flyttar du till Brisbane? 2026 Levnadskostnader och flyttningstips\">Brisbane<\/a><\/li>\n<li> <a href=\"https:\/\/moverdb.com\/sv\/flytta-till-sydney\/\">Sydney<\/a><\/li>\n<li> Melbourne<\/li>\n<li> Perth<\/li>\n<li> Townsville<\/li>\n<\/ul>\n<p>Kontor i Nya Zeeland:<\/p>\n<ul>\n<li> Napier<\/li>\n<li> Auckland<\/li>\n<li> Tauranga<\/li>\n<li> Wellington<\/li>\n<li> Christchurch<\/li>\n<li> Nelson<\/li>\n<\/ul>\n<h2>Conroy Removals recensioner<\/h2>\n<p><strong>Positivt:<\/strong><\/p>\n<ul>\n<li> <em>\"Packningen av mitt hus utf\u00f6rdes p\u00e5 ett utm\u00e4rkt s\u00e4tt med stor omsorg om alla mina \u00e4godelar inom en mycket effektiv tidsram. Allt katalogiserades tydligt och det var l\u00e4tt att packa upp med alla f\u00f6rem\u00e5l l\u00e4tt lokaliserade och l\u00e5dor v\u00e4l namngivna f\u00f6r varje rum. Allt skr\u00e4p togs bort och till och med n\u00e5gra gamla l\u00e5dor togs med \u00e5t mig, vilket var till stor hj\u00e4lp n\u00e4r jag st\u00e4dade ut det tomma huset.\"<\/em> - Kundreferat <a href=\"https:\/\/www.conroy.co.nz\/customer-reviews\/nz-to-overseas\" target=\"_blank\" rel=\"noopener\">via NZ:s webbplats<\/a><\/li>\n<li> <em>\"Utm\u00e4rkt kommunikation f\u00f6re leverans och de tv\u00e5 m\u00e4nnen som levererade v\u00e5ra varor var artiga, v\u00e4nliga, snabba och mycket effektiva.\"<\/em> - Kundrecension via <a href=\"https:\/\/www.conroyremovals.com.au\/customer-reviews\/overseas-to-australia\" target=\"_blank\" rel=\"noopener\">AU:s webbplats<\/a><\/li>\n<li> <em>\"Jag har flyttat 25 g\u00e5nger och det h\u00e4r var den \u00f6verl\u00e4gset b\u00e4sta flyttupplevelsen. Tack Conroys!\"<\/em> - Jackie via <a href=\"http:\/\/www.productreview.com.au\/p\/conroy-removals.html?rating=5#reviews\" target=\"_blank\" rel=\"noopener\">Produkt\u00f6versikt<\/a><\/li>\n<li> <em>\"Det kan vara sv\u00e5rt att flytta stora f\u00f6rem\u00e5l runt om i Nya Zeeland och till Australien, men de h\u00e4r killarna gjorde det verkligen enkelt.\"<\/em> - Dave via <a href=\"https:\/\/yellow.co.nz\/y\/conroy-removals-airpark-drive#detailsRatingsReviews\" target=\"_blank\" rel=\"noopener\">Gul<\/a><\/li>\n<\/ul>\n<p><strong>Negativt:<\/strong><\/p>\n<ul>\n<li> <em>\"Trots flera samtal (alla gick till r\u00f6stbrevl\u00e5dan) och e-postmeddelanden h\u00f6rde jag ingenting p\u00e5 tv\u00e5 veckor fr\u00e5n det att mina varor klarade sig genom tullen till dess att leveranspersonalen ringde.\"<\/em> - Kundrecension via <a href=\"https:\/\/www.conroy.co.nz\/customer-reviews\/overseas-to-nz\" target=\"_blank\" rel=\"noopener\">Nya Zeelands webbplats<\/a><\/li>\n<li> <em>\"Varorna f\u00f6rtullades f\u00f6r tv\u00e5 veckor sedan. F\u00f6rutom ett krav p\u00e5 betalning av GST + tull (vilket jag gjorde n\u00e4sta dag) har jag inte h\u00f6rt ett ord om n\u00e4r mina varor kommer att levereras. Jag har l\u00e4mnat r\u00f6stbrevl\u00e5da och e-post, men fortfarande ingenting. Jag har i stort sett f\u00f6rlikat mig med att jag inte kommer att f\u00e5 se mina varor igen.\"<\/em> - kundrecension via <a href=\"https:\/\/www.conroyremovals.com.au\/customer-reviews\/australia-to-overseas\" target=\"_blank\" rel=\"noopener\">AU:s webbplats<\/a><\/li>\n<li> <em>\"Tyv\u00e4rr hade vi inte tur med v\u00e5r flytt, varor skadades p\u00e5 grund av felaktig f\u00f6rpackning och Conroy vill inte ta n\u00e5got ansvar f\u00f6r detta.\"<\/em> - Karen via <a href=\"https:\/\/www.mymovingreviews.com\/movers\/conroy-removals-1807#58945\" target=\"_blank\" rel=\"noopener\">Min flyttning Recensioner<\/a><\/li>\n<li> <em>\"Mycket sent, jag var besviken \u00f6ver detta, men de h\u00f6ll kontakten, s\u00e5 det \u00e4r bra f\u00f6r det. Ocks\u00e5 rimligt pris.\"<\/em> - Jon via <a href=\"https:\/\/www.nocowboys.co.nz\/businesses\/conroy-removals-\" target=\"_blank\" rel=\"noopener\">NoCowboys<\/a><\/li>\n<\/ul>\n<div itemprop=\"review\" itemscope itemtype=\"http:\/\/schema.org\/Review\">\n<span itemprop=\"author\" itemscope=\"\" itemtype=\"http:\/\/schema.org\/Organization\"><span itemprop=\"name\">MoverDB.com<\/span><\/span> Webbplatsgranskning p\u00e5 n\u00e4tet f\u00f6r <span itemprop=\"itemreviewed\" itemscope=\"\" itemtype=\"http:\/\/schema.org\/Brand\"><span itemprop=\"name\">Conroy flyttar<\/span><\/span>:<\/p>\n<ol>\n<li> Tydliga kontaktuppgifter p\u00e5 webbplatsen (inklusive telefonnummer): <strong>Ja<\/strong><\/li>\n<li> L\u00e4tt att f\u00e5 <a href=\"https:\/\/moverdb.com\/sv\/citat\/\">offerter f\u00f6r internationella flyttningar<\/a>? (Formul\u00e4r f\u00f6r beg\u00e4ran om uppskattning online): <strong>Ja<\/strong><\/li>\n<li> Tydlig information p\u00e5 webbplatsen: <strong>Ja,<\/strong> webbplatsen inneh\u00e5ller mycket detaljerad information.<\/li>\n<li> Medlemskap i internationellt erk\u00e4nda flyttorganisationer: <strong>Ja<\/strong>, (m\u00e5nga, se ovan)<\/li>\n<li> F\u00f6rteckning \u00f6ver kunder och\/eller tidigare kundreferenser: <strong>Ja,<\/strong> Det finns b\u00e5de positiva och negativa kundomd\u00f6men p\u00e5 f\u00f6retagets webbplats som du kan sortera efter stj\u00e4rnbetyg och typ av \u00e5tg\u00e4rd.<\/li>\n<\/ol>\n<div itemprop=\"reviewRating\" itemscope itemtype=\"http:\/\/schema.org\/Rating\"><meta itemprop=\"worstRating\" content = \"0\" \/><meta itemprop=\"bestRating\" content=\"5\" \/><meta itemprop=\"ratingValue\" content=\"5\"><\/div>\n<p><strong>Sammanfattande betyg: 5\/5<\/strong><br \/>\n<strong>Datum f\u00f6r granskning:<\/strong> <span itemprop=\"datePublished\" content=\"2017-02-23\">23\/02\/2017<\/span>\n<\/div>\n<p>L\u00e4s mer om <a href=\"https:\/\/moverdb.com\/sv\/flyttfirmor\/\">internationella flyttfirmor<\/a> och v\u00e5r <a href=\"https:\/\/moverdb.com\/sv\/recensioner\/\">granskningsprocess.<\/a>.<\/p>\n<p><strong>Webbplatser:<\/strong> AU: <a href=\"https:\/\/www.conroyremovals.com.au\/\" target=\"_blank\" rel=\"noopener\">https:\/\/www.conroyremovals.com.au\/<\/a>, NZ: <a href=\"https:\/\/www.conroy.co.nz\/\" target=\"_blank\" rel=\"noopener\">https:\/\/www.conroy.co.nz\/<\/a><\/p>","protected":false},"excerpt":{"rendered":"<p>Conroy Removals offers its customers a wide variety of removal services in both Australia and New Zealand. These are listed below, together with a company profile and reviews. International Removals Personal moving coordinator Door to door Full service packing, partial packing and DIY packing Dismantling and reassembly of furniture Shipping of cars, motorbikes, boats and [&hellip;]<\/p>\n","protected":false},"author":1,"featured_media":0,"parent":0,"menu_order":0,"comment_status":"closed","ping_status":"closed","template":"","meta":{"_genesis_hide_title":false,"_genesis_hide_breadcrumbs":false,"_genesis_hide_singular_image":false,"_genesis_hide_footer_widgets":false,"_genesis_custom_body_class":"","_genesis_custom_post_class":"","_genesis_layout":"","footnotes":""},"class_list":{"0":"post-1644","1":"page","2":"type-page","3":"status-publish","5":"entry"},"_links":{"self":[{"href":"https:\/\/moverdb.com\/sv\/wp-json\/wp\/v2\/pages\/1644","targetHints":{"allow":["GET"]}}],"collection":[{"href":"https:\/\/moverdb.com\/sv\/wp-json\/wp\/v2\/pages"}],"about":[{"href":"https:\/\/moverdb.com\/sv\/wp-json\/wp\/v2\/types\/page"}],"author":[{"embeddable":true,"href":"https:\/\/moverdb.com\/sv\/wp-json\/wp\/v2\/users\/1"}],"replies":[{"embeddable":true,"href":"https:\/\/moverdb.com\/sv\/wp-json\/wp\/v2\/comments?post=1644"}],"version-history":[{"count":10,"href":"https:\/\/moverdb.com\/sv\/wp-json\/wp\/v2\/pages\/1644\/revisions"}],"predecessor-version":[{"id":6194,"href":"https:\/\/moverdb.com\/sv\/wp-json\/wp\/v2\/pages\/1644\/revisions\/6194"}],"wp:attachment":[{"href":"https:\/\/moverdb.com\/sv\/wp-json\/wp\/v2\/media?parent=1644"}],"curies":[{"name":"wp","href":"https:\/\/api.w.org\/{rel}","templated":true}]}}