{"id":1642,"date":"2017-07-04T10:17:22","date_gmt":"2017-07-04T10:17:22","guid":{"rendered":"http:\/\/moverdb.com\/?page_id=1642"},"modified":"2026-01-08T14:48:07","modified_gmt":"2026-01-08T14:48:07","slug":"krona-flyttning","status":"publish","type":"page","link":"https:\/\/moverdb.com\/sv\/crown-moving\/","title":{"rendered":"Crown Moving Co Inc - Internationell flyttning Recensioner"},"content":{"rendered":"<p>Crown Moving Co Inc hade sitt s\u00e4te i <a href=\"https:\/\/moverdb.com\/sv\/flytt-till-seattle\/\">Seattle<\/a> och erbj\u00f6d sina kunder en m\u00e4ngd olika tj\u00e4nster. Dessa listas nedan tillsammans med en f\u00f6retagsprofil och recensioner.<\/p>\n<p><strong>Internationella flyttar<\/strong><\/p>\n<p>Tj\u00e4nster f\u00f6re uppdragstilldelningen<\/p>\n<ul>\n<li> Visum- och invandringstj\u00e4nster<\/li>\n<li> F\u00f6rhandsgranskning av resan och orientering om omr\u00e5det<\/li>\n<li> Information om land och kultur<\/li>\n<\/ul>\n<p>Flyttj\u00e4nster<\/p>\n<ul>\n<li> Planering f\u00f6re flytten<\/li>\n<li> Transport av tillh\u00f6righeter<\/li>\n<li> Hantering av flytten<\/li>\n<li> Sp\u00e5rning av f\u00f6rs\u00e4ndelser<\/li>\n<\/ul>\n<p>Internationella tj\u00e4nster f\u00f6r destinationer<\/p>\n<ul>\n<li> Kulturell och spr\u00e5klig utbildning<\/li>\n<li> St\u00f6d till skolor<\/li>\n<li> St\u00f6d fr\u00e5n partner\/maka\/make<\/li>\n<li> Inskolning i tj\u00e4nsten<\/li>\n<li> Hj\u00e4lp vid avresa<\/li>\n<\/ul>\n<p>Skyddstj\u00e4nster<\/p>\n<ul>\n<li> Viktmultiplikator<\/li>\n<li> Inventarier av h\u00f6gt v\u00e4rde<\/li>\n<li> V\u00e4rderad inventarief\u00f6rteckning med specificerade uppgifter<\/li>\n<\/ul>\n<p>St\u00f6d till bost\u00e4der<\/p>\n<ul>\n<li> Tj\u00e4nster f\u00f6r att hitta ett hem<\/li>\n<li> Tillf\u00e4lligt boende<\/li>\n<li> F\u00f6rvaltning av fastigheter och hyresavtal<\/li>\n<\/ul>\n<p><strong>Lokala och l\u00e5ngv\u00e4ga flyttar<\/strong><\/p>\n<ul>\n<li> Personlig flyttledare<\/li>\n<li> D\u00f6rr till d\u00f6rr service<\/li>\n<li> Fullservicef\u00f6rpackning, \u00f6mt\u00e5lig f\u00f6rpackning eller egenpackning<\/li>\n<li> Demontering och \u00e5termontering av m\u00f6bler<\/li>\n<li> Uppackningstj\u00e4nst<\/li>\n<li> F\u00f6rs\u00e4kring som ordnas<\/li>\n<li> Kort- och l\u00e5ngtidsf\u00f6rvaring<\/li>\n<\/ul>\n<p><strong>Kontor, industri och m\u00e4ssor<\/strong><\/p>\n<ul>\n<li> R\u00e5dgivare f\u00f6r personlig flyttning<\/li>\n<li> Precisionsplanering<\/li>\n<li> D\u00f6rr till d\u00f6rr<\/li>\n<li> F\u00f6rpackning<\/li>\n<li> Flyttningar efter arbetstid och p\u00e5 helger<\/li>\n<li> Demontering och \u00e5termontering av m\u00f6bler<\/li>\n<li> Uppackning av<\/li>\n<li> Flyttning och installation av IT-system<\/li>\n<li> L\u00e5ng- och korttidsf\u00f6rvaring<\/li>\n<\/ul>\n<p><strong>Lagring<\/strong><\/p>\n<ul>\n<li> L\u00e5ng och kort sikt<\/li>\n<li> Temperaturkontrollerad f\u00f6rvaring av registeruppgifter<\/li>\n<li> \u00d6VERVAKNINGSKAMERA DYGNET RUNT<\/li>\n<li> Brandskydd<\/li>\n<\/ul>\n<h2>Crown Moving Co Inc F\u00f6retagsprofil<\/h2>\n<p><em><strong>Observera<\/strong>: Crown Moving Co Inc har nu st\u00e4ngt ner. De rekommenderar sina kunder att anv\u00e4nda: <a href=\"https:\/\/moverdb.com\/sv\/bekins-van-lines\/\">Bekins Northwest<\/a> i st\u00e4llet.<\/em><\/p>\n<p>Crown Moving Co Inc startades 1967 och hade sitt s\u00e4te i <a href=\"https:\/\/moverdb.com\/sv\/moving-to-seattle\/\" data-internallinksmanager029f6b8e52c=\"65\" title=\"Flyttar du till Seattle? 2022 levnadskostnader och flyttningstips\">Seattle<\/a>, Washington. \u00c5r 1978 k\u00f6ptes f\u00f6retaget och nya kontor \u00f6ppnades i Moses Lake och Spokane. <\/p>\n<p>Crown Moving blev ombud f\u00f6r <a href=\"https:\/\/moverdb.com\/sv\/mayflower-transit\/\">Mayflower<\/a> 1982 och har d\u00e4rf\u00f6r all Mayflowers expertis, s\u00e5v\u00e4l som sin egen, att dra nytta av. F\u00f6retaget var Mayflowers st\u00f6rsta agent i Washington.<\/p>\n<p>Crown Moving Co Inc hade f\u00f6ljande ackrediteringar och anslutningar:<\/p>\n<ul>\n<li> <a href=\"https:\/\/moverdb.com\/sv\/amsa\/\">Amerikanska sammanslutningen av flyttfirmor<\/a> (<a href=\"https:\/\/moverdb.com\/sv\/amsa\/\" data-internallinksmanager029f6b8e52c=\"5\" title=\"American Moving &amp; Storage Association (AMSA) f\u00f6rklaras\">AMSA<\/a>)<\/li>\n<li> Better Business Bureau (BBB)<\/li>\n<\/ul>\n<p><strong>Recensioner av Crown Moving Co Inc<\/strong><\/p>\n<p><strong>Positivt:<\/strong><\/p>\n<ul>\n<li> <em>\"Han d\u00f6k upp i tid, hade en underbar personlighet och vi b\u00f6rjade genast prata om kritiska f\u00f6rem\u00e5l som jag beh\u00f6vde flytta med extra omsorg.\"<\/em> Jackie R via <a href=\"https:\/\/www.yelp.com\/biz\/crown-moving-co-seattle-2?hrid=jSdhPA7gxsSt8Syf1zSn4w&#038;utm_campaign=www_review_share_popup&#038;utm_medium=copy_link&#038;utm_source=(direct)\" target=\"_blank\" rel=\"noopener\">Yelp<\/a><\/li>\n<li> <em>\"Crown slutf\u00f6rde min milit\u00e4rt styrda stations\u00e4ndring.\" <\/em> Timothy M via <a href=\"https:\/\/www.bbb.org\/\" target=\"_blank\" rel=\"noopener\">BBB<\/a><\/li>\n<\/ul>\n<p><strong>Negativt:<\/strong><\/p>\n<ul>\n<li> <em>\"Min erfarenhet av Crown Moving \u00e4r en upplevelse som jag hoppas att jag sent kommer att gl\u00f6mma.\"<\/em> - Rob D. via <a href=\"https:\/\/www.yelp.com\/biz\/crown-moving-co-seattle-2?hrid=i13sBXhBe0pzOXO2FJYCQQ&#038;utm_campaign=www_review_share_popup&#038;utm_medium=copy_link&#038;utm_source=(direct)\" target=\"_blank\" rel=\"noopener\">Yelp<\/a><\/li>\n<\/ul>\n<div itemprop=\"review\" itemscope itemtype=\"http:\/\/schema.org\/Review\">\n<span itemprop=\"author\" itemscope=\"\" itemtype=\"http:\/\/schema.org\/Organization\"><span itemprop=\"name\">MoverDB.com<\/span><\/span> Webbplatsgranskning p\u00e5 n\u00e4tet f\u00f6r <span itemprop=\"itemreviewed\" itemscope=\"\" itemtype=\"http:\/\/schema.org\/Brand\"><span itemprop=\"name\">Crown Moving Co Inc<\/span><\/span>:<\/p>\n<ol>\n<li> Tydliga kontaktuppgifter p\u00e5 webbplatsen (inklusive telefonnummer): <strong>Ja<\/strong><\/li>\n<li> L\u00e4tt att f\u00e5 <a href=\"https:\/\/moverdb.com\/sv\/citat\/\">offerter f\u00f6r internationella flyttningar<\/a>? (Formul\u00e4r f\u00f6r beg\u00e4ran om uppskattning online): <strong>Ja<\/strong><\/li>\n<li> Tydlig information p\u00e5 webbplatsen: <strong>Ingen<\/strong><\/li>\n<li> Medlemskap i internationellt erk\u00e4nda flyttorganisationer: <strong>Ja<\/strong>, (se ovan)<\/li>\n<li> F\u00f6rteckning \u00f6ver kunder och\/eller tidigare kundreferenser. <strong>Inte relevant,<\/strong> eftersom f\u00f6retaget inte l\u00e4ngre \u00e4r verksamt.<\/li>\n<\/ol>\n<div itemprop=\"reviewRating\" itemscope itemtype=\"http:\/\/schema.org\/Rating\"><meta itemprop=\"worstRating\" content = \"0\" \/><meta itemprop=\"bestRating\" content=\"5\" \/><meta itemprop=\"ratingValue\" content=\"4\"><\/div>\n<p><strong>Sammanfattande betyg: 4\/5<\/strong><br \/>\n<strong>Datum f\u00f6r granskning:<\/strong> <span itemprop=\"datePublished\" content=\"2017-07-04\">04\/07\/2017<\/span>\n<\/div>\n<p>L\u00e4s mer om <a href=\"https:\/\/moverdb.com\/sv\/flyttfirmor\/\">internationella flyttfirmor<\/a>, <a href=\"https:\/\/moverdb.com\/sv\/us-canada-movers\/\">flyttfirmor f\u00f6r inhemsk flyttning<\/a> och v\u00e5r <a href=\"https:\/\/moverdb.com\/sv\/recensioner\/\">f\u00f6rklaring av granskningsf\u00f6rfarandet<\/a>.<\/p>\n<p><strong>Webbplats:<\/strong> <a href=\"http:\/\/www.crownmoving.com\/\" target=\"_blank\" rel=\"noopener\">http:\/\/www.crownmoving.com\/<\/a><\/p>","protected":false},"excerpt":{"rendered":"<p>Crown Moving Co Inc was based in Seattle and offered its customers a variety of services. These are listed below together with a company profile and reviews. International Moves Pre-assignment Services Visa and immigration services Preview trip and area orientation Country and culture information Moving Services Pre-move planning Transportation of belongings Managing the move Shipment [&hellip;]<\/p>\n","protected":false},"author":1,"featured_media":0,"parent":0,"menu_order":0,"comment_status":"closed","ping_status":"closed","template":"","meta":{"_genesis_hide_title":false,"_genesis_hide_breadcrumbs":false,"_genesis_hide_singular_image":false,"_genesis_hide_footer_widgets":false,"_genesis_custom_body_class":"","_genesis_custom_post_class":"","_genesis_layout":"","footnotes":""},"class_list":{"0":"post-1642","1":"page","2":"type-page","3":"status-publish","5":"entry"},"_links":{"self":[{"href":"https:\/\/moverdb.com\/sv\/wp-json\/wp\/v2\/pages\/1642","targetHints":{"allow":["GET"]}}],"collection":[{"href":"https:\/\/moverdb.com\/sv\/wp-json\/wp\/v2\/pages"}],"about":[{"href":"https:\/\/moverdb.com\/sv\/wp-json\/wp\/v2\/types\/page"}],"author":[{"embeddable":true,"href":"https:\/\/moverdb.com\/sv\/wp-json\/wp\/v2\/users\/1"}],"replies":[{"embeddable":true,"href":"https:\/\/moverdb.com\/sv\/wp-json\/wp\/v2\/comments?post=1642"}],"version-history":[{"count":5,"href":"https:\/\/moverdb.com\/sv\/wp-json\/wp\/v2\/pages\/1642\/revisions"}],"predecessor-version":[{"id":6198,"href":"https:\/\/moverdb.com\/sv\/wp-json\/wp\/v2\/pages\/1642\/revisions\/6198"}],"wp:attachment":[{"href":"https:\/\/moverdb.com\/sv\/wp-json\/wp\/v2\/media?parent=1642"}],"curies":[{"name":"wp","href":"https:\/\/api.w.org\/{rel}","templated":true}]}}