{"id":1640,"date":"2017-02-01T15:26:12","date_gmt":"2017-02-01T15:26:12","guid":{"rendered":"http:\/\/moverdb.com\/?page_id=1640"},"modified":"2026-01-08T14:48:08","modified_gmt":"2026-01-08T14:48:08","slug":"kronans-flyttning","status":"publish","type":"page","link":"https:\/\/moverdb.com\/sv\/crown-relocations\/","title":{"rendered":"Crown Relocations - Internationell flyttning Recensioner"},"content":{"rendered":"<p>Crown Relocations har sitt huvudkontor i <a href=\"https:\/\/moverdb.com\/sv\/moving-to-hong-kong\/\" data-internallinksmanager029f6b8e52c=\"350\" title=\"Flytta till Hong Kong? 2026 Levnadskostnader och tips om flytt\">Hong Kong<\/a>. F\u00f6retaget erbjuder sina kunder en rad omlokaliserings- och flyttj\u00e4nster och dessa listas nedan, tillsammans med en f\u00f6retagsprofil och recensioner.<\/p>\n<p><strong>Internationell flyttning<\/strong><\/p>\n<ul>\n<li> Personlig service<\/li>\n<li> D\u00f6rr till d\u00f6rr service<\/li>\n<li> Packning - g\u00f6r det sj\u00e4lv, utvalda f\u00f6rem\u00e5l eller full service<\/li>\n<li> Lagring - p\u00e5 kort och l\u00e5ng sikt<\/li>\n<li> Verktyg f\u00f6r sp\u00e5rning online<\/li>\n<li> Flyttning av husdjur<\/li>\n<li> Invandringstj\u00e4nster<\/li>\n<li> Interkulturell utbildning<\/li>\n<li> Spr\u00e5kutbildning<\/li>\n<li> Tj\u00e4nster f\u00f6r f\u00f6rs\u00e4ljning av bost\u00e4der<\/li>\n<li> Fastighetsf\u00f6rvaltning<\/li>\n<li> F\u00f6rhandsgranska resetj\u00e4nster<\/li>\n<li> Hj\u00e4lp med att hitta ett hem<\/li>\n<li> S\u00f6kning av skola<\/li>\n<li> Orientering efter ankomsten<\/li>\n<li> St\u00f6d till partners karri\u00e4r<\/li>\n<li> Tj\u00e4nster f\u00f6r handyman och hemhj\u00e4lp<\/li>\n<li> Uthyrning av m\u00f6bler<\/li>\n<li> St\u00f6d p\u00e5 uppdrag<\/li>\n<\/ul>\n<p><strong>Lokal och l\u00e5ngv\u00e4ga flyttning<\/strong><\/p>\n<ul>\n<li> Personlig service<\/li>\n<li> D\u00f6rr till d\u00f6rr service<\/li>\n<li> Fullst\u00e4ndig f\u00f6rpackning, \u00f6mt\u00e5liga f\u00f6rem\u00e5l eller DIY-f\u00f6rpackning<\/li>\n<li> Uppackningstj\u00e4nst<\/li>\n<li> Bortskaffande av skr\u00e4p<\/li>\n<li> Flyttning av husdjur<\/li>\n<li> L\u00e5ng- och korttidsf\u00f6rvaring ordnas<\/li>\n<li> F\u00f6rs\u00e4kring<\/li>\n<\/ul>\n<h2>Crown Relocations f\u00f6retagsprofil<\/h2>\n<p>Crown Relocations \u00e4r en del av Crown Worldwide Group som har sitt huvudkontor i Hongkong. James E Thompson grundade koncernen 1965 n\u00e4r han bodde i Yokohama, <a href=\"https:\/\/moverdb.com\/sv\/moving-to-japan\/\" data-internallinksmanager029f6b8e52c=\"342\" title=\"Flytta till Japan? 2026 Levnadskostnader och tips om flytt\">Japan<\/a>. Han b\u00f6rjade med $1 000 och fick ett kontrakt med <a href=\"https:\/\/moverdb.com\/sv\/moving-to-the-united-states\/\" data-internallinksmanager029f6b8e52c=\"94\" title=\"Flyttar du till USA? 2026 Levnadskostnader och flyttningstips\">USA<\/a> milit\u00e4r att flytta personal till och fr\u00e5n Japan. <\/p>\n<p>Thompson \u00e4r fortfarande koncernens VD och flyttade sig sj\u00e4lv och f\u00f6retagets huvudkontor till Hongkong 1978. F\u00f6retaget har nu \u00f6ver 265 kontor i 58 l\u00e4nder runt om i v\u00e4rlden och syssels\u00e4tter \u00f6ver 3 100 personer av 70 olika nationaliteter. Crown Relocations genomf\u00f6r i genomsnitt 120 000 flyttningar varje \u00e5r och har cirka 3,4 miljoner kvadratmeter lagringsutrymme.<\/p>\n<p>Crown Relocations drar nytta av Crown-koncernens stora erfarenhet och flyttar m\u00e4nniskor runt om i v\u00e4rlden och hj\u00e4lper dem i varje steg p\u00e5 v\u00e4gen. Tanken \u00e4r att minimera omv\u00e4lvningen och p\u00e5 s\u00e5 s\u00e4tt g\u00f6ra det m\u00f6jligt f\u00f6r f\u00f6retagspersonal och enskilda personer att snabbt anpassa sig till sina nya liv.<\/p>\n<p>Crown Relocation Services har f\u00f6ljande ackrediteringar och anslutningar: -<\/p>\n<ul>\n<li> ISO 9001:2008<\/li>\n<li> <a href=\"https:\/\/moverdb.com\/sv\/jag-ar\/\">Internationella sammanslutningen av flyttfirmor<\/a> (<a href=\"https:\/\/moverdb.com\/sv\/iam\/\" data-internallinksmanager029f6b8e52c=\"23\" title=\"International Association of Movers (IAM) f\u00f6rklaras\">IAM<\/a>)<\/li>\n<\/ul>\n<h2>Recensioner av Crown Relocations<\/h2>\n<p><strong>Positivt:<\/strong><\/p>\n<ul>\n<li> <em>\"Vi har blivit helt \u00f6verv\u00e4ldigade av hur professionell, v\u00e4nlig och kompetent hela processen har varit f\u00f6r oss, helt suver\u00e4nt fr\u00e5n b\u00f6rjan till slut!\"<\/em> - Herr G. och fru G. J. Webb via <a href=\"https:\/\/www.crownrelo.com\/intl\/en-gb\/page\/testimonials\" target=\"_blank\" rel=\"noopener\">sidan med f\u00f6retagets vittnesm\u00e5l<\/a><\/li>\n<li> <em>\"Vi \u00e4r mycket n\u00f6jda med Crowns tj\u00e4nster och skulle rekommendera dem till alla.\"<\/em> - Phuc Do via <a href=\"http:\/\/www.productreview.com.au\/p\/crown-relocations-australia.html?rating=5#reviews\" target=\"_blank\" rel=\"noopener\">ProductReview.com.au<\/a><\/li>\n<li> <em>\"En v\u00e4n rekommenderade Crown f\u00f6r v\u00e5r flytt fr\u00e5n Doha, servicen var utm\u00e4rkt.\"<\/em> - Hilary via <a href=\"https:\/\/www.facebook.com\/pg\/CrownRelocations\/reviews\/\" target=\"_blank\" rel=\"noopener\">Facebook-sida<\/a><\/li>\n<li> <em>\"De h\u00e4r killarna var fantastiska. De kom i tid och jag blev f\u00f6rv\u00e5nad \u00f6ver hur snabbt de var.\"<\/em> - Yana via <a href=\"https:\/\/www.yelp.com\/biz\/crown-relocations-mililani?hrid=gPhaBuTV20YimRwN7q4Wyw&#038;utm_campaign=www_review_share_popup&#038;utm_medium=copy_link&#038;utm_source=(direct)\" target=\"_blank\" rel=\"noopener\">Yelp<\/a><\/li>\n<\/ul>\n<p><strong>Negativt:<\/strong><\/p>\n<ul>\n<li> <em>\"Det s\u00e4msta f\u00f6retag jag n\u00e5gonsin haft att g\u00f6ra med. De har ingen integritet och tar inte ansvar f\u00f6r de skador de orsakat mitt hus.\"<\/em> - Benjamin via <a href=\"https:\/\/www.yelp.com\/biz\/crown-relocations-mililani?hrid=R9s-xC375R-HSBYSZZI_ag&#038;utm_campaign=www_review_share_popup&#038;utm_medium=copy_link&#038;utm_source=(direct)\" target=\"_blank\" rel=\"noopener\">Yelp<\/a><\/li>\n<li> <em>\"Vi hade en enorm m\u00e4ngd skador som berodde p\u00e5 slarvig packning. Det tog flera veckor f\u00f6r dem att svara p\u00e5 v\u00e5ra m\u00e5nga e-postmeddelanden och de erk\u00e4nde att det berodde p\u00e5 slarvig f\u00f6rpackning.\"<\/em> - Elizabeth via <a href=\"https:\/\/www.facebook.com\/pg\/CrownRelocations\/reviews\/\" target=\"_blank\" rel=\"noopener\">Facebook-sida<\/a><\/li>\n<li> \"Fruktansv\u00e4rt. Dyrt och slarvigt. Personalen svarar inte snabbt p\u00e5 fr\u00e5gor\" - LillithQ via <a href=\"http:\/\/www.productreview.com.au\/p\/crown-relocations-australia.html?rating=1#reviews\" target=\"_blank\" rel=\"noopener\">ProductReview.com.au<\/a><\/li>\n<\/ul>\n<div itemprop=\"review\" itemscope itemtype=\"http:\/\/schema.org\/Review\">\n<span itemprop=\"author\" itemscope=\"\" itemtype=\"http:\/\/schema.org\/Organization\"><span itemprop=\"name\">MoverDB.com<\/span><\/span> Webbplatsgranskning p\u00e5 n\u00e4tet f\u00f6r <span itemprop=\"itemreviewed\" itemscope=\"\" itemtype=\"http:\/\/schema.org\/Brand\"><span itemprop=\"name\">Crown Relocations<\/span><\/span>:<\/p>\n<ol>\n<li> Tydliga kontaktuppgifter p\u00e5 webbplatsen (inklusive telefonnummer): <strong>Ja<\/strong><\/li>\n<li> L\u00e4tt att f\u00e5 <a href=\"https:\/\/moverdb.com\/sv\/citat\/\">offerter f\u00f6r internationella flyttningar<\/a>? (Formul\u00e4r f\u00f6r beg\u00e4ran om uppskattning online): <strong>Ja<\/strong><\/li>\n<li> Tydlig information p\u00e5 webbplatsen: <strong>Ja.<\/strong> Webbplatsen inneh\u00e5ller en tydlig beskrivning av alla tj\u00e4nster som erbjuds och inneh\u00e5ller reseguider.<\/li>\n<li> Medlemskap i internationellt erk\u00e4nda flyttorganisationer: <strong>Ja<\/strong>, (se ovan)<\/li>\n<li> F\u00f6rteckning \u00f6ver kunder och\/eller tidigare kundreferenser. <strong>Ja,<\/strong> De har en sida med vittnesm\u00e5l och recensioner fr\u00e5n hela webben verkar i allm\u00e4nhet vara positiva.<\/li>\n<\/ol>\n<div itemprop=\"reviewRating\" itemscope itemtype=\"http:\/\/schema.org\/Rating\"><meta itemprop=\"worstRating\" content = \"0\" \/><meta itemprop=\"bestRating\" content=\"5\" \/><meta itemprop=\"ratingValue\" content=\"5\"><\/div>\n<p><strong>Sammanfattande betyg: 5\/5<\/strong><br \/>\n<strong>Datum f\u00f6r granskning:<\/strong> <span itemprop=\"datePublished\" content=\"2017-02-01\">01\/02\/2017<\/span>\n<\/div>\n<p>L\u00e4s mer om <a href=\"https:\/\/moverdb.com\/sv\/flyttfirmor\/\">internationella flyttfirmor<\/a> och v\u00e5r <a href=\"https:\/\/moverdb.com\/sv\/recensioner\/\">granskningsprocess.<\/a>.<\/p>\n<p><strong>Webbplatser:<\/strong> <a href=\"https:\/\/www.crownrelo.com\/\" target=\"_blank\" rel=\"noopener\">https:\/\/www.crownrelo.com\/<\/a>; USA: <a href=\"https:\/\/www.crownworldwide.com\/en-us\" rel=\"noopener\" target=\"_blank\">https:\/\/www.crownworldwide.com\/en-us<\/a><\/p>","protected":false},"excerpt":{"rendered":"<p>Crown Relocations has its headquarters in Hong Kong. It offers its customers a range of relocation and moving services and these are listed below, together with a company profile and reviews. International Relocation Personalised service Door to door service Packing &#8211; do it yourself, selected items or full service Storage &#8211; short and long term [&hellip;]<\/p>\n","protected":false},"author":1,"featured_media":0,"parent":0,"menu_order":0,"comment_status":"closed","ping_status":"closed","template":"","meta":{"_genesis_hide_title":false,"_genesis_hide_breadcrumbs":false,"_genesis_hide_singular_image":false,"_genesis_hide_footer_widgets":false,"_genesis_custom_body_class":"","_genesis_custom_post_class":"","_genesis_layout":"","footnotes":""},"class_list":{"0":"post-1640","1":"page","2":"type-page","3":"status-publish","5":"entry"},"_links":{"self":[{"href":"https:\/\/moverdb.com\/sv\/wp-json\/wp\/v2\/pages\/1640","targetHints":{"allow":["GET"]}}],"collection":[{"href":"https:\/\/moverdb.com\/sv\/wp-json\/wp\/v2\/pages"}],"about":[{"href":"https:\/\/moverdb.com\/sv\/wp-json\/wp\/v2\/types\/page"}],"author":[{"embeddable":true,"href":"https:\/\/moverdb.com\/sv\/wp-json\/wp\/v2\/users\/1"}],"replies":[{"embeddable":true,"href":"https:\/\/moverdb.com\/sv\/wp-json\/wp\/v2\/comments?post=1640"}],"version-history":[{"count":6,"href":"https:\/\/moverdb.com\/sv\/wp-json\/wp\/v2\/pages\/1640\/revisions"}],"predecessor-version":[{"id":6199,"href":"https:\/\/moverdb.com\/sv\/wp-json\/wp\/v2\/pages\/1640\/revisions\/6199"}],"wp:attachment":[{"href":"https:\/\/moverdb.com\/sv\/wp-json\/wp\/v2\/media?parent=1640"}],"curies":[{"name":"wp","href":"https:\/\/api.w.org\/{rel}","templated":true}]}}