{"id":1624,"date":"2017-02-24T09:47:42","date_gmt":"2017-02-24T09:47:42","guid":{"rendered":"http:\/\/moverdb.com\/?page_id=1624"},"modified":"2026-01-08T13:18:22","modified_gmt":"2026-01-08T13:18:22","slug":"gil-stauffer","status":"publish","type":"page","link":"https:\/\/moverdb.com\/sv\/gil-stauffer\/","title":{"rendered":"Gil Stauffer - Internationella flyttar och flyttar Recensioner"},"content":{"rendered":"<p>Gil Stauffer \u00e4r en spansk <a href=\"https:\/\/moverdb.com\/sv\/international-removals\/\" data-internallinksmanager029f6b8e52c=\"27\" title=\"36 b\u00e4sta internationella flyttfirmor i Storbritannien\">flyttfirma<\/a> med huvudkontor i <a href=\"https:\/\/moverdb.com\/sv\/moving-to-spain\/moving-to-madrid\/\" data-internallinksmanager029f6b8e52c=\"413\" title=\"Flytta till Madrid? 2026 Levnadskostnader och tips om flytt\">Madrid<\/a>. F\u00f6retaget har m\u00e5nga tj\u00e4nster att erbjuda sina kunder och dessa listas nedan tillsammans med en f\u00f6retagsprofil och recensioner.<\/p>\n<p><strong>Internationella flyttar<\/strong><\/p>\n<ul>\n<li> Personlig flyttplan<\/li>\n<li> D\u00f6rr till d\u00f6rr<\/li>\n<li> Sj\u00f6frakt eller luftfrakt<\/li>\n<li> Fullst\u00e4ndig packningstj\u00e4nst, partiell packning eller egenpackning<\/li>\n<li> Demontering och \u00e5termontering av m\u00f6bler<\/li>\n<li> Uppackningstj\u00e4nst tillg\u00e4nglig<\/li>\n<li> Tullklarering och hj\u00e4lp med dokumentation<\/li>\n<li> F\u00f6rs\u00e4kring som ordnas<\/li>\n<li> Kort- och l\u00e5ngtidslagring finns tillg\u00e4nglig<\/li>\n<\/ul>\n<p><strong>Nationella och lokala flyttar<\/strong><\/p>\n<ul>\n<li> Personlig flyttplan<\/li>\n<li> D\u00f6rr till d\u00f6rr<\/li>\n<li> Fullst\u00e4ndig packningstj\u00e4nst, partiell packning eller egenpackning<\/li>\n<li> Uppackningstj\u00e4nst tillg\u00e4nglig<\/li>\n<li> Demontering och \u00e5termontering av m\u00f6bler<\/li>\n<li> R\u00f6jning av skr\u00e4p<\/li>\n<li> F\u00f6rs\u00e4kring som ordnas<\/li>\n<li> Kort- och l\u00e5ngtidsf\u00f6rvaring finns tillg\u00e4nglig<\/li>\n<\/ul>\n<p><strong>Kommersiella flyttar<\/strong><\/p>\n<ul>\n<li> Logistisk plan<\/li>\n<li> Flyttning efter arbetstid<\/li>\n<li> D\u00f6rr till d\u00f6rr<\/li>\n<li> Demontering och \u00e5termontering av alla m\u00f6bler.<\/li>\n<li> Borttagning och ominstallation av datorer<\/li>\n<li> R\u00f6jning av skr\u00e4p<\/li>\n<li> Omlokalisering av personal<\/li>\n<\/ul>\n<p><strong>Flyttning av anst\u00e4llda<\/strong><\/p>\n<ul>\n<li> Arbetstillst\u00e5nd<\/li>\n<li> Husjakt<\/li>\n<li> Spr\u00e5klektioner<\/li>\n<li> Tillf\u00e4lliga bost\u00e4der<\/li>\n<li> Hyra av m\u00f6bler<\/li>\n<li> S\u00f6kning av skola<\/li>\n<li> Hotellbokningar<\/li>\n<li> Bankkonton<\/li>\n<li> Leasing- och hyresavtal<\/li>\n<li> Avtal om grundl\u00e4ggande tj\u00e4nster<\/li>\n<li> Kurser i kultur och sedv\u00e4njor<\/li>\n<\/ul>\n<p><strong>Beh\u00e5llare och lagring<\/strong><\/p>\n<ul>\n<li> Varor som f\u00f6rvaras i hermetiskt f\u00f6rslutna tr\u00e4beh\u00e5llare.<\/li>\n<li> S\u00e4kerhet dygnet runt<\/li>\n<li> Klimatkontrollerad<\/li>\n<li> Beh\u00e5llare som behandlats f\u00f6r skadedjursbek\u00e4mpning<\/li>\n<li> Brandskydds\u00e5tg\u00e4rder som vidtagits<\/li>\n<\/ul>\n<p><strong>Avdelningen f\u00f6r dokument<\/strong><\/p>\n<ul>\n<li> Dokumentarkiv<\/li>\n<li> F\u00f6rvaring av konfidentiell dokumentation<\/li>\n<li> Elektronisk lagring av arkiv finns tillg\u00e4nglig<\/li>\n<li> H\u00f6g s\u00e4kerhetsniv\u00e5<\/li>\n<li> Klimatkontrollerad<\/li>\n<\/ul>\n<p><strong>Transport av konstverk<\/strong><\/p>\n<ul>\n<li> R\u00f6rliga utst\u00e4llningar<\/li>\n<li> H\u00f6g teknisk expertis<\/li>\n<li> S\u00e4rskilda hanteringstekniker<\/li>\n<li> Flyttbilarna \u00e4r klimatkontrollerade<\/li>\n<\/ul>\n<p><strong>Kurirtj\u00e4nst<\/strong><\/p>\n<ul>\n<li> Lokalt och internationellt<\/li>\n<li> Paket eller dokument<\/li>\n<li> Sp\u00e5ra online<\/li>\n<li> Ingen viktgr\u00e4ns<\/li>\n<li> Luftfrakt, sj\u00f6frakt eller landfrakt<\/li>\n<\/ul>\n<h2>Gil Stauffer F\u00f6retagsprofil<\/h2>\n<p>Gil Stauffer \u00e4r en spansk flyttfirma som grundades 1905. Huvudkontoret ligger i Madrid, med 33 kontor utspridda \u00f6ver hela landet. <a href=\"https:\/\/moverdb.com\/sv\/moving-to-spain\/\" data-internallinksmanager029f6b8e52c=\"266\" title=\"Flyttar du till Spanien? 2026 Levnadskostnader och flyttningstips\">Spanien<\/a> och Balearerna. F\u00f6retaget kan skryta med att det kan flytta kunderna var som helst, vilken dag som helst p\u00e5 \u00e5ret. F\u00f6retaget har kontor i Europa, i <a href=\"https:\/\/moverdb.com\/sv\/moving-to-the-united-states\/\" data-internallinksmanager029f6b8e52c=\"94\" title=\"Flyttar du till USA? 2026 Levnadskostnader och flyttningstips\">F\u00f6renta staterna<\/a>, Oceanien, Asien och Afrika.<\/p>\n<p>Gil Stauffer \u00e4r stolt \u00f6ver sin pionj\u00e4randa. P\u00e5 1950-talet konstruerade f\u00f6retaget den enda lastbilen i Spanien som kunde transportera enstaka laster p\u00e5 upp till 200 ton. F\u00f6retaget var ocks\u00e5 ett av de f\u00f6rsta att anv\u00e4nda TECO-systemet (Container Express Train System) f\u00f6r \u00f6ver 70 \u00e5r sedan.<\/p>\n<p>F\u00f6retaget har specialiserade utbildningsprogram och insisterar p\u00e5 att personalen p\u00e5 den internationella avdelningen talar utm\u00e4rkt engelska och andra spr\u00e5k. F\u00f6retaget har en mycket imponerande fordonsflotta som t\u00e4cker alla t\u00e4nkbara kundbehov.<\/p>\n<p>F\u00f6retaget erbjuder sina kunder internationella och inhemska flyttar, samt f\u00f6retags- och kontorsflyttar och flyttning av anst\u00e4llda.<br \/>\nGil Stauffer har f\u00f6ljande ackrediteringar och medlemskap:<\/p>\n<ul>\n<li> <a href=\"https:\/\/moverdb.com\/sv\/fidi-faim\/\">FIDI<\/a><\/li>\n<li> <a href=\"https:\/\/moverdb.com\/sv\/jag-ar\/\">IAM<\/a><\/li>\n<li> <a href=\"https:\/\/moverdb.com\/sv\/amsa\/\">AMSA<\/a><\/li>\n<li> <a href=\"https:\/\/moverdb.com\/sv\/fedemac\/\">FEDEMAC<\/a><\/li>\n<li> <a href=\"https:\/\/moverdb.com\/sv\/lacma\/\">LACMA<\/a><\/li>\n<li> PAIMA<\/li>\n<\/ul>\n<h2>Gil Stauffer Company Recensioner<\/h2>\n<p><strong>Positivt:<\/strong><\/p>\n<ul>\n<li> Inga tillg\u00e4ngliga och inga vittnesm\u00e5l kunde hittas p\u00e5 plats.<\/li>\n<\/ul>\n<p><strong>Negativt:<\/strong><\/p>\n<ul>\n<li> <em>\"Anv\u00e4nd inte Gil Stauffer f\u00f6r att flytta dina saker. Du kommer att \u00e5ngra det.\"<\/em> - Craig Bugden via <a href=\"https:\/\/uk.trustpilot.com\/reviews\/56ec28640000ff00094734c0\" target=\"_blank\" rel=\"noopener\">Trustpilot<\/a><\/li>\n<\/ul>\n<div itemprop=\"review\" itemscope itemtype=\"http:\/\/schema.org\/Review\">\n<span itemprop=\"author\" itemscope=\"\" itemtype=\"http:\/\/schema.org\/Organization\"><span itemprop=\"name\">MoverDB.com<\/span><\/span> Webbplatsgranskning p\u00e5 n\u00e4tet f\u00f6r <span itemprop=\"itemreviewed\" itemscope=\"\" itemtype=\"http:\/\/schema.org\/Brand\"><span itemprop=\"name\">Gil Stauffer<\/span><\/span>:<\/p>\n<ol>\n<li> Tydliga kontaktuppgifter p\u00e5 webbplatsen (inklusive telefonnummer): <strong>Ja<\/strong><\/li>\n<li> L\u00e4tt att f\u00e5 <a href=\"https:\/\/moverdb.com\/sv\/citat\/\">offerter f\u00f6r internationella flyttningar<\/a>? (Formul\u00e4r f\u00f6r beg\u00e4ran om uppskattning online): <strong>Ja<\/strong>, men endast via e-post (inget formul\u00e4r)<\/li>\n<li> Tydlig information p\u00e5 webbplatsen: <strong>N\u00e5gra,<\/strong> Webbplatsen har en hyfsad m\u00e4ngd information om deras tj\u00e4nster, men g\u00e5r inte in i detalj.<\/li>\n<li> Medlemskap i internationellt erk\u00e4nda flyttorganisationer: <strong>Ja<\/strong>, men de finns inte p\u00e5 deras webbplats.<\/li>\n<li> F\u00f6rteckning \u00f6ver kunder och\/eller tidigare kundreferenser: <strong>Nej,<\/strong> och den enda recension vi kunde hitta om dem p\u00e5 engelska var negativ.<\/li>\n<\/ol>\n<div itemprop=\"reviewRating\" itemscope itemtype=\"http:\/\/schema.org\/Rating\"><meta itemprop=\"worstRating\" content = \"0\" \/><meta itemprop=\"bestRating\" content=\"5\" \/><meta itemprop=\"ratingValue\" content=\"3.5\"><\/div>\n<p><strong>Sammanfattande betyg: 3.5\/5<\/strong><br \/>\n<strong>Datum f\u00f6r granskning:<\/strong> <span itemprop=\"datePublished\" content=\"2017-02-24\">24\/02\/2017<\/span>\n<\/div>\n<p>L\u00e4s mer om <a href=\"https:\/\/moverdb.com\/sv\/flyttfirmor\/\">internationella flyttfirmor<\/a> och v\u00e5r <a href=\"https:\/\/moverdb.com\/sv\/recensioner\/\">granskningsprocess.<\/a>.<\/p>\n<p><strong>Webbplats:<\/strong> <a href=\"http:\/\/www.gil-stauffer.com\/?lang=en\" target=\"_blank\" rel=\"noopener\">http:\/\/www.gil-stauffer.com\/<\/a><\/p>","protected":false},"excerpt":{"rendered":"<p>Gil Stauffer is a Spanish removal company with its headquarters in Madrid. The company has many services to offer its customers and these are listed below together with a company profile and reviews. International Moves Personalised moving plan Door to door Sea freight or air freight Full packing service, partial packing or self-packing Disassembly and [&hellip;]<\/p>\n","protected":false},"author":1,"featured_media":0,"parent":0,"menu_order":0,"comment_status":"closed","ping_status":"closed","template":"","meta":{"_genesis_hide_title":false,"_genesis_hide_breadcrumbs":false,"_genesis_hide_singular_image":false,"_genesis_hide_footer_widgets":false,"_genesis_custom_body_class":"","_genesis_custom_post_class":"","_genesis_layout":"","footnotes":""},"class_list":{"0":"post-1624","1":"page","2":"type-page","3":"status-publish","5":"entry"},"_links":{"self":[{"href":"https:\/\/moverdb.com\/sv\/wp-json\/wp\/v2\/pages\/1624","targetHints":{"allow":["GET"]}}],"collection":[{"href":"https:\/\/moverdb.com\/sv\/wp-json\/wp\/v2\/pages"}],"about":[{"href":"https:\/\/moverdb.com\/sv\/wp-json\/wp\/v2\/types\/page"}],"author":[{"embeddable":true,"href":"https:\/\/moverdb.com\/sv\/wp-json\/wp\/v2\/users\/1"}],"replies":[{"embeddable":true,"href":"https:\/\/moverdb.com\/sv\/wp-json\/wp\/v2\/comments?post=1624"}],"version-history":[{"count":3,"href":"https:\/\/moverdb.com\/sv\/wp-json\/wp\/v2\/pages\/1624\/revisions"}],"predecessor-version":[{"id":6215,"href":"https:\/\/moverdb.com\/sv\/wp-json\/wp\/v2\/pages\/1624\/revisions\/6215"}],"wp:attachment":[{"href":"https:\/\/moverdb.com\/sv\/wp-json\/wp\/v2\/media?parent=1624"}],"curies":[{"name":"wp","href":"https:\/\/api.w.org\/{rel}","templated":true}]}}