{"id":1614,"date":"2017-04-27T14:28:26","date_gmt":"2017-04-27T14:28:26","guid":{"rendered":"http:\/\/moverdb.com\/?page_id=1614"},"modified":"2026-01-08T13:18:27","modified_gmt":"2026-01-08T13:18:27","slug":"hamburg-sud","status":"publish","type":"page","link":"https:\/\/moverdb.com\/sv\/hamburg-sud\/","title":{"rendered":"Hamburg S\u00fcd Group - Internationella frakttj\u00e4nster och recensioner"},"content":{"rendered":"<p>Hamburg S\u00fcd \u00e4r ett tyskt <a href=\"https:\/\/moverdb.com\/sv\/shipping-companies\/\" data-internallinksmanager029f6b8e52c=\"4\" title=\"Topp 10 internationella containerrederier\">rederi<\/a> som erbjuder sina kunder en rad olika tj\u00e4nster. Dessa listas nedan tillsammans med en f\u00f6retagsprofil och recensioner. (<em><strong>Observera:<\/strong> <a href=\"https:\/\/moverdb.com\/sv\/maersk\/\" target=\"_blank\" rel=\"noopener\">Maersk Line<\/a> h\u00e5ller p\u00e5 att k\u00f6pa f\u00f6retaget<\/em>).<\/p>\n<h3>Internationell containerf\u00f6rs\u00e4ndelse<\/h3>\n<ul>\n<li> Planering av experter<\/li>\n<li> D\u00f6rr till d\u00f6rr<\/li>\n<li> Intermodala tj\u00e4nster tillg\u00e4ngliga<\/li>\n<\/ul>\n<p><strong>Torra laster<\/strong><\/p>\n<p><strong>Farlig last<\/strong><\/p>\n<ul>\n<li> Varje beg\u00e4ran granskas av experter<\/li>\n<li> M\u00e5ste f\u00f6lja lagstadgade best\u00e4mmelser.<\/li>\n<li> Certifierad s\u00e4kerhetsr\u00e5dgivare f\u00f6r farligt gods (DGSA) ger r\u00e5d om alla transporter.<\/li>\n<li> Moderna fartyg f\u00f6r transport av farligt gods<\/li>\n<li> Strikt uppm\u00e4rksamhet p\u00e5 \u00f6verensst\u00e4mmelse med stuvningsbest\u00e4mmelserna<\/li>\n<\/ul>\n<p><strong>Frakt med omlastning<\/strong><\/p>\n<ul>\n<li> Frukt, gr\u00f6nsaker, blommor, v\u00e4xter<\/li>\n<li> K\u00f6tt, fisk och skaldjur<\/li>\n<li> L\u00e4kemedel, fotografiskt material och kemikalier<\/li>\n<li> Mejeri och juice<\/li>\n<li> <a href=\"https:\/\/moverdb.com\/sv\/container-transport\/\">20\u2032 och 40\u2032 beh\u00e5llare<\/a><\/li>\n<li> Oavbruten kylf\u00f6rs\u00f6rjningskedja<\/li>\n<li> Atmosf\u00e4rshantering f\u00f6r sk\u00f6rdad frukt och gr\u00f6nsaker<\/li>\n<li> L\u00e4ge med flera temperaturer<\/li>\n<li> L\u00e4ge f\u00f6r gl\u00f6dlampa<\/li>\n<\/ul>\n<p><strong>S\u00e4rskild last<\/strong><\/p>\n<ul>\n<li> Brytning av bulk<\/li>\n<li> Utanf\u00f6r sp\u00e5rvidd<\/li>\n<li> H\u00f6g densitet<\/li>\n<\/ul>\n<p><strong>Andra frakttj\u00e4nster<\/strong><\/p>\n<ul>\n<li> Hantering av all relevant import- och exportdokumentation.<\/li>\n<li> Tillf\u00e4llig lagring<\/li>\n<li> Uppdelning av st\u00f6rre s\u00e4ndningar i enskilda f\u00f6rs\u00e4ndelser<\/li>\n<li> M\u00e4rkning<\/li>\n<li> Tullklarering av import och export<\/li>\n<\/ul>\n<p><strong>Fartyg<\/strong><\/p>\n<ul>\n<li> Modern flotta<\/li>\n<li> <a href=\"https:\/\/moverdb.com\/sv\/rederier\/\">Containerfartyg<\/a><\/li>\n<li> Bulkfartyg<\/li>\n<li> Produkttankfartyg<\/li>\n<\/ul>\n<p><strong>F\u00f6rs\u00e4ljning av begagnade containrar<\/strong><\/p>\n<ul>\n<li> Ett brett utbud av olika typer av beh\u00e5llare<\/li>\n<li> Tillg\u00e5ng till begagnade containrar runt om i v\u00e4rlden<\/li>\n<li> Beh\u00e5llare av h\u00f6g kvalitet<\/li>\n<li> Erfaren personal<\/li>\n<li> St\u00f6d f\u00f6r lokala spr\u00e5k<\/li>\n<\/ul>\n<p><strong>E-handel<\/strong><\/p>\n<ul>\n<li> Minuti\u00f6st exakta scheman<\/li>\n<li> Track &amp; Trace (sp\u00e5rning av containrar)<\/li>\n<li> Boknings\u00f6versikter<\/li>\n<li> Rekreation av bokningar<\/li>\n<li> \u00d6versikt \u00f6ver fraktinstruktioner<\/li>\n<li> Inl\u00e4mnande av nya fraktinstruktioner<\/li>\n<li> Kontroll av B\/L-utkast<\/li>\n<li> Skapa standardiserade rapporter f\u00f6r en s\u00e4ndning<\/li>\n<li> Sp\u00e5rning och sp\u00e5rning av gods<\/li>\n<\/ul>\n<h2>Hamburg S\u00fcd F\u00f6retagsprofil<\/h2>\n<p>Hamburg S\u00fcd startades 1871 av f\u00f6retr\u00e4dare f\u00f6r elva handelshus i Hamburg och hette Hamburg S\u00fcdamerikanische Dampfschifffahrts-Gesellschaft. \u00c5r 1914 hade f\u00f6retaget 50 \u00e5ngfartyg, varav alla f\u00f6rst\u00f6rdes under f\u00f6rsta v\u00e4rldskriget. <\/p>\n<p>F\u00f6retaget b\u00f6rjade \u00e5teruppbyggas 1920 och startade ett kryssningsf\u00f6retag. \u00c5r 1939 har Hamburg S\u00fcd v\u00e4rldens st\u00f6rsta flotta med totalt 52 fartyg.<\/p>\n<p>Under andra v\u00e4rldskriget f\u00f6rlorade f\u00f6retaget \u00e5terigen hela sin flotta. Hamburg S\u00fcd \u00e5terupptog l\u00e5ngsamt kryssningsverksamheten och diversifierade sig till trampfarten. Man b\u00f6rjade med tankfartyg och kyltransporter och 1971 hade man g\u00e5tt in i <a href=\"https:\/\/moverdb.com\/sv\/container-shipping\/\" data-internallinksmanager029f6b8e52c=\"3\" title=\"Diagram \u00f6ver internationella containerfraktpriser: April 2026\">containertransporter<\/a>.<\/p>\n<p>F\u00f6retaget \u00e4r nu rankat bland de tio b\u00e4sta containerrederierna i v\u00e4rlden. Det har 127 <a href=\"https:\/\/moverdb.com\/sv\/top-10-largest-container-ships-in-2022\/\" data-internallinksmanager029f6b8e52c=\"84\" title=\"Topp 10 st\u00f6rsta containerfartygen 2026\">Containerfartyg.<\/a> med en kapacitet p\u00e5 \u00f6ver 600 000 TEU och 50 linjetrafiklinjer. Hamburg S\u00fcd har \u00f6ver 6 000 anst\u00e4llda p\u00e5 250 kontor \u00f6ver hela v\u00e4rlden.<\/p>\n<p>Hamburg S\u00fcd har f\u00f6ljande ackrediteringar och anslutningar:<\/p>\n<ul>\n<li> <a href=\"https:\/\/moverdb.com\/sv\/varlds-sjofartsrad\/\">World Shipping Council (V\u00e4rlds sj\u00f6fartsr\u00e5d)<\/a> (<a href=\"https:\/\/moverdb.com\/sv\/world-shipping-council\/\" data-internallinksmanager029f6b8e52c=\"82\" title=\"World Shipping Council (WSC) f\u00f6rklaras\">WSC<\/a>)<\/li>\n<li> Arbetsgruppen f\u00f6r rena laster (CCWG)<\/li>\n<li> <a href=\"https:\/\/moverdb.com\/sv\/moving-to-the-united-states\/\" data-internallinksmanager029f6b8e52c=\"94\" title=\"Flyttar du till USA? 2026 Levnadskostnader och flyttningstips\">USA<\/a> Milj\u00f6skyddsmyndigheten (EPA)<\/li>\n<li> Verband Deutsche Reeder (VDR)<\/li>\n<li> S\u00e4kerhetscertifikat f\u00f6r internationell sj\u00f6fart (ISSC)<\/li>\n<li> R\u00e5dgivande n\u00e4mnden f\u00f6r EIPP-standarder<\/li>\n<\/ul>\n<p><strong>Recensioner av Hamburg S\u00fcd Group<\/strong><\/p>\n<p><em>I skrivande stund kunde vi inte hitta n\u00e5gra positiva eller negativa recensioner om Hamburg S\u00fcd's shippingtj\u00e4nster p\u00e5 n\u00e4tet.<\/em><\/p>\n<p><strong><\/p>\n<div itemprop=\"review\" itemscope itemtype=\"http:\/\/schema.org\/Review\">\n<span itemprop=\"author\" itemscope=\"\" itemtype=\"http:\/\/schema.org\/Organization\"><span itemprop=\"name\">MoverDB.com<\/span><\/span> Webbplatsgranskning p\u00e5 n\u00e4tet f\u00f6r <span itemprop=\"itemreviewed\" itemscope=\"\" itemtype=\"http:\/\/schema.org\/Brand\"><span itemprop=\"name\">Hamburg S\u00fcd<\/span><\/span>:<\/strong> <\/strong>.<\/p>\n<ol>\n<li> Tydliga kontaktuppgifter p\u00e5 webbplatsen (inklusive telefonnummer): <strong>Ja<\/strong><\/li>\n<li> \u00c4r det l\u00e4tt att f\u00e5 offerter f\u00f6r internationell frakt? (Formul\u00e4r f\u00f6r beg\u00e4ran om uppskattning online): <strong>P\u00e5 s\u00e4tt och vis<\/strong>, m\u00e5ste du registrera dig f\u00f6r att g\u00f6ra en ny bokning.<\/li>\n<li> Tydlig information p\u00e5 webbplatsen: <strong>Ja,<\/strong> P\u00e5 webbplatsen finns en tydlig beskrivning av alla tj\u00e4nster som f\u00f6retaget erbjuder.<\/li>\n<li> Medlemskap i internationellt erk\u00e4nda sj\u00f6fartsorganisationer: <strong>Ja<\/strong>, se ovan.<\/li>\n<li> F\u00f6rteckning \u00f6ver kunder och\/eller tidigare kundreferenser. <strong>Nej,<\/strong> men de listar de m\u00e5nga utm\u00e4rkelser som de har vunnit.<\/li>\n<\/ol>\n<div itemprop=\"reviewRating\" itemscope itemtype=\"http:\/\/schema.org\/Rating\"><meta itemprop=\"worstRating\" content = \"0\" \/><meta itemprop=\"bestRating\" content=\"5\" \/><meta itemprop=\"ratingValue\" content=\"4\"><\/div>\n<p><strong>Sammanfattande betyg: 4\/5<\/strong><br \/>\n<strong>Datum f\u00f6r granskning:<\/strong> <span itemprop=\"datePublished\" content=\"2017-04-27\">27\/04\/2017<\/span>\n<\/div>\n<p>Mer om andra <a href=\"https:\/\/moverdb.com\/sv\/rederier\/\">internationella rederier<\/a>, <a href=\"https:\/\/moverdb.com\/sv\/container-transport\/\">fraktpriser f\u00f6r containrar<\/a> och v\u00e5r <a href=\"https:\/\/moverdb.com\/sv\/recensioner\/\">granskningsprocess.<\/a>.<\/p>\n<p><strong>Webbplats:<\/strong> <a href=\"http:\/\/www.hamburgsud.com\" target=\"_blank\" rel=\"noopener\">http:\/\/www.hamburgsud.com<\/a><\/p>","protected":false},"excerpt":{"rendered":"<p>Hamburg S\u00fcd is a German shipping company which offers its customers a range of services. These are listed below together with a company profile and reviews. (Note: Maersk Line is in the process of buying the company). International Container Shipping Planning by experts Door to door Intermodal services available Dry Cargo Hazardous Cargo Each request [&hellip;]<\/p>\n","protected":false},"author":1,"featured_media":0,"parent":0,"menu_order":0,"comment_status":"closed","ping_status":"closed","template":"","meta":{"_genesis_hide_title":false,"_genesis_hide_breadcrumbs":false,"_genesis_hide_singular_image":false,"_genesis_hide_footer_widgets":false,"_genesis_custom_body_class":"","_genesis_custom_post_class":"","_genesis_layout":"","footnotes":""},"class_list":{"0":"post-1614","1":"page","2":"type-page","3":"status-publish","5":"entry"},"_links":{"self":[{"href":"https:\/\/moverdb.com\/sv\/wp-json\/wp\/v2\/pages\/1614","targetHints":{"allow":["GET"]}}],"collection":[{"href":"https:\/\/moverdb.com\/sv\/wp-json\/wp\/v2\/pages"}],"about":[{"href":"https:\/\/moverdb.com\/sv\/wp-json\/wp\/v2\/types\/page"}],"author":[{"embeddable":true,"href":"https:\/\/moverdb.com\/sv\/wp-json\/wp\/v2\/users\/1"}],"replies":[{"embeddable":true,"href":"https:\/\/moverdb.com\/sv\/wp-json\/wp\/v2\/comments?post=1614"}],"version-history":[{"count":4,"href":"https:\/\/moverdb.com\/sv\/wp-json\/wp\/v2\/pages\/1614\/revisions"}],"predecessor-version":[{"id":6217,"href":"https:\/\/moverdb.com\/sv\/wp-json\/wp\/v2\/pages\/1614\/revisions\/6217"}],"wp:attachment":[{"href":"https:\/\/moverdb.com\/sv\/wp-json\/wp\/v2\/media?parent=1614"}],"curies":[{"name":"wp","href":"https:\/\/api.w.org\/{rel}","templated":true}]}}