{"id":1610,"date":"2017-04-24T11:17:52","date_gmt":"2017-04-24T11:17:52","guid":{"rendered":"http:\/\/moverdb.com\/?page_id=1610"},"modified":"2026-01-08T13:18:28","modified_gmt":"2026-01-08T13:18:28","slug":"hapag-lloyd","status":"publish","type":"page","link":"https:\/\/moverdb.com\/sv\/hapag-lloyd\/","title":{"rendered":"Hapag-Lloyd - Internationella frakttj\u00e4nster och recensioner"},"content":{"rendered":"<p>Hapag-Lloyd \u00e4r ett globalt <a href=\"https:\/\/moverdb.com\/sv\/shipping-companies\/\" data-internallinksmanager029f6b8e52c=\"4\" title=\"Topp 10 internationella containerrederier\">rederi<\/a> med huvudkontor i Hamburg, <a href=\"https:\/\/moverdb.com\/sv\/moving-to-germany\/\" data-internallinksmanager029f6b8e52c=\"321\" title=\"Flyttar du till Tyskland? 2026 Levnadskostnader och flyttningstips\">Tyskland<\/a>. F\u00f6retaget erbjuder sina kunder ett brett utbud av transport- och logistikl\u00f6sningar. Dessa listas nedan tillsammans med en f\u00f6retagsprofil och recensioner.<\/p>\n<h3>Internationell frakt<\/h3>\n<p><strong>Torra laster<\/strong><\/p>\n<ul>\n<li> Ett brett utbud av containerl\u00f6sningar<\/li>\n<li> Snabba transiteringstider<\/li>\n<li> Tillf\u00f6rlitlighet i schemat p\u00e5 punkt och pricka<\/li>\n<li> D\u00f6rr till d\u00f6rr service erbjuds<\/li>\n<li> Kemikalief\u00f6rs\u00e4ndelser, efterlevnad av best\u00e4mmelser<\/li>\n<\/ul>\n<p><strong>Frakt med omlastning<\/strong><\/p>\n<ul>\n<li> Frukt, gr\u00f6nsaker, k\u00f6tt, fisk, blommor<\/li>\n<li> Farmaceutiska produkter med h\u00f6gt v\u00e4rde<\/li>\n<li> Kontrollerad atmosf\u00e4r<\/li>\n<li> ExtraFresh- och EverFresh-tekniken anv\u00e4nds f\u00f6r att minska kondensering.<\/li>\n<li> Professionella handl\u00e4ggare<\/li>\n<\/ul>\n<p><strong>Farligt gods<\/strong><\/p>\n<ul>\n<li> Personliga l\u00f6sningar f\u00f6r varje komplex transport av farligt gods<\/li>\n<li> Support dygnet runt fr\u00e5n experter p\u00e5 farligt gods p\u00e5 alla regionala huvudkontor (Hamburg, Valparaiso, Piscataway och <a href=\"https:\/\/moverdb.com\/sv\/moving-to-singapore\/\" data-internallinksmanager029f6b8e52c=\"68\" title=\"Flyttar du till Singapore? 2026 Levnadskostnader och flyttningstips\">Singapore<\/a>)<\/li>\n<li> Flera experter p\u00e5 farligt gods p\u00e5 jour under helgerna<\/li>\n<li> Snabb och tillf\u00f6rlitlig bokningskontroll f\u00f6r att s\u00e4kerst\u00e4lla internationella r\u00e4ttsliga krav och en smidig transport av varor.<\/li>\n<li> Korrekt stuvning och segregering ombord f\u00f6r att s\u00e4kerst\u00e4lla en s\u00e4ker sj\u00f6resa f\u00f6r all last.<\/li>\n<li> Vid behov anv\u00e4nda s\u00e4kra transport\u00e5tg\u00e4rder som g\u00e5r ut\u00f6ver kraven i IMDG-koden.<\/li>\n<\/ul>\n<p><strong>S\u00e4rskild last<\/strong><\/p>\n<ul>\n<li> Specialiserat team<\/li>\n<li> Breakbulk - experter planerar \u00f6verdimensionerade projekt<\/li>\n<\/ul>\n<p><strong>Beh\u00e5llare<\/strong><\/p>\n<ul>\n<li> Uppfyller ISO-kraven<\/li>\n<li> Torr last - Standard, Standard High Cube, Standard Hardtop, Standard High Cube Hardtop<\/li>\n<li> Reefer Cargo - H\u00e5ller temperaturen fr\u00e5n -35\u00b0C till +30\u00b0C<\/li>\n<li> L\u00e5g taravikt = h\u00f6g nyttolast<\/li>\n<li> Special Cargo - Flatrack\/Platform, Flatrack High Cube, Open Top\/Hard Top, Open Top High Cube, Hardtop High Cube.<\/li>\n<\/ul>\n<p><strong>Kryssningar<\/strong><\/p>\n<ul>\n<li> 125 \u00e5rs erfarenhet<\/li>\n<li> V\u00e4rldskryssningar<\/li>\n<\/ul>\n<h2>Hapag-Lloyds f\u00f6retagsprofil<\/h2>\n<p>Hapag-Lloyd grundades 1970 n\u00e4r Hamburg-Amerikanische Packetfahrt-Actien-Gesellschaft (Hapag) och Norddeutscher Lloyd slogs samman. B\u00e5da dessa f\u00f6retag startade i mitten av 1800-talet n\u00e4r utvandringen fr\u00e5n Europa till <a href=\"https:\/\/moverdb.com\/sv\/moving-to-the-united-states\/\" data-internallinksmanager029f6b8e52c=\"94\" title=\"Flyttar du till USA? 2026 Levnadskostnader och flyttningstips\">F\u00f6renta staterna<\/a> b\u00f6rjade p\u00e5 allvar.<\/p>\n<p>Idag betj\u00e4nar Hapag-Lloyd marknader och kunder globalt och har ett omfattande linjen\u00e4tverk som f\u00f6rbinder v\u00e4rlden. F\u00f6retaget har \u00f6ver 190 fartyg som transporterar i genomsnitt 7,4 TEU per \u00e5r. F\u00f6retaget har cirka 9 300 anst\u00e4llda och \u00f6ver 600 kontor i 120 l\u00e4nder runt om i v\u00e4rlden. <\/p>\n<p>Hapag-Lloyds flotta har en total kapacitet p\u00e5 955 000 TEU och ett containerlager p\u00e5 1,5 miljoner TEU. Den har en av v\u00e4rldens st\u00f6rsta och moderna kylcontainerflottor.<\/p>\n<p>Hapag-Lloyd har f\u00f6ljande ackrediteringar och anslutningar:<\/p>\n<ul>\n<li> Internationellt s\u00e4kerhetscertifikat f\u00f6r fartyg (ISSC)<\/li>\n<li> Certifikat f\u00f6r s\u00e4kerhetsstyrning (SMC)<\/li>\n<li> Konventionen om arbete till sj\u00f6ss (MLC)<\/li>\n<li> <a href=\"https:\/\/moverdb.com\/sv\/varlds-sjofartsrad\/\">World Shipping Council (V\u00e4rlds sj\u00f6fartsr\u00e5d)<\/a> (<a href=\"https:\/\/moverdb.com\/sv\/world-shipping-council\/\" data-internallinksmanager029f6b8e52c=\"82\" title=\"World Shipping Council (WSC) f\u00f6rklaras\">WSC<\/a>)<\/li>\n<\/ul>\n<h2>Hapag-Lloyd Shipping Recensioner<\/h2>\n<p><em>I skrivande stund kunde vi inte hitta n\u00e5gra recensioner av Hapag-Lloyds frakttj\u00e4nster p\u00e5 n\u00e4tet.<\/em>  <\/p>\n<p><strong><\/p>\n<div itemprop=\"review\" itemscope itemtype=\"http:\/\/schema.org\/Review\">\n<span itemprop=\"author\" itemscope=\"\" itemtype=\"http:\/\/schema.org\/Organization\"><span itemprop=\"name\">MoverDB.com<\/span><\/span> Webbplatsgranskning p\u00e5 n\u00e4tet f\u00f6r <span itemprop=\"itemreviewed\" itemscope=\"\" itemtype=\"http:\/\/schema.org\/Brand\"><span itemprop=\"name\">Hapag-Lloyd<\/span><\/span>:<\/strong> <\/strong>.<\/p>\n<ol>\n<li> Tydliga kontaktuppgifter p\u00e5 webbplatsen (inklusive telefonnummer): <strong>Ja<\/strong><\/li>\n<li> L\u00e4tt att f\u00e5 <a href=\"https:\/\/moverdb.com\/sv\/container-shipping\/\" data-internallinksmanager029f6b8e52c=\"3\" title=\"Diagram \u00f6ver internationella containerfraktpriser: April 2026\">Internationell frakt<\/a> citat? (Formul\u00e4r f\u00f6r beg\u00e4ran om kostnadsf\u00f6rslag online): <strong>Ja<\/strong><\/li>\n<li> Tydlig information p\u00e5 webbplatsen: <strong>Ja,<\/strong> Webbplatsen \u00e4r mycket detaljerad och v\u00e4l utformad.<\/li>\n<li> Medlemskap i internationellt erk\u00e4nda sj\u00f6fartsorganisationer: <strong>Ja<\/strong>, (se ovan).<\/li>\n<li> F\u00f6rteckning \u00f6ver kunder och\/eller tidigare kundreferenser. <strong>Nej,<\/strong> men de listar utm\u00e4rkelser och certifieringar.<\/li>\n<\/ol>\n<div itemprop=\"reviewRating\" itemscope itemtype=\"http:\/\/schema.org\/Rating\"><meta itemprop=\"worstRating\" content = \"0\" \/><meta itemprop=\"bestRating\" content=\"5\" \/><meta itemprop=\"ratingValue\" content=\"4.5\"><\/div>\n<p><strong>Sammanfattande betyg: 4.5\/5<\/strong><br \/>\n<strong>Datum f\u00f6r granskning:<\/strong> <span itemprop=\"datePublished\" content=\"2017-04-24\">24\/04\/2017<\/span>\n<\/div>\n<p>Mer om andra <a href=\"https:\/\/moverdb.com\/sv\/rederier\/\">internationella rederier<\/a>, <a href=\"https:\/\/moverdb.com\/sv\/container-transport\/\">kostnader f\u00f6r containertransporter<\/a> och v\u00e5r <a href=\"https:\/\/moverdb.com\/sv\/recensioner\/\">granskningsprocess.<\/a>.<\/p>\n<p><strong>Webbplats:<\/strong> <a href=\"https:\/\/www.hapag-lloyd.com\/en\/home.html\" target=\"_blank\" rel=\"noopener\">https:\/\/www.hapag-lloyd.com\/en\/home.html<\/a><\/p>","protected":false},"excerpt":{"rendered":"<p>Hapag-Lloyd is a global shipping company with its head office in Hamburg, Germany. It offers its clients a wide range of shipping and logistics solutions. These are listed below together with a company profile and reviews. International Shipping Dry Cargo Broad range of container solutions Fast transit times On point schedule reliability Door to door [&hellip;]<\/p>\n","protected":false},"author":1,"featured_media":0,"parent":0,"menu_order":0,"comment_status":"closed","ping_status":"closed","template":"","meta":{"_genesis_hide_title":false,"_genesis_hide_breadcrumbs":false,"_genesis_hide_singular_image":false,"_genesis_hide_footer_widgets":false,"_genesis_custom_body_class":"","_genesis_custom_post_class":"","_genesis_layout":"","footnotes":""},"class_list":{"0":"post-1610","1":"page","2":"type-page","3":"status-publish","5":"entry"},"_links":{"self":[{"href":"https:\/\/moverdb.com\/sv\/wp-json\/wp\/v2\/pages\/1610","targetHints":{"allow":["GET"]}}],"collection":[{"href":"https:\/\/moverdb.com\/sv\/wp-json\/wp\/v2\/pages"}],"about":[{"href":"https:\/\/moverdb.com\/sv\/wp-json\/wp\/v2\/types\/page"}],"author":[{"embeddable":true,"href":"https:\/\/moverdb.com\/sv\/wp-json\/wp\/v2\/users\/1"}],"replies":[{"embeddable":true,"href":"https:\/\/moverdb.com\/sv\/wp-json\/wp\/v2\/comments?post=1610"}],"version-history":[{"count":3,"href":"https:\/\/moverdb.com\/sv\/wp-json\/wp\/v2\/pages\/1610\/revisions"}],"predecessor-version":[{"id":6218,"href":"https:\/\/moverdb.com\/sv\/wp-json\/wp\/v2\/pages\/1610\/revisions\/6218"}],"wp:attachment":[{"href":"https:\/\/moverdb.com\/sv\/wp-json\/wp\/v2\/media?parent=1610"}],"curies":[{"name":"wp","href":"https:\/\/api.w.org\/{rel}","templated":true}]}}