{"id":1592,"date":"2017-04-21T13:39:38","date_gmt":"2017-04-21T13:39:38","guid":{"rendered":"http:\/\/moverdb.com\/?page_id=1592"},"modified":"2026-01-08T14:40:07","modified_gmt":"2026-01-08T14:40:07","slug":"maersk","status":"publish","type":"page","link":"https:\/\/moverdb.com\/sv\/maersk\/","title":{"rendered":"Maersk Line - Internationella frakttj\u00e4nster och recensioner"},"content":{"rendered":"<p>Maersk Line \u00e4r en del av A.P. Moller-Maersk Group, ett v\u00e4rldsomsp\u00e4nnande <a href=\"https:\/\/moverdb.com\/sv\/shipping-companies\/\" data-internallinksmanager029f6b8e52c=\"4\" title=\"Topp 10 internationella containerrederier\">rederi<\/a> med s\u00e4te i K\u00f6penhamn, <a href=\"https:\/\/moverdb.com\/sv\/moving-to-denmark\/\" data-internallinksmanager029f6b8e52c=\"335\" title=\"Flyttar du till Danmark? 2026 Levnadskostnader och tips om flytt\">Danmark<\/a>. F\u00f6retaget erbjuder sina kunder ett brett utbud av tj\u00e4nster som listas nedan, tillsammans med en f\u00f6retagsprofil och recensioner.<\/p>\n<p><strong>Internationella frakt- och frakttj\u00e4nster<\/strong><\/p>\n<ul>\n<li> Torra laster<\/li>\n<li> D\u00f6rr till d\u00f6rr<\/li>\n<li> 20\u2032 containrar med en nyttolast p\u00e5 upp till 28,2 ton.<\/li>\n<li> 40\u2032 8\u2032 6\u2033 containrar med en nyttolast p\u00e5 upp till 28,8 ton.<\/li>\n<li> 45\u2032 9\u2032 6\u2033 h\u00f6g med en total kapacitet p\u00e5 85 kubikmeter.<\/li>\n<li> B\u00f6jbalk som g\u00f6r det m\u00f6jligt att transportera plagg p\u00e5 h\u00e4ngare utan ytterligare packning.<\/li>\n<li> Surrningsst\u00e4nger och surrningsringar f\u00f6r att ge din last extra s\u00e4kerhet.<\/li>\n<li> Lagring tillg\u00e4nglig<\/li>\n<li> Tullklarering<\/li>\n<\/ul>\n<p><strong>Frakt med omlastning<\/strong><\/p>\n<ul>\n<li> Kylcontainrar f\u00f6r sj\u00f6transporter<\/li>\n<li> D\u00f6rr till d\u00f6rr<\/li>\n<li> Noggrann hantering av lasten f\u00f6r att s\u00e4kerst\u00e4lla att produkterna \u00e4r fr\u00e4scha.<\/li>\n<li> Unik beh\u00e5llarkonstruktion ger maximal nyttolast<\/li>\n<li> Minskade koldioxidutsl\u00e4pp<\/li>\n<li> Optimal produkttemperatur<\/li>\n<li> Minskad energif\u00f6rbrukning<\/li>\n<li> 3 typer av kylcontainrar, fr\u00e5n 27 till 67 CBM lastutrymme.<\/li>\n<li> Tullklarering<\/li>\n<\/ul>\n<p><strong>S\u00e4rskild last<\/strong><\/p>\n<ul>\n<li> Leverans i tid av out of Gauge, In Gauge och Break Bulk-last.<\/li>\n<li> Leverans i tid av ditt specialgods \u00f6ver hela v\u00e4rlden<\/li>\n<li> Experter f\u00f6r specialfrakt i alla tidszoner f\u00f6r omedelbar respons och support.<\/li>\n<li> Toppmodern flotta av platta rack och \u00f6ppna toppar, tillg\u00e4ngliga d\u00e4r och n\u00e4r du beh\u00f6ver dem.<\/li>\n<li> D\u00f6rr till d\u00f6rr<\/li>\n<li> Lagring tillg\u00e4nglig<\/li>\n<li> Tullklarering<\/li>\n<\/ul>\n<p><strong>Tj\u00e4nster f\u00f6r inlandstransporter<\/strong><\/p>\n<ul>\n<li> Transportl\u00f6sning med full service<\/li>\n<li> D\u00f6rr till d\u00f6rr<\/li>\n<li> H\u00e4mtning och leverans i r\u00e4tt tid<\/li>\n<li> Stort n\u00e4tverk av transportleverant\u00f6rer av h\u00f6g kvalitet<\/li>\n<li> En enda kontaktpunkt som kombinerar dina behov av land- och sj\u00f6transporter<\/li>\n<li> St\u00e4ndig \u00f6vervakning och kvalitetss\u00e4kring<\/li>\n<li> F\u00f6rs\u00e4kring som ordnas<\/li>\n<\/ul>\n<p><strong>Begagnade containrar till salu<\/strong><\/p>\n<ul>\n<li> Anv\u00e4nds f\u00f6r f\u00f6rvaring, kontor, hus och till och med f\u00f6r en pool.<\/li>\n<li> Tillg\u00e5ng till lager f\u00f6r att tillgodose dina behov<\/li>\n<li> Ett expansivt n\u00e4tverk av begagnade containrar<\/li>\n<li> Enkla system p\u00e5 plats f\u00f6r att uppfylla ditt h\u00e4mtningsschema<\/li>\n<li> Garanterad beh\u00e5llarkvalitet<\/li>\n<\/ul>\n<h2>Maersk Line<\/h2>\n<p>Maersk Line grundades 1928. Maersk Line \u00e4gs av A.P. Moller-Maersk-koncernen och \u00e4r ett av v\u00e4rldens st\u00f6rsta rederier. <a href=\"https:\/\/moverdb.com\/sv\/rederier\/\">det st\u00f6rsta containerrederiet<\/a>som \u00e4r k\u00e4nd f\u00f6r sin flexibilitet, tillf\u00f6rlitlighet och milj\u00f6effektiva tj\u00e4nster. <\/p>\n<p>Huvudkontoret ligger i K\u00f6penhamn, Danmark. F\u00f6retaget har \u00f6ver 630 fartyg med en kapacitet p\u00e5 3,3 miljoner TEU som betj\u00e4nar 59 000 kunder \u00f6ver hela v\u00e4rlden.<\/p>\n<p>F\u00f6rra \u00e5ret transporterade Maersk cirka 12 miljoner containrar runt om i v\u00e4rlden och gjorde 46 000 hamnbes\u00f6k i 343 hamnar. <a href=\"https:\/\/moverdb.com\/sv\/top-49-container-ports\/\" data-internallinksmanager029f6b8e52c=\"80\" title=\"Topp 49 st\u00f6rsta och mest trafikerade containerhamnar 2025\">portar<\/a> i 121 l\u00e4nder. Maersk erbjuder flera dagliga avg\u00e5ngar p\u00e5 alla st\u00f6rre sj\u00f6fartsv\u00e4gar. F\u00f6r att allt ska fungera smidigt syssels\u00e4tter f\u00f6retaget 7 000 sj\u00f6m\u00e4n och 25 000 landanst\u00e4llda vid 374 kontor runt om i v\u00e4rlden.<\/p>\n<p>Maersk har \u00e5tagit sig att ge tillbaka till samh\u00e4llet och st\u00f6der projekt runt om i v\u00e4rlden som faller under tre globala program - katastrofhj\u00e4lp och beredskap, skydd av milj\u00f6n och uppmuntran av entrepren\u00f6rskap i underprivilegierade samh\u00e4llen.<\/p>\n<p>Maersk Line har f\u00f6ljande ackrediteringar och anslutningar:<\/p>\n<ul>\n<li> Internationella luft- och sj\u00f6fartsf\u00f6rbundet (IASA)<\/li>\n<li> <a href=\"https:\/\/moverdb.com\/sv\/internationella-kammaren-forsandelser\/\">Internationella sj\u00f6fartskammaren<\/a> (<a href=\"https:\/\/moverdb.com\/sv\/international-chamber-shipping\/\" data-internallinksmanager029f6b8e52c=\"78\" title=\"Internationella sj\u00f6fartskammaren (ICS) f\u00f6rklaras\">ICS<\/a>)<\/li>\n<li> WTO:s globala allians f\u00f6r handelsl\u00e4ttnader<\/li>\n<li> S\u00e4kerheten f\u00f6r m\u00e4nniskoliv till sj\u00f6ss (SOLAS)<\/li>\n<li> Federation of National Associations of Ship Brokers and Agents (FONASBA) (federationen av nationella sammanslutningar av fartygsm\u00e4klare och -agenter)<\/li>\n<\/ul>\n<h2>Recensioner av Maersk Line Company<\/h2>\n<p><em>I skrivande stund kunde vi inte hitta n\u00e5gra recensioner p\u00e5 n\u00e4tet om Maersk Lines fartygstj\u00e4nster.<\/em><\/p>\n<p><strong><\/p>\n<div itemprop=\"review\" itemscope itemtype=\"http:\/\/schema.org\/Review\">\n<span itemprop=\"author\" itemscope=\"\" itemtype=\"http:\/\/schema.org\/Organization\"><span itemprop=\"name\">MoverDB.com<\/span><\/span> Webbplatsgranskning p\u00e5 n\u00e4tet f\u00f6r <span itemprop=\"itemreviewed\" itemscope=\"\" itemtype=\"http:\/\/schema.org\/Brand\"><span itemprop=\"name\">Maersk Line<\/span><\/span>:<\/strong> <\/strong>.<\/p>\n<ol>\n<li> Tydliga kontaktuppgifter p\u00e5 webbplatsen (inklusive telefonnummer): <strong>Ja<\/strong><\/li>\n<li> L\u00e4tt att f\u00e5 <a href=\"https:\/\/moverdb.com\/sv\/container-shipping\/\" data-internallinksmanager029f6b8e52c=\"3\" title=\"Diagram \u00f6ver internationella containerfraktpriser: April 2026\">Internationell frakt<\/a> citat? (Formul\u00e4r f\u00f6r beg\u00e4ran om kostnadsf\u00f6rslag online): <strong>Ja<\/strong><\/li>\n<li> Tydlig information p\u00e5 webbplatsen: <strong>Ja,<\/strong> Webbplatsen inneh\u00e5ller en tydlig beskrivning av alla de tj\u00e4nster som f\u00f6retaget erbjuder.<\/li>\n<li> Medlemskap i internationellt erk\u00e4nda sj\u00f6fartsorganisationer: <strong>Ja<\/strong>, men inte m\u00e5nga av dem finns p\u00e5 deras webbplats.<\/li>\n<li> F\u00f6rteckning \u00f6ver kunder och\/eller tidigare kundreferenser. <strong>Nej,<\/strong> Det finns inga p\u00e5 deras webbplats.<\/li>\n<\/ol>\n<div itemprop=\"reviewRating\" itemscope itemtype=\"http:\/\/schema.org\/Rating\"><meta itemprop=\"worstRating\" content = \"0\" \/><meta itemprop=\"bestRating\" content=\"5\" \/><meta itemprop=\"ratingValue\" content=\"4\"><\/div>\n<p><strong>Sammanfattande betyg: 4\/5<\/strong><br \/>\n<strong>Datum f\u00f6r granskning:<\/strong> <span itemprop=\"datePublished\" content=\"2017-04-21\">21\/04\/2017<\/span>\n<\/div>\n<p>Mer om andra <a href=\"https:\/\/moverdb.com\/sv\/rederier\/\">internationella rederier<\/a>, <a href=\"https:\/\/moverdb.com\/sv\/container-transport\/\">fraktpriser f\u00f6r containrar<\/a> och v\u00e5r <a href=\"https:\/\/moverdb.com\/sv\/recensioner\/\">granskningsprocess.<\/a>.<\/p>\n<p><strong>Webbplats:<\/strong> <a href=\"https:\/\/www2.maerskline.com\/\" target=\"_blank\" rel=\"noopener\">https:\/\/www2.maerskline.com\/<\/a><\/p>","protected":false},"excerpt":{"rendered":"<p>Maersk Line, is part of A.P. Moller\u2013Maersk Group, a worldwide shipping company based in Copenhagen, Denmark. It offers its customers a wide range of services which are listed below, together with a company profile and reviews. International Freight and Shipping Services Dry Cargo Door to door 20&#8242; containers with payload up to 28.2 metric tons [&hellip;]<\/p>\n","protected":false},"author":1,"featured_media":0,"parent":0,"menu_order":0,"comment_status":"closed","ping_status":"closed","template":"","meta":{"_genesis_hide_title":false,"_genesis_hide_breadcrumbs":false,"_genesis_hide_singular_image":false,"_genesis_hide_footer_widgets":false,"_genesis_custom_body_class":"","_genesis_custom_post_class":"","_genesis_layout":"","footnotes":""},"class_list":{"0":"post-1592","1":"page","2":"type-page","3":"status-publish","5":"entry"},"_links":{"self":[{"href":"https:\/\/moverdb.com\/sv\/wp-json\/wp\/v2\/pages\/1592","targetHints":{"allow":["GET"]}}],"collection":[{"href":"https:\/\/moverdb.com\/sv\/wp-json\/wp\/v2\/pages"}],"about":[{"href":"https:\/\/moverdb.com\/sv\/wp-json\/wp\/v2\/types\/page"}],"author":[{"embeddable":true,"href":"https:\/\/moverdb.com\/sv\/wp-json\/wp\/v2\/users\/1"}],"replies":[{"embeddable":true,"href":"https:\/\/moverdb.com\/sv\/wp-json\/wp\/v2\/comments?post=1592"}],"version-history":[{"count":7,"href":"https:\/\/moverdb.com\/sv\/wp-json\/wp\/v2\/pages\/1592\/revisions"}],"predecessor-version":[{"id":13172,"href":"https:\/\/moverdb.com\/sv\/wp-json\/wp\/v2\/pages\/1592\/revisions\/13172"}],"wp:attachment":[{"href":"https:\/\/moverdb.com\/sv\/wp-json\/wp\/v2\/media?parent=1592"}],"curies":[{"name":"wp","href":"https:\/\/api.w.org\/{rel}","templated":true}]}}