{"id":1590,"date":"2017-01-25T12:24:31","date_gmt":"2017-01-25T12:24:31","guid":{"rendered":"http:\/\/moverdb.com\/?page_id=1590"},"modified":"2026-01-08T15:20:28","modified_gmt":"2026-01-08T15:20:28","slug":"nippon-express","status":"publish","type":"page","link":"https:\/\/moverdb.com\/sv\/nippon-express\/","title":{"rendered":"Nippon Express - Internationell flyttning och flyttning Recensioner"},"content":{"rendered":"<p>Nippon Express har sitt s\u00e4te i Tokyo, <a href=\"https:\/\/moverdb.com\/sv\/moving-to-japan\/\" data-internallinksmanager029f6b8e52c=\"342\" title=\"Flytta till Japan? 2026 Levnadskostnader och tips om flytt\">Japan<\/a>. F\u00f6retaget erbjuder sina kunder en m\u00e4ngd olika flyttj\u00e4nster. Dessa listas nedan tillsammans med en f\u00f6retagsprofil och recensioner.<\/p>\n<p><strong>Internationella flyttar<\/strong><\/p>\n<ul>\n<li> Personlig flyttledare<\/li>\n<li> D\u00f6rr till d\u00f6rr service<\/li>\n<li> Hj\u00e4lp med tull och dokumentation<\/li>\n<li> Fullst\u00e4ndig f\u00f6rpackningstj\u00e4nst, endast \u00f6mt\u00e5liga f\u00f6rem\u00e5l eller g\u00f6r-det-sj\u00e4lv-f\u00f6rpackning<\/li>\n<li> Demontering och \u00e5termontering av m\u00f6bler<\/li>\n<li> Uppackningstj\u00e4nst<\/li>\n<li> Borttagning av skr\u00e4p<\/li>\n<li> L\u00e5ng- och korttidsf\u00f6rvaring<\/li>\n<li> Flyttning av bilar<\/li>\n<li> Motorcyklar<\/li>\n<li> Pianon<\/li>\n<\/ul>\n<p><strong>Flyttj\u00e4nster - till Japan<\/strong><\/p>\n<ul>\n<li> Konsultation om flyttning<\/li>\n<li> Orientering<\/li>\n<li> S\u00f6kning p\u00e5 hemsidan<\/li>\n<li> Internationell inrikes flyttning<\/li>\n<li> S\u00f6kning av skola<\/li>\n<li> Avg\u00e5ngstj\u00e4nst, dvs. upps\u00e4gning av hyresavtal, avst\u00e4ngning av telefon och eln\u00e4t, vidarebefordran av post.<\/li>\n<\/ul>\n<p><strong>Flyttar inom landet - inom Japan<\/strong><\/p>\n<ul>\n<li> D\u00f6rr till d\u00f6rr service<\/li>\n<li> Fullst\u00e4ndig f\u00f6rpackning, partiell f\u00f6rpackning eller DIY-f\u00f6rpackning<\/li>\n<li> Demontering och \u00e5termontering av m\u00f6bler<\/li>\n<li> Uppackningstj\u00e4nst<\/li>\n<li> Borttagning av skr\u00e4p<\/li>\n<li> L\u00e5ng- och korttidsf\u00f6rvaring finns tillg\u00e4nglig<\/li>\n<li> F\u00f6rs\u00e4kring som ordnas<\/li>\n<\/ul>\n<p><strong>Spedition<\/strong><\/p>\n<ul>\n<li> Allm\u00e4nna varor och komponenter<\/li>\n<li> Konst och antikviteter<\/li>\n<li> M\u00e4ssor och utst\u00e4llningar<\/li>\n<\/ul>\n<h2>Nippon Express f\u00f6retagsprofil<\/h2>\n<p>Nippon Express \u00e4r ett av de ledande f\u00f6retagen <a href=\"https:\/\/moverdb.com\/sv\/moving-companies\/\" data-internallinksmanager029f6b8e52c=\"79\" title=\"Topp 25 internationella flyttfirmor p\u00e5 n\u00e4tet\">flyttfirmor<\/a> f\u00f6r flyttning av privatpersoner och f\u00f6retag till och runt om i Japan. F\u00f6retaget \u00e4r specialiserat p\u00e5 f\u00f6retags- och myndighetsflyttar f\u00f6r anst\u00e4llda och deras familjer som kommer till och l\u00e4mnar Japan. Nippon Express \u00e4r ocks\u00e5 k\u00e4nt f\u00f6r sina globala <a href=\"https:\/\/moverdb.com\/sv\/speditor\/\">spedition.<\/a> expertis, som transporterar varor runt om i v\u00e4rlden.<\/p>\n<p>Nippon Express startade 1937 och var 53% statligt \u00e4gt. Efter andra v\u00e4rldskriget privatiserades f\u00f6retaget. \u00c5r 1949 b\u00f6rjade f\u00f6retaget bedriva internationell spedition och agerade som ombud f\u00f6r olika internationella flygbolag. 1958 hade Nippon Express \u00f6ppnat sitt f\u00f6rsta utlandskontor i <a href=\"https:\/\/moverdb.com\/sv\/flytta-till-nyc\/\">New York<\/a>1991 fanns det 97 kontor i EU. <a href=\"https:\/\/moverdb.com\/sv\/moving-to-the-united-states\/\" data-internallinksmanager029f6b8e52c=\"94\" title=\"Flyttar du till USA? 2026 Levnadskostnader och flyttningstips\">F\u00f6renta staterna<\/a>. <\/p>\n<p>1973 k\u00f6pte f\u00f6retaget sin f\u00f6rsta <a href=\"https:\/\/moverdb.com\/sv\/rederier\/\">containerfartyg.<\/a> och inledde en frakttj\u00e4nst mellan Tokyo och Tomakomai.<\/p>\n<p>Idag har Nippon Express kontor och anl\u00e4ggningar i 260 st\u00e4der i 42 l\u00e4nder och syssels\u00e4tter 36 700 personer i Japan och ytterligare 16 000 utomlands.<\/p>\n<p>Nippon Express har f\u00f6ljande ackrediteringar och anslutningar:<\/p>\n<ul>\n<li> <a href=\"https:\/\/moverdb.com\/sv\/fidi-faim\/\">FIDI<\/a><\/li>\n<li> <a href=\"https:\/\/moverdb.com\/sv\/jag-ar\/\">Internationella sammanslutningen av flyttfirmor<\/a> (<a href=\"https:\/\/moverdb.com\/sv\/iam\/\" data-internallinksmanager029f6b8e52c=\"23\" title=\"International Association of Movers (IAM) f\u00f6rklaras\">IAM<\/a>)<\/li>\n<li> ISO 9001<\/li>\n<li> <a href=\"https:\/\/moverdb.com\/sv\/iata\/\">IATA<\/a><\/li>\n<\/ul>\n<h2>Nippon Express Recensioner<\/h2>\n<p><strong>Positivt:<\/strong><\/p>\n<ul>\n<li> <em>\"I sann japansk stil \u00e4r de artiga och respektfulla - de tar till och med av sig skorna f\u00f6r att b\u00e4ra in dina saker i huset! Det finns inget nonsens - de jobbar h\u00e4cken av sig, stannar f\u00f6r en tidsbest\u00e4md paus och s\u00e4tter sedan ig\u00e5ng direkt igen och slutar inte f\u00f6rr\u00e4n jobbet \u00e4r klart.\"<\/em> - KK W via <a href=\"https:\/\/www.yelp.co.uk\/biz\/nippon-express-usa-el-segundo?hrid=ilixQzfFmyj3IAX32d0E-A&#038;utm_campaign=www_review_share_popup&#038;utm_medium=copy_link&#038;utm_source=(direct)\" target=\"_blank\" rel=\"noopener\">Yelp<\/a><\/li>\n<\/ul>\n<p><strong>Negativt:<\/strong><\/p>\n<p><em>Vi hittade inga negativa omd\u00f6men om Nippon Express p\u00e5 n\u00e4tet.<\/em><\/p>\n<div itemprop=\"review\" itemscope itemtype=\"http:\/\/schema.org\/Review\">\n<span itemprop=\"author\" itemscope=\"\" itemtype=\"http:\/\/schema.org\/Organization\"><span itemprop=\"name\">MoverDB.com<\/span><\/span> Webbplatsgranskning p\u00e5 n\u00e4tet f\u00f6r <span itemprop=\"itemreviewed\" itemscope=\"\" itemtype=\"http:\/\/schema.org\/Brand\"><span itemprop=\"name\">Nippon Express<\/span><\/span>:<\/p>\n<ol>\n<li> Tydliga kontaktuppgifter p\u00e5 webbplatsen (inklusive telefonnummer): <strong>Ja<\/strong><\/li>\n<li> L\u00e4tt att f\u00e5 <a href=\"https:\/\/moverdb.com\/sv\/citat\/\">offerter f\u00f6r internationella flyttningar<\/a>? (Formul\u00e4r f\u00f6r beg\u00e4ran om uppskattning online): <strong>Ja<\/strong><\/li>\n<li> Tydlig information p\u00e5 webbplatsen: <strong>Ja,<\/strong> \u00c4ven om deras webbplatser ser lite daterade ut, beskriver de alla sina tj\u00e4nster.<\/li>\n<li> Medlemskap i internationellt erk\u00e4nda flyttorganisationer: <strong>Ja<\/strong>, (se ovan)<\/li>\n<li> F\u00f6rteckning \u00f6ver kunder och\/eller tidigare kundreferenser. <strong>Nej,<\/strong> men de har ett mycket gott rykte baserat p\u00e5 deras recensioner p\u00e5 n\u00e4tet.<\/li>\n<\/ol>\n<div itemprop=\"reviewRating\" itemscope itemtype=\"http:\/\/schema.org\/Rating\"><meta itemprop=\"worstRating\" content = \"0\" \/><meta itemprop=\"bestRating\" content=\"5\" \/><meta itemprop=\"ratingValue\" content=\"4.5\"><\/div>\n<p><strong>Sammanfattande betyg: 4.5\/5<\/strong><br \/>\n<strong>Datum f\u00f6r granskning:<\/strong> <span itemprop=\"datePublished\" content=\"2017-01-25\">25\/01\/2017<\/span>\n<\/div>\n<p>L\u00e4s mer om <a href=\"https:\/\/moverdb.com\/sv\/flyttfirmor\/\">internationella flyttfirmor<\/a>, och v\u00e5r <a href=\"https:\/\/moverdb.com\/sv\/recensioner\/\">granskningsprocess.<\/a>.<\/p>\n<p><strong>Webbplatser:<\/strong> Globalt: <a href=\"http:\/\/www.nipponexpress.com\/\" target=\"_blank\" rel=\"noopener\">http:\/\/www.nipponexpress.com\/<\/a>, USA: <a href=\"https:\/\/nipponexpressusa.com\/\" target=\"_blank\" rel=\"noopener\">https:\/\/nipponexpressusa.com\/<\/a> och <a href=\"https:\/\/moverdb.com\/sv\/moving-to-the-uk\/\" data-internallinksmanager029f6b8e52c=\"93\" title=\"Flyttar du till Storbritannien? 2026 Levnadskostnader och flyttningstips\">STORBRITANNIEN<\/a>: <a href=\"http:\/\/www.nipponexpress.co.uk\/\" target=\"_blank\" rel=\"noopener\">http:\/\/www.nipponexpress.co.uk\/<\/a><\/p>","protected":false},"excerpt":{"rendered":"<p>Nippon Express is based in Tokyo, Japan. It offers its clients a variety of moving services. These are listed below together with a company profile and reviews. International Moves Personal move manager Door to door service Assistance with customs and documentation Full packing service, fragile items only or do-it-yourself packing Disassembly and reassembly of furniture [&hellip;]<\/p>\n","protected":false},"author":1,"featured_media":0,"parent":0,"menu_order":0,"comment_status":"closed","ping_status":"closed","template":"","meta":{"_genesis_hide_title":false,"_genesis_hide_breadcrumbs":false,"_genesis_hide_singular_image":false,"_genesis_hide_footer_widgets":false,"_genesis_custom_body_class":"","_genesis_custom_post_class":"","_genesis_layout":"","footnotes":""},"class_list":{"0":"post-1590","1":"page","2":"type-page","3":"status-publish","5":"entry"},"_links":{"self":[{"href":"https:\/\/moverdb.com\/sv\/wp-json\/wp\/v2\/pages\/1590","targetHints":{"allow":["GET"]}}],"collection":[{"href":"https:\/\/moverdb.com\/sv\/wp-json\/wp\/v2\/pages"}],"about":[{"href":"https:\/\/moverdb.com\/sv\/wp-json\/wp\/v2\/types\/page"}],"author":[{"embeddable":true,"href":"https:\/\/moverdb.com\/sv\/wp-json\/wp\/v2\/users\/1"}],"replies":[{"embeddable":true,"href":"https:\/\/moverdb.com\/sv\/wp-json\/wp\/v2\/comments?post=1590"}],"version-history":[{"count":4,"href":"https:\/\/moverdb.com\/sv\/wp-json\/wp\/v2\/pages\/1590\/revisions"}],"predecessor-version":[{"id":6226,"href":"https:\/\/moverdb.com\/sv\/wp-json\/wp\/v2\/pages\/1590\/revisions\/6226"}],"wp:attachment":[{"href":"https:\/\/moverdb.com\/sv\/wp-json\/wp\/v2\/media?parent=1590"}],"curies":[{"name":"wp","href":"https:\/\/api.w.org\/{rel}","templated":true}]}}