{"id":1578,"date":"2017-04-21T14:09:10","date_gmt":"2017-04-21T14:09:10","guid":{"rendered":"http:\/\/moverdb.com\/?page_id=1578"},"modified":"2026-01-08T14:40:13","modified_gmt":"2026-01-08T14:40:13","slug":"medelhavsrederiet","status":"publish","type":"page","link":"https:\/\/moverdb.com\/sv\/mediterranean-shipping-company\/","title":{"rendered":"Mediterranean Shipping Company - Internationella tj\u00e4nster och recensioner"},"content":{"rendered":"<p>Medelhavet <a href=\"https:\/\/moverdb.com\/sv\/shipping-companies\/\" data-internallinksmanager029f6b8e52c=\"4\" title=\"Topp 10 internationella containerrederier\">Leveransf\u00f6retag<\/a> (MSC) erbjuder sina kunder ett brett utbud av sj\u00f6farts- och andra tj\u00e4nster. Dessa listas nedan tillsammans med en f\u00f6retagsprofil och recensioner.<\/p>\n<h3>Internationell frakt<\/h3>\n<p><strong>Torra laster<\/strong><\/p>\n<ul>\n<li> Standard 20ft, 40ft eller 40ft h\u00f6ga kubbeh\u00e5llare<\/li>\n<li> \u00d6verdimensionerad last och styckegods<\/li>\n<li> Veckovisa och regelbundna frakttj\u00e4nster till globala destinationer<\/li>\n<li> Tullklarering och dokumentation<\/li>\n<\/ul>\n<p><strong>Frakt med omlastning<\/strong><\/p>\n<ul>\n<li> Skr\u00e4ddarsydda transportl\u00f6sningar fr\u00e5n b\u00f6rjan till slut<\/li>\n<li> Veckovisa och regelbundna frakttj\u00e4nster till globala destinationer<\/li>\n<li> Sakkunskap om transport av kylda och frysta varor<\/li>\n<li> Inspektion f\u00f6re resan: <\/li>\n<li> Se till att beh\u00e5llaren reng\u00f6rs f\u00f6r att eliminera smuts och lukt.<\/li>\n<li> Kontroller f\u00f6r att s\u00e4kerst\u00e4lla att beh\u00e5llarens insida uppfyller kraven f\u00f6r livsmedel.<\/li>\n<li> Kontroller f\u00f6r att s\u00e4kerst\u00e4lla att maskinerna fungerar enligt industristandard.<\/li>\n<li> Se till att beh\u00e5llarens temperatur s\u00e4nks till r\u00e4tt punkt som valts.<\/li>\n<li> Tullklarering och dokumentation<\/li>\n<\/ul>\n<p><strong>Tj\u00e4nster f\u00f6r out of Gauge och Breakbulk<\/strong><\/p>\n<ul>\n<li> Expertteam f\u00f6r logistik av projektfrakter<\/li>\n<li> Lasta, surra och s\u00e4kra lasten vid ditt ursprung. <a href=\"https:\/\/moverdb.com\/sv\/top-49-container-ports\/\" data-internallinksmanager029f6b8e52c=\"80\" title=\"Topp 49 st\u00f6rsta och mest trafikerade containerhamnar 2025\">port<\/a> eller en n\u00e4rliggande dep\u00e5<\/li>\n<li> Insamling och leverans i inlandet med hj\u00e4lp av olika typer av utrustning.<\/li>\n<li> Arrangera polis- och landtransportanm\u00e4lningar om det beh\u00f6vs.<\/li>\n<li> stuveri, surrning i hamn och hamnlagringsanl\u00e4ggningar.<\/li>\n<li> Specialiserad utrustning<\/li>\n<li> Konkurrenskraftiga priser<\/li>\n<li> Tullklarering och dokumentation<\/li>\n<\/ul>\n<p><strong>Intermodala transporter<\/strong><\/p>\n<ul>\n<li> D\u00f6rr till d\u00f6rr<\/li>\n<li> Fr\u00e5n fabrik till konsument<\/li>\n<li> Kombinationer av transportmedel som \u00e4r tillg\u00e4ngliga f\u00f6r att uppfylla leveranskraven<\/li>\n<\/ul>\n<p><strong>F\u00f6rvaring av containrar och last<\/strong><\/p>\n<ul>\n<li> Globalt n\u00e4tverk och lagerh\u00e5llning och lagring<\/li>\n<li> Bist\u00e5 med n\u00e4tverk f\u00f6r distribution.<\/li>\n<li> Omfattande tj\u00e4nster och faciliteter f\u00f6r att plocka och packa, avpalla och pallettera samt f\u00f6r lagring av bulkstackar.<\/li>\n<\/ul>\n<p><strong>Korshandel<\/strong><\/p>\n<ul>\n<li> Skicka fr\u00e5n vilket ursprung som helst till vilken destination som helst<\/li>\n<li> Torr last<\/li>\n<li> Reefer last<\/li>\n<li> Utanf\u00f6r sp\u00e5rvidd<\/li>\n<li> \u00c4del och farlig last<\/li>\n<li> Hantering av dokumentation<\/li>\n<li> Sp\u00e5rning av<\/li>\n<li> Tullklarering<\/li>\n<\/ul>\n<p><strong>Sl\u00e4pvagnar f\u00f6r lastfordon<\/strong><\/p>\n<ul>\n<li> Styv<\/li>\n<li> Plattb\u00e4dd<\/li>\n<li> Tipper<\/li>\n<li> L\u00e5glastare<\/li>\n<li> Sl\u00e4pvagn f\u00f6r containerlyft<\/li>\n<li> Sl\u00e4pvagn till generatoraggregat<\/li>\n<\/ul>\n<p><strong>Utrustning f\u00f6r containrar<\/strong><\/p>\n<ul>\n<li> 20ft \/ 40ft standard och h\u00f6g kubikcontainrar<\/li>\n<li> 20 fot \/ 40 fot containrar med \u00f6ppen topp<\/li>\n<li> 20 fot \/ 40 fot och kylcontainrar med h\u00f6g kubik<\/li>\n<li> 20ft \/ 40ft flatracks<\/li>\n<li> 20ft \/ 40ft plattformar<\/li>\n<li> 20 fot \/ 40 fot containrar med \u00f6ppen topp<\/li>\n<\/ul>\n<h2>Medelhavsrederiet (MSC)<\/h2>\n<p>Mediterranean Shipping Company \u00e4r ett privat\u00e4gt globalt f\u00f6retag <a href=\"https:\/\/moverdb.com\/sv\/rederier\/\">Internationellt rederi<\/a> som har varit i drift i \u00f6ver 40 \u00e5r. Det grundades i Neapel av Gianluigi Aponte och drivs fortfarande av familjen Aponte. Det globala huvudkontoret ligger i <a href=\"https:\/\/moverdb.com\/sv\/moving-to-switzerland\/moving-to-geneva\/\" data-internallinksmanager029f6b8e52c=\"416\" title=\"Flyttar du till Gen\u00e8ve? 2026 Levnadskostnader &amp; Tips f\u00f6r flytt\">Gen\u00e8ve<\/a> och har 480 kontor i 150 l\u00e4nder och syssels\u00e4tter \u00f6ver 60 000 personer v\u00e4rlden \u00f6ver.<\/p>\n<p>MSC:s flotta best\u00e5r av 500 containerfartyg med en kapacitet p\u00e5 cirka 3,0 miljoner TEU. Varje \u00e5r stannar f\u00f6retaget i 315 hamnar runt om i v\u00e4rlden och levererar last av alla slag.<\/p>\n<p>Mediterranean Shipping Company har f\u00f6ljande ackrediteringar och anslutningar:<\/p>\n<ul>\n<li> S\u00e4kerheten f\u00f6r m\u00e4nniskoliv till sj\u00f6ss (SOLAS)<\/li>\n<li> Internationella luft- och sj\u00f6fartsf\u00f6rbundet (IASA)<\/li>\n<li> <a href=\"https:\/\/moverdb.com\/sv\/internationella-kammaren-forsandelser\/\">Internationella sj\u00f6fartskammaren<\/a> (<a href=\"https:\/\/moverdb.com\/sv\/international-chamber-shipping\/\" data-internallinksmanager029f6b8e52c=\"78\" title=\"Internationella sj\u00f6fartskammaren (ICS) f\u00f6rklaras\">ICS<\/a>)<\/li>\n<li> Federation of National Associations of Ship Brokers and Agents (FONASBA) (federationen av nationella sammanslutningar av fartygsm\u00e4klare och -agenter)<\/li>\n<\/ul>\n<p><strong>Recensioner av Mediterranean Shipping Company<\/strong><\/p>\n<p><em>I skrivande stund kunde vi inte hitta n\u00e5gra recensioner om Mediterranean Shipping Companys frakttj\u00e4nster p\u00e5 n\u00e4tet.<\/em> <\/p>\n<div itemprop=\"review\" itemscope itemtype=\"http:\/\/schema.org\/Review\">\n<strong><span itemprop=\"author\" itemscope=\"\" itemtype=\"http:\/\/schema.org\/Organization\"><span itemprop=\"name\">MoverDB.com<\/span><\/span> Webbplatsgranskning p\u00e5 n\u00e4tet f\u00f6r <span itemprop=\"itemreviewed\" itemscope=\"\" itemtype=\"http:\/\/schema.org\/Brand\"><span itemprop=\"name\">Medelhavsrederiet<\/span><\/span>:<\/strong><\/p>\n<ol>\n<li> Tydliga kontaktuppgifter p\u00e5 webbplatsen (inklusive telefonnummer): <strong>Ja<\/strong><\/li>\n<li> L\u00e4tt att f\u00e5 <a href=\"https:\/\/moverdb.com\/sv\/container-shipping\/\" data-internallinksmanager029f6b8e52c=\"3\" title=\"Diagram \u00f6ver internationella containerfraktpriser: Maj 2026\">Internationell frakt<\/a> citat? (Formul\u00e4r f\u00f6r beg\u00e4ran om kostnadsf\u00f6rslag online): <strong>Ja<\/strong><\/li>\n<li> Tydlig information p\u00e5 webbplatsen: <strong>Ja,<\/strong> P\u00e5 webbplatsen finns en m\u00e4ngd information om internationella leveranser.<\/li>\n<li> Medlemskap i internationellt erk\u00e4nda sj\u00f6fartsorganisationer: <strong>Ja<\/strong>.<\/li>\n<li> F\u00f6rteckning \u00f6ver kunder och\/eller tidigare kundreferenser. <strong>Ja,<\/strong> De har ett begr\u00e4nsat antal fallstudier p\u00e5 sin webbplats.<\/li>\n<\/ol>\n<div itemprop=\"reviewRating\" itemscope itemtype=\"http:\/\/schema.org\/Rating\"><meta itemprop=\"worstRating\" content = \"0\" \/><meta itemprop=\"bestRating\" content=\"5\" \/><meta itemprop=\"ratingValue\" content=\"5\"><\/div>\n<p><strong>Sammanfattande betyg: 5\/5<\/strong><br \/>\n<strong>Datum f\u00f6r granskning:<\/strong> <span itemprop=\"datePublished\" content=\"2017-04-21\">21\/04\/2017<\/span>\n<\/div>\n<p>Mer om andra <a href=\"https:\/\/moverdb.com\/sv\/rederier\/\">internationella rederier<\/a>, <a href=\"https:\/\/moverdb.com\/sv\/container-transport\/\">fraktpriser f\u00f6r containrar<\/a> och v\u00e5r <a href=\"https:\/\/moverdb.com\/sv\/recensioner\/\">granskningsprocess.<\/a>.<\/p>\n<p><strong>Webbplats:<\/strong> <a href=\"https:\/\/www.msc.com\/\" target=\"_blank\" rel=\"noopener\">https:\/\/www.msc.com\/<\/a><\/p>","protected":false},"excerpt":{"rendered":"<p>Mediterranean Shipping Company (MSC) offers its customers a wide range of shipping and other services. These are listed below, together with a company profile and reviews. International Shipping Dry Cargo Standard 20ft, 40ft or 40ft high cube containers Oversized and breakbulk cargo Weekly and regular shipping services to global destinations Customs clearance and documentation Reefer [&hellip;]<\/p>\n","protected":false},"author":1,"featured_media":0,"parent":0,"menu_order":0,"comment_status":"closed","ping_status":"closed","template":"","meta":{"_genesis_hide_title":false,"_genesis_hide_breadcrumbs":false,"_genesis_hide_singular_image":false,"_genesis_hide_footer_widgets":false,"_genesis_custom_body_class":"","_genesis_custom_post_class":"","_genesis_layout":"","footnotes":""},"class_list":{"0":"post-1578","1":"page","2":"type-page","3":"status-publish","5":"entry"},"_links":{"self":[{"href":"https:\/\/moverdb.com\/sv\/wp-json\/wp\/v2\/pages\/1578","targetHints":{"allow":["GET"]}}],"collection":[{"href":"https:\/\/moverdb.com\/sv\/wp-json\/wp\/v2\/pages"}],"about":[{"href":"https:\/\/moverdb.com\/sv\/wp-json\/wp\/v2\/types\/page"}],"author":[{"embeddable":true,"href":"https:\/\/moverdb.com\/sv\/wp-json\/wp\/v2\/users\/1"}],"replies":[{"embeddable":true,"href":"https:\/\/moverdb.com\/sv\/wp-json\/wp\/v2\/comments?post=1578"}],"version-history":[{"count":6,"href":"https:\/\/moverdb.com\/sv\/wp-json\/wp\/v2\/pages\/1578\/revisions"}],"predecessor-version":[{"id":13177,"href":"https:\/\/moverdb.com\/sv\/wp-json\/wp\/v2\/pages\/1578\/revisions\/13177"}],"wp:attachment":[{"href":"https:\/\/moverdb.com\/sv\/wp-json\/wp\/v2\/media?parent=1578"}],"curies":[{"name":"wp","href":"https:\/\/api.w.org\/{rel}","templated":true}]}}