{"id":1570,"date":"2017-02-24T09:05:40","date_gmt":"2017-02-24T09:05:40","guid":{"rendered":"http:\/\/moverdb.com\/?page_id=1570"},"modified":"2026-01-08T15:20:24","modified_gmt":"2026-01-08T15:20:24","slug":"mudanzas-gou","status":"publish","type":"page","link":"https:\/\/moverdb.com\/sv\/mudanzas-gou\/","title":{"rendered":"Mudanzas Gou - Internationell flyttning Recensioner"},"content":{"rendered":"<p>Mudanzas Gou \u00e4r en mexikansk <a href=\"https:\/\/moverdb.com\/sv\/moving-companies\/\" data-internallinksmanager029f6b8e52c=\"79\" title=\"Topp 25 internationella flyttfirmor p\u00e5 n\u00e4tet\">flyttfirma<\/a> som erbjuder sina kunder ett brett utbud av tj\u00e4nster som listas nedan, tillsammans med en f\u00f6retagsprofil och recensioner.<\/p>\n<p><strong>Internationella flyttar<\/strong><\/p>\n<ul>\n<li> D\u00f6rr till d\u00f6rr<\/li>\n<li> Fullst\u00e4ndig f\u00f6rpackningstj\u00e4nst, br\u00e4cklig f\u00f6rpackning eller DIY-f\u00f6rpackning<\/li>\n<li> Demontering och \u00e5termontering av m\u00f6bler<\/li>\n<li> Tullklarering och hj\u00e4lp med dokumentation<\/li>\n<li> F\u00f6rs\u00e4kring som ordnas<\/li>\n<li> Uppackningstj\u00e4nst tillg\u00e4nglig<\/li>\n<li> Kort- och l\u00e5ngtidslagring finns tillg\u00e4nglig<\/li>\n<\/ul>\n<p><strong>Flyttningar inom landet och l\u00e5ngv\u00e4ga flyttningar<\/strong><\/p>\n<ul>\n<li> D\u00f6rr till d\u00f6rr<\/li>\n<li> Fullst\u00e4ndig f\u00f6rpackningstj\u00e4nst, br\u00e4cklig f\u00f6rpackning eller DIY-f\u00f6rpackning<\/li>\n<li> Demontering och \u00e5termontering av m\u00f6bler<\/li>\n<li> F\u00f6rs\u00e4kring som ordnas<\/li>\n<li> Uppackningstj\u00e4nst tillg\u00e4nglig<\/li>\n<li> L\u00e5ng- och korttidsf\u00f6rvaring finns tillg\u00e4nglig<\/li>\n<\/ul>\n<p><strong>Kommersiella flyttar<\/strong><\/p>\n<ul>\n<li> Flyttning efter arbetstid<\/li>\n<li> Logistikplan<\/li>\n<li> IT som flyttar<\/li>\n<li> Demontering och \u00e5termontering av alla m\u00f6bler.<\/li>\n<\/ul>\n<p><strong>S\u00e4rskilda transporter och f\u00f6rs\u00e4ndelser<\/strong><\/p>\n<ul>\n<li> <a href=\"https:\/\/moverdb.com\/sv\/biltransport-frakt\/\">Bilar<\/a><\/li>\n<li> Vans<\/li>\n<li> Motorcyklar<\/li>\n<li> Pansarfordon<\/li>\n<li> Insamlingsfordon<\/li>\n<li> Olika typer av maskiner<\/li>\n<li> Motorb\u00e5tar<\/li>\n<li> Segelb\u00e5tar<\/li>\n<li> Medicinska f\u00f6rn\u00f6denheter och sjukhus<\/li>\n<li> Utbildningsinstitutioner<\/li>\n<li> Konst och antikviteter<\/li>\n<li> Specialiserad utrustning<\/li>\n<\/ul>\n<p><strong>Lagring<\/strong><\/p>\n<ul>\n<li> L\u00e5ng och kort sikt<\/li>\n<li> S\u00e4kerhet dygnet runt<\/li>\n<li> Inventariesystem<\/li>\n<li> Klimatkontrollerad tillg\u00e4nglig<\/li>\n<li> Bek\u00e4mpning av skadedjur<\/li>\n<li> Brandskyddssystem<\/li>\n<li> F\u00f6rvaring av arkivmaterial<\/li>\n<\/ul>\n<h2>Mudanzas Gou F\u00f6retagsprofil<\/h2>\n<p>Mudanzas Gou \u00e4r en av de \u00e4ldsta st\u00e4derna i <a href=\"https:\/\/moverdb.com\/sv\/moving-companies\/moving-companies-mexico\/\" data-internallinksmanager029f6b8e52c=\"288\" title=\"18 b\u00e4sta internationella flyttfirmor i Mexiko\">flyttfirmor i Mexiko<\/a>, d\u00e4r den startade \u00e5r 1900. F\u00f6retaget har nu 10 kontor i Mexiko och har f\u00f6rbindelser med agenter runt om i v\u00e4rlden. Gou var en av grundarna av <a href=\"https:\/\/moverdb.com\/sv\/fidi-faim\/\" data-internallinksmanager029f6b8e52c=\"16\" title=\"FIDI &amp; FAIM (FIDI Accredited International Mover) f\u00f6rklaras\">FIDI<\/a>, OMNI, <a href=\"https:\/\/moverdb.com\/sv\/lacma\/\" data-internallinksmanager029f6b8e52c=\"28\" title=\"Latinamerikanska och karibiska internationella flyttf\u00f6reningen (LACMA)\">LACMA<\/a>, AMI och <a href=\"https:\/\/moverdb.com\/sv\/amsa\/\" data-internallinksmanager029f6b8e52c=\"5\" title=\"American Moving &amp; Storage Association (AMSA) f\u00f6rklaras\">AMSA<\/a>.<\/p>\n<p>Gou \u00e4r stolt \u00f6ver sin personliga service och insisterar p\u00e5 att prata med varje kund ansikte mot ansikte f\u00f6r att ge dem b\u00e4sta m\u00f6jliga service. Alla fordon har satellitsp\u00e5rning och lastas och k\u00f6rs av den egna personalen.<\/p>\n<p>Mudanzas Gou har f\u00f6ljande ackrediteringar och anslutningar:<\/p>\n<ul>\n<li> <a href=\"https:\/\/moverdb.com\/sv\/fidi-faim\/\">F\u00e9d\u00e9ration Internationale des D\u00e9m\u00e9nageurs Internationaux (Internationella federationen f\u00f6r internationella transportf\u00f6retag)<\/a> (FIDI)<\/li>\n<li> Internationellt n\u00e4tverk f\u00f6r utlandsflyttning (OMNI)<\/li>\n<li> <a href=\"https:\/\/moverdb.com\/sv\/lacma\/\">F\u00f6reningen f\u00f6r internationella flyttfirmor i Latinamerika och V\u00e4stindien<\/a> (LACMA)<\/li>\n<li> <a href=\"https:\/\/moverdb.com\/sv\/hgfaa\/\">Household Goods Forwarders Association of America (f\u00f6reningen f\u00f6r spedit\u00f6rer av hush\u00e5llsvaror)<\/a> (HHGFA)<\/li>\n<li> <a href=\"https:\/\/moverdb.com\/sv\/amsa\/\" target=\"_blank\" rel=\"noopener\">Amerikansk f\u00f6rening f\u00f6r flyttning och lagring<\/a> (AMSA)<\/li>\n<li> Pan American International Movers Association (PAIMA)<\/li>\n<li> <a href=\"https:\/\/moverdb.com\/sv\/fidi-faim\/\">FAIM<\/a><\/li>\n<li> Partnerskap f\u00f6r tull och handel mot terrorism (C-PAT)<\/li>\n<\/ul>\n<h2>Recensioner av Mudanzas Gou<\/h2>\n<p>Vi kunde inte hitta n\u00e5gra engelskspr\u00e5kiga recensioner f\u00f6r Mudanzas Gou p\u00e5 n\u00e4tet, och de verkar inte heller ha n\u00e5gra kundomd\u00f6men p\u00e5 webbplatsen.<\/p>\n<div itemprop=\"review\" itemscope itemtype=\"http:\/\/schema.org\/Review\">\n<span itemprop=\"author\" itemscope=\"\" itemtype=\"http:\/\/schema.org\/Organization\"><span itemprop=\"name\">MoverDB.com<\/span><\/span> Webbplatsgranskning p\u00e5 n\u00e4tet f\u00f6r <span itemprop=\"itemreviewed\" itemscope=\"\" itemtype=\"http:\/\/schema.org\/Brand\"><span itemprop=\"name\">Mudanzas Gou<\/span><\/span>:<\/p>\n<ol>\n<li> Tydliga kontaktuppgifter p\u00e5 webbplatsen (inklusive telefonnummer): <strong>Ja<\/strong><\/li>\n<li> L\u00e4tt att f\u00e5 <a href=\"https:\/\/moverdb.com\/sv\/citat\/\">Flyttningsanbud<\/a>? (Formul\u00e4r f\u00f6r beg\u00e4ran om uppskattning online): <strong>Ja<\/strong><\/li>\n<li> Tydlig information p\u00e5 webbplatsen: <strong>Ja,<\/strong> Den \u00e4r visserligen enkel, men den beskriver deras tj\u00e4nster b\u00e5de p\u00e5 engelska och spanska.<\/li>\n<li> Medlemskap i internationellt erk\u00e4nda flyttorganisationer: <strong>Ja<\/strong>, (m\u00e5nga se ovan)<\/li>\n<li> F\u00f6rteckning \u00f6ver kunder och\/eller tidigare kundreferenser: <strong>Nej,<\/strong> Vi kunde inte hitta n\u00e5gra recensioner eller kundreferenser.<\/li>\n<\/ol>\n<div itemprop=\"reviewRating\" itemscope itemtype=\"http:\/\/schema.org\/Rating\"><meta itemprop=\"worstRating\" content = \"0\" \/><meta itemprop=\"bestRating\" content=\"5\" \/><meta itemprop=\"ratingValue\" content=\"4\"><\/div>\n<p><strong>Sammanfattande betyg: 4\/5<\/strong><br \/>\n<strong>Datum f\u00f6r granskning:<\/strong> <span itemprop=\"datePublished\" content=\"2017-02-24\">24\/02\/2017<\/span>\n<\/div>\n<p>L\u00e4s mer om <a href=\"https:\/\/moverdb.com\/sv\/flyttfirmor\/\">internationella flyttfirmor<\/a> och v\u00e5r <a href=\"https:\/\/moverdb.com\/sv\/recensioner\/\">granskningsprocess.<\/a>.<\/p>\n<p><strong>Webbplatser:<\/strong> Spanska: <a href=\"http:\/\/www.mudanzasgou.com.mx\/\" target=\"_blank\" rel=\"noopener\">http:\/\/www.mudanzasgou.com.mx\/<\/a> Engelska: <a href=\"http:\/\/www.mudanzasgou.com\/\" target=\"_blank\" rel=\"noopener\">http:\/\/www.mudanzasgou.com\/<\/a><\/p>","protected":false},"excerpt":{"rendered":"<p>Mudanzas Gou is a Mexican moving company which offers its clients a wide range of services which are listed below, together with a company profile and reviews. International Moves Door to door Full packing service, fragile packing or DIY packing Disassembly and reassembly of furniture Customs clearance and assistance with documentation Insurance arranged Unpacking service [&hellip;]<\/p>\n","protected":false},"author":1,"featured_media":0,"parent":0,"menu_order":0,"comment_status":"closed","ping_status":"closed","template":"","meta":{"_genesis_hide_title":false,"_genesis_hide_breadcrumbs":false,"_genesis_hide_singular_image":false,"_genesis_hide_footer_widgets":false,"_genesis_custom_body_class":"","_genesis_custom_post_class":"","_genesis_layout":"","footnotes":""},"class_list":{"0":"post-1570","1":"page","2":"type-page","3":"status-publish","5":"entry"},"_links":{"self":[{"href":"https:\/\/moverdb.com\/sv\/wp-json\/wp\/v2\/pages\/1570","targetHints":{"allow":["GET"]}}],"collection":[{"href":"https:\/\/moverdb.com\/sv\/wp-json\/wp\/v2\/pages"}],"about":[{"href":"https:\/\/moverdb.com\/sv\/wp-json\/wp\/v2\/types\/page"}],"author":[{"embeddable":true,"href":"https:\/\/moverdb.com\/sv\/wp-json\/wp\/v2\/users\/1"}],"replies":[{"embeddable":true,"href":"https:\/\/moverdb.com\/sv\/wp-json\/wp\/v2\/comments?post=1570"}],"version-history":[{"count":4,"href":"https:\/\/moverdb.com\/sv\/wp-json\/wp\/v2\/pages\/1570\/revisions"}],"predecessor-version":[{"id":6222,"href":"https:\/\/moverdb.com\/sv\/wp-json\/wp\/v2\/pages\/1570\/revisions\/6222"}],"wp:attachment":[{"href":"https:\/\/moverdb.com\/sv\/wp-json\/wp\/v2\/media?parent=1570"}],"curies":[{"name":"wp","href":"https:\/\/api.w.org\/{rel}","templated":true}]}}